{"id":3860,"date":"2025-05-21T14:23:58","date_gmt":"2025-05-21T12:23:58","guid":{"rendered":"https:\/\/us.edu.pl\/instytut\/iib\/?page_id=3860"},"modified":"2025-05-26T12:44:24","modified_gmt":"2025-05-26T10:44:24","slug":"dr-hab-m-mierzwa-prof-us-wystapienie","status":"publish","type":"page","link":"https:\/\/us.edu.pl\/instytut\/iib\/dr-hab-m-mierzwa-prof-us-wystapienie\/","title":{"rendered":"Dr hab. M. Mierzwa, prof. U\u015a wyst\u0105pienie"},"content":{"rendered":"<p>[vc_row][vc_column]\r\n                <div class=\"text-modules\">\r\n                    <div class=\"container\">\r\n                        \r\n                        <div class=\"text-modules__content\"><p><em><strong>Oprogramowanie in\u017cynierskie w zastosowaniach medycznych<\/strong><\/em><\/p>\n<p>M.Mierzwa; wsp\u00f3\u0142praca: R.Tomaszewski, A.Gap<\/p>\n<p>Mimo gwa\u0142townego post\u0119pu w innowacyjnych technikach oko\u0142omedycznych, wykorzystuj\u0105cych w szczeg\u00f3lno\u015bci druk 3D, do tej pory nie powsta\u0142y specjalizowane narz\u0119dzia informatyczne przeznaczone to tych cel\u00f3w. R\u00f3wnolegle od czterech dekad trwa post\u0119p w rozwoju analogicznych narz\u0119dzi wykorzystywanych w motoryzacji i og\u00f3lnie przemy\u015ble maszynowym. W bie\u017c\u0105cym wyst\u0105pieniu przedstawiamy dwa przyk\u0142ady, jak narz\u0119dzia z rodziny CAD\/CAM\/FEM mog\u0105 zosta\u0107 z powodzeniem wykorzystane do projektowania indywidualnie dopasowanych pomocy oraz narz\u0119dzi ortopedycznych. W pierwszej cz\u0119\u015bci demonstrujemy wykorzystanie programu Autodesk Inventor do zaprojektowania oraz symulacji indywidualnego przymiaru wykorzystywanego w\u00a0zabiegu osteotomii stawu \u0142okciowego. Drugim przyk\u0142adem jest wizualizacja operacji klatki piersiowej lejkowatej\u00a0(pectus excavatum) metod\u0105 Nussa.<\/p>\n<\/div>\r\n                    <\/div>\r\n                <\/div>[\/vc_column][\/vc_row][vc_row][vc_column]            \r\n                \r\n                <div class=\"container\">\r\n                     <div class=\"gallery-big \">\r\n                        \r\n                        <div class=\"row m-0\">\r\n                        <a data-fancybox=\"4956\" href=\"https:\/\/us.edu.pl\/instytut\/iib\/wp-content\/uploads\/sites\/41\/2025\/05\/M.-Mierzwa-2.jpg\"\r\n                        title=\"Wyst\u0105pienie dra hab. M. Mierzwy, prof. U\u015a \/ fot. M. Kasprzyk\" \r\n                        class=\"gallery-big__item gallery-big__item_big thumbnail\"\r\n                        style=\"background-image: url(https:\/\/us.edu.pl\/instytut\/iib\/wp-content\/uploads\/sites\/41\/2025\/05\/M.-Mierzwa-2-1024x768.jpg)\"><span class=\"d-none\">https:\/\/us.edu.pl\/instytut\/iib\/wp-content\/uploads\/sites\/41\/2025\/05\/M.-Mierzwa-2.jpg<\/span><\/a><div class=\"gallery-big__small-items\">\r\n                        <a data-fancybox=\"4956\" href=\"https:\/\/us.edu.pl\/instytut\/iib\/wp-content\/uploads\/sites\/41\/2025\/05\/M.-Mierzwa-1.jpg\"\r\n                        title=\"Wyst\u0105pienie dra hab. M. Mierzwy, prof. U\u015a \/ fot. M. Kasprzyk\" \r\n                        class=\"gallery-big__item  thumbnail\"\r\n                        style=\"background-image: url(https:\/\/us.edu.pl\/instytut\/iib\/wp-content\/uploads\/sites\/41\/2025\/05\/M.-Mierzwa-1-768x1024.jpg)\"><span class=\"d-none\">https:\/\/us.edu.pl\/instytut\/iib\/wp-content\/uploads\/sites\/41\/2025\/05\/M.-Mierzwa-1.jpg<\/span><\/a>\r\n                        <a data-fancybox=\"4956\" href=\"https:\/\/us.edu.pl\/instytut\/iib\/wp-content\/uploads\/sites\/41\/2025\/05\/208A6538.jpg\"\r\n                        title=\"Wyst\u0105pienie dra hab. M. Mierzwy, prof. U\u015a na 21. \u015al\u0105skim Seminarium Fizyki Medycznej \/ fot. T. Kasprzyk-Kucewicz\" \r\n                        class=\"gallery-big__item  thumbnail\"\r\n                        style=\"background-image: url(https:\/\/us.edu.pl\/instytut\/iib\/wp-content\/uploads\/sites\/41\/2025\/05\/208A6538-1024x683.jpg)\"><span class=\"d-none\">https:\/\/us.edu.pl\/instytut\/iib\/wp-content\/uploads\/sites\/41\/2025\/05\/208A6538.jpg<\/span><\/a><\/div><\/div>\r\n                    <\/div>\r\n                <\/div>[\/vc_column][\/vc_row][vc_row][vc_column][vc_column_text][\/vc_column_text][\/vc_column][\/vc_row][vc_row][vc_column][vc_column_text][\/vc_column_text][\/vc_column][\/vc_row]<\/p>","protected":false},"excerpt":{"rendered":"<p>[vc_row][vc_column][\/vc_column][\/vc_row][vc_row][vc_column][\/vc_column][\/vc_row][vc_row][vc_column][vc_column_text][\/vc_column_text][\/vc_column][\/vc_row][vc_row][vc_column][vc_column_text][\/vc_column_text][\/vc_column][\/vc_row] [&#8230;]<\/p>\n<p><a class=\"btn btn-secondary understrap-read-more-link\" href=\"https:\/\/us.edu.pl\/instytut\/iib\/dr-hab-m-mierzwa-prof-us-wystapienie\/\">Read More&#8230;<\/a><\/p>\n","protected":false},"author":128,"featured_media":0,"parent":0,"menu_order":0,"comment_status":"closed","ping_status":"closed","template":"","meta":{"_expiration-date-status":"","_expiration-date":0,"_expiration-date-type":"","_expiration-date-categories":[],"_expiration-date-options":[]},"acf":[],"_links":{"self":[{"href":"https:\/\/us.edu.pl\/instytut\/iib\/wp-json\/wp\/v2\/pages\/3860"}],"collection":[{"href":"https:\/\/us.edu.pl\/instytut\/iib\/wp-json\/wp\/v2\/pages"}],"about":[{"href":"https:\/\/us.edu.pl\/instytut\/iib\/wp-json\/wp\/v2\/types\/page"}],"author":[{"embeddable":true,"href":"https:\/\/us.edu.pl\/instytut\/iib\/wp-json\/wp\/v2\/users\/128"}],"replies":[{"embeddable":true,"href":"https:\/\/us.edu.pl\/instytut\/iib\/wp-json\/wp\/v2\/comments?post=3860"}],"version-history":[{"count":3,"href":"https:\/\/us.edu.pl\/instytut\/iib\/wp-json\/wp\/v2\/pages\/3860\/revisions"}],"predecessor-version":[{"id":4012,"href":"https:\/\/us.edu.pl\/instytut\/iib\/wp-json\/wp\/v2\/pages\/3860\/revisions\/4012"}],"wp:attachment":[{"href":"https:\/\/us.edu.pl\/instytut\/iib\/wp-json\/wp\/v2\/media?parent=3860"}],"curies":[{"name":"wp","href":"https:\/\/api.w.org\/{rel}","templated":true}]}}