{"id":4108,"date":"2025-05-26T13:51:51","date_gmt":"2025-05-26T11:51:51","guid":{"rendered":"https:\/\/us.edu.pl\/instytut\/iib\/?page_id=4108"},"modified":"2025-05-26T13:51:51","modified_gmt":"2025-05-26T11:51:51","slug":"dr-a-kielbon-wystapienie","status":"publish","type":"page","link":"https:\/\/us.edu.pl\/instytut\/iib\/dr-a-kielbon-wystapienie\/","title":{"rendered":"dr A. Kie\u0142bo\u0144 -wyst\u0105pienie"},"content":{"rendered":"<p>[vc_row][vc_column][vc_column_text][\/vc_column_text][\/vc_column][\/vc_row][vc_row][vc_column]\r\n                <div class=\"text-modules \">\r\n                    <div class=\"container\">\r\n                         \r\n                        <div class=\"row m-0\">\r\n                            <div class=\"text-modules__content\">\r\n                                <em><strong>Ocena przyspieszonego starzenia bia\u0142ek surowicy krwi ludzkiej po ekspozycji na promieniowanie neutronowe \u2013 badania mikrokalorymetryczne<\/strong><\/em><\/p>\n<p>Agnieszka Kie\u0142bo\u0144<sup>1<\/sup>, Agnieszka Szurko<sup>1<\/sup>, Anna Michnik<sup>1<\/sup>, Kinga Polaczek-Grelik<sup>2<\/sup>, Ewa Sadowska-Kr\u0119pa<sup>3<\/sup>, Armand Cholewka<sup>1<\/sup><\/p>\n<p><em><sup>1<\/sup><\/em><em> Uniwersytet \u015al\u0105ski w Katowicach, Wydzia\u0142 Nauk \u015acis\u0142ych i Technicznych, Instytut In\u017cynierii Biomedycznej, ul. 75 Pu\u0142ku Piechoty 1A, 41-500 Chorz\u00f3w, Polska<\/em><\/p>\n<p><em><sup>2<\/sup><\/em><em> NU-MED Centrum Diagnostyki i Terapii Onkologicznej Katowice, ul. Ceglana 35, 40-514 Katowice, Polska<\/em><\/p>\n<p><em><sup>3<\/sup><\/em><em> Akademia Wychowania Fizycznego im. Jerzego Kukuczki w Katowicach, Wydzia\u0142 Nauk Fizjologiczno-Medycznych, Katedra Biochemii, Miko\u0142owska 72A, 40-065 Katowice, Polska<\/em><\/p>\n<p>Stabilno\u015b\u0107 konformacyjna bia\u0142ek po ekspozycji na promieniowanie jonizuj\u0105ce jest wa\u017cnym aspektem w kontek\u015bcie radiobiologii. Celem niniejszej pracy by\u0142o zbadanie wp\u0142ywu promieniowania neutronowego na roztwory wodne surowicy krwi ludzkiej przy u\u017cyciu skaningowej kalorymetrii r\u00f3\u017cnicowej (DSC).<\/p>\n<p>Krew pobrano od zdrowych, m\u0142odych ochotnik\u00f3w. Pomiary wodnych roztwor\u00f3w surowicy wykonano za pomoc\u0105 mikrokalorymetru VP-DSC (MicroCal). Ka\u017cdy pomiar kalorymetryczny posiada\u0142 dwa skany w zakresie temperatur 20 \u2013 100 \u00baC. Wszystkie pr\u00f3bki surowicy mierzono co 7 dni, do miesi\u0105ca po ekspozycji. \u0179r\u00f3d\u0142em neutron\u00f3w by\u0142 radioizotop Californ-252 (aktywno\u015b\u0107 65 \u2013 58 MBq, \u015brednia energia neutron\u00f3w 2,35 MeV). Zastosowano dawk\u0119 5 Gy. Grupa kontrolna pr\u00f3bek zawsze pozostawa\u0142a w takich samych warunkach jak grupa napromieniana.<\/p>\n<p>Zmiany na profilach DSC pr\u00f3bek poddanych ekspozycji pozwalaj\u0105 przypuszcza\u0107, \u017ce mo\u017cliwe jest uchwycenie bezpo\u015bredniego wp\u0142ywu neutron\u00f3w za pomoc\u0105 r\u00f3\u017cnicowej kalorymetrii skaningowej. Charakterystyczn\u0105 cech\u0105 profili DSC zmienionych starzeniowo jest pojawienie si\u0119 niskotemperaturowego przej\u015bcia egzotermicznego przed przej\u015bciem endotermicznym.<\/p>\n<p>Przeprowadzone badania pozwalaj\u0105 domniemywa\u0107, \u017ce promieniowanie jonizuj\u0105ce wp\u0142ywa na konformacj\u0119 bia\u0142ek zawartych w roztworach. Napromienienie roztwor\u00f3w surowicy wzmaga procesy, wskutek kt\u00f3rych przebiegaj\u0105 modyfikacje struktury bia\u0142ek. Wyniki badania wskazuj\u0105 na silne zr\u00f3\u017cnicowanie indywidualnej promieniowra\u017cliwo\u015bci bia\u0142ek surowicy pobranej od poszczeg\u00f3lnych os\u00f3b, co zaobserwowano na krzywych DSC. W kontek\u015bcie szybko rozwijaj\u0105cej si\u0119 dziedziny spersonalizowanej radioterapii, potencjalna warto\u015b\u0107 prostego testu, kt\u00f3ry dostarcza informacji na temat wielko\u015bci indywidualnej promieniowra\u017cliwo\u015bci, jest interesuj\u0105cym aspektem do rozwa\u017cenia<\/p>\n<p>S\u0142owa klucze: r\u00f3\u017cnicowa kalorymetria skaningowa, promieniowanie neutronowe, bia\u0142ka surowicy krwi ludzkiej<\/p>\n<div class=\"mt-3\"><\/div>\r\n                            <\/div>\r\n                            \r\n                            \r\n                        <\/div>\r\n                    <\/div>\r\n                <\/div>[\/vc_column][\/vc_row][vc_row][vc_column]            \r\n                \r\n                <div class=\"container\">\r\n                     <div class=\"gallery-big \">\r\n                        \r\n                        <div class=\"row m-0\">\r\n                        <a data-fancybox=\"2147\" href=\"https:\/\/us.edu.pl\/instytut\/iib\/wp-content\/uploads\/sites\/41\/2025\/05\/208A6666.jpg\"\r\n                        title=\"Wyst\u0105pienie dr A. Kie\u0142bo\u0144 na 21. \u015al\u0105skim Seminarium Fizyki Medycznej \/ fot. T. Kasprzyk-Kucewicz\" \r\n                        class=\"gallery-big__item gallery-big__item_big thumbnail\"\r\n                        style=\"background-image: url(https:\/\/us.edu.pl\/instytut\/iib\/wp-content\/uploads\/sites\/41\/2025\/05\/208A6666-1024x683.jpg)\"><span class=\"d-none\">https:\/\/us.edu.pl\/instytut\/iib\/wp-content\/uploads\/sites\/41\/2025\/05\/208A6666.jpg<\/span><\/a><div class=\"gallery-big__small-items\">\r\n                        <a data-fancybox=\"2147\" href=\"https:\/\/us.edu.pl\/instytut\/iib\/wp-content\/uploads\/sites\/41\/2025\/05\/208A6668.jpg\"\r\n                        title=\"Wyst\u0105pienie dr A. Kie\u0142bo\u0144 \/ fot. T. Kasprzyk-Kucewicz\" \r\n                        class=\"gallery-big__item  thumbnail\"\r\n                        style=\"background-image: url(https:\/\/us.edu.pl\/instytut\/iib\/wp-content\/uploads\/sites\/41\/2025\/05\/208A6668-1024x683.jpg)\"><span class=\"d-none\">https:\/\/us.edu.pl\/instytut\/iib\/wp-content\/uploads\/sites\/41\/2025\/05\/208A6668.jpg<\/span><\/a>\r\n                        <a data-fancybox=\"2147\" href=\"https:\/\/us.edu.pl\/instytut\/iib\/wp-content\/uploads\/sites\/41\/2025\/05\/12.jpg\"\r\n                        title=\"Wyst\u0105pienie dr A. Kie\u0142bo\u0144  na 21. \u015al\u0105skim Seminarium Fizyki Medycznej \/ fot. S. Stach\" \r\n                        class=\"gallery-big__item  thumbnail\"\r\n                        style=\"background-image: url(https:\/\/us.edu.pl\/instytut\/iib\/wp-content\/uploads\/sites\/41\/2025\/05\/12-1024x768.jpg)\"><span class=\"d-none\">https:\/\/us.edu.pl\/instytut\/iib\/wp-content\/uploads\/sites\/41\/2025\/05\/12.jpg<\/span><\/a><\/div><\/div>\r\n                    <\/div>\r\n                <\/div>[vc_column_text][\/vc_column_text][\/vc_column][\/vc_row][vc_row][vc_column][vc_column_text][\/vc_column_text][\/vc_column][\/vc_row][vc_row][vc_column][vc_column_text]<\/p>","protected":false},"excerpt":{"rendered":"<p>[vc_row][vc_column][vc_column_text][\/vc_column_text][\/vc_column][\/vc_row][vc_row][vc_column][\/vc_column][\/vc_row][vc_row][vc_column][vc_column_text][\/vc_column_text][\/vc_column][\/vc_row][vc_row][vc_column][vc_column_text][\/vc_column_text][\/vc_column][\/vc_row][vc_row][vc_column][vc_column_text] [&#8230;]<\/p>\n<p><a class=\"btn btn-secondary understrap-read-more-link\" href=\"https:\/\/us.edu.pl\/instytut\/iib\/dr-a-kielbon-wystapienie\/\">Read More&#8230;<\/a><\/p>\n","protected":false},"author":128,"featured_media":0,"parent":0,"menu_order":0,"comment_status":"closed","ping_status":"closed","template":"","meta":{"_expiration-date-status":"","_expiration-date":0,"_expiration-date-type":"","_expiration-date-categories":[],"_expiration-date-options":[]},"acf":[],"_links":{"self":[{"href":"https:\/\/us.edu.pl\/instytut\/iib\/wp-json\/wp\/v2\/pages\/4108"}],"collection":[{"href":"https:\/\/us.edu.pl\/instytut\/iib\/wp-json\/wp\/v2\/pages"}],"about":[{"href":"https:\/\/us.edu.pl\/instytut\/iib\/wp-json\/wp\/v2\/types\/page"}],"author":[{"embeddable":true,"href":"https:\/\/us.edu.pl\/instytut\/iib\/wp-json\/wp\/v2\/users\/128"}],"replies":[{"embeddable":true,"href":"https:\/\/us.edu.pl\/instytut\/iib\/wp-json\/wp\/v2\/comments?post=4108"}],"version-history":[{"count":1,"href":"https:\/\/us.edu.pl\/instytut\/iib\/wp-json\/wp\/v2\/pages\/4108\/revisions"}],"predecessor-version":[{"id":4114,"href":"https:\/\/us.edu.pl\/instytut\/iib\/wp-json\/wp\/v2\/pages\/4108\/revisions\/4114"}],"wp:attachment":[{"href":"https:\/\/us.edu.pl\/instytut\/iib\/wp-json\/wp\/v2\/media?parent=4108"}],"curies":[{"name":"wp","href":"https:\/\/api.w.org\/{rel}","templated":true}]}}