{"id":4123,"date":"2025-05-26T14:11:00","date_gmt":"2025-05-26T12:11:00","guid":{"rendered":"https:\/\/us.edu.pl\/instytut\/iib\/?page_id=4123"},"modified":"2025-05-26T14:11:00","modified_gmt":"2025-05-26T12:11:00","slug":"prof-d-tarnawska-wystapienie","status":"publish","type":"page","link":"https:\/\/us.edu.pl\/instytut\/iib\/prof-d-tarnawska-wystapienie\/","title":{"rendered":"prof. D. Tarnawska -wyst\u0105pienie"},"content":{"rendered":"<p>[vc_row][vc_column]\r\n                <div class=\"text-modules \">\r\n                    <div class=\"container\">\r\n                         \r\n                        <div class=\"row m-0\">\r\n                            <div class=\"text-modules__content\">\r\n                                <em><strong>Post\u0119py w in\u017cynierii tkankowej i biodruku 3D &#8211; jak daleko do sztucznej rog\u00f3wki?<\/strong><\/em><\/p>\n<p>Dorota Tarnawska <sup>1,2<\/sup><br \/>\n1. Instytut In\u017cynierii Biomedycznej, Wydzia\u0142 Nauk \u015acis\u0142ych i Technicznych, Uniwersytet \u015al\u0105ski w Katowicach<br \/>\n2. Oddzia\u0142 Kliniczny Okulistyki, Okr\u0119gowy Szpital Kolejowy, Katowice<\/p>\n<p>Przeszczep rog\u00f3wki jest procedur\u0105 chirurgiczn\u0105, przywracaj\u0105c\u0105 wzrok pacjentom z zaburzeniami przezroczysto\u015bci lub architektury tej tkanki. Pomimo wysokiej skuteczno\u015bci tej metody, jej zastosowanie jest istotnie ograniczone przez niedob\u00f3r tkanek dawczych. Wynika on z barier kulturowych, ekonomicznych, technologicznych oraz etycznych, co istotnie zmniejsza dost\u0119pno\u015b\u0107 leczenia w skali globalnej.<\/p>\n<p>W odpowiedzi na ten problem rozwijane s\u0105 zaawansowane strategie in\u017cynierii tkankowej, kt\u00f3rych celem jest stworzenie biokompatybilnych substytut\u00f3w rog\u00f3wki, zdolnych do odtworzenia jej struktury i funkcji. Obecne rozwi\u0105zania komercyjne umo\u017cliwiaj\u0105 odbudow\u0119 wybranych warstw rog\u00f3wki, jednak pe\u0142na rekonstrukcja istoty w\u0142a\u015bciwej rog\u00f3wki nadal pozostaje wyzwaniem. Szczeg\u00f3lne nadzieje wi\u0105zane s\u0105 z wykorzystaniem tr\u00f3jwymiarowych rusztowa\u0144 biologicznych, zar\u00f3wno hydro\u017celowych, jak i niehydro\u017celowych, kt\u00f3re mog\u0142yby umo\u017cliwi\u0107 odtworzenie organizacji przestrzennej i w\u0142a\u015bciwo\u015bci mechaniczno-optycznych rog\u00f3wki.<\/p>\n<p>Podczas prezentacji przedstawione zostan\u0105 aktualne kierunki bada\u0144 w zakresie in\u017cynierii tkankowej rog\u00f3wki, w tym wykorzystanie technologii biodruku 3D, oraz g\u0142\u00f3wne ograniczenia i wyzwania zwi\u0105zane z ich wdro\u017ceniem do praktyki klinicznej. \r\n                                <div class=\"mt-3\"><\/div>\r\n                            <\/div>\r\n                            \r\n                            \r\n                        <\/div>\r\n                    <\/div>\r\n                <\/div>[\/vc_column][\/vc_row][vc_row][vc_column]            \r\n                \r\n                <div class=\"container\">\r\n                     <div class=\"gallery-big \">\r\n                        \r\n                        <div class=\"row m-0\">\r\n                        <a data-fancybox=\"9383\" href=\"https:\/\/us.edu.pl\/instytut\/iib\/wp-content\/uploads\/sites\/41\/2025\/05\/9.jpg\"\r\n                        title=\"Wyst\u0105pienie prof. D. Tarnawskiej \/ fot. S. Stach\" \r\n                        class=\"gallery-big__item gallery-big__item_big thumbnail\"\r\n                        style=\"background-image: url(https:\/\/us.edu.pl\/instytut\/iib\/wp-content\/uploads\/sites\/41\/2025\/05\/9-1024x768.jpg)\"><span class=\"d-none\">https:\/\/us.edu.pl\/instytut\/iib\/wp-content\/uploads\/sites\/41\/2025\/05\/9.jpg<\/span><\/a><div class=\"gallery-big__small-items\">\r\n                        <a data-fancybox=\"9383\" href=\"https:\/\/us.edu.pl\/instytut\/iib\/wp-content\/uploads\/sites\/41\/2025\/05\/7.jpg\"\r\n                        title=\"Wyst\u0105pienie prof. D. Tarnawskiej \/ fot. S. Stach\" \r\n                        class=\"gallery-big__item  thumbnail\"\r\n                        style=\"background-image: url(https:\/\/us.edu.pl\/instytut\/iib\/wp-content\/uploads\/sites\/41\/2025\/05\/7-1024x576.jpg)\"><span class=\"d-none\">https:\/\/us.edu.pl\/instytut\/iib\/wp-content\/uploads\/sites\/41\/2025\/05\/7.jpg<\/span><\/a><\/div><\/div>\r\n                    <\/div>\r\n                <\/div>[vc_column_text][\/vc_column_text][\/vc_column][\/vc_row][vc_row][vc_column][vc_column_text][\/vc_column_text][\/vc_column][\/vc_row][vc_row][vc_column][vc_column_text]<\/p>","protected":false},"excerpt":{"rendered":"<p>[vc_row][vc_column][\/vc_column][\/vc_row][vc_row][vc_column][vc_column_text][\/vc_column_text][\/vc_column][\/vc_row][vc_row][vc_column][vc_column_text][\/vc_column_text][\/vc_column][\/vc_row][vc_row][vc_column][vc_column_text] [&#8230;]<\/p>\n<p><a class=\"btn btn-secondary understrap-read-more-link\" href=\"https:\/\/us.edu.pl\/instytut\/iib\/prof-d-tarnawska-wystapienie\/\">Read More&#8230;<\/a><\/p>\n","protected":false},"author":128,"featured_media":0,"parent":0,"menu_order":0,"comment_status":"closed","ping_status":"closed","template":"","meta":{"_expiration-date-status":"","_expiration-date":0,"_expiration-date-type":"","_expiration-date-categories":[],"_expiration-date-options":[]},"acf":[],"_links":{"self":[{"href":"https:\/\/us.edu.pl\/instytut\/iib\/wp-json\/wp\/v2\/pages\/4123"}],"collection":[{"href":"https:\/\/us.edu.pl\/instytut\/iib\/wp-json\/wp\/v2\/pages"}],"about":[{"href":"https:\/\/us.edu.pl\/instytut\/iib\/wp-json\/wp\/v2\/types\/page"}],"author":[{"embeddable":true,"href":"https:\/\/us.edu.pl\/instytut\/iib\/wp-json\/wp\/v2\/users\/128"}],"replies":[{"embeddable":true,"href":"https:\/\/us.edu.pl\/instytut\/iib\/wp-json\/wp\/v2\/comments?post=4123"}],"version-history":[{"count":1,"href":"https:\/\/us.edu.pl\/instytut\/iib\/wp-json\/wp\/v2\/pages\/4123\/revisions"}],"predecessor-version":[{"id":4124,"href":"https:\/\/us.edu.pl\/instytut\/iib\/wp-json\/wp\/v2\/pages\/4123\/revisions\/4124"}],"wp:attachment":[{"href":"https:\/\/us.edu.pl\/instytut\/iib\/wp-json\/wp\/v2\/media?parent=4123"}],"curies":[{"name":"wp","href":"https:\/\/api.w.org\/{rel}","templated":true}]}}