{"id":4151,"date":"2025-05-27T10:20:39","date_gmt":"2025-05-27T08:20:39","guid":{"rendered":"https:\/\/us.edu.pl\/instytut\/iib\/?page_id=4151"},"modified":"2025-05-27T10:23:45","modified_gmt":"2025-05-27T08:23:45","slug":"mgr-inz-m-auer-wystapienie","status":"publish","type":"page","link":"https:\/\/us.edu.pl\/instytut\/iib\/mgr-inz-m-auer-wystapienie\/","title":{"rendered":"mgr in\u017c. M. Auer &#8211; wyst\u0105pienie"},"content":{"rendered":"<p>[vc_row][vc_column][vc_column_text][\/vc_column_text][\/vc_column][\/vc_row][vc_row][vc_column]\r\n                <div class=\"text-modules \">\r\n                    <div class=\"container\">\r\n                         \r\n                        <div class=\"row m-0\">\r\n                            <div class=\"text-modules__content\">\r\n                                <em><strong>Detekcja epizod\u00f3w w biosygna\u0142ach z wykorzystaniem sztucznej inteligencji<\/strong><\/em><\/p>\n<p>mgr in\u017c. Marcin Auer<\/p>\n<p>Instytut In\u017cynierii Biomedycznej, Wydzia\u0142 Nauk \u015acis\u0142ych i Technicznych, Uniwersytet \u015al\u0105ski w Katowicach, ul. B\u0119dzi\u0144ska 39, Sosnowiec<\/p>\n<p>Ostatnie lata przynios\u0142y znaczny wzrost zainteresowania dziedzin\u0105 sztucznej inteligencji. Konsekwencj\u0105 tego trendu jest r\u00f3wnie\u017c rozw\u00f3j metod uczenia maszynowego oraz identyfikowanie nowych obszar\u00f3w, w kt\u00f3rych z powodzeniem mo\u017cna zastosowa\u0107 odpowiednio przygotowane modele sztucznej inteligencji.<\/p>\n<p>Detekcja charakterystycznych sekwencji sygna\u0142u (epizod\u00f3w) jest kluczowym wyzwaniem w opracowaniu nowych, miniaturowych sensor\u00f3w ubieralnych do monitorowania biosygna\u0142\u00f3w. Jednym z g\u0142\u00f3wnych problem\u00f3w tej dziedziny jest wysoka z\u0142o\u017cono\u015b\u0107 obliczeniowa, skutkuj\u0105ca du\u017cym wykorzystaniem zasob\u00f3w sprz\u0119towych, a co za tym idzie r\u00f3wnie\u017c energii. Stosuj\u0105c metody minimalizacji modeli sztucznej inteligencji mo\u017cliwe jest znaczne obni\u017cenie z\u0142o\u017cono\u015bci obliczeniowej przy zachowaniu wysokiej ich dok\u0142adno\u015bci i efektywno\u015bci. Om\u00f3wione zostan\u0105 rezultaty minimalizacji modeli. Tak zoptymalizowane algorytmy sztucznej inteligencji mo\u017cna z powodzeniem implementowa\u0107 na platformach o znacznie ograniczonych zasobach, takich jak mikrokontrolery.<\/p>\n<p>Celem podejmowanych bada\u0144 jest uzyskanie mo\u017cliwie najdok\u0142adniejszych modeli detekcji epizod\u00f3w w sygna\u0142ach biomedycznych, mo\u017cliwych do implementacji na mikrokontrolerach, czego konsekwencj\u0105 b\u0119dzie opracowanie inteligentnych sensor\u00f3w do monitorowania biosygna\u0142\u00f3w. Zaprezentowane zostan\u0105 modele s\u0142u\u017c\u0105ce do klasyfikacji rodzaju cykli oddechowych oraz detekcji anomalii w biosygna\u0142ach oraz wp\u0142yw parametr\u00f3w uczenia na dok\u0142adno\u015b\u0107 algorytm\u00f3w.<\/p>\n<p>S\u0142owa kluczowe: detekcja epizod\u00f3w w biosygna\u0142ach, sztuczna inteligencja, optymalizacja algorytm\u00f3w, inteligentne sensory<\/p>\n<div class=\"mt-3\"><\/div>\r\n                            <\/div>\r\n                            \r\n                            \r\n                        <\/div>\r\n                    <\/div>\r\n                <\/div>[\/vc_column][\/vc_row][vc_row][vc_column]            \r\n                \r\n                <div class=\"container\">\r\n                     <div class=\"gallery-big \">\r\n                        \r\n                        <div class=\"row m-0\">\r\n                        <a data-fancybox=\"1018\" href=\"https:\/\/us.edu.pl\/instytut\/iib\/wp-content\/uploads\/sites\/41\/2025\/05\/16.jpg\"\r\n                        title=\"Wyst\u0105pienie mgra in\u017c. M. Auera na 21. \u015al\u0105skim Seminarium Fizyki Medycznej \/ fot. S. Stach\" \r\n                        class=\"gallery-big__item gallery-big__item_big thumbnail\"\r\n                        style=\"background-image: url(https:\/\/us.edu.pl\/instytut\/iib\/wp-content\/uploads\/sites\/41\/2025\/05\/16-1024x768.jpg)\"><span class=\"d-none\">https:\/\/us.edu.pl\/instytut\/iib\/wp-content\/uploads\/sites\/41\/2025\/05\/16.jpg<\/span><\/a><div class=\"gallery-big__small-items\">\r\n                        <a data-fancybox=\"1018\" href=\"https:\/\/us.edu.pl\/instytut\/iib\/wp-content\/uploads\/sites\/41\/2025\/05\/17.jpg\"\r\n                        title=\"Wyst\u0105pienie mgra in\u017c. M. Auera \/ fot. S. Stach\" \r\n                        class=\"gallery-big__item  thumbnail\"\r\n                        style=\"background-image: url(https:\/\/us.edu.pl\/instytut\/iib\/wp-content\/uploads\/sites\/41\/2025\/05\/17-1024x768.jpg)\"><span class=\"d-none\">https:\/\/us.edu.pl\/instytut\/iib\/wp-content\/uploads\/sites\/41\/2025\/05\/17.jpg<\/span><\/a>\r\n                        <a data-fancybox=\"1018\" href=\"https:\/\/us.edu.pl\/instytut\/iib\/wp-content\/uploads\/sites\/41\/2025\/05\/18.jpg\"\r\n                        title=\"Wyst\u0105pienie mgra in\u017c. M. Auera \/ fot. S. Stach\" \r\n                        class=\"gallery-big__item  thumbnail\"\r\n                        style=\"background-image: url(https:\/\/us.edu.pl\/instytut\/iib\/wp-content\/uploads\/sites\/41\/2025\/05\/18-1024x768.jpg)\"><span class=\"d-none\">https:\/\/us.edu.pl\/instytut\/iib\/wp-content\/uploads\/sites\/41\/2025\/05\/18.jpg<\/span><\/a><\/div><\/div>\r\n                    <\/div>\r\n                <\/div>[vc_column_text][\/vc_column_text][\/vc_column][\/vc_row][vc_row][vc_column][vc_column_text][\/vc_column_text][\/vc_column][\/vc_row][vc_row][vc_column][vc_column_text]<\/p>","protected":false},"excerpt":{"rendered":"<p>[vc_row][vc_column][vc_column_text][\/vc_column_text][\/vc_column][\/vc_row][vc_row][vc_column][\/vc_column][\/vc_row][vc_row][vc_column][vc_column_text][\/vc_column_text][\/vc_column][\/vc_row][vc_row][vc_column][vc_column_text][\/vc_column_text][\/vc_column][\/vc_row][vc_row][vc_column][vc_column_text] [&#8230;]<\/p>\n<p><a class=\"btn btn-secondary understrap-read-more-link\" href=\"https:\/\/us.edu.pl\/instytut\/iib\/mgr-inz-m-auer-wystapienie\/\">Read More&#8230;<\/a><\/p>\n","protected":false},"author":128,"featured_media":0,"parent":0,"menu_order":0,"comment_status":"closed","ping_status":"closed","template":"","meta":{"_expiration-date-status":"","_expiration-date":0,"_expiration-date-type":"","_expiration-date-categories":[],"_expiration-date-options":[]},"acf":[],"_links":{"self":[{"href":"https:\/\/us.edu.pl\/instytut\/iib\/wp-json\/wp\/v2\/pages\/4151"}],"collection":[{"href":"https:\/\/us.edu.pl\/instytut\/iib\/wp-json\/wp\/v2\/pages"}],"about":[{"href":"https:\/\/us.edu.pl\/instytut\/iib\/wp-json\/wp\/v2\/types\/page"}],"author":[{"embeddable":true,"href":"https:\/\/us.edu.pl\/instytut\/iib\/wp-json\/wp\/v2\/users\/128"}],"replies":[{"embeddable":true,"href":"https:\/\/us.edu.pl\/instytut\/iib\/wp-json\/wp\/v2\/comments?post=4151"}],"version-history":[{"count":2,"href":"https:\/\/us.edu.pl\/instytut\/iib\/wp-json\/wp\/v2\/pages\/4151\/revisions"}],"predecessor-version":[{"id":4156,"href":"https:\/\/us.edu.pl\/instytut\/iib\/wp-json\/wp\/v2\/pages\/4151\/revisions\/4156"}],"wp:attachment":[{"href":"https:\/\/us.edu.pl\/instytut\/iib\/wp-json\/wp\/v2\/media?parent=4151"}],"curies":[{"name":"wp","href":"https:\/\/api.w.org\/{rel}","templated":true}]}}