{"id":4167,"date":"2025-05-27T10:48:42","date_gmt":"2025-05-27T08:48:42","guid":{"rendered":"https:\/\/us.edu.pl\/instytut\/iib\/?page_id=4167"},"modified":"2025-05-27T10:48:42","modified_gmt":"2025-05-27T08:48:42","slug":"mgr-inz-n-brzezinska-wystapienie-2","status":"publish","type":"page","link":"https:\/\/us.edu.pl\/instytut\/iib\/mgr-inz-n-brzezinska-wystapienie-2\/","title":{"rendered":"Mgr in\u017c. N. Brzezi\u0144ska-wyst\u0105pienie"},"content":{"rendered":"<p>[vc_row][vc_column]\r\n                <div class=\"text-modules\">\r\n                    <div class=\"container\">\r\n                        \r\n                        <div class=\"text-modules__content\"><p><em><strong>Zaawansowane urz\u0105dzenie do oceny oporu oddechowego w filtrach ochronnych \u2013 innowacyjna metoda optymalizacji parametr\u00f3w ergonomicznych \u015brodk\u00f3w ochrony uk\u0142adu oddechowego<\/strong><\/em><\/p>\n<p>Natalia Brzezi\u0144ska<sup>1<\/sup>, Jadwiga Gabor<sup>1<\/sup>, Anna K\u0142eczek<sup>1<\/sup>, Magdalena Popczyk<sup>1<\/sup>,<\/p>\n<p>Andrzej S. Swinarew<sup>1, 2<\/sup><\/p>\n<p><sup>1 <\/sup>Wydzia\u0142 Nauk \u015acis\u0142ych i Technicznych, Uniwersytet \u015al\u0105ski w Katowicach, Polska<\/p>\n<p><sup>2<\/sup> Instytut Nauk o Sporcie, Akademia Wychowania Fizycznego im. Jerzego Kukuczki w Katowicach<\/p>\n<p>W odpowiedzi na rosn\u0105ce globalne zapotrzebowanie na skuteczn\u0105 ochron\u0119 dr\u00f3g oddechowych \u2013 pot\u0119gowane przez nawracaj\u0105ce kryzysy epidemiologiczne oraz coraz powszechniejsze nara\u017cenie zawodowe i \u015brodowiskowe na zanieczyszczenia powietrza \u2013 funkcjonalna konstrukcja oraz ergonomiczna efektywno\u015b\u0107 \u015brodk\u00f3w ochrony uk\u0142adu oddechowego sta\u0142y si\u0119 kluczowymi zagadnieniami w dyskursie dotycz\u0105cym zdrowia publicznego i bezpiecze\u0144stwa pracy. Cho\u0107 skuteczno\u015b\u0107 filtracyjna masek ochronnych jest powszechnie uznana i dobrze udokumentowana, kwestia oporu oddechowego wywo\u0142ywanego przez elementy filtracyjne pozostaje wci\u0105\u017c niedostatecznie zbadana. Parametr ten ma szczeg\u00f3lne znaczenie dla u\u017cytkownik\u00f3w ko\u0144cowych, takich jak osoby z przewlek\u0142ymi chorobami uk\u0142adu oddechowego, personel medyczny pracuj\u0105cy na pierwszej linii frontu czy pracownicy przemys\u0142owi zmuszeni do d\u0142ugotrwa\u0142ego noszenia masek w warunkach wzmo\u017conego wysi\u0142ku fizycznego. Niniejsza praca przedstawia opracowanie i walidacj\u0119 nowoczesnego urz\u0105dzenia analitycznego, specjalnie zaprojektowanego do precyzyjnego pomiaru oporu oddechowego w materia\u0142ach filtracyjnych stosowanych w indywidualnych \u015brodkach ochrony uk\u0142adu oddechowego (PPE). Urz\u0105dzenie wyposa\u017cono w starannie zaprojektowan\u0105 komor\u0119 rozpr\u0119\u017cn\u0105 o zoptymalizowanych parametrach geometrycznych, gwarantuj\u0105cych warunki przep\u0142ywu laminarnego i minimalizuj\u0105cych zak\u0142\u00f3cenia pomiarowe. Zastosowano w nim zaawansowany anemometryczny czujnik przep\u0142ywu, umo\u017cliwiaj\u0105cy wysokorozdzielcz\u0105 detekcj\u0119 nat\u0119\u017cenia przep\u0142ywu, a tak\u017ce cyfrowy modu\u0142 termometryczny z funkcj\u0105 bie\u017c\u0105cej kompensacji \u015brodowiskowej, uwzgl\u0119dniaj\u0105cej zmienno\u015b\u0107 przep\u0142ywu zale\u017cn\u0105 od temperatury. System umo\u017cliwia kontrolowan\u0105 i powtarzaln\u0105 ocen\u0119 r\u00f3\u017cnicy ci\u015bnie\u0144 na r\u00f3\u017cnych typach filtr\u00f3w masek ochronnych w warunkach symulowanego wdechu i wydechu. Modu\u0142owa konstrukcja stanowiska pozwala na dynamiczn\u0105 wymienno\u015b\u0107 testowanych filtr\u00f3w, co u\u0142atwia por\u00f3wnanie r\u00f3\u017cnych materia\u0142\u00f3w, konfiguracji strukturalnych oraz kompozyt\u00f3w wielowarstwowych. Uzyskane dane empiryczne charakteryzuj\u0105 si\u0119 wyj\u0105tkow\u0105 czu\u0142o\u015bci\u0105, dok\u0142adno\u015bci\u0105 i powtarzalno\u015bci\u0105, co umo\u017cliwia rzeteln\u0105 analiz\u0119 zale\u017cno\u015bci pomi\u0119dzy sk\u0142adem filtra, jego oporem strukturalnym a subiektywnie odczuwanym wysi\u0142kiem oddechowym. Wyniki eksperymentalne podkre\u015blaj\u0105 potencja\u0142 urz\u0105dzenia jako przysz\u0142ego standardu referencyjnego w zakresie ergonomicznej oceny \u015brodk\u00f3w ochrony dr\u00f3g oddechowych. System dostarcza producentom wymiernych wska\u017anik\u00f3w umo\u017cliwiaj\u0105cych optymalizacj\u0119 konstrukcji masek \u2013 z naciskiem na redukcj\u0119 oporu wdechowego i wydechowego bez kompromis\u00f3w w zakresie skuteczno\u015bci filtracji. Takie usprawnienia s\u0105 kluczowe nie tylko dla poprawy komfortu u\u017cytkownika, lecz tak\u017ce dla zapewnienia przestrzegania zasad noszenia i d\u0142ugotrwa\u0142ego u\u017cytkowania w \u015brodowiskach wysokiego ryzyka. Urz\u0105dzenie zosta\u0142o formalnie zg\u0142oszone do ochrony patentowej w Urz\u0119dzie Patentowym Rzeczypospolitej Polskiej (zg\u0142oszenie nr P.449573) i przesz\u0142o pozytywn\u0105 ocen\u0119 wst\u0119pn\u0105, potwierdzaj\u0105c\u0105 jego nowo\u015b\u0107 techniczn\u0105 oraz poziom wynalazczy. Innowacja ta stanowi istotny krok naprz\u00f3d w zakresie dost\u0119pnych metodologii rozwoju i oceny \u015brodk\u00f3w ochrony uk\u0142adu oddechowego. Jej wdro\u017cenie mo\u017ce przyczyni\u0107 si\u0119 do ustanowienia standardowych procedur badania oporu oddechowego, wspieraj\u0105c popraw\u0119 bezpiecze\u0144stwa, funkcjonalno\u015bci i przestrzegania zasad u\u017cytkowania w zastosowaniach medycznych, przemys\u0142owych i codziennych.<\/p>\n<\/div>\r\n                    <\/div>\r\n                <\/div>[\/vc_column][\/vc_row][vc_row][vc_column]            \r\n                \r\n                <div class=\"container\">\r\n                     <div class=\"gallery-big \">\r\n                        \r\n                        <div class=\"row m-0\">\r\n                        <a data-fancybox=\"5408\" href=\"https:\/\/us.edu.pl\/instytut\/iib\/wp-content\/uploads\/sites\/41\/2025\/05\/21.jpg\"\r\n                        title=\"Wyst\u0105pienie mgr in\u017c. N. Brzezi\u0144skiej \/ fot. S. Stach\" \r\n                        class=\"gallery-big__item gallery-big__item_big thumbnail\"\r\n                        style=\"background-image: url(https:\/\/us.edu.pl\/instytut\/iib\/wp-content\/uploads\/sites\/41\/2025\/05\/21-1024x768.jpg)\"><span class=\"d-none\">https:\/\/us.edu.pl\/instytut\/iib\/wp-content\/uploads\/sites\/41\/2025\/05\/21.jpg<\/span><\/a><div class=\"gallery-big__small-items\">\r\n                        <a data-fancybox=\"5408\" href=\"https:\/\/us.edu.pl\/instytut\/iib\/wp-content\/uploads\/sites\/41\/2025\/05\/19.jpg\"\r\n                        title=\"Wyst\u0105pienie mgr in\u017c. N. Brzezi\u0144skiej \/ fot. S. Stach\" \r\n                        class=\"gallery-big__item  thumbnail\"\r\n                        style=\"background-image: url(https:\/\/us.edu.pl\/instytut\/iib\/wp-content\/uploads\/sites\/41\/2025\/05\/19-1024x768.jpg)\"><span class=\"d-none\">https:\/\/us.edu.pl\/instytut\/iib\/wp-content\/uploads\/sites\/41\/2025\/05\/19.jpg<\/span><\/a>\r\n                        <a data-fancybox=\"5408\" href=\"https:\/\/us.edu.pl\/instytut\/iib\/wp-content\/uploads\/sites\/41\/2025\/05\/20.jpg\"\r\n                        title=\"Wyst\u0105pienie mgr in\u017c. N. Brzezi\u0144skiej \/ fot. S. Stach\" \r\n                        class=\"gallery-big__item  thumbnail\"\r\n                        style=\"background-image: url(https:\/\/us.edu.pl\/instytut\/iib\/wp-content\/uploads\/sites\/41\/2025\/05\/20-1024x768.jpg)\"><span class=\"d-none\">https:\/\/us.edu.pl\/instytut\/iib\/wp-content\/uploads\/sites\/41\/2025\/05\/20.jpg<\/span><\/a><\/div><\/div>\r\n                    <\/div>\r\n                <\/div>[\/vc_column][\/vc_row]<\/p>","protected":false},"excerpt":{"rendered":"<p>[vc_row][vc_column][\/vc_column][\/vc_row][vc_row][vc_column][\/vc_column][\/vc_row] [&#8230;]<\/p>\n<p><a class=\"btn btn-secondary understrap-read-more-link\" href=\"https:\/\/us.edu.pl\/instytut\/iib\/mgr-inz-n-brzezinska-wystapienie-2\/\">Read More&#8230;<\/a><\/p>\n","protected":false},"author":128,"featured_media":0,"parent":0,"menu_order":0,"comment_status":"closed","ping_status":"closed","template":"","meta":{"_expiration-date-status":"","_expiration-date":0,"_expiration-date-type":"","_expiration-date-categories":[],"_expiration-date-options":[]},"acf":[],"_links":{"self":[{"href":"https:\/\/us.edu.pl\/instytut\/iib\/wp-json\/wp\/v2\/pages\/4167"}],"collection":[{"href":"https:\/\/us.edu.pl\/instytut\/iib\/wp-json\/wp\/v2\/pages"}],"about":[{"href":"https:\/\/us.edu.pl\/instytut\/iib\/wp-json\/wp\/v2\/types\/page"}],"author":[{"embeddable":true,"href":"https:\/\/us.edu.pl\/instytut\/iib\/wp-json\/wp\/v2\/users\/128"}],"replies":[{"embeddable":true,"href":"https:\/\/us.edu.pl\/instytut\/iib\/wp-json\/wp\/v2\/comments?post=4167"}],"version-history":[{"count":1,"href":"https:\/\/us.edu.pl\/instytut\/iib\/wp-json\/wp\/v2\/pages\/4167\/revisions"}],"predecessor-version":[{"id":4168,"href":"https:\/\/us.edu.pl\/instytut\/iib\/wp-json\/wp\/v2\/pages\/4167\/revisions\/4168"}],"wp:attachment":[{"href":"https:\/\/us.edu.pl\/instytut\/iib\/wp-json\/wp\/v2\/media?parent=4167"}],"curies":[{"name":"wp","href":"https:\/\/api.w.org\/{rel}","templated":true}]}}