{"id":4462,"date":"2025-07-30T11:04:21","date_gmt":"2025-07-30T09:04:21","guid":{"rendered":"https:\/\/us.edu.pl\/instytut\/iib\/?page_id=4462"},"modified":"2025-09-11T13:55:34","modified_gmt":"2025-09-11T11:55:34","slug":"personel-projektu","status":"publish","type":"page","link":"https:\/\/us.edu.pl\/instytut\/iib\/personel-projektu\/","title":{"rendered":"Personel projektu"},"content":{"rendered":"<p>[vc_row][vc_column][vc_column_text][\/vc_column_text][\/vc_column][\/vc_row][vc_row][vc_column][vc_column_text][\/vc_column_text][\/vc_column][\/vc_row][vc_row][vc_column][vc_column_text][\/vc_column_text][\/vc_column][\/vc_row][vc_row][vc_column]\r\n                <div class=\"text-modules\">\r\n                    <div class=\"container\">\r\n                        \r\n                        <div class=\"text-modules__content\"><\/p>\n<h1 style=\"text-align: center;\"><strong>Zesp\u00f3\u0142 projektu<\/strong><\/h1>\n<p>\n<\/div>\r\n                    <\/div>\r\n                <\/div><div class=\"container\"><div class=\"separator\" style=\"background-color: #000000\"><\/div><\/div>[vc_single_image image=&#8221;4244&#8243; img_size=&#8221;medium&#8221; add_caption=&#8221;yes&#8221; alignment=&#8221;center&#8221; style=&#8221;vc_box_shadow&#8221; css_animation=&#8221;appear&#8221; title=&#8221;Prof. dr hab. n. med. Armand Cholewka &#8211; fizyk medyczny&#8221;][vc_single_image image=&#8221;4812&#8243; img_size=&#8221;medium&#8221; add_caption=&#8221;yes&#8221; alignment=&#8221;center&#8221; style=&#8221;vc_box_shadow&#8221; css_animation=&#8221;appear&#8221; title=&#8221;Adam Matusiewicz &#8211; Prezes Zarz\u0105du Klinika Magnuccy sp. z o.o.&#8221;][vc_single_image image=&#8221;4338&#8243; img_size=&#8221;medium&#8221; add_caption=&#8221;yes&#8221; alignment=&#8221;center&#8221; style=&#8221;vc_box_shadow&#8221; css_animation=&#8221;appear&#8221; title=&#8221;Dr in\u017c. Teresa Kaprzyk-Kucewicz &#8211; fizyk medyczny&#8221;][vc_single_image image=&#8221;4475&#8243; img_size=&#8221;medium&#8221; add_caption=&#8221;yes&#8221; alignment=&#8221;center&#8221; style=&#8221;vc_box_shadow&#8221; css_animation=&#8221;appear&#8221; title=&#8221;Dr in\u017c. Agnieszka Kie\u0142bo\u0144 &#8211; fizyk medyczny, elektroradiolog&#8221;][vc_single_image image=&#8221;4480&#8243; img_size=&#8221;medium&#8221; add_caption=&#8221;yes&#8221; alignment=&#8221;center&#8221; style=&#8221;vc_box_shadow&#8221; css_animation=&#8221;appear&#8221; title=&#8221;Dr n. med. Jacek Magnucki &#8211; w\u0142a\u015bciciel kliniki, ginekolog, lekarz medycyny estetycznej&#8221;][vc_single_image image=&#8221;4500&#8243; img_size=&#8221;medium&#8221; add_caption=&#8221;yes&#8221; alignment=&#8221;center&#8221; style=&#8221;vc_box_shadow&#8221; css_animation=&#8221;appear&#8221; title=&#8221;Dr Marta Po\u015bpiech &#8211; dermatolog, kosmetolog&#8221;][vc_single_image image=&#8221;4490&#8243; img_size=&#8221;medium&#8221; add_caption=&#8221;yes&#8221; alignment=&#8221;center&#8221; style=&#8221;vc_box_shadow&#8221; css_animation=&#8221;appear&#8221; title=&#8221;Mgr Malwina Zloch &#8211; kosmetolog&#8221;][vc_single_image image=&#8221;4812&#8243; img_size=&#8221;medium&#8221; add_caption=&#8221;yes&#8221; alignment=&#8221;center&#8221; style=&#8221;vc_box_shadow&#8221; css_animation=&#8221;appear&#8221; title=&#8221;Dr n. med. Anna Michalska-Ba\u0144kowska &#8211; dermatolog&#8221;][\/vc_column][\/vc_row][vc_column][\/vc_column]<\/p>","protected":false},"excerpt":{"rendered":"<p>[vc_row][vc_column][vc_column_text][\/vc_column_text][\/vc_column][\/vc_row][vc_row][vc_column][vc_column_text][\/vc_column_text][\/vc_column][\/vc_row][vc_row][vc_column][vc_column_text][\/vc_column_text][\/vc_column][\/vc_row][vc_row][vc_column][vc_single_image image=&#8221;4244&#8243; img_size=&#8221;medium&#8221; add_caption=&#8221;yes&#8221; alignment=&#8221;center&#8221; style=&#8221;vc_box_shadow&#8221; css_animation=&#8221;appear&#8221; title=&#8221;Prof. dr hab. n. med. Armand Cholewka &#8211; fizyk medyczny&#8221;][vc_single_image image=&#8221;4812&#8243; img_size=&#8221;medium&#8221; add_caption=&#8221;yes&#8221; alignment=&#8221;center&#8221; style=&#8221;vc_box_shadow&#8221; css_animation=&#8221;appear&#8221; title=&#8221;Adam Matusiewicz &#8211; Prezes Zarz\u0105du Klinika Magnuccy sp. z o.o.&#8221;][vc_single_image image=&#8221;4338&#8243; img_size=&#8221;medium&#8221; add_caption=&#8221;yes&#8221; alignment=&#8221;center&#8221; style=&#8221;vc_box_shadow&#8221; css_animation=&#8221;appear&#8221; title=&#8221;Dr in\u017c. Teresa Kaprzyk-Kucewicz &#8211; fizyk medyczny&#8221;][vc_single_image image=&#8221;4475&#8243; img_size=&#8221;medium&#8221; add_caption=&#8221;yes&#8221; alignment=&#8221;center&#8221; style=&#8221;vc_box_shadow&#8221; css_animation=&#8221;appear&#8221; title=&#8221;Dr in\u017c. Agnieszka [&#8230;]<\/p>\n<p><a class=\"btn btn-secondary understrap-read-more-link\" href=\"https:\/\/us.edu.pl\/instytut\/iib\/personel-projektu\/\">Read More&#8230;<\/a><\/p>\n","protected":false},"author":128,"featured_media":0,"parent":0,"menu_order":0,"comment_status":"closed","ping_status":"closed","template":"","meta":{"_expiration-date-status":"","_expiration-date":0,"_expiration-date-type":"","_expiration-date-categories":[],"_expiration-date-options":[]},"acf":[],"_links":{"self":[{"href":"https:\/\/us.edu.pl\/instytut\/iib\/wp-json\/wp\/v2\/pages\/4462"}],"collection":[{"href":"https:\/\/us.edu.pl\/instytut\/iib\/wp-json\/wp\/v2\/pages"}],"about":[{"href":"https:\/\/us.edu.pl\/instytut\/iib\/wp-json\/wp\/v2\/types\/page"}],"author":[{"embeddable":true,"href":"https:\/\/us.edu.pl\/instytut\/iib\/wp-json\/wp\/v2\/users\/128"}],"replies":[{"embeddable":true,"href":"https:\/\/us.edu.pl\/instytut\/iib\/wp-json\/wp\/v2\/comments?post=4462"}],"version-history":[{"count":10,"href":"https:\/\/us.edu.pl\/instytut\/iib\/wp-json\/wp\/v2\/pages\/4462\/revisions"}],"predecessor-version":[{"id":5173,"href":"https:\/\/us.edu.pl\/instytut\/iib\/wp-json\/wp\/v2\/pages\/4462\/revisions\/5173"}],"wp:attachment":[{"href":"https:\/\/us.edu.pl\/instytut\/iib\/wp-json\/wp\/v2\/media?parent=4462"}],"curies":[{"name":"wp","href":"https:\/\/api.w.org\/{rel}","templated":true}]}}