{"id":4627,"date":"2025-07-30T10:26:20","date_gmt":"2025-07-30T08:26:20","guid":{"rendered":"https:\/\/us.edu.pl\/instytut\/iib\/?page_id=4627"},"modified":"2025-07-30T12:15:12","modified_gmt":"2025-07-30T10:15:12","slug":"cel-projektu","status":"publish","type":"page","link":"https:\/\/us.edu.pl\/instytut\/iib\/cel-projektu\/","title":{"rendered":"Cel projektu"},"content":{"rendered":"<p>[vc_row][vc_column]\r\n                <div class=\"text-modules\">\r\n                    <div class=\"container\">\r\n                        \r\n                        <div class=\"text-modules__content\"><\/p>\n<h1 style=\"text-align: center;\"><strong>Cel projektu<\/strong><\/h1>\n<p>\n<\/div>\r\n                    <\/div>\r\n                <\/div><div class=\"container\"><div class=\"separator\" style=\"background-color: #000000\"><\/div><\/div>[\/vc_column][\/vc_row][vc_row][vc_column]\r\n                <div class=\"text-modules\">\r\n                    <div class=\"container\">\r\n                        \r\n                        <div class=\"text-modules__content\"><p>Kontrolowanie temperatury pozwala otrzyma\u0107 najwi\u0119ksz\u0105 skuteczno\u015b\u0107 procedur oraz zapewni\u0107 najwi\u0119kszy poziom bezpiecze\u0144stwa, gdy\u017c niekontrolowane nagrzewanie tkanek mo\u017ce prowadzi\u0107 do niepo\u017c\u0105danych efekt\u00f3w, takich jak oparzenia czy trwa\u0142e uszkodzenia sk\u00f3ry. Celem wypracowania innowacyjnej procedury jest ocena termicznych efekt\u00f3w laserowej terapii zmian sk\u00f3rnych w medycynie estetycznej. Ponadto, co powinno by\u0107 istotne dla gabinet\u00f3w zajmuj\u0105cych si\u0119 medycyna estetyczn\u0105, wdro\u017cenie takiej ewaluacji termicznych efekt\u00f3w stosowanych zabieg\u00f3w, dostarczy nowych spostrze\u017ce\u0144 i informacji, kt\u00f3re mog\u0105 przyczyni\u0107 si\u0119 do doskonalenia procedur medycyny estetycznej wykorzystuj\u0105cych lasery.<\/p>\n<p>W efekcie, uzyskane dzi\u0119ki procedurze wyniki pozwol\u0105 nie tylko lepiej zrozumie\u0107 mechanizmy termiczne zachodz\u0105ce podczas laserowych zabieg\u00f3w medycyny estetycznej, ale tak\u017ce wskaza\u0107 potencjalne obszary optymalizacji procedur, minimalizuj\u0105c jednocze\u015bnie ryzyko wyst\u0105pienia niepo\u017c\u0105danych efekt\u00f3w ubocznych.<\/p>\n<p>Cel zostanie osi\u0105gni\u0119ty poprzez zautomatyzowanie oceny termicznych efekt\u00f3w prowadzonych zabieg\u00f3w dzi\u0119ki nowemu innowacyjnemu oprogramowaniu, kt\u00f3re dzi\u0119ki przeprowadzonym badaniom w ramach prowadzonych prac B+R w Klinice Magnuccy, oceni efekty przeprowadzonego zabiegu i wska\u017ce wynik w postaci ilo\u015bciowej tzn. jak zwi\u0119kszy\u0142a si\u0119 powierzchnia cia\u0142a wzgl\u0119dem obszaru \u201eleczonego\u201d scharakteryzowana znamiennym wzrostem temperatury. Ponadto oprogramowanie poda warto\u015bci temperaturowe wskazuj\u0105ce na potencjalne niebezpiecze\u0144stwo b\u0105d\u017a potwierdzi prawid\u0142owo\u015b\u0107 przeprowadzonego zabiegu na gruncie zmian warto\u015bci temperatury badanej powierzchni cia\u0142a.<\/p>\n<\/div>\r\n                    <\/div>\r\n                <\/div>[\/vc_column][\/vc_row][vc_row][vc_column][vc_column_text][\/vc_column_text][\/vc_column][\/vc_row]<\/p>","protected":false},"excerpt":{"rendered":"<p>[vc_row][vc_column][\/vc_column][\/vc_row][vc_row][vc_column][\/vc_column][\/vc_row][vc_row][vc_column][vc_column_text][\/vc_column_text][\/vc_column][\/vc_row] [&#8230;]<\/p>\n<p><a class=\"btn btn-secondary understrap-read-more-link\" href=\"https:\/\/us.edu.pl\/instytut\/iib\/cel-projektu\/\">Read More&#8230;<\/a><\/p>\n","protected":false},"author":128,"featured_media":0,"parent":0,"menu_order":0,"comment_status":"closed","ping_status":"closed","template":"","meta":{"_expiration-date-status":"","_expiration-date":0,"_expiration-date-type":"","_expiration-date-categories":[],"_expiration-date-options":[]},"acf":[],"_links":{"self":[{"href":"https:\/\/us.edu.pl\/instytut\/iib\/wp-json\/wp\/v2\/pages\/4627"}],"collection":[{"href":"https:\/\/us.edu.pl\/instytut\/iib\/wp-json\/wp\/v2\/pages"}],"about":[{"href":"https:\/\/us.edu.pl\/instytut\/iib\/wp-json\/wp\/v2\/types\/page"}],"author":[{"embeddable":true,"href":"https:\/\/us.edu.pl\/instytut\/iib\/wp-json\/wp\/v2\/users\/128"}],"replies":[{"embeddable":true,"href":"https:\/\/us.edu.pl\/instytut\/iib\/wp-json\/wp\/v2\/comments?post=4627"}],"version-history":[{"count":6,"href":"https:\/\/us.edu.pl\/instytut\/iib\/wp-json\/wp\/v2\/pages\/4627\/revisions"}],"predecessor-version":[{"id":4718,"href":"https:\/\/us.edu.pl\/instytut\/iib\/wp-json\/wp\/v2\/pages\/4627\/revisions\/4718"}],"wp:attachment":[{"href":"https:\/\/us.edu.pl\/instytut\/iib\/wp-json\/wp\/v2\/media?parent=4627"}],"curies":[{"name":"wp","href":"https:\/\/api.w.org\/{rel}","templated":true}]}}