{"id":4650,"date":"2025-07-30T10:55:39","date_gmt":"2025-07-30T08:55:39","guid":{"rendered":"https:\/\/us.edu.pl\/instytut\/iib\/?page_id=4650"},"modified":"2025-07-30T13:04:36","modified_gmt":"2025-07-30T11:04:36","slug":"opis-projektu","status":"publish","type":"page","link":"https:\/\/us.edu.pl\/instytut\/iib\/opis-projektu\/","title":{"rendered":"Opis projektu"},"content":{"rendered":"<p>[vc_row][vc_column]\r\n                <div class=\"text-modules\">\r\n                    <div class=\"container\">\r\n                        \r\n                        <div class=\"text-modules__content\"><\/p>\n<h1 style=\"text-align: center;\"><strong>Opis projektu<\/strong><\/h1>\n<p>\n<\/div>\r\n                    <\/div>\r\n                <\/div><div class=\"container\"><div class=\"separator\" style=\"background-color: #000000\"><\/div><\/div>[\/vc_column][\/vc_row][vc_row][vc_column]\r\n                <div class=\"text-modules\">\r\n                    <div class=\"container\">\r\n                        \r\n                        <div class=\"text-modules__content\"><p>Wygl\u0105d naszego cia\u0142a nie tylko interesuje nas z punktu widzenia estetyki, ale przede wszystkim zdrowia. Poprawianie pewnych mankament\u00f3w urody od zawsze by\u0142o w kr\u0119gu zainteresowa\u0144 wielu specjalist\u00f3w, nie tylko kosmetolog\u00f3w, ale tak\u017ce chirurg\u00f3w, czy te\u017c chirurg\u00f3w plastycznych. W ostatnich kilkunastu latach medycyna estetyczna wychodzi poza poprawianie mankament\u00f3w naturalnych naszej urody, a wchodzi we wszelkie inwazyjne metody leczenia, takie jak chirurgia czy radioterapia. Ponadto, ze wzgl\u0119du na coraz wi\u0119ksz\u0105 dost\u0119pno\u015b\u0107 cenow\u0105 laser\u00f3w, to one zaczynaj\u0105 odgrywa\u0107 g\u0142\u00f3wn\u0105 rol\u0119 w procesie naprawy naszego wygl\u0105du. W zwi\u0105zku z powy\u017cszym pojawia si\u0119 pytanie jak dba\u0107 o bezpiecze\u0144stwo pacjenta w trakcie takiego zabiegu i jak oceni\u0107 efekty nie tylko te wizualne, ale przede wszystkim zwi\u0105zane z dostarczon\u0105 do tkanek energi\u0105, kt\u00f3ra oczywi\u015bcie, \u017ce jest niezb\u0119dna w procesie \u201epoprawy urody\u201d, ale te\u017c niesie ze sob\u0105 ryzyko dodatkowych komplikacji w przypadku przekroczenia pewnej dawki energii \u2013 podobnie jak ma to miejsce w radioterapii, tyle, \u017ce m\u00f3wimy o zdecydowanie mniejszej energii fali elektromagnetycznej oddzia\u0142uj\u0105cej z tkank\u0105.<\/p>\n<p>Nale\u017cy mie\u0107 na uwadze, \u017ce wygl\u0105d sk\u00f3ry, jej temperatura czy te\u017c odpowied\u017a termiczna na zastosowany czynnik np. laser mog\u0105 by\u0107 powi\u0105zane z zaburzeniami niemal ka\u017cdego uk\u0142adu w ciele cz\u0142owieka. Dlatego bardzo wa\u017cna jest szybka i ca\u0142kowicie nieinwazyjna ocena parametr\u00f3w temperaturowych powierzchni cia\u0142a i dynamiki zmian mapy termicznej powierzchni.\u00a0 Wczesna diagnostyka to odpowiednio szybka rekcja i np. rozpocz\u0119cie leczenia problem\u00f3w dermatologicznych. W zwi\u0105zku z tym dermatologia oraz medycyna estetyczna ca\u0142y czas si\u0119 rozwijaj\u0105 i wprowadzaj\u0105 coraz bardziej zaawansowane technologie diagnostyki i leczenia, aby zapewni\u0107 pacjentom skuteczne i bezpieczne metody leczenia. Jedn\u0105 z takich technik jest zastosowanie laser\u00f3w o r\u00f3\u017cnych energiach i g\u0142\u0119boko\u015bci wnikania do zabieg\u00f3w estetycznych. Lasery, dzi\u0119ki swojej zdolno\u015bci do precyzyjnego docierania do okre\u015blonych miejsc sk\u00f3ry, umo\u017cliwiaj\u0105 leczenie przebarwie\u0144, blizn, zmian naczyniowych itd. I jednym z g\u0142\u00f3wnych parametr\u00f3w, kt\u00f3ry trzeba kontrolowa\u0107 podczas terapii laserowej, jest zmiana temperatury sk\u00f3ry wskutek oddzia\u0142ywania energii lasera.<\/p>\n<p>Obecnie laseroterapia jest powszechnie stosowana w leczeniu r\u00f3\u017cnych zmian i schorze\u0144 sk\u00f3ry. W zale\u017cno\u015bci od d\u0142ugo\u015bci fali \u017ar\u00f3d\u0142a \u015bwiat\u0142a w dermatologii g\u0142\u00f3wnie s\u0105 wykorzystywane w leczeniu tr\u0105dziku i \u0142uszczycy (fale kr\u00f3tkie czy ultrafioletowe), zamykaniu naczy\u0144 krwiono\u015bnych, zmian pigmentowych, usuwaniu ow\u0142osienia, tatua\u017cy, fotoodm\u0142adzaniu (fale widzialne i bliska podczerwie\u0144), usuwaniu tkanek: np. brodawki, tr\u0105dziku (fale d\u0142ugie, daleka podczerwie\u0144).<\/p>\n<p>Reakcja tkanki na \u015bwiat\u0142o laserowe zale\u017cy od: d\u0142ugo\u015b\u0107 emitowanej fali, g\u0119sto\u015b\u0107 mocy i energii, czasu ekspozycji oraz wielko\u015bci obszaru zabiegowego. Na absorpcj\u0119 \u015bwiat\u0142a przez tkank\u0119 wp\u0142ywa obecno\u015b\u0107 chromofor\u00f3w, czyli substancji naturalnych znajduj\u0105cych si\u0119 w tkankach, maj\u0105cych specyficzne zdolno\u015bci do poch\u0142aniania okre\u015blonej d\u0142ugo\u015bci fali promieniowania, do kt\u00f3rych mo\u017cemy zaliczy\u0107 wod\u0119, melanin\u0119 oraz hemoglobin\u0119. W przypadku tkanek mi\u0119kkich najg\u0142\u0119biej wnika promieniowanie z zakresu 650-1200 nm, kt\u00f3rego absorpcja w zewn\u0119trznych warstwach sk\u00f3ry jest najmniejsza.<\/p>\n<p>W ocenie zmian temperatury powierzchni cia\u0142a, a zatem po\u015brednio r\u00f3wnie\u017c w ocenie metabolizmu i dostarczonej energii, najlepszym narz\u0119dziem s\u0105 kamery termowizyjne, kt\u00f3re dzi\u0119ki bardzo wysokiej czu\u0142o\u015bci (si\u0119gaj\u0105cej poni\u017cej 0,03C) oraz wysokiej rozdzielczo\u015bci termalnej mog\u0105 znale\u017a\u0107 zastosowanie w procedurach kontroli jako\u015bci zabieg\u00f3w oraz jako sprz\u0119t niezb\u0119dny w <strong>nowej i innowacyjnej metodzie poprawy bezpiecze\u0144stwa wykonywanych zabieg\u00f3w laseroterapii i oceny ich efekt\u00f3w w szeroko rozumianej medycynie estetycznej.\u00a0 <\/strong>Kontrola i nadz\u00f3r na zmianami temperatury podczas zabiegu pozwalaj\u0105 otrzyma\u0107 najwi\u0119ksz\u0105 skuteczno\u015b\u0107 procedur oraz zapewni\u0107 najwi\u0119kszy poziom bezpiecze\u0144stwa, gdy\u017c niekontrolowane nagrzewanie tkanek mo\u017ce prowadzi\u0107 do niepo\u017c\u0105danych efekt\u00f3w, takich jak oparzenia czy trwa\u0142e uszkodzenia sk\u00f3ry. Taki proces zapewnia tylko kamera termowizyjna.<\/p>\n<p>Dlatego te\u017c celem projektu jest \u201e<strong>Wprowadzenie w Klinice Magnuccy w Katowicach nowej i innowacyjnej metody poprawy bezpiecze\u0144stwa wykonywanych procedur i oceny efekt\u00f3w laseroterapii w zabiegach medycyny estetycznej\u201d.\u00a0 <\/strong><\/p>\n<p>W efekcie przeprowadzonych bada\u0144, uzyskane wyniki pozwol\u0105 nie tylko lepiej zrozumie\u0107 mechanizmy termiczne zachodz\u0105ce podczas laserowych zabieg\u00f3w medycyny estetycznej, ale tak\u017ce wskaza\u0107 potencjalne obszary optymalizacji procedur, minimalizuj\u0105c jednocze\u015bnie ryzyko wyst\u0105pienia niepo\u017c\u0105danych efekt\u00f3w ubocznych.<\/p>\n<p>W medycynie estetycznej termografia mo\u017ce przynie\u015b\u0107 wiele korzy\u015bci i wiele dodatkowych informacji. Mo\u017ce by\u0107 wykorzystywana zar\u00f3wno do obiektywnej oceny wykonanego zabiegu, jak i do monitorowania post\u0119p\u00f3w leczenia, co do tej pory nie by\u0142o brane pod uwag\u0119 w kontek\u015bcie zastosowania obrazowania termicznego w procedurach medycyny estetycznej. Dzi\u0119ki obrazowaniu termicznemu mo\u017cna \u015bledzi\u0107 dynamik\u0119 zmian temperatury sk\u00f3ry, co mo\u017ce by\u0107 wska\u017anikiem skuteczno\u015bci stosowanej terapii. Ponadto dzi\u0119ki analizie termicznej mo\u017cliwe jest dok\u0142adniejsze okre\u015blenie obszar\u00f3w wymagaj\u0105cych interwencji oraz monitorowanie efekt\u00f3w terapii w spos\u00f3b bardziej precyzyjny ni\u017c za pomoc\u0105 subiektywnej oceny wzrokowej.<\/p>\n<p>Wdro\u017cenie niniejszej procedury do praktyki Kliniki Magnuccy niesie istotny wymiar praktyczny, gdy\u017c zwraca uwag\u0119, \u017ce leczenie danego obszaru nie powoduje zmian tylko w obszarze badanym, a wp\u0142ywa r\u00f3wnie\u017c na istotny wzrost temperatury w okolicznych tkankach, a obszar scharakteryzowany podniesion\u0105 temperatur mo\u017ce mie\u0107 nawet kilka razy wi\u0119ksz\u0105 powierzchni\u0119 ni\u017c obszar cia\u0142a poddany zabiegom laserowym.<\/p>\n<\/div>\r\n                    <\/div>\r\n                <\/div>[\/vc_column][\/vc_row][vc_row][vc_column][vc_column_text][\/vc_column_text][\/vc_column][\/vc_row]<\/p>","protected":false},"excerpt":{"rendered":"<p>[vc_row][vc_column][\/vc_column][\/vc_row][vc_row][vc_column][\/vc_column][\/vc_row][vc_row][vc_column][vc_column_text][\/vc_column_text][\/vc_column][\/vc_row] [&#8230;]<\/p>\n<p><a class=\"btn btn-secondary understrap-read-more-link\" href=\"https:\/\/us.edu.pl\/instytut\/iib\/opis-projektu\/\">Read More&#8230;<\/a><\/p>\n","protected":false},"author":128,"featured_media":0,"parent":0,"menu_order":0,"comment_status":"closed","ping_status":"closed","template":"","meta":{"_expiration-date-status":"","_expiration-date":0,"_expiration-date-type":"","_expiration-date-categories":[],"_expiration-date-options":[]},"acf":[],"_links":{"self":[{"href":"https:\/\/us.edu.pl\/instytut\/iib\/wp-json\/wp\/v2\/pages\/4650"}],"collection":[{"href":"https:\/\/us.edu.pl\/instytut\/iib\/wp-json\/wp\/v2\/pages"}],"about":[{"href":"https:\/\/us.edu.pl\/instytut\/iib\/wp-json\/wp\/v2\/types\/page"}],"author":[{"embeddable":true,"href":"https:\/\/us.edu.pl\/instytut\/iib\/wp-json\/wp\/v2\/users\/128"}],"replies":[{"embeddable":true,"href":"https:\/\/us.edu.pl\/instytut\/iib\/wp-json\/wp\/v2\/comments?post=4650"}],"version-history":[{"count":9,"href":"https:\/\/us.edu.pl\/instytut\/iib\/wp-json\/wp\/v2\/pages\/4650\/revisions"}],"predecessor-version":[{"id":4755,"href":"https:\/\/us.edu.pl\/instytut\/iib\/wp-json\/wp\/v2\/pages\/4650\/revisions\/4755"}],"wp:attachment":[{"href":"https:\/\/us.edu.pl\/instytut\/iib\/wp-json\/wp\/v2\/media?parent=4650"}],"curies":[{"name":"wp","href":"https:\/\/api.w.org\/{rel}","templated":true}]}}