{"id":4690,"date":"2025-07-30T11:08:15","date_gmt":"2025-07-30T09:08:15","guid":{"rendered":"https:\/\/us.edu.pl\/instytut\/iib\/?page_id=4690"},"modified":"2025-07-30T13:08:11","modified_gmt":"2025-07-30T11:08:11","slug":"obrazowanie-termiczne","status":"publish","type":"page","link":"https:\/\/us.edu.pl\/instytut\/iib\/obrazowanie-termiczne\/","title":{"rendered":"Obrazowanie termiczne"},"content":{"rendered":"<p>[vc_row][vc_column]\r\n                <div class=\"text-modules\">\r\n                    <div class=\"container\">\r\n                        \r\n                        <div class=\"text-modules__content\"><\/p>\n<h1 style=\"text-align: center;\"><strong>Obrazowanie termiczne<\/strong><\/h1>\n<p>\n<\/div>\r\n                    <\/div>\r\n                <\/div><div class=\"container\"><div class=\"separator\" style=\"background-color: #000000\"><\/div><\/div>[\/vc_column][\/vc_row][vc_row][vc_column]\r\n                <div class=\"text-modules\">\r\n                    <div class=\"container\">\r\n                        \r\n                        <div class=\"text-modules__content\"><p>Obrazowanie termiczne stanowi technik\u0119 obrazowania, kt\u00f3ra wykorzystuje emisj\u0119 promieniowania elektromagnetycznego z zakresu podczerwieni do oceny temperatury powierzchni badanych obiekt\u00f3w. Jest to metoda ca\u0142kowicie nieinwazyjna i bezkontaktowa, co umo\u017cliwia szybkie oraz komfortowe uzyskanie mapy rozk\u0142adu temperatury powierzchni cia\u0142a pacjenta. Ka\u017cde cia\u0142o w tym r\u00f3wnie\u017c organizm ludzki, emituje promieniowanie z zakresu podczerwieni, kt\u00f3re mo\u017ce by\u0107 rejestrowane za pomoc\u0105 kamer termowizyjnych [1,2]. Co wi\u0119cej, wsp\u00f3\u0142czynnik emisyjno\u015bci sk\u00f3ry cz\u0142owieka wynosi 0,98 \u00b1 0,01, niezale\u017cnie od pigmentacji, co zbli\u017ca j\u0105 do modelowego \u201ecia\u0142a doskonale czarnego\u201d \u2013 idealnego emitera promieniowania cieplnego [3,4].<\/p>\n<p>Wsp\u00f3\u0142cze\u015bnie technika termograficzna zyskuje na znaczeniu nie tylko w in\u017cynierii, budownictwie czy przemy\u015ble, ale r\u00f3wnie\u017c znajduje coraz szersze zastosowanie w diagnostyce medycznej. Szczeg\u00f3lny wzrost zainteresowania t\u0105 metod\u0105 obserwowany jest od czasu pandemii COVID-19. Nowoczesne systemy termowizyjne charakteryzuj\u0105 si\u0119 wysok\u0105 czu\u0142o\u015bci\u0105 termiczn\u0105 (nawet rz\u0119du 0,03 <sup>o<\/sup>C) oraz wysok\u0105 rozdzielczo\u015bci\u0105 temperaturow\u0105, co pozwala na precyzyjne wykrywanie r\u00f3\u017cnic temperatury nawet mi\u0119dzy ma\u0142ymi obszarami (zwi\u0105zanymi cho\u0107by z naczyniami krwiono\u015bnymi czy niewielkimi zmianami sk\u00f3rnymi) na powierzchni cia\u0142a [5\u20137].<\/p>\n<p>Nie od dzi\u015b wiadomo, \u017ce temperatura odgrywa kluczow\u0105 rol\u0119 w regulacji proces\u00f3w fizjologicznych. Termiczna homeostaza jest warunkiem prawid\u0142owego funkcjonowania narz\u0105d\u00f3w wewn\u0119trznych, mi\u0119\u015bni oraz uk\u0142adu nerwowego. \u0179r\u00f3d\u0142em ciep\u0142a w organizmie s\u0105 procesy metaboliczne, kt\u00f3re \u2013 zgodnie z doniesieniami literaturowymi \u2013 odpowiadaj\u0105 za blisko 60% og\u00f3lnej produkcji energii [8,9]. Tempo metabolizmu zale\u017cy od aktualnego stanu fizjologicznego i zdrowotnego organizmu, a tak\u017ce od wp\u0142ywu czynnik\u00f3w zewn\u0119trznych i wewn\u0119trznych. Choroby, ci\u0105\u017ca, a tak\u017ce aktywno\u015b\u0107 fizyczna istotnie wp\u0142ywaj\u0105 na poziom metabolizmu ca\u0142ego organizmu oraz poszczeg\u00f3lnych narz\u0105d\u00f3w w por\u00f3wnaniu do stanu spoczynkowego.<\/p>\n<p>W stanach zapalnych jednym z typowych objaw\u00f3w jest lokalny wzrost temperatury, b\u0119d\u0105cy konsekwencj\u0105 aktywacji o\u015brodka termoregulacji w podwzg\u00f3rzu [10]. Dzi\u0119ki powi\u0105zaniu temperatury i aktywno\u015bci metabolicznej tkanek, termowizja znajduje zastosowanie w wykrywaniu i monitorowaniu zmian patologicznych, uraz\u00f3w, stan\u00f3w zapalnych, jak r\u00f3wnie\u017c w ocenie skuteczno\u015bci interwencji terapeutycznych [11,12].<\/p>\n<p>Podobnie sprawa ma si\u0119 w przypadku oddzia\u0142ywania na organizm ludzki poprzez jego och\u0142adzanie lub ogrzewanie. Wraz z dostarczeniem energii z urz\u0105dze\u0144 zewn\u0119trznych, takich jak np. lasery, dochodzi do nagrzewania tkanek. Kontrola i\u00a0nadz\u00f3r na zmianami temperatury podczas zabiegu pozwala otrzyma\u0107 najwi\u0119ksz\u0105 skuteczno\u015b\u0107 procedur oraz zapewni\u0107 najwi\u0119kszy poziom bezpiecze\u0144stwa, gdy\u017c niekontrolowane nagrzewanie tkanek mo\u017ce prowadzi\u0107 do niepo\u017c\u0105danych efekt\u00f3w, takich jak oparzenia czy trwa\u0142e uszkodzenia sk\u00f3ry. Taki proces kontroli mo\u017ce zapewni\u0107 kamera termowizyjna [13-15].<\/p>\n<p>W medycynie estetycznej termografia mo\u017ce przynie\u015b\u0107 wiele korzy\u015bci i wiele dodatkowych informacji. Mo\u017ce by\u0107 wykorzystywana zar\u00f3wno do obiektywnej oceny wykonanego zabiegu jak i do monitorowania post\u0119p\u00f3w leczenia, co do tej pory nie by\u0142o brane pod uwag\u0119 w\u00a0kontek\u015bcie zastosowania obrazowania termicznego w procedurach medycyny estetycznej. Dzi\u0119ki obrazowaniu termicznemu mo\u017cna \u015bledzi\u0107 dynamik\u0119 zmian temperatury sk\u00f3ry, co mo\u017ce by\u0107 wska\u017anikiem skuteczno\u015bci stosowanej terapii. Ponadto dzi\u0119ki analizie termicznej mo\u017cliwe jest dok\u0142adniejsze okre\u015blenie obszar\u00f3w wymagaj\u0105cych interwencji oraz monitorowanie efekt\u00f3w terapii w spos\u00f3b bardziej precyzyjny ni\u017c za pomoc\u0105 subiektywnej oceny wzrokowej.<\/p>\n<p>&nbsp;<\/p>\n<ol>\n<li>Wi\u0119cek B., De Mey G. <em>Termowizja w podczerwieni, podstawy i zastosowania. <\/em>Warszawa, Wydawnictwo PAK, 2011.<\/li>\n<li>Wi\u015bniewski S., Wi\u015bniewski S.T. <em>Wymiana Ciep\u0142a. <\/em>wydanie 6. Warszawa, WNT, 2009.<\/li>\n<li>Charlton M., Stanley S.A., Whitman Z., Wenn V., Coats T.J., Sims M., Thompson J.P. <em>The effect of constitutive pigmentation on the measured emissivity of human skin<\/em>. PLoS One, 2020;15(11):e0241843. doi: 10.1371\/journal.pone.0241843.<\/li>\n<li>Fern\u00e1ndez-Cuevas I., Bouzas Marins J.C., Arn\u00e1iz Lastras J., G\u00f3mez Carmona P.M., Pi\u00f1onosa Cano S., Garc\u00eda-Concepci\u00f3n M.\u00c1., et al.\u00a0<em>Classification of factors influencing the use of infrared thermography in humans: A review<\/em>.\u00a0Infrared Physics &amp; Technology, 2015;71:28\u201355.<\/li>\n<li>Lahiri BB, Bagavathiappan S, Jayakumar T, Philip J.\u00a0Medical applications of infrared thermography: A review.\u00a0<em>Infrared Phys Technol<\/em> July 01;55(4):221\u2013235. 10.1016\/j.infrared.2012.03.007<\/li>\n<li>Gorczewska, I., Szurko, A. M., Kie\u0142bo\u0144, A. K., Stanek, A., Cholewka, A. J. <em>Determination of Internal Temperature by Measuring the Temperature of the Body Surface Due to Environmental Physical Factors &#8211; First Study of Fever Screening in the COVID Pandemic<\/em>. International Journal of Environmental Research and Public Health,\u00a02022;19, 1\u201310. https:\/\/doi.org\/10.3390\/ijerph192416511<\/li>\n<li>FLIR Systems. FLIR T1020 HD Thermal Camera with Viewfinder. <a href=\"https:\/\/www.flir.eu\/\">https:\/\/www.flir.eu\/<\/a>, [dost\u0119p: 03.10.2024].<\/li>\n<li>G\u00f3rski J. <em>Fizjologia cz\u0142owieka. <\/em>Warszawa, Wydawnictwo Lekarskie PZWL, 2010.<\/li>\n<li>Herman I.P. <em>Physics of the Human Body. <\/em>New York, Springer, 2016.<\/li>\n<li>Dinarello C.A. <em>Infection, fever, and exogenous and endogenous pyrogens: some concepts have changed.<\/em> J Endotoxin Res. 2004;10(4):201-22<\/li>\n<li>Bauer J, Dere\u0144 E. <em>Standaryzacja bada\u0144 termograficznych w medycynie i fizykoterapii.<\/em> Acta Bio-Opt Inform Med. 2014;20:11-20.<\/li>\n<li>Madura H. <em>Pomiary Termowizyjne w praktyce<\/em>. Warszawa: Agenda Wydawnicza PAKu; 2004.<\/li>\n<li>Kaszuba N, Kasprzyk-Kucewicz T, Ba\u0142amut K, Morawiec T, Stanek A, Wzi\u0105tek-Kuczmik\u00a0D, Cholewka A, <em>May thermal imaging be useful in the assessment of dentalanaesthesia? preliminary study<\/em>, Journal of Thermal Analysis and Calorimetry, 2022, http:\/\/dx.doi.org\/10.1007\/s10973-021-10985-y.<\/li>\n<li>Szurko A, Kasprzyk-Kucewicz T, Cholewka A, Kazior M, Siero\u0144 K, Stanek A, Morawiec\u00a0T. <em>Thermovision as a Tool for Athletes to Verify the Symmetry of Work of Individual Muscle<\/em> Segments, International Journal of Environmental Research and Public Health, 2022, http:\/\/dx.doi.org\/10.3390\/ijerph19148490.<\/li>\n<li>Kasprzyk-Kucewicz T, Cholewka A, Englisz-Jurgielewicz B, Mucha R, Relich M, Kawecki M, Siero\u0144 K, Onak P, Stanek A, <em>Thermal effects of topical hyperbaric oxygen therapy in hard-to-heal wounds &#8211; a pilot study<\/em>, International Journal of Environmental Research and Public Health, 2021, http:\/\/dx.doi.org\/10.3390\/ijerph18136737.<\/li>\n<\/ol>\n<p>\n<\/div>\r\n                    <\/div>\r\n                <\/div>[\/vc_column][\/vc_row][vc_row][vc_column][vc_column_text][\/vc_column_text][\/vc_column][\/vc_row][vc_row][vc_column][vc_column_text][\/vc_column_text][\/vc_column][\/vc_row][vc_row][vc_column][vc_column_text]<\/p>","protected":false},"excerpt":{"rendered":"<p>[vc_row][vc_column][\/vc_column][\/vc_row][vc_row][vc_column][\/vc_column][\/vc_row][vc_row][vc_column][vc_column_text][\/vc_column_text][\/vc_column][\/vc_row][vc_row][vc_column][vc_column_text][\/vc_column_text][\/vc_column][\/vc_row][vc_row][vc_column][vc_column_text] [&#8230;]<\/p>\n<p><a class=\"btn btn-secondary understrap-read-more-link\" href=\"https:\/\/us.edu.pl\/instytut\/iib\/obrazowanie-termiczne\/\">Read More&#8230;<\/a><\/p>\n","protected":false},"author":128,"featured_media":0,"parent":0,"menu_order":0,"comment_status":"closed","ping_status":"closed","template":"","meta":{"_expiration-date-status":"","_expiration-date":0,"_expiration-date-type":"","_expiration-date-categories":[],"_expiration-date-options":[]},"acf":[],"_links":{"self":[{"href":"https:\/\/us.edu.pl\/instytut\/iib\/wp-json\/wp\/v2\/pages\/4690"}],"collection":[{"href":"https:\/\/us.edu.pl\/instytut\/iib\/wp-json\/wp\/v2\/pages"}],"about":[{"href":"https:\/\/us.edu.pl\/instytut\/iib\/wp-json\/wp\/v2\/types\/page"}],"author":[{"embeddable":true,"href":"https:\/\/us.edu.pl\/instytut\/iib\/wp-json\/wp\/v2\/users\/128"}],"replies":[{"embeddable":true,"href":"https:\/\/us.edu.pl\/instytut\/iib\/wp-json\/wp\/v2\/comments?post=4690"}],"version-history":[{"count":7,"href":"https:\/\/us.edu.pl\/instytut\/iib\/wp-json\/wp\/v2\/pages\/4690\/revisions"}],"predecessor-version":[{"id":4763,"href":"https:\/\/us.edu.pl\/instytut\/iib\/wp-json\/wp\/v2\/pages\/4690\/revisions\/4763"}],"wp:attachment":[{"href":"https:\/\/us.edu.pl\/instytut\/iib\/wp-json\/wp\/v2\/media?parent=4690"}],"curies":[{"name":"wp","href":"https:\/\/api.w.org\/{rel}","templated":true}]}}