{"id":5179,"date":"2025-09-17T13:43:54","date_gmt":"2025-09-17T11:43:54","guid":{"rendered":"https:\/\/us.edu.pl\/instytut\/iib\/?page_id=5179"},"modified":"2025-10-27T10:27:12","modified_gmt":"2025-10-27T09:27:12","slug":"studenckie-kolo-naukowe-inzynierii-biomedycznej-neurodrive","status":"publish","type":"page","link":"https:\/\/us.edu.pl\/instytut\/iib\/badaniainauka\/studenckie-kolo-naukowe-inzynierii-biomedycznej-neurodrive\/","title":{"rendered":"Studenckie Ko\u0142o Naukowe In\u017cynierii Biomedycznej &#8222;NeuroDrive&#8221;"},"content":{"rendered":"<p>[vc_row][vc_column][vc_column_text][\/vc_column_text][\/vc_column][\/vc_row][vc_row][vc_column]\r\n                <div class=\"text-modules \">\r\n                    <div class=\"container\">\r\n                         \r\n                        <div class=\"row m-0\">\r\n                            <div class=\"text-modules__content\">\r\n                                <strong>Studenckie Ko\u0142o Naukowe In\u017cynierii Biomedycznej \u201eNeuroDrive<\/strong>\u201d<\/p>\n<p>Ko\u0142o zosta\u0142o za\u0142o\u017cone z pasji i inicjatywy ambitnych student\u00f3w Instytutu In\u017cynierii Biomedycznej.<\/p>\n<p>Za\u0142o\u017cyciele i zarz\u0105d ko\u0142a:<\/p>\n<p><strong>Przewodnicz\u0105cy:<\/strong> Micha\u0142 Nastaszyc<\/p>\n<p><strong>Wiceprzewodnicz\u0105ca:<\/strong> Gabriela Krupa<\/p>\n<p><strong>Sekretarz:<\/strong> Patrycja Gw\u00f3\u017ad\u017a \u200b<\/p>\n<p>Dzia\u0142ania merytorycznie wspiera opiekun ko\u0142a, <strong>dr hab. Sebastian Stach, prof. U\u015a.<\/strong><\/p>\n<p><strong>Czym zajmuje si\u0119 ko\u0142o?<\/strong><\/p>\n<p>Misj\u0105 za\u0142o\u017cycieli jest eksploracja fascynuj\u0105cego pogranicza neuroergonomii, sztucznej inteligencji i wirtualnej rzeczywisto\u015bci.<\/p>\n<p>Pierwszym i g\u0142\u00f3wnym celem jest budowa zaawansowanego symulatora jazdy w technologii VR! Kolejnym celem s\u0105 badania, kt\u00f3re sprawdz\u0105 jak za pomoc\u0105 AI analizowa\u0107 stan psychofizjologiczny kierowcy \u2013 jego zm\u0119czenie, koncentracj\u0119 i czas reakcji. Wszystko po to, by w przysz\u0142o\u015bci tworzy\u0107 technologie, kt\u00f3re realnie poprawi\u0105 bezpiecze\u0144stwo na drogach!<\/p>\n<p><strong>Kontakt:<\/strong> kn.neurodrive.wnst@us.edu.pl \u200b<\/p>\n<p>Zapraszamy do obserwowania <a href=\"https:\/\/www.facebook.com\/InstytutInzynieriiBiomedycznejUS\/\">profilu<\/a> ko\u0142a, gdzie b\u0119d\u0105 umieszczane aktualizacje i post\u0119py w projekcie. \r\n                                <div class=\"mt-3\"><\/div>\r\n                            <\/div>\r\n                            \r\n                            <div class=\"text-modules__img\"><img src=\"https:\/\/us.edu.pl\/instytut\/iib\/wp-content\/uploads\/sites\/41\/Bez-kategorii\/549820996_122134663682900774_8188605184611956243_n.jpg\" alt=\"img\"><\/div>\r\n                        <\/div>\r\n                    <\/div>\r\n                <\/div><div class=\"container\"><div class=\"separator\" style=\"background-color: #000000\"><\/div><\/div>            \r\n                    <div class=\"container\">\r\n                        <div class=\"gallery gallery_4\" data-images-in-row=\"4\">\r\n                            \r\n                            <div class=\"row m-0\">\r\n                                <a data-fancybox-group=\"button\" title=\"Micha\u0142 Nastaszyc \/ fot. G. Krupa\" data-fancybox=\"2130\" href=\"https:\/\/us.edu.pl\/instytut\/iib\/wp-content\/uploads\/sites\/41\/2025\/09\/kolo3-scaled.jpg\" class=\"gallery__item thumbnail\"\r\n                                    style=\"background-image: url(https:\/\/us.edu.pl\/instytut\/iib\/wp-content\/uploads\/sites\/41\/2025\/09\/kolo3-576x1024.jpg)\"> <span class=\"d-none\">https:\/\/us.edu.pl\/instytut\/iib\/wp-content\/uploads\/sites\/41\/2025\/09\/kolo3-scaled.jpg<\/span> <\/a><a data-fancybox-group=\"button\" title=\"Gabriela Krupa \/ fot. P. Gw\u00f3\u017ad\u017a\" data-fancybox=\"2130\" href=\"https:\/\/us.edu.pl\/instytut\/iib\/wp-content\/uploads\/sites\/41\/2025\/09\/kolo-2-scaled.jpg\" class=\"gallery__item thumbnail\"\r\n                                    style=\"background-image: url(https:\/\/us.edu.pl\/instytut\/iib\/wp-content\/uploads\/sites\/41\/2025\/09\/kolo-2-576x1024.jpg)\"> <span class=\"d-none\">https:\/\/us.edu.pl\/instytut\/iib\/wp-content\/uploads\/sites\/41\/2025\/09\/kolo-2-scaled.jpg<\/span> <\/a><a data-fancybox-group=\"button\" title=\"Patrycja Gw\u00f3\u017ad\u017a \/ fot. G. Krupa\" data-fancybox=\"2130\" href=\"https:\/\/us.edu.pl\/instytut\/iib\/wp-content\/uploads\/sites\/41\/2025\/09\/kolo4-scaled.jpg\" class=\"gallery__item thumbnail\"\r\n                                    style=\"background-image: url(https:\/\/us.edu.pl\/instytut\/iib\/wp-content\/uploads\/sites\/41\/2025\/09\/kolo4-576x1024.jpg)\"> <span class=\"d-none\">https:\/\/us.edu.pl\/instytut\/iib\/wp-content\/uploads\/sites\/41\/2025\/09\/kolo4-scaled.jpg<\/span> <\/a><a data-fancybox-group=\"button\" title=\"Patrycja Gw\u00f3\u017ad\u017a, Gabriela Krupa oraz Micha\u0142 Nastaszyc \/ fot. G. Krupa\" data-fancybox=\"2130\" href=\"https:\/\/us.edu.pl\/instytut\/iib\/wp-content\/uploads\/sites\/41\/2025\/09\/kolo1-scaled.jpg\" class=\"gallery__item thumbnail\"\r\n                                    style=\"background-image: url(https:\/\/us.edu.pl\/instytut\/iib\/wp-content\/uploads\/sites\/41\/2025\/09\/kolo1-576x1024.jpg)\"> <span class=\"d-none\">https:\/\/us.edu.pl\/instytut\/iib\/wp-content\/uploads\/sites\/41\/2025\/09\/kolo1-scaled.jpg<\/span> <\/a>\r\n                            <\/div>\r\n                    <\/div>\r\n                <\/div>[\/vc_column][\/vc_row][vc_row][vc_column][\/vc_column][\/vc_row][vc_row][vc_column][vc_column_text][\/vc_column_text][\/vc_column][\/vc_row]<\/p>","protected":false},"excerpt":{"rendered":"<p>[vc_row][vc_column][vc_column_text][\/vc_column_text][\/vc_column][\/vc_row][vc_row][vc_column][\/vc_column][\/vc_row][vc_row][vc_column][\/vc_column][\/vc_row][vc_row][vc_column][vc_column_text][\/vc_column_text][\/vc_column][\/vc_row] [&#8230;]<\/p>\n<p><a class=\"btn btn-secondary understrap-read-more-link\" href=\"https:\/\/us.edu.pl\/instytut\/iib\/badaniainauka\/studenckie-kolo-naukowe-inzynierii-biomedycznej-neurodrive\/\">Read More&#8230;<\/a><\/p>\n","protected":false},"author":128,"featured_media":0,"parent":196,"menu_order":9,"comment_status":"closed","ping_status":"closed","template":"","meta":{"_expiration-date-status":"","_expiration-date":0,"_expiration-date-type":"","_expiration-date-categories":[],"_expiration-date-options":[]},"acf":[],"_links":{"self":[{"href":"https:\/\/us.edu.pl\/instytut\/iib\/wp-json\/wp\/v2\/pages\/5179"}],"collection":[{"href":"https:\/\/us.edu.pl\/instytut\/iib\/wp-json\/wp\/v2\/pages"}],"about":[{"href":"https:\/\/us.edu.pl\/instytut\/iib\/wp-json\/wp\/v2\/types\/page"}],"author":[{"embeddable":true,"href":"https:\/\/us.edu.pl\/instytut\/iib\/wp-json\/wp\/v2\/users\/128"}],"replies":[{"embeddable":true,"href":"https:\/\/us.edu.pl\/instytut\/iib\/wp-json\/wp\/v2\/comments?post=5179"}],"version-history":[{"count":10,"href":"https:\/\/us.edu.pl\/instytut\/iib\/wp-json\/wp\/v2\/pages\/5179\/revisions"}],"predecessor-version":[{"id":5499,"href":"https:\/\/us.edu.pl\/instytut\/iib\/wp-json\/wp\/v2\/pages\/5179\/revisions\/5499"}],"up":[{"embeddable":true,"href":"https:\/\/us.edu.pl\/instytut\/iib\/wp-json\/wp\/v2\/pages\/196"}],"wp:attachment":[{"href":"https:\/\/us.edu.pl\/instytut\/iib\/wp-json\/wp\/v2\/media?parent=5179"}],"curies":[{"name":"wp","href":"https:\/\/api.w.org\/{rel}","templated":true}]}}