{"id":5659,"date":"2026-01-02T11:43:21","date_gmt":"2026-01-02T10:43:21","guid":{"rendered":"https:\/\/us.edu.pl\/instytut\/iib\/?page_id=5659"},"modified":"2026-01-02T11:50:42","modified_gmt":"2026-01-02T10:50:42","slug":"wizja-i-misja","status":"publish","type":"page","link":"https:\/\/us.edu.pl\/instytut\/iib\/strategia\/wizja-i-misja\/","title":{"rendered":"Wizja i Misja"},"content":{"rendered":"<p>[vc_row][vc_column]\r\n                <div class=\"text-modules\">\r\n                    <div class=\"container\">\r\n                        \r\n                        <div class=\"text-modules__content\"><\/p>\n<h1>Misja i Wizja<\/h1>\n<p>In\u017cynieria biomedyczna to obecnie jedna z najszybciej rozwijaj\u0105cych si\u0119 ga\u0142\u0119zi nauki. Aby nad\u0105\u017cy\u0107 za tempem zmian w medycynie, Instytut musi dzia\u0142a\u0107 elastycznie i odwa\u017cnie. Zdefiniowali\u015bmy jasny kierunek rozwoju, kt\u00f3ry pozwala nam skutecznie \u0142\u0105czy\u0107 potencja\u0142 badawczy z potrzebami rynku MedTech.<\/p>\n<h3>Misja Instytutu<\/h3>\n<p><strong>Kreowanie innowacyjnych rozwi\u0105za\u0144 na potrzeby wsp\u00f3\u0142czesnej medycyny, ukierunkowanych na popraw\u0119 zdrowia i jako\u015bci ludzkiego \u017cycia.<\/strong><\/p>\n<h3>Wizja Rozwoju<\/h3>\n<p><strong>Bycie dynamicznie rozwijaj\u0105cym si\u0119 o\u015brodkiem naukowo-badawczym, kt\u00f3ry specjalizuje si\u0119 w tworzeniu innowacyjnych rozwi\u0105za\u0144 i wnosi znacz\u0105cy wk\u0142ad w post\u0119p in\u017cynierii biomedycznej, opracowuj\u0105c i wdra\u017caj\u0105c nowatorskie technologie oraz metody, przy jednoczesnym zapewnieniu ich efektywnego transferu do praktyki klinicznej i utrzymaniu \u015bcis\u0142ej wsp\u00f3\u0142pracy z partnerami naukowymi i przemys\u0142owymi.<\/strong><\/p>\n<p>\n<\/div>\r\n                    <\/div>\r\n                <\/div>[\/vc_column][\/vc_row]<\/p>","protected":false},"excerpt":{"rendered":"<p>[vc_row][vc_column][\/vc_column][\/vc_row] [&#8230;]<\/p>\n<p><a class=\"btn btn-secondary understrap-read-more-link\" href=\"https:\/\/us.edu.pl\/instytut\/iib\/strategia\/wizja-i-misja\/\">Read More&#8230;<\/a><\/p>\n","protected":false},"author":128,"featured_media":0,"parent":5654,"menu_order":0,"comment_status":"closed","ping_status":"closed","template":"page-templates\/page-with-sidebar-and-bookmarks.php","meta":{"_expiration-date-status":"","_expiration-date":0,"_expiration-date-type":"","_expiration-date-categories":[],"_expiration-date-options":[]},"acf":[],"_links":{"self":[{"href":"https:\/\/us.edu.pl\/instytut\/iib\/wp-json\/wp\/v2\/pages\/5659"}],"collection":[{"href":"https:\/\/us.edu.pl\/instytut\/iib\/wp-json\/wp\/v2\/pages"}],"about":[{"href":"https:\/\/us.edu.pl\/instytut\/iib\/wp-json\/wp\/v2\/types\/page"}],"author":[{"embeddable":true,"href":"https:\/\/us.edu.pl\/instytut\/iib\/wp-json\/wp\/v2\/users\/128"}],"replies":[{"embeddable":true,"href":"https:\/\/us.edu.pl\/instytut\/iib\/wp-json\/wp\/v2\/comments?post=5659"}],"version-history":[{"count":4,"href":"https:\/\/us.edu.pl\/instytut\/iib\/wp-json\/wp\/v2\/pages\/5659\/revisions"}],"predecessor-version":[{"id":5669,"href":"https:\/\/us.edu.pl\/instytut\/iib\/wp-json\/wp\/v2\/pages\/5659\/revisions\/5669"}],"up":[{"embeddable":true,"href":"https:\/\/us.edu.pl\/instytut\/iib\/wp-json\/wp\/v2\/pages\/5654"}],"wp:attachment":[{"href":"https:\/\/us.edu.pl\/instytut\/iib\/wp-json\/wp\/v2\/media?parent=5659"}],"curies":[{"name":"wp","href":"https:\/\/api.w.org\/{rel}","templated":true}]}}