{"id":5745,"date":"2026-01-02T12:21:44","date_gmt":"2026-01-02T11:21:44","guid":{"rendered":"https:\/\/us.edu.pl\/instytut\/iib\/?page_id=5745"},"modified":"2026-01-02T12:21:44","modified_gmt":"2026-01-02T11:21:44","slug":"formula-otwarta-i-tryb-zmian","status":"publish","type":"page","link":"https:\/\/us.edu.pl\/instytut\/iib\/strategia\/formula-otwarta-i-tryb-zmian\/","title":{"rendered":"Formu\u0142a otwarta i tryb zmian"},"content":{"rendered":"<p>[vc_row][vc_column]\r\n                <div class=\"text-modules\">\r\n                    <div class=\"container\">\r\n                        \r\n                        <div class=\"text-modules__content\"><\/p>\n<h1>Formu\u0142a otwarta i tryb aktualizacji Strategii<\/h1>\n<p>Strategia badawcza Instytutu In\u017cynierii Biomedycznej na lata 2026\u20132029 stanowi fundamentalny plan kierunkowy, wyznaczaj\u0105cy ramy rozwoju naukowego w nadchodz\u0105cym okresie.<\/p>\n<p>Maj\u0105c jednak na uwadze dynamiczny charakter in\u017cynierii biomedycznej oraz wysok\u0105 zmienno\u015b\u0107 otoczenia naukowego i prawnego, dokument ten przyjmuje <strong>formu\u0142\u0119 otwart\u0105<\/strong>. Umo\u017cliwia to elastyczn\u0105 i skuteczn\u0105 adaptacj\u0119 cel\u00f3w oraz metod dzia\u0142ania do ewoluuj\u0105cych uwarunkowa\u0144 zewn\u0119trznych i wewn\u0119trznych, zapewniaj\u0105c Instytutowi zdolno\u015b\u0107 do szybkiego reagowania na nowe wyzwania.<\/p>\n<h3>Przes\u0142anki do aktualizacji<\/h3>\n<p>Aktualizacja za\u0142o\u017ce\u0144 strategicznych traktowana jest jako naturalny element procesu zarz\u0105dzania jako\u015bci\u0105 naukow\u0105. Konieczno\u015b\u0107 nowelizacji niniejszego dokumentu mo\u017ce wynika\u0107 w szczeg\u00f3lno\u015bci z:<\/p>\n<ul>\n<li>istotnych zmian w przepisach powszechnie obowi\u0105zuj\u0105cego prawa \u2013 zw\u0142aszcza w zakresie ustawy <em>Prawo o szkolnictwie wy\u017cszym i nauce<\/em> oraz zasad ewaluacji jako\u015bci dzia\u0142alno\u015bci naukowej;<\/li>\n<li>konieczno\u015bci zachowania pe\u0142nej sp\u00f3jno\u015bci z aktami nadrz\u0119dnymi, takimi jak <em>Statut Uniwersytetu \u015al\u0105skiego<\/em> czy <em>Strategia Uniwersytetu<\/em>, kt\u00f3rych modyfikacje wp\u0142ywaj\u0105 na funkcjonowanie jednostek wydzia\u0142owych;<\/li>\n<li>redefinicji Priorytetowych Obszar\u00f3w Badawczych lub wska\u017anik\u00f3w ich realizacji w oparciu o wyniki bie\u017c\u0105cego monitoringu post\u0119p\u00f3w badawczych;<\/li>\n<li>pojawienia si\u0119 nowych, kluczowych szans rozwojowych (np. pozyskanie unikalnej infrastruktury badawczej czy wzmocnienie potencja\u0142u kadrowego o nowych specjalist\u00f3w).<\/li>\n<\/ul>\n<h3>Procedura wprowadzania zmian<\/h3>\n<p>Wprowadzanie zmian w tre\u015bci Strategii odbywa si\u0119 z poszanowaniem autonomii i kompetencji organ\u00f3w Instytutu.<\/p>\n<p>Decyzj\u0119 o aktualizacji dokumentu podejmuje <strong>Dyrektor Instytutu<\/strong>, dzia\u0142aj\u0105c z inicjatywy w\u0142asnej lub na wniosek cz\u0142onk\u00f3w Rady Naukowej. Zmieniony projekt przedk\u0142adany jest <strong>Radzie Naukowej Instytutu<\/strong>, kt\u00f3ra jako cia\u0142o eksperckie wspieraj\u0105ce Dyrektora w kszta\u0142towaniu polityki naukowej, opiniuje proponowane kierunki rozwoju.<\/p>\n<p>Tak przyj\u0119ta procedura gwarantuje, \u017ce Strategia pozostaje dokumentem \u017cywym, realnie wspieraj\u0105cym naukowc\u00f3w w realizacji misji Instytutu.<\/p>\n<\/div>\r\n                    <\/div>\r\n                <\/div>[\/vc_column][\/vc_row][vc_row][vc_column][vc_column_text][\/vc_column_text][\/vc_column][\/vc_row][vc_row][vc_column][vc_column_text][\/vc_column_text][\/vc_column][\/vc_row][vc_row][vc_column][vc_column_text]<\/p>","protected":false},"excerpt":{"rendered":"<p>[vc_row][vc_column][\/vc_column][\/vc_row][vc_row][vc_column][vc_column_text][\/vc_column_text][\/vc_column][\/vc_row][vc_row][vc_column][vc_column_text][\/vc_column_text][\/vc_column][\/vc_row][vc_row][vc_column][vc_column_text] [&#8230;]<\/p>\n<p><a class=\"btn btn-secondary understrap-read-more-link\" href=\"https:\/\/us.edu.pl\/instytut\/iib\/strategia\/formula-otwarta-i-tryb-zmian\/\">Read More&#8230;<\/a><\/p>\n","protected":false},"author":128,"featured_media":0,"parent":5654,"menu_order":3,"comment_status":"closed","ping_status":"closed","template":"page-templates\/page-with-sidebar-and-bookmarks.php","meta":{"_expiration-date-status":"","_expiration-date":0,"_expiration-date-type":"","_expiration-date-categories":[],"_expiration-date-options":[]},"acf":[],"_links":{"self":[{"href":"https:\/\/us.edu.pl\/instytut\/iib\/wp-json\/wp\/v2\/pages\/5745"}],"collection":[{"href":"https:\/\/us.edu.pl\/instytut\/iib\/wp-json\/wp\/v2\/pages"}],"about":[{"href":"https:\/\/us.edu.pl\/instytut\/iib\/wp-json\/wp\/v2\/types\/page"}],"author":[{"embeddable":true,"href":"https:\/\/us.edu.pl\/instytut\/iib\/wp-json\/wp\/v2\/users\/128"}],"replies":[{"embeddable":true,"href":"https:\/\/us.edu.pl\/instytut\/iib\/wp-json\/wp\/v2\/comments?post=5745"}],"version-history":[{"count":2,"href":"https:\/\/us.edu.pl\/instytut\/iib\/wp-json\/wp\/v2\/pages\/5745\/revisions"}],"predecessor-version":[{"id":5751,"href":"https:\/\/us.edu.pl\/instytut\/iib\/wp-json\/wp\/v2\/pages\/5745\/revisions\/5751"}],"up":[{"embeddable":true,"href":"https:\/\/us.edu.pl\/instytut\/iib\/wp-json\/wp\/v2\/pages\/5654"}],"wp:attachment":[{"href":"https:\/\/us.edu.pl\/instytut\/iib\/wp-json\/wp\/v2\/media?parent=5745"}],"curies":[{"name":"wp","href":"https:\/\/api.w.org\/{rel}","templated":true}]}}