{"id":5798,"date":"2026-02-12T10:45:00","date_gmt":"2026-02-12T09:45:00","guid":{"rendered":"https:\/\/us.edu.pl\/instytut\/iib\/?page_id=5798"},"modified":"2026-02-12T10:45:00","modified_gmt":"2026-02-12T09:45:00","slug":"tematy-archiwalne","status":"publish","type":"page","link":"https:\/\/us.edu.pl\/instytut\/iib\/tematy-archiwalne\/","title":{"rendered":"Tematy archiwalne"},"content":{"rendered":"<p>[vc_row][vc_column]\r\n                <div class=\"text-modules\">\r\n                    <div class=\"container\">\r\n                        \r\n                        <div class=\"text-modules__content\"><\/p>\n<p style=\"text-align: center;\"><strong>Temat 1:<\/strong><\/p>\n<p><em>Poprawa w\u0142a\u015bciwo\u015bci u\u017cytkowych tworzyw sztucznych, w tym tkanin powlekanych, do zastosowa\u0144 w ochronie zdrowia poprzez modyfikacj\u0119 naturalnym ekstraktem ro\u015blinnym.<\/em><\/p>\n<p><strong>Promotor:<\/strong><\/p>\n<p><strong>dr hab. Andrzej Swinarew, prof. U\u015a<\/strong> &#8211;\u00a0 Wydzia\u0142 Nauk \u015acis\u0142ych i Technicznych, Instytut In\u017cynierii Biomedycznej<\/p>\n<p><a href=\"mailto:Andrzej.swinarew@us.edu.pl\">andrzej.swinarew@us.edu.pl<\/a><\/p>\n<p><strong>Innowacyjno\u015b\u0107:<\/strong><\/p>\n<p>Innowacyjno\u015b\u0107 planowanej rozprawy doktorskiej wynika z multidyscyplinarnego podej\u015bcia do modyfikacji tworzyw sztucznych przy u\u017cyciu naturalnych ekstrakt\u00f3w ro\u015blinnych, ukierunkowanego na popraw\u0119 ich w\u0142a\u015bciwo\u015bci u\u017cytkowych, biofunkcjonalnych i \u015brodowiskowych. O ile dotychczasowe badania koncentrowa\u0142y si\u0119 g\u0142\u00f3wnie na syntetycznych dodatkach poprawiaj\u0105cych parametry materia\u0142\u00f3w polimerowych, projekt ten proponuje integracj\u0119 bioaktywnych sk\u0142adnik\u00f3w pochodzenia naturalnego bezpo\u015brednio w strukturze lub powierzchni tworzywa, co mo\u017ce skutkowa\u0107 nadaniem mu w\u0142a\u015bciwo\u015bci przeciwdrobnoustrojowych, przeciwutleniaj\u0105cych, a nawet proregeneracyjnych \u2013 szczeg\u00f3lnie po\u017c\u0105danych w zastosowaniach biomedycznych, higienicznych oraz ochronnych.<\/p>\n<p>Dodatkowym wymiarem innowacyjno\u015bci jest wpisanie projektu w ramy transformacji przemys\u0142owej w regionach o wysokiej emisyjno\u015bci, takich jak wojew\u00f3dztwo \u015bl\u0105skie, poprzez rozw\u00f3j materia\u0142\u00f3w opartych na surowcach odnawialnych i wdra\u017canie technologii przyjaznych \u015brodowisku. Takie podej\u015bcie nie tylko wspiera ochron\u0119 zdrowia i rozw\u00f3j nowoczesnych materia\u0142\u00f3w, ale tak\u017ce wpisuje si\u0119 w strategi\u0119 gospodarki o obiegu zamkni\u0119tym, stanowi\u0105c odpowied\u017a na wyzwania zr\u00f3wnowa\u017conego rozwoju i polityki zielonej transformacji.<\/p>\n<p><strong>Wk\u0142ad w rozw\u00f3j dyscypliny:<\/strong><\/p>\n<p>Planowany doktorat wniesie istotny wk\u0142ad w rozw\u00f3j in\u017cynierii biomedycznej poprzez opracowanie innowacyjnych materia\u0142\u00f3w polimerowych o w\u0142a\u015bciwo\u015bciach przeciwdrobnoustrojowych, przeznaczonych do zastosowa\u0144 w ochronie zdrowia. Stworzenie tkaniny powlekanej z modyfikacj\u0105 ro\u015blinn\u0105, ograniczaj\u0105cej rozw\u00f3j bakterii, wirus\u00f3w i grzyb\u00f3w, mo\u017ce znacz\u0105co poprawi\u0107 poziom higieny w plac\u00f3wkach medycznych, zmniejszy\u0107 ryzyko zaka\u017ce\u0144 szpitalnych oraz wspiera\u0107 dzia\u0142ania profilaktyczne w kontek\u015bcie pandemii. Projekt przyczyni si\u0119 tak\u017ce do rozwoju biodezynfekcyjnych materia\u0142\u00f3w dla zastosowa\u0144 mobilnych \u2013 takich jak elastyczne zbiorniki, zas\u0142ony, os\u0142ony i wyposa\u017cenie polowe \u2013 co ma szczeg\u00f3lne znaczenie w sytuacjach kryzysowych i wojennych. Opracowane rozwi\u0105zania znajd\u0105 zastosowanie r\u00f3wnie\u017c poza medycyn\u0105, wspieraj\u0105c bezpiecze\u0144stwo sanitarne w miejscach u\u017cyteczno\u015bci publicznej.<\/p>\n<p><strong>Harmonogram planowanych prac:<\/strong><\/p>\n<p><strong>Rok I \u2013 Przygotowanie merytoryczne i badania wst\u0119pne<\/strong><\/p>\n<ul>\n<li>Przegl\u0105d literatury dotycz\u0105cej modyfikacji tworzyw sztucznych naturalnymi dodatkami<\/li>\n<li>Okre\u015blenie celu i zakresu pracy badawczej<\/li>\n<li>przygotowanie podstawowej charakterystyki naturalnego ekstraktu ro\u015blinnego<\/li>\n<li>Wst\u0119pne pr\u00f3by modyfikacji wybranego tworzywa sztucznego<\/li>\n<\/ul>\n<p><strong>Rok II \u2013 Prowadzenie bada\u0144 laboratoryjnych<\/strong><\/p>\n<ul>\n<li>Opracowanie prostych receptur materia\u0142owych z dodatkiem ekstrakt\u00f3w ro\u015blinnych<\/li>\n<li>Ocena podstawowych w\u0142a\u015bciwo\u015bci fizycznych i u\u017cytkowych modyfikowanych tworzyw<\/li>\n<li>Dostosowanie parametr\u00f3w przetwarzania (np. temperatura, czas, metoda mieszania)<\/li>\n<li>Por\u00f3wnanie wynik\u00f3w z materia\u0142ami referencyjnymi<\/li>\n<\/ul>\n<p><strong>Rok III \u2013 Badania uzupe\u0142niaj\u0105ce i analiza wynik\u00f3w<\/strong><\/p>\n<ul>\n<li>Przeprowadzenie bada\u0144 dodatkowych (np. stabilno\u015b\u0107, odporno\u015b\u0107 na czynniki zewn\u0119trzne)<\/li>\n<li>W razie potrzeby \u2013 powt\u00f3rzenie pr\u00f3b z uwzgl\u0119dnieniem prostych modyfikacji sk\u0142adu<\/li>\n<li>Zebranie i uporz\u0105dkowanie wynik\u00f3w<\/li>\n<li>Wst\u0119pne przygotowanie rozdzia\u0142\u00f3w pracy doktorskiej<\/li>\n<\/ul>\n<p><strong>Rok IV \u2013 Opracowanie rozprawy i przygotowanie do obrony<\/strong><\/p>\n<ul>\n<li>Finalizacja analizy wynik\u00f3w i sformu\u0142owanie wniosk\u00f3w<\/li>\n<li>Redakcja i sk\u0142ad rozprawy doktorskiej<\/li>\n<li>Przygotowanie streszcze\u0144, prezentacji i materia\u0142\u00f3w do obrony<\/li>\n<li>Publikacja lub zg\u0142oszenie wynik\u00f3w do czasopism naukowych<\/li>\n<\/ul>\n<p style=\"text-align: center;\"><strong>Temat 2:<\/strong><\/p>\n<p><em>Obrazowanie termiczne wybranych cz\u0119\u015bci cia\u0142a jako nowa perspektywa oceny zmian fizjologicznych u kobiet w ci\u0105\u017cy<\/em><\/p>\n<p><strong>Promotor:<\/strong><\/p>\n<p><strong>prof. dr hab. n. med. Armand Cholewka &#8211; <\/strong>Wydzia\u0142 Nauk \u015acis\u0142ych i Technicznych, Instytut In\u017cynierii Biomedycznej<\/p>\n<p><a href=\"mailto:armand.cholewka@us.edu.pl\">armand.cholewka@us.edu.pl<\/a><\/p>\n<p><strong>Promotor pomocniczy:<\/strong><\/p>\n<p><strong>dr in\u017c. Teresa Kasprzyk-Kucewicz<\/strong> &#8211; Wydzia\u0142 Nauk \u015acis\u0142ych i Technicznych, Instytut In\u017cynierii Biomedycznej<\/p>\n<p><a href=\"mailto:teresa.kasprzyk-kucewicz@us.edu.pl\">teresa.kasprzyk-kucewicz@us.edu.pl<\/a><\/p>\n<p><strong>Innowacyjno\u015b\u0107:<\/strong><\/p>\n<p>G\u0142\u00f3wnym celem naukowym niniejszych bada\u0144 jest pr\u00f3ba pokazania przydatno\u015bci diagnostyki termowizyjnej u kobiet ci\u0119\u017carnych w trakcie trwania ca\u0142ego okresu ci\u0105\u017cy. Przeprowadzone badania b\u0119d\u0105 obejmowa\u0142y etap pilota\u017cowy oraz docelowe d\u0142ugofalowe pomiary ca\u0142ego cia\u0142a. Podczas bada\u0144 monitorowane b\u0119d\u0105 zmiany rozk\u0142adu temperatury oraz warto\u015bci parametr\u00f3w termicznych u kobiet podczas wszystkich etap\u00f3w ci\u0105\u017cy. Analizie podlega\u0107 b\u0119d\u0105 wybrane okolice cia\u0142a, kt\u00f3re ulegaj\u0105 najwi\u0119kszym zmianom strukturalnym i funkcjonalnym podczas ci\u0105\u017cy, tj. piersi, brzuch, plecy oraz ko\u0144czyny dolne. Za\u0142o\u017ceniem d\u0142ugofalowym bada\u0144 jest diagnostyka kobiet ci\u0119\u017carnych pod k\u0105tem wczesnego wykrywania zmian patologicznych najcz\u0119\u015bciej dotykaj\u0105cych kobiety w okresie ci\u0105\u017cy. Wypracowanie pewnych wzorc\u00f3w termicznych poszczeg\u00f3lnych cz\u0119\u015bci cia\u0142a w r\u00f3\u017cnych okresach ci\u0105\u017cy, ich parametryzacja, a nast\u0119pnie skorelowanie wynik\u00f3w z diagnostyk\u0105 og\u00f3ln\u0105 maj\u0105 szans\u0119 pom\u00f3c diagnozowa\u0107, a nawet prognozowa\u0107 pojawiaj\u0105ce si\u0119 b\u00f3le przeci\u0105\u017ceniowe oraz po\u015brednio zmiany w ukrwieniu i metabolizmie zwi\u0105zane wprost z obserwowanymi na termogramach zmianami w symetrii rozk\u0142adu temperatury w obr\u0119bie poszczeg\u00f3lnych rejon\u00f3w cia\u0142a.<\/p>\n<p><strong>Wk\u0142ad w rozw\u00f3j dyscypliny:<\/strong><\/p>\n<p>Podstawowym znaczeniem projektu dla dyscypliny jest d\u0105\u017cenie do wykorzystania innowacyjnych i nieinwazyjnych procedur diagnostycznych w praktyce lekarskiej. Okre\u015blenie wzorc\u00f3w termicznych cz\u0119\u015bci cia\u0142a najbardziej nara\u017conych na przeci\u0105\u017cenia i dynamiczne zmiany metaboliczne w r\u00f3\u017cnych okresach ci\u0105\u017cy i ich parametryzacja b\u0119d\u0105 stanowi\u0142y znacz\u0105cy wk\u0142ad do nowych innowacyjnych procedur diagnostycznych, kt\u00f3re mog\u0105 w przysz\u0142o\u015bci zosta\u0107 wdro\u017cone do standardowej diagnostyki w oddzia\u0142ach ginekologiczno-po\u0142o\u017cniczych.<\/p>\n<p>Nieliczne publikacje z udzia\u0142em kobiet w ci\u0105\u017cy przewa\u017cnie dostarczaj\u0105 informacji o zmianach temperatury poszczeg\u00f3lnych cz\u0119\u015bci cia\u0142a, czy og\u00f3lnej ocenie lokalizacji \u0142o\u017cyska. Doniesienia te potwierdzaj\u0105 mo\u017cliwo\u015b\u0107 zastosowania termografii w podczerwieni do monitorowania temperatury poszczeg\u00f3lnych obszar\u00f3w cia\u0142a w kobiet w ci\u0105\u017cy. Nie ma jednak wielu bada\u0144 termowizyjnych, kt\u00f3re skupia\u0142yby si\u0119 na kompleksowej diagnostyce ca\u0142ego cia\u0142a kobiety ci\u0119\u017carnej [Pereira 2016, Sillero-Quintana 2012]. Zachodz\u0105ce w organizmie matki i p\u0142odu zmiany termiczne s\u0105 podstaw\u0105 do u\u017cycia termowizji w podczerwieni, do bezpiecznego, nieinwazyjnego i taniego obrazowania diagnostycznego. Dodatkowo, warto zaznaczy\u0107, \u017ce ocena rozk\u0142adu temperaturowego cia\u0142a przysz\u0142ej matki wykonana ju\u017c na wczesnych etapach ci\u0105\u017cy mog\u0142aby dostarczy\u0107 istotnych informacji zdrowotnych, kt\u00f3re mo\u017cna nazwa\u0107 diagnostyk\u0105 prewencyjn\u0105.<\/p>\n<p>Grup\u0119 badawcz\u0105 stanowi\u0107 maj\u0105 zdrowe ochotniczki b\u0119d\u0105ce na ka\u017cdym etapie zaawansowania ci\u0105\u017cy, tj. w I trymestrze (mi\u0119dzy 1, a 13 tygodniem ci\u0105\u017cy), w II semestrze (mi\u0119dzy 14, a 27 tygodniem ci\u0105\u017cy) i III trymestrze ci\u0105\u017cy (mi\u0119dzy 28, a 40 tygodniem ci\u0105\u017cy). Przewidywana liczebno\u015b\u0107 grupy to minimum 50 ochotniczek w ka\u017cdej badanej grupie<\/p>\n<p>Badanie termograficzne, zgodnie z przyj\u0119tym protoko\u0142em, odb\u0119dzie si\u0119 w \u015bci\u015ble okre\u015blonych warunkach &#8211; temperatura otoczenia w zakresie 20\u201324\u00b0C, wilgotno\u015b\u0107 powietrza 45 -60% [13]. Przygotowanie do badania obejmowa\u0107 b\u0119dzie 30 minutow\u0105 aklimatyzacj\u0119 do warunk\u00f3w panuj\u0105cych w pomieszczeniu badawczym poprzez spokojne siedzenie z ods\u0142oni\u0119tymi cz\u0119\u015bciami cia\u0142a, kt\u00f3re maj\u0105 by\u0107 obrazowane. Ponadto, ochotniczki proszone b\u0119d\u0105 o powstrzymanie si\u0119 od aktywno\u015bci fizycznej, przez co najmniej 10 godzin przed badaniem, nie stosowanie \u015brodk\u00f3w przeciwb\u00f3lowych i przeciwgor\u0105czkowych w ci\u0105gu ostatnich 24 godzin, ani krem\u00f3w, olejk\u00f3w i ma\u015bci przez co najmniej 12 godzin przed badaniem. Przed pomiarami nie wolno b\u0119dzie tak\u017ce spo\u017cywa\u0107 alkoholu ani gor\u0105cych napoj\u00f3w czy \u017cywno\u015bci. W celu przygotowania obszaru piersi do obrazowania ochotniczki b\u0119d\u0105 musia\u0142y pozosta\u0107 bez uciskaj\u0105cej bielizny, przez co najmniej 12 godzin.<\/p>\n<p>Dla wszystkich ochotniczek przeprowadzona zostanie ankieta oceniaj\u0105ca:<\/p>\n<p>&#8211; podstawowy stan zdrowia,<\/p>\n<p>&#8211; stopie\u0144 zaawansowania ci\u0105\u017cy,<\/p>\n<p>&#8211; aktywno\u015b\u0107 fizyczn\u0105 do 12h przed badaniem,<\/p>\n<p>&#8211; stopie\u0144 sprawno\u015bci fizycznej ochotniczki, tj. podejmowana przed i w trakcie ci\u0105\u017cy aktywno\u015b\u0107 fizyczna,<\/p>\n<p>&#8211; bezpo\u015brednia ekspozycja na s\u0142o\u0144ce do 12 h przed badaniem,<\/p>\n<p>&#8211; schorzenia przewlek\u0142e,<\/p>\n<p>&#8211; przyjmowane leki (w tym dora\u017anie przeciwb\u00f3lowe, przeciwzapalne, antybiotyki w ci\u0105gu ostatnich 24 h),<\/p>\n<p>&#8211; stosowanie u\u017cywek (papierosy, alkohol, narkotyki, \u015brodki uspokajaj\u0105ce, nasenne).<\/p>\n<p>Kryteria w\u0142\u0105czenia do bada\u0144:<\/p>\n<ul>\n<li>\u015awiadoma zgoda na wykonywanie pomiar\u00f3w termowizyjnych na podstawie podpisanej ankiety przed badaniami.<\/li>\n<li>Ochotniczkami do bada\u0144 mog\u0105 by\u0107 tylko kobiety w potwierdzonej ci\u0105\u017cy.<\/li>\n<li>Je\u015bli ochotniczki wyra\u017c\u0105 ch\u0119\u0107 poddawania si\u0119 badaniom z wykorzystaniem termowizji przez ca\u0142y okres ci\u0105\u017cy, to badania b\u0119d\u0105 wykonywane cyklicznie dla danej ochotniczki. Nawet je\u015bli ochotniczki wyra\u017c\u0105 ch\u0119\u0107 poddania si\u0119 badaniu jednorazowo to b\u0119d\u0105 dopuszczone do badania.<\/li>\n<\/ul>\n<p>Kryteria wy\u0142\u0105czenia z bada\u0144:<\/p>\n<ul>\n<li>Stan zdrowia uniemo\u017cliwiaj\u0105cy przeprowadzenie badania &#8211; choroby przewlek\u0142e w ostrej fazie, takie jak cukrzyca, choroby autoimmunologiczne, niewydolno\u015b\u0107 serca, choroby p\u0142uc, lub zaburzenia hormonalne, kt\u00f3re mog\u0105 wp\u0142ywa\u0107 na wyniki pomiar\u00f3w.<\/li>\n<li>Zaburzenia psychiczne, kt\u00f3re utrudniaj\u0105 wsp\u00f3\u0142prac\u0119 z badaczem lub przeprowadzenie badania, np. zaburzenia l\u0119kowe.<\/li>\n<li>Przewlek\u0142e przyjmowanie lek\u00f3w wp\u0142ywaj\u0105cych na ukrwienie lub temperatur\u0119 cia\u0142a.<\/li>\n<\/ul>\n<p>Kryteria wy\u0142\u0105czenia okresowego z bada\u0144:<\/p>\n<ul>\n<li>Wyst\u0119powanie objaw\u00f3w infekcji (gor\u0105czka, kaszel, katar) w dniu badania lub w ci\u0105gu 7 dni przed badaniem.<\/li>\n<li>Stosowanie lek\u00f3w przeciwzapalnych, przeciwb\u00f3lowych, antybiotyk\u00f3w, \u015brodk\u00f3w uspokajaj\u0105cych lub nasennych w ci\u0105gu ostatnich 24 godzin przed badaniem.<\/li>\n<li>Pacjenci lub ich opiekunowie prawni, kt\u00f3rzy odm\u00f3wili podpisania zgody na udzia\u0142 w badaniu.<\/li>\n<\/ul>\n<p><strong>Harmonogram planowanych prac:<\/strong><\/p>\n<p>Rok I \u2013 Przygotowanie merytoryczne oraz etap pilota\u017cowy<\/p>\n<ul>\n<li>Przegl\u0105d literatury dotycz\u0105cej zastosowania obrazowania termicznego w diagnostyce fizjologicznej kobiet ci\u0119\u017carnych<\/li>\n<li>Analiza istniej\u0105cych protoko\u0142\u00f3w bada\u0144 termowizyjnych w medycynie prenatalnej<\/li>\n<li>Opracowanie szczeg\u00f3\u0142owego planu badawczego oraz przygotowanie wymaganej dokumentacji etycznej i formalnej<\/li>\n<li>Konsultacje z zespo\u0142em klinicznym oraz przygotowanie pilota\u017cowego protoko\u0142u badania<\/li>\n<li>Weryfikacja i kalibracja sprz\u0119tu termograficznego<\/li>\n<li>Rekrutacja i przeprowadzenie bada\u0144 pilota\u017cowych na ograniczonej grupie ochotniczek<\/li>\n<li>Ocena wykonalno\u015bci protoko\u0142u i identyfikacja potencjalnych ryzyk badawczych<\/li>\n<\/ul>\n<p>Rok II \u2013 Prowadzenie bada\u0144 w\u0142a\u015bciwych: I i II trymestr ci\u0105\u017cy<\/p>\n<ul>\n<li>Kontynuacja rekrutacji uczestniczek badania zgodnie z kryteriami w\u0142\u0105czenia<\/li>\n<li>Przeprowadzenie pe\u0142nych bada\u0144 termograficznych u ochotniczek w poszczeg\u00f3lnych trymestrach ci\u0105\u017cy<\/li>\n<li>Systematyczna rejestracja i archiwizacja danych termowizyjnych z uwzgl\u0119dnieniem standaryzacji warunk\u00f3w pomiarowych<\/li>\n<li>R\u00f3wnoleg\u0142e przeprowadzanie ankietyzacji wspieraj\u0105cej interpretacj\u0119 danych (stan zdrowia, styl \u017cycia, parametry \u015brodowiskowe)<\/li>\n<li>Wst\u0119pna analiza uzyskanych termogram\u00f3w \u2013 identyfikacja rozk\u0142ad\u00f3w temperatury oraz parametr\u00f3w istotnych fizjologicznie<\/li>\n<li>Wprowadzenie ewentualnych korekt do procedur pomiarowych w oparciu o dotychczasowe do\u015bwiadczenia<\/li>\n<\/ul>\n<p>Rok III \u2013 Badania uzupe\u0142niaj\u0105ce: analiza przekrojowa<\/p>\n<ul>\n<li>Prowadzenie bada\u0144 termograficznych<\/li>\n<li>Uporz\u0105dkowanie danych i przygotowanie ich do analizy por\u00f3wnawczej<\/li>\n<li>Opracowanie modeli zmian termicznych w poszczeg\u00f3lnych rejonach cia\u0142a w czasie trwania ci\u0105\u017cy<\/li>\n<li>Identyfikacja anomalii i mo\u017cliwych biomarker\u00f3w termicznych dla wczesnego wykrywania zmian patologicznych<\/li>\n<li>Przeprowadzenie pog\u0142\u0119bionych analiz statystycznych i korelacyjnych<\/li>\n<li>Wst\u0119pne przygotowanie struktury rozprawy doktorskiej oraz redakcja rozdzia\u0142\u00f3w metodologicznych i badawczych<\/li>\n<\/ul>\n<p>Rok IV \u2013 Finalizacja pracy i przygotowanie do obrony<\/p>\n<ul>\n<li>Ko\u0144cowa analiza i interpretacja danych \u2013 sformu\u0142owanie kluczowych wniosk\u00f3w<\/li>\n<li>Redakcja kompletnej wersji rozprawy doktorskiej<\/li>\n<li>Przygotowanie materia\u0142\u00f3w towarzysz\u0105cych: streszczenia, prezentacje, schematy i ilustracje termograficzne<\/li>\n<li>Weryfikacja zgodno\u015bci rozprawy z wymaganiami formalnymi<\/li>\n<li>Prace redakcyjne oraz zg\u0142oszenie wynik\u00f3w bada\u0144 do publikacji naukowych<\/li>\n<li>Finalne przygotowanie do obrony doktorskiej i udzia\u0142 w seminariach wydzia\u0142owych<\/li>\n<\/ul>\n<p style=\"text-align: center;\"><strong>Temat 3:<\/strong><\/p>\n<p><em>System AI do automatycznego wykrywania schorze\u0144 na obrazach RTG, TK, RM oraz mammografii<\/em><\/p>\n<p><strong>Promotor:<\/strong><\/p>\n<p><strong>prof. dr hab. in\u017c. Zygmunt Wr\u00f3bel &#8211; <\/strong>Wydzia\u0142 Nauk \u015acis\u0142ych i Technicznych, Instytut In\u017cynierii Biomedycznej<\/p>\n<p><a href=\"mailto:zygmunt.wrobel@us.edu.pl\">zygmunt.wrobel@us.edu.pl<\/a><\/p>\n<p><strong>Promotor pomocniczy:<\/strong><\/p>\n<p><strong>dr in\u017c. Pawe\u0142 Popielski<\/strong> &#8211; <strong>&#8211; <\/strong>Wydzia\u0142 Nauk \u015acis\u0142ych i Technicznych, Instytut In\u017cynierii Biomedycznej<\/p>\n<p><a href=\"mailto:pawel.popielski@us.edu.pl\">pawel.popielski@us.edu.pl<\/a><\/p>\n<p><strong>Innowacyjno\u015b\u0107:<\/strong><\/p>\n<p>Celem projektu jest wsparcie s\u0142u\u017cby zdrowia w Polsce poprzez opracowanie zaawansowanego systemu AI do automatycznego wykrywania schorze\u0144 na obrazach RTG, TK, RM oraz mammografii. Projekt zak\u0142ada stworzenie narz\u0119dzia do analizy obraz\u00f3w medycznych, identyfikacji i klasyfikacji patologii, takich jak guzy, zmiany zapalne i zwyrodnieniowe.<\/p>\n<p>System b\u0119dzie wykorzystywany do:<\/p>\n<ol>\n<li>Automatycznego rozpoznawania patologii: Identyfikacja r\u00f3\u017cnych rodzaj\u00f3w nieprawid\u0142owo\u015bci na obrazach medycznych.<\/li>\n<li>Wsparcia diagnostyki: Narz\u0119dzie dla radiolog\u00f3w do szybszego i dok\u0142adniejszego wykrywania schorze\u0144, co mo\u017ce prowadzi\u0107 do wcze\u015bniejszej diagnozy i lepszego leczenia.<\/li>\n<li>Standaryzacji opis\u00f3w medycznych: Model standardowego opisu obraz\u00f3w medycznych, umo\u017cliwiaj\u0105cy jednolite raportowanie i lepsz\u0105 komunikacj\u0119 mi\u0119dzy plac\u00f3wkami.<\/li>\n<\/ol>\n<p><strong>Wk\u0142ad w rozw\u00f3j dyscypliny:<\/strong><\/p>\n<p>Wykorzystanie AI w diagnostyce obrazowej to dynamicznie rozwijaj\u0105ca si\u0119 dziedzina, jednak wi\u0119kszo\u015b\u0107 bada\u0144 koncentruje si\u0119 na pojedynczych modalno\u015bciach obrazowych, takich jak rentgen czy rezonans magnetyczny. Obecnie brakuje kompleksowych system\u00f3w zdolnych do analizy obraz\u00f3w pochodz\u0105cych z r\u00f3\u017cnych technik diagnostycznych, co ogranicza pe\u0142ne wykorzystanie potencja\u0142u AI w medycynie. Nasz projekt, integruj\u0105cy AI z analiz\u0105 obraz\u00f3w rentgena, TK, RM i mammografii, jest odpowiedzi\u0105 na piln\u0105 potrzeb\u0119 zwi\u0119kszenia efektywno\u015bci diagnostyki medycznej, zmniejszenia obci\u0105\u017cenia prac\u0105 radiolog\u00f3w oraz poprawy wczesnego wykrywania chor\u00f3b, co mo\u017ce znacz\u0105co wp\u0142yn\u0105\u0107 na wyniki leczenia pacjent\u00f3w.<\/p>\n<p>Nowatorski charakter bada\u0144 polega na wykorzystaniu modu\u0142owego podej\u015bcia do projektowania systemu, co pozwoli na stosunkowo \u0142atw\u0105 i szybk\u0105 modyfikacj\u0119 i rozbudow\u0119 systemu o wykrywanie nowych schorze\u0144. Ponadto, innowacyjno\u015b\u0107 projektu polega r\u00f3wnie\u017c na po\u0142\u0105czeniu r\u00f3\u017cnych modalno\u015bci obrazowych w jeden sp\u00f3jny system diagnostyczny, co jest unikalnym rozwi\u0105zaniem w skali globalnej. Taka integracja umo\u017cliwi kompleksow\u0105 ocen\u0119 stanu pacjenta, bior\u0105c pod uwag\u0119 r\u00f3\u017cnorodne \u017ar\u00f3d\u0142a informacji obrazowej, co zwi\u0119kszy dok\u0142adno\u015b\u0107 diagnoz i pozwoli na bardziej holistyczne podej\u015bcie do opieki zdrowotnej. Wyniki projektu przyczyni\u0105 si\u0119 do rozwoju interdyscyplinarnej dziedziny, \u0142\u0105cz\u0105cej medycyn\u0119, informatyk\u0119 oraz nauki o danych, co mo\u017ce prowadzi\u0107 do znacz\u0105cych post\u0119p\u00f3w w diagnostyce obrazowej.<\/p>\n<p>G\u0142\u00f3wna zalet\u0105 projektu to standaryzacji opis\u00f3w medycznych, co poprawi komunikacj\u0119 mi\u0119dzy plac\u00f3wkami medycznymi oraz u\u0142atwi analiz\u0119 danych na wi\u0119ksz\u0105 skal\u0119. Dzi\u0119ki zastosowaniu zaawansowanych algorytm\u00f3w AI, mo\u017cliwe b\u0119dzie nie tylko szybsze, ale tak\u017ce bardziej precyzyjne wykrywanie schorze\u0144, co bezpo\u015brednio wp\u0142ynie na popraw\u0119 jako\u015bci opieki zdrowotnej. Takie podej\u015bcie mo\u017ce r\u00f3wnie\u017c zredukowa\u0107 koszty i czas potrzebny na przetwarzanie du\u017cych ilo\u015bci danych obrazowych, co jest kluczowe w systemach opieki zdrowotnej na ca\u0142ym \u015bwiecie.<\/p>\n<p><strong>Harmonogram planowanych prac:<\/strong><\/p>\n<p><strong>Semestr 1<\/strong><br \/>\nAnaliza literatury i istniej\u0105cych rozwi\u0105za\u0144 w zakresie AI w diagnostyce obrazowej.<br \/>\nIdentyfikacja i ocena dost\u0119pnych zbior\u00f3w danych obrazowych z TK, RM, rentgena i mammografii.<br \/>\nOpracowanie szczeg\u00f3\u0142owego planu badawczego.<\/p>\n<p><strong>Semestr 2<\/strong><br \/>\nZbieranie i wst\u0119pna obr\u00f3bka danych obrazowych.<br \/>\nNotacja zebranych danych przez specjalist\u00f3w medycznych.<br \/>\nRozpocz\u0119cie prac nad wst\u0119pnym modelem AI do analizy obraz\u00f3w TK, RM i mammografii.<\/p>\n<p><strong>Semestr 3<\/strong><br \/>\nProjektowanie i trenowanie wst\u0119pnych modeli AI na zebranych danych.<br \/>\nWalidacja wst\u0119pnych modeli AI przy u\u017cyciu cz\u0119\u015bci zbioru danych.<br \/>\nPrzygotowanie wst\u0119pnego systemu do testowania modeli AI.<\/p>\n<p><strong>Semestr 4<\/strong><br \/>\nOptymalizacja modeli AI, dostosowanie hiperparametr\u00f3w.<br \/>\nRozbudowa bazy danych obrazowych o dodatkowe przypadki medyczne.<br \/>\nDalsze udoskonalanie systemu i modeli w oparciu o wyniki walidacji.<\/p>\n<p><strong>Semestr 5<\/strong><br \/>\nFinalizacja prac nad modelami AI.<br \/>\nTestowanie i walidacja zintegrowanego oprogramowania w warunkach zbli\u017conych do rzeczywistych.<br \/>\nPrzygotowanie publikacji naukowych prezentuj\u0105cych wyniki projektu.<\/p>\n<p><strong>Semestr 6<\/strong><br \/>\nDalsza optymalizacja systemu integruj\u0105cego modele sieci neuronowych AI i zwracaj\u0105cego diagnoz\u0119 oraz opis analizowanego obrazu.<br \/>\nTestowanie i walidacja zintegrowanego oprogramowania w warunkach operacyjnych.<\/p>\n<p><strong>Semestr 7<\/strong><br \/>\nAnaliza wynik\u00f3w dzia\u0142ania systemu, identyfikacja obszar\u00f3w do poprawy.<br \/>\nOstateczna optymalizacja modeli sieci neuronowych (AI).<br \/>\nPoprawa dzia\u0142ania systemu AI (diagnozowania schorze\u0144, generowania opis\u00f3w oraz interfejsu u\u017cytkownika).<\/p>\n<p><strong>Semestr 8<\/strong><br \/>\nPodsumowanie i analiza wszystkich zebranych danych i wynik\u00f3w.<br \/>\nPrzygotowanie ko\u0144cowych raport\u00f3w i wniosk\u00f3w dotycz\u0105cych projektu.<br \/>\nOstateczne prace nad publikacj\u0105 podsumowuj\u0105c\u0105 realizowany projekt.<br \/>\nOpracowanie ko\u0144cowej wersji pracy doktorskiej.<\/p>\n<p>\n<\/div>\r\n                    <\/div>\r\n                <\/div>[\/vc_column][\/vc_row]<\/p>","protected":false},"excerpt":{"rendered":"<p>[vc_row][vc_column][\/vc_column][\/vc_row] [&#8230;]<\/p>\n<p><a class=\"btn btn-secondary understrap-read-more-link\" href=\"https:\/\/us.edu.pl\/instytut\/iib\/tematy-archiwalne\/\">Read More&#8230;<\/a><\/p>\n","protected":false},"author":128,"featured_media":0,"parent":0,"menu_order":0,"comment_status":"closed","ping_status":"closed","template":"","meta":{"_expiration-date-status":"","_expiration-date":0,"_expiration-date-type":"","_expiration-date-categories":[],"_expiration-date-options":[]},"acf":[],"_links":{"self":[{"href":"https:\/\/us.edu.pl\/instytut\/iib\/wp-json\/wp\/v2\/pages\/5798"}],"collection":[{"href":"https:\/\/us.edu.pl\/instytut\/iib\/wp-json\/wp\/v2\/pages"}],"about":[{"href":"https:\/\/us.edu.pl\/instytut\/iib\/wp-json\/wp\/v2\/types\/page"}],"author":[{"embeddable":true,"href":"https:\/\/us.edu.pl\/instytut\/iib\/wp-json\/wp\/v2\/users\/128"}],"replies":[{"embeddable":true,"href":"https:\/\/us.edu.pl\/instytut\/iib\/wp-json\/wp\/v2\/comments?post=5798"}],"version-history":[{"count":2,"href":"https:\/\/us.edu.pl\/instytut\/iib\/wp-json\/wp\/v2\/pages\/5798\/revisions"}],"predecessor-version":[{"id":5801,"href":"https:\/\/us.edu.pl\/instytut\/iib\/wp-json\/wp\/v2\/pages\/5798\/revisions\/5801"}],"wp:attachment":[{"href":"https:\/\/us.edu.pl\/instytut\/iib\/wp-json\/wp\/v2\/media?parent=5798"}],"curies":[{"name":"wp","href":"https:\/\/api.w.org\/{rel}","templated":true}]}}