{"id":728,"date":"2020-05-05T11:40:19","date_gmt":"2020-05-05T09:40:19","guid":{"rendered":"http:\/\/us.edu.pl\/instytut\/iib\/?page_id=728"},"modified":"2021-03-24T09:49:22","modified_gmt":"2021-03-24T08:49:22","slug":"prawa-ochronne","status":"publish","type":"page","link":"https:\/\/us.edu.pl\/instytut\/iib\/patenty-prawa-wzory\/prawa-ochronne\/","title":{"rendered":"Prawa ochronne"},"content":{"rendered":"<p>[vc_row][vc_column]\r\n                <div class=\"text-modules reverse\">\r\n                    <div class=\"container\">\r\n                        <h3 class=\"section-title section-title_border-bottom\">Prawa ochronne uzyskane przez pracownik\u00f3w Instytutu In\u017cynierii Biomedycznej<\/h3> <h3 class=\"subtitle text-modules__subtitle\">W\u0142\u0105cznik o\u015bwietlenia<\/h3>\r\n                        <div class=\"row m-0\">\r\n                            <div class=\"text-modules__content\">\r\n                                Prawo ochronne nr 70404 na wz\u00f3r u\u017cytkowy pt. &#8222;W\u0142\u0105cznik o\u015bwietlenia&#8221;<\/p>\n<p>Tw\u00f3rcy: Grzegorz Sapota, Zygmunt Wr\u00f3bel<\/p>\n<p>Prawo ochronne trwa od dnia 13.01.2017 r. \r\n                                <div class=\"mt-3\"><\/div>\r\n                            <\/div>\r\n                            \r\n                            <div class=\"text-modules__img\"><a href=\"http:\/\/us.edu.pl\/instytut\/iib\/wp-content\/uploads\/sites\/41\/Nieprzypisane\/pr-ochronne-sapota-wrobel-1.jpg\" target=\"_blank\"><img src=\"https:\/\/us.edu.pl\/instytut\/iib\/wp-content\/uploads\/sites\/41\/Nieprzypisane\/pr-ochronne-sapota-wrobel-1-210x300.jpg\" alt=\"img\"><\/a><\/div>\r\n                        <\/div>\r\n                    <\/div>\r\n                <\/div>[\/vc_column][\/vc_row]<\/p>","protected":false},"excerpt":{"rendered":"<p>[vc_row][vc_column][\/vc_column][\/vc_row] [&#8230;]<\/p>\n<p><a class=\"btn btn-secondary understrap-read-more-link\" href=\"https:\/\/us.edu.pl\/instytut\/iib\/patenty-prawa-wzory\/prawa-ochronne\/\">Read More&#8230;<\/a><\/p>\n","protected":false},"author":128,"featured_media":0,"parent":1639,"menu_order":0,"comment_status":"closed","ping_status":"closed","template":"page-templates\/inner-page.php","meta":{"_expiration-date-status":"saved","_expiration-date":0,"_expiration-date-type":"","_expiration-date-categories":[],"_expiration-date-options":[]},"acf":[],"_links":{"self":[{"href":"https:\/\/us.edu.pl\/instytut\/iib\/wp-json\/wp\/v2\/pages\/728"}],"collection":[{"href":"https:\/\/us.edu.pl\/instytut\/iib\/wp-json\/wp\/v2\/pages"}],"about":[{"href":"https:\/\/us.edu.pl\/instytut\/iib\/wp-json\/wp\/v2\/types\/page"}],"author":[{"embeddable":true,"href":"https:\/\/us.edu.pl\/instytut\/iib\/wp-json\/wp\/v2\/users\/128"}],"replies":[{"embeddable":true,"href":"https:\/\/us.edu.pl\/instytut\/iib\/wp-json\/wp\/v2\/comments?post=728"}],"version-history":[{"count":4,"href":"https:\/\/us.edu.pl\/instytut\/iib\/wp-json\/wp\/v2\/pages\/728\/revisions"}],"predecessor-version":[{"id":771,"href":"https:\/\/us.edu.pl\/instytut\/iib\/wp-json\/wp\/v2\/pages\/728\/revisions\/771"}],"up":[{"embeddable":true,"href":"https:\/\/us.edu.pl\/instytut\/iib\/wp-json\/wp\/v2\/pages\/1639"}],"wp:attachment":[{"href":"https:\/\/us.edu.pl\/instytut\/iib\/wp-json\/wp\/v2\/media?parent=728"}],"curies":[{"name":"wp","href":"https:\/\/api.w.org\/{rel}","templated":true}]}}