{"id":78,"date":"2019-10-28T10:01:29","date_gmt":"2019-10-28T09:01:29","guid":{"rendered":"http:\/\/us.edu.pl\/instytut\/iib\/?page_id=78"},"modified":"2019-11-04T09:27:19","modified_gmt":"2019-11-04T08:27:19","slug":"mapa-strony","status":"publish","type":"page","link":"https:\/\/us.edu.pl\/instytut\/iib\/mapa-strony\/","title":{"rendered":"Mapa strony"},"content":{"rendered":"<p>[vc_row][vc_column]\r\n                <div class=\"text-modules\">\r\n                    <div class=\"container\">\r\n                        <h3 class=\"page-title text__title\">Mapa strony<\/h3>\r\n                        <div class=\"text-modules__content\"><div class=\"wsp-container\"><h2 class=\"wsp-pages-title\">Pages<\/h2>\n<ul class=\"wsp-pages-list\">\n<li class=\"page_item page-item-5376\"><a href=\"https:\/\/us.edu.pl\/instytut\/iib\/mgr-inz-aleksandra-mrowiec\/\">Mgr in\u017c. Aleksandra Mrowiec<\/a><\/li>\n<li class=\"page_item page-item-5381\"><a href=\"https:\/\/us.edu.pl\/instytut\/iib\/dr-inz-piotr-duda-prof-us\/\">Dr in\u017c. Piotr Duda, prof. U\u015a<\/a><\/li>\n<li class=\"page_item page-item-6 page_item_has_children\"><a href=\"https:\/\/us.edu.pl\/instytut\/iib\/\">Instytut<\/a>\n<ul class='children'>\n\t<li class=\"page_item page-item-1470\"><a href=\"https:\/\/us.edu.pl\/instytut\/iib\/strona-glowna\/o-instytucie\/\">O Instytucie<\/a><\/li>\n\t<li class=\"page_item page-item-361\"><a href=\"https:\/\/us.edu.pl\/instytut\/iib\/strona-glowna\/dyrekcja\/\">Dyrekcja<\/a><\/li>\n\t<li class=\"page_item page-item-1268\"><a href=\"https:\/\/us.edu.pl\/instytut\/iib\/strona-glowna\/1268-2\/\">Pracownicy<\/a><\/li>\n\t<li class=\"page_item page-item-205\"><a href=\"https:\/\/us.edu.pl\/instytut\/iib\/strona-glowna\/radanaukowainstytutu\/\">Rada Naukowa Instytutu<\/a><\/li>\n\t<li class=\"page_item page-item-912\"><a href=\"https:\/\/us.edu.pl\/instytut\/iib\/strona-glowna\/galeria-zdjec\/\">Galeria zdj\u0119\u0107<\/a><\/li>\n<\/ul>\n<\/li>\n<li class=\"page_item page-item-4108\"><a href=\"https:\/\/us.edu.pl\/instytut\/iib\/dr-a-kielbon-wystapienie\/\">dr A. Kie\u0142bo\u0144 -wyst\u0105pienie<\/a><\/li>\n<li class=\"page_item page-item-4627\"><a href=\"https:\/\/us.edu.pl\/instytut\/iib\/cel-projektu\/\">Cel projektu<\/a><\/li>\n<li class=\"page_item page-item-3860\"><a href=\"https:\/\/us.edu.pl\/instytut\/iib\/dr-hab-m-mierzwa-prof-us-wystapienie\/\">Dr hab. M. Mierzwa, prof. U\u015a wyst\u0105pienie<\/a><\/li>\n<li class=\"page_item page-item-5398\"><a href=\"https:\/\/us.edu.pl\/instytut\/iib\/dr-pawel-janik-2\/\">Dr Pawe\u0142 Janik<\/a><\/li>\n<li class=\"page_item page-item-5402\"><a href=\"https:\/\/us.edu.pl\/instytut\/iib\/dr-mariusz-marzec-2\/\">Dr Mariusz Marzec<\/a><\/li>\n<li class=\"page_item page-item-4123\"><a href=\"https:\/\/us.edu.pl\/instytut\/iib\/prof-d-tarnawska-wystapienie\/\">prof. D. Tarnawska -wyst\u0105pienie<\/a><\/li>\n<li class=\"page_item page-item-5148\"><a href=\"https:\/\/us.edu.pl\/instytut\/iib\/grupa-badawcza-inteligentnych-metod-przetwarzania-danych-medycznych\/\">Grupa badawcza inteligentnych metod przetwarzania danych medycznych<\/a><\/li>\n<li class=\"page_item page-item-5405\"><a href=\"https:\/\/us.edu.pl\/instytut\/iib\/dr-inz-pawel-popielski-2\/\">Dr in\u017c. Pawe\u0142 Popielski<\/a><\/li>\n<li class=\"page_item page-item-5410\"><a href=\"https:\/\/us.edu.pl\/instytut\/iib\/dr-inz-magdalena-jedzierowska\/\">Dr in\u017c. Magdalena J\u0119dzierowska<\/a><\/li>\n<li class=\"page_item page-item-3107\"><a href=\"https:\/\/us.edu.pl\/instytut\/iib\/grupa-badawcza-chorob-oczu-i-drogi-wzrokowej\/\">Grupa badawcza chor\u00f3b oczu i drogi wzrokowej<\/a><\/li>\n<li class=\"page_item page-item-4131\"><a href=\"https:\/\/us.edu.pl\/instytut\/iib\/inz-j-cichon-wystapienie\/\">in\u017c. J. Cicho\u0144 &#8211; wyst\u0105pienie<\/a><\/li>\n<li class=\"page_item page-item-5414\"><a href=\"https:\/\/us.edu.pl\/instytut\/iib\/dr-inz-klaudia-duch-2\/\">Dr in\u017c. Klaudia Duch<\/a><\/li>\n<li class=\"page_item page-item-3880\"><a href=\"https:\/\/us.edu.pl\/instytut\/iib\/mgr-inz-a-mrowiec-wystapienie\/\">mgr in\u017c. A. Mrowiec-wyst\u0105pienie<\/a><\/li>\n<li class=\"page_item page-item-4650\"><a href=\"https:\/\/us.edu.pl\/instytut\/iib\/opis-projektu\/\">Opis projektu<\/a><\/li>\n<li class=\"page_item page-item-5418\"><a href=\"https:\/\/us.edu.pl\/instytut\/iib\/mgr-inz-wiktoria-sapota-2\/\">Mgr in\u017c. Wiktoria Sapota<\/a><\/li>\n<li class=\"page_item page-item-4142\"><a href=\"https:\/\/us.edu.pl\/instytut\/iib\/inz-j-cichon-wystapienie-2\/\">dr K. Maciejewska, prof. U\u015a &#8211; wyst\u0105pienie<\/a><\/li>\n<li class=\"page_item page-item-5427\"><a href=\"https:\/\/us.edu.pl\/instytut\/iib\/dr-inz-agnieszka-kielbon\/\">Dr in\u017c. Agnieszka Kie\u0142bo\u0144<\/a><\/li>\n<li class=\"page_item page-item-1333\"><a href=\"https:\/\/us.edu.pl\/instytut\/iib\/1333-2\/\">Prof. dr hab. in\u017c. Robert Koprowski<\/a><\/li>\n<li class=\"page_item page-item-4151\"><a href=\"https:\/\/us.edu.pl\/instytut\/iib\/mgr-inz-m-auer-wystapienie\/\">mgr in\u017c. M. Auer &#8211; wyst\u0105pienie<\/a><\/li>\n<li class=\"page_item page-item-1343\"><a href=\"https:\/\/us.edu.pl\/instytut\/iib\/dr-hab-andrzej-swinarew-prof-us\/\">Dr hab. Andrzej Swinarew, prof. U\u015a, prof. AWF<\/a><\/li>\n<li class=\"page_item page-item-1346\"><a href=\"https:\/\/us.edu.pl\/instytut\/iib\/dr-malgorzata-janik\/\">Dr Ma\u0142gorzata Janik<\/a><\/li>\n<li class=\"page_item page-item-4162\"><a href=\"https:\/\/us.edu.pl\/instytut\/iib\/mgr-inz-n-brzezinska-wystapienie\/\">mgr in\u017c. N. Brzezi\u0144ska &#8211; wyst\u0105pienie<\/a><\/li>\n<li class=\"page_item page-item-1351\"><a href=\"https:\/\/us.edu.pl\/instytut\/iib\/dr-pawel-janik\/\">Dr Pawe\u0142 Janik<\/a><\/li>\n<li class=\"page_item page-item-4167\"><a href=\"https:\/\/us.edu.pl\/instytut\/iib\/mgr-inz-n-brzezinska-wystapienie-2\/\">Mgr in\u017c. N. Brzezi\u0144ska-wyst\u0105pienie<\/a><\/li>\n<li class=\"page_item page-item-3146\"><a href=\"https:\/\/us.edu.pl\/instytut\/iib\/grupa-badawcza-zastosowan-termowizji-i-termografii-w-medycynie\/\">Grupa badawcza zastosowa\u0144 termowizji i termografii w medycynie<\/a><\/li>\n<li class=\"page_item page-item-76 page_item_has_children\"><a href=\"https:\/\/us.edu.pl\/instytut\/iib\/kontakt\/\">Kontakt<\/a>\n<ul class='children'>\n\t<li class=\"page_item page-item-687\"><a href=\"https:\/\/us.edu.pl\/instytut\/iib\/kontakt\/testmb\/\">Napisz do nas<\/a><\/li>\n\t<li class=\"page_item page-item-694\"><a href=\"https:\/\/us.edu.pl\/instytut\/iib\/kontakt\/gdzie-jestesmy\/\">Gdzie jeste\u015bmy<\/a><\/li>\n<\/ul>\n<\/li>\n<li class=\"page_item page-item-4172\"><a href=\"https:\/\/us.edu.pl\/instytut\/iib\/mgr-inz-p-kovalchuk-wystapienie\/\">mgr in\u017c. P. Kovalchuk &#8211; wyst\u0105pienie<\/a><\/li>\n<li class=\"page_item page-item-78\"><a href=\"https:\/\/us.edu.pl\/instytut\/iib\/mapa-strony\/\">Mapa strony<\/a><\/li>\n<li class=\"page_item page-item-1358\"><a href=\"https:\/\/us.edu.pl\/instytut\/iib\/mgr-inz-zaneta-garczyk\/\">Dr in\u017c. \u017baneta Garczyk-Munda\u0142a<\/a><\/li>\n<li class=\"page_item page-item-80\"><a href=\"https:\/\/us.edu.pl\/instytut\/iib\/wszystko\/\">Wszystko<\/a><\/li>\n<li class=\"page_item page-item-1361\"><a href=\"https:\/\/us.edu.pl\/instytut\/iib\/dr-inz-pawel-popielski\/\">Dr in\u017c. Pawe\u0142 Popielski<\/a><\/li>\n<li class=\"page_item page-item-4690\"><a href=\"https:\/\/us.edu.pl\/instytut\/iib\/obrazowanie-termiczne\/\">Obrazowanie termiczne<\/a><\/li>\n<li class=\"page_item page-item-3923\"><a href=\"https:\/\/us.edu.pl\/instytut\/iib\/dr-hab-a-swinarew-prof-us-awf-wystapienie\/\">Dr hab. A. Swinarew, prof. U\u015a, AWF &#8211; wyst\u0105pienie<\/a><\/li>\n<li class=\"page_item page-item-1364\"><a href=\"https:\/\/us.edu.pl\/instytut\/iib\/mgr-inz-magdalena-jedzierowska\/\">Dr in\u017c. Magdalena J\u0119dzierowska<\/a><\/li>\n<li class=\"page_item page-item-1367\"><a href=\"https:\/\/us.edu.pl\/instytut\/iib\/dr-karina-maciejewska\/\">Dr Karina Maciejewska, prof. U\u015a<\/a><\/li>\n<li class=\"page_item page-item-3672\"><a href=\"https:\/\/us.edu.pl\/instytut\/iib\/tematy-prac-doktorskich\/\">Tematy prac doktorskich<\/a><\/li>\n<li class=\"page_item page-item-1375\"><a href=\"https:\/\/us.edu.pl\/instytut\/iib\/dr-mariusz-marzec\/\">Dr Mariusz Marzec<\/a><\/li>\n<li class=\"page_item page-item-352\"><a href=\"https:\/\/us.edu.pl\/instytut\/iib\/dr-hab-armand-cholewka-prof-us\/\">prof. dr hab. Armand Cholewka<\/a><\/li>\n<li class=\"page_item page-item-1888\"><a href=\"https:\/\/us.edu.pl\/instytut\/iib\/dr-agnieszka-szurko\/\">Dr Agnieszka Szurko, prof. U\u015a<\/a><\/li>\n<li class=\"page_item page-item-3936\"><a href=\"https:\/\/us.edu.pl\/instytut\/iib\/dr-hab-a-turska-kawa-prof-us-wystapienie\/\">Dr hab. A. Turska-Kawa, prof. U\u015a &#8211; wyst\u0105pienie<\/a><\/li>\n<li class=\"page_item page-item-3174\"><a href=\"https:\/\/us.edu.pl\/instytut\/iib\/grupa-badawcza-diagnostyki-medycznej-i-molekularnej\/\">Grupa badawcza diagnostyki medycznej i molekularnej<\/a><\/li>\n<li class=\"page_item page-item-1639 page_item_has_children\"><a href=\"https:\/\/us.edu.pl\/instytut\/iib\/patenty-prawa-wzory\/\">Patenty, prawa, wzory<\/a>\n<ul class='children'>\n\t<li class=\"page_item page-item-654\"><a href=\"https:\/\/us.edu.pl\/instytut\/iib\/patenty-prawa-wzory\/wzory-przemyslowe\/\">Wzory przemys\u0142owe<\/a><\/li>\n\t<li class=\"page_item page-item-728\"><a href=\"https:\/\/us.edu.pl\/instytut\/iib\/patenty-prawa-wzory\/prawa-ochronne\/\">Prawa ochronne<\/a><\/li>\n\t<li class=\"page_item page-item-591\"><a href=\"https:\/\/us.edu.pl\/instytut\/iib\/patenty-prawa-wzory\/uzyskane-patenty\/\">Uzyskane patenty<\/a><\/li>\n<\/ul>\n<\/li>\n<li class=\"page_item page-item-1642\"><a href=\"https:\/\/us.edu.pl\/instytut\/iib\/dr-hab-sebastian-stach-prof-us\/\">dr hab. Sebastian Stach, prof. U\u015a<\/a><\/li>\n<li class=\"page_item page-item-4462\"><a href=\"https:\/\/us.edu.pl\/instytut\/iib\/personel-projektu\/\">Personel projektu<\/a><\/li>\n<li class=\"page_item page-item-5230\"><a href=\"https:\/\/us.edu.pl\/instytut\/iib\/5230-2\/\">Dr hab. S. Stach, prof. U\u015a<\/a><\/li>\n<li class=\"page_item page-item-4726\"><a href=\"https:\/\/us.edu.pl\/instytut\/iib\/wyniki-badan\/\">Wyniki bada\u0144<\/a><\/li>\n<li class=\"page_item page-item-1655\"><a href=\"https:\/\/us.edu.pl\/instytut\/iib\/dr-inz-teresa-kasprzyk-kucewicz\/\">Dr in\u017c. Teresa Kasprzyk-Kucewicz, prof. U\u015a<\/a><\/li>\n<li class=\"page_item page-item-3192\"><a href=\"https:\/\/us.edu.pl\/instytut\/iib\/grupa-badawcza-sygnalow-biomedycznych-w-neuronauce-funkcjonowanie-mozgu-i-ciala\/\">Grupa badawcza sygna\u0142\u00f3w biomedycznych w neuronauce: funkcjonowanie m\u00f3zgu i cia\u0142a<\/a><\/li>\n<li class=\"page_item page-item-1406\"><a href=\"https:\/\/us.edu.pl\/instytut\/iib\/dr-inz-piotr-duda\/\">Dr in\u017c. Piotr Duda<\/a><\/li>\n<li class=\"page_item page-item-4223\"><a href=\"https:\/\/us.edu.pl\/instytut\/iib\/projekt-klinika-magnuccy\/\">Projekt &#8211; klinika Magnuccy<\/a><\/li>\n<li class=\"page_item page-item-2176\"><a href=\"https:\/\/us.edu.pl\/instytut\/iib\/dr-hab-n-med-ryszard-tomaszewski-2\/\">Dr hab. n. med. Ryszard Tomaszewski, prof. U\u015a, prof. \u015aUM<\/a><\/li>\n<li class=\"page_item page-item-1409\"><a href=\"https:\/\/us.edu.pl\/instytut\/iib\/prof-dr-hab-inz-zygmunt-wrobel\/\">Prof. dr hab. in\u017c. Zygmunt Wr\u00f3bel<\/a><\/li>\n<li class=\"page_item page-item-3714\"><a href=\"https:\/\/us.edu.pl\/instytut\/iib\/relacja-z-21-slaskiego-seminarium-fizyki-medycznej-ptfm\/\">Relacja z 21. \u015al\u0105skiego Seminarium Fizyki Medycznej PTFM<\/a><\/li>\n<li class=\"page_item page-item-1424\"><a href=\"https:\/\/us.edu.pl\/instytut\/iib\/dr-hab-inz-michal-mierzwa-prof-us\/\">Dr hab. in\u017c. Micha\u0142 Mierzwa, prof. U\u015a<\/a><\/li>\n<li class=\"page_item page-item-5271\"><a href=\"https:\/\/us.edu.pl\/instytut\/iib\/dr-inz-zaneta-garczyk-mundala\/\">Dr in\u017c. \u017baneta Garczyk-Munda\u0142a<\/a><\/li>\n<li class=\"page_item page-item-3224\"><a href=\"https:\/\/us.edu.pl\/instytut\/iib\/grupa-badawcza-zastosowan-sztucznej-inteligencji-i-przetwarzania-biosygnalow\/\">Grupa badawcza zastosowa\u0144 sztucznej inteligencji i przetwarzania biosygna\u0142\u00f3w<\/a><\/li>\n<li class=\"page_item page-item-1436\"><a href=\"https:\/\/us.edu.pl\/instytut\/iib\/mgr-inz-wiktoria-sapota\/\">Mgr in\u017c. Wiktoria Sapota<\/a><\/li>\n<li class=\"page_item page-item-5278\"><a href=\"https:\/\/us.edu.pl\/instytut\/iib\/dr-hab-s-stach-prof-us\/\">Dr hab. Sebastian Stach, prof. U\u015a<\/a><\/li>\n<li class=\"page_item page-item-1439\"><a href=\"https:\/\/us.edu.pl\/instytut\/iib\/prof-dr-hab-dorota-tarnawska\/\">prof. dr hab. n. med. Dorota Tarnawska<\/a><\/li>\n<li class=\"page_item page-item-3232\"><a href=\"https:\/\/us.edu.pl\/instytut\/iib\/grupa-badawcza-medycyny-sportu\/\">Grupa badawcza medycyny sportu<\/a><\/li>\n<li class=\"page_item page-item-2210\"><a href=\"https:\/\/us.edu.pl\/instytut\/iib\/dr-inz-klaudia-duch\/\">Dr in\u017c. Klaudia Duch<\/a><\/li>\n<li class=\"page_item page-item-5798\"><a href=\"https:\/\/us.edu.pl\/instytut\/iib\/tematy-archiwalne\/\">Tematy archiwalne<\/a><\/li>\n<li class=\"page_item page-item-5291\"><a href=\"https:\/\/us.edu.pl\/instytut\/iib\/dr-inz-teresa-kasprzyk-kucewicz-prof-us\/\">Dr in\u017c. Teresa Kasprzyk-Kucewicz, prof. U\u015a<\/a><\/li>\n<li class=\"page_item page-item-5804\"><a href=\"https:\/\/us.edu.pl\/instytut\/iib\/tematy-badawcze-2026-2027\/\">Tematy badawcze 2026\/2027<\/a><\/li>\n<li class=\"page_item page-item-3246\"><a href=\"https:\/\/us.edu.pl\/instytut\/iib\/grupa-badawcza-nowych-strategii-diagnostycznych-i-terapeutycznych-w-medycynie\/\">Grupa badawcza nowych strategii diagnostycznych i terapeutycznych w medycynie<\/a><\/li>\n<li class=\"page_item page-item-5295\"><a href=\"https:\/\/us.edu.pl\/instytut\/iib\/dr-karina-maciejewska-prof-us\/\">Dr Karina Maciejewska, prof. U\u015a<\/a><\/li>\n<li class=\"page_item page-item-4016\"><a href=\"https:\/\/us.edu.pl\/instytut\/iib\/dr-a-szurko-prof-us-wystapienie\/\">dr A. Szurko, prof. U\u015a -wyst\u0105pienie<\/a><\/li>\n<li class=\"page_item page-item-5298\"><a href=\"https:\/\/us.edu.pl\/instytut\/iib\/dr-agnieszka-szurko-prof-us\/\">Dr Agnieszka Szurko, prof. U\u015a<\/a><\/li>\n<li class=\"page_item page-item-5302\"><a href=\"https:\/\/us.edu.pl\/instytut\/iib\/dr-hab-andrzej-swinarew-prof-us-prof-awf\/\">Dr hab. Andrzej Swinarew, prof. U\u015a, prof. AWF<\/a><\/li>\n<li class=\"page_item page-item-3256\"><a href=\"https:\/\/us.edu.pl\/instytut\/iib\/grupa-badawcza-analizy-i-przetwarzania-obrazow-medycznych\/\">Grupa badawcza analizy i przetwarzania obraz\u00f3w medycznych<\/a><\/li>\n<li class=\"page_item page-item-5306\"><a href=\"https:\/\/us.edu.pl\/instytut\/iib\/dr-inz-michal-pielka\/\">Dr in\u017c. Micha\u0142 Pielka<\/a><\/li>\n<li class=\"page_item page-item-4031\"><a href=\"https:\/\/us.edu.pl\/instytut\/iib\/mgr-inz-m-pyza-wystapienie\/\">mgr in\u017c. M. Pyza &#8211; wystapienie<\/a><\/li>\n<li class=\"page_item page-item-196 page_item_has_children\"><a href=\"https:\/\/us.edu.pl\/instytut\/iib\/badaniainauka\/\">Badania i Nauka<\/a>\n<ul class='children'>\n\t<li class=\"page_item page-item-5632\"><a href=\"https:\/\/us.edu.pl\/instytut\/iib\/badaniainauka\/potencjal-badawczy-i-laboratoryjny\/\">Potencja\u0142 badawczy i laboratoryjny<\/a><\/li>\n\t<li class=\"page_item page-item-5241\"><a href=\"https:\/\/us.edu.pl\/instytut\/iib\/badaniainauka\/projekty-wynalazcze\/\">Projekty wynalazcze<\/a><\/li>\n\t<li class=\"page_item page-item-2201\"><a href=\"https:\/\/us.edu.pl\/instytut\/iib\/badaniainauka\/doktoraty\/\">Doktoraty<\/a><\/li>\n\t<li class=\"page_item page-item-452\"><a href=\"https:\/\/us.edu.pl\/instytut\/iib\/badaniainauka\/kierunki-badawcze\/\">Kierunki badawcze<\/a><\/li>\n\t<li class=\"page_item page-item-455\"><a href=\"https:\/\/us.edu.pl\/instytut\/iib\/badaniainauka\/laboratoria-naukowo-badawcze-w-instytucie-inzynierii-biomedycznej\/\">Laboratoria naukowo-badawcze<\/a><\/li>\n\t<li class=\"page_item page-item-1248\"><a href=\"https:\/\/us.edu.pl\/instytut\/iib\/badaniainauka\/zespol-badawczy\/\">Zesp\u00f3\u0142 badawczy<\/a><\/li>\n\t<li class=\"page_item page-item-513\"><a href=\"https:\/\/us.edu.pl\/instytut\/iib\/badaniainauka\/english-diamentowy-grant\/\">Diamentowy Grant<\/a><\/li>\n\t<li class=\"page_item page-item-1413\"><a href=\"https:\/\/us.edu.pl\/instytut\/iib\/badaniainauka\/projekty\/\">Projekty naukowe<\/a><\/li>\n\t<li class=\"page_item page-item-5179\"><a href=\"https:\/\/us.edu.pl\/instytut\/iib\/badaniainauka\/studenckie-kolo-naukowe-inzynierii-biomedycznej-neurodrive\/\">Studenckie Ko\u0142o Naukowe In\u017cynierii Biomedycznej &#8222;NeuroDrive&#8221;<\/a><\/li>\n<\/ul>\n<\/li>\n<li class=\"page_item page-item-3268\"><a href=\"https:\/\/us.edu.pl\/instytut\/iib\/grupa-badawcza-ortopedii-i-traumatologii\/\">Grupa badawcza ortopedii i traumatologii<\/a><\/li>\n<li class=\"page_item page-item-3287\"><a href=\"https:\/\/us.edu.pl\/instytut\/iib\/grupa-badawcza-systemow-sensorowych\/\">Grupa badawcza system\u00f3w sensorowych<\/a><\/li>\n<li class=\"page_item page-item-991 page_item_has_children\"><a href=\"https:\/\/us.edu.pl\/instytut\/iib\/wspolpraca\/\">Wsp\u00f3\u0142praca<\/a>\n<ul class='children'>\n\t<li class=\"page_item page-item-985\"><a href=\"https:\/\/us.edu.pl\/instytut\/iib\/wspolpraca\/umowy-o-wspolpracy-z-zakresu-inzynierii-biomedycznej\/\">Umowy o wsp\u00f3\u0142pracy z zakresu In\u017cynierii Biomedycznej<\/a><\/li>\n\t<li class=\"page_item page-item-993\"><a href=\"https:\/\/us.edu.pl\/instytut\/iib\/wspolpraca\/wspolpraca-naukowa\/\">Wsp\u00f3\u0142praca naukowa<\/a><\/li>\n<\/ul>\n<\/li>\n<li class=\"page_item page-item-3298\"><a href=\"https:\/\/us.edu.pl\/instytut\/iib\/grupa-badawcza-smart-opatrunkow-i-inteligentnego-dozowania-lekow\/\">Grupa badawcza smart opatrunk\u00f3w i inteligentnego dozowania lek\u00f3w<\/a><\/li>\n<li class=\"page_item page-item-3810\"><a href=\"https:\/\/us.edu.pl\/instytut\/iib\/dr-inz-p-popielski-wystapienie\/\">Dr in\u017c. P. Popielski &#8211; wyst\u0105pienie<\/a><\/li>\n<li class=\"page_item page-item-5861\"><a href=\"https:\/\/us.edu.pl\/instytut\/iib\/mgr-jadwiga-gabor\/\">Mgr Jadwiga Gabor<\/a><\/li>\n<li class=\"page_item page-item-3304\"><a href=\"https:\/\/us.edu.pl\/instytut\/iib\/grupa-badawcza-zastosowan-mikrotomografii-komputerowej-w-medycynie-i-farmacji\/\">Grupa badawcza zastosowa\u0144 mikrotomografii komputerowej w medycynie i farmacji<\/a><\/li>\n<li class=\"page_item page-item-5356\"><a href=\"https:\/\/us.edu.pl\/instytut\/iib\/prof-dr-hab-n-med-armand-cholewka\/\">Prof. dr hab. n. med. Armand Cholewka<\/a><\/li>\n<li class=\"page_item page-item-3312\"><a href=\"https:\/\/us.edu.pl\/instytut\/iib\/grupa-badawcza-analizy-i-modelowania-powierzchni-biomaterialow\/\">Grupa badawcza analizy i modelowania powierzchni biomateria\u0142\u00f3w<\/a><\/li>\n<li class=\"page_item page-item-5360\"><a href=\"https:\/\/us.edu.pl\/instytut\/iib\/prof-dr-hab-inz-zygmunt-wrobel-2\/\">Prof. dr hab. in\u017c. Zygmunt Wr\u00f3bel<\/a><\/li>\n<li class=\"page_item page-item-5362\"><a href=\"https:\/\/us.edu.pl\/instytut\/iib\/prof-dr-hab-n-med-dorota-tarnawska\/\">Prof. dr hab. n. med. Dorota Tarnawska<\/a><\/li>\n<li class=\"page_item page-item-5365\"><a href=\"https:\/\/us.edu.pl\/instytut\/iib\/prof-dr-hab-inz-robert-koprowski\/\">Prof. dr hab. in\u017c. Robert Koprowski<\/a><\/li>\n<li class=\"page_item page-item-3574\"><a href=\"https:\/\/us.edu.pl\/instytut\/iib\/harmonogram-rekrutacji\/\">Harmonogram rekrutacji<\/a><\/li>\n<li class=\"page_item page-item-5366\"><a href=\"https:\/\/us.edu.pl\/instytut\/iib\/dr-hab-inz-michal-mierzwa-prof-us-2\/\">Dr hab. in\u017c. Micha\u0142 Mierzwa, prof. U\u015a<\/a><\/li>\n<li class=\"page_item page-item-5371\"><a href=\"https:\/\/us.edu.pl\/instytut\/iib\/dr-hab-n-med-ryszard-tomaszewski-prof-us-prof-sum\/\">Dr hab. n. med. Ryszard Tomaszewski, prof. U\u015a, prof. \u015aUM<\/a><\/li>\n<li class=\"page_item page-item-5375\"><a href=\"https:\/\/us.edu.pl\/instytut\/iib\/dr-malgorzata-janik-2\/\">Dr Ma\u0142gorzata Janik<\/a><\/li>\n<li class=\"page_item page-item-5654 page_item_has_children\"><a href=\"https:\/\/us.edu.pl\/instytut\/iib\/strategia\/\">Strategia<\/a>\n<ul class='children'>\n\t<li class=\"page_item page-item-5659\"><a href=\"https:\/\/us.edu.pl\/instytut\/iib\/strategia\/wizja-i-misja\/\">Wizja i Misja<\/a><\/li>\n\t<li class=\"page_item page-item-5722\"><a href=\"https:\/\/us.edu.pl\/instytut\/iib\/strategia\/priorytetowe-obszary-badawcze-pob\/\">Priorytetowe Obszary Badawcze (POB)<\/a><\/li>\n\t<li class=\"page_item page-item-5734\"><a href=\"https:\/\/us.edu.pl\/instytut\/iib\/strategia\/spojnosc-ze-strategia-us\/\">Sp\u00f3jno\u015b\u0107 ze Strategi\u0105 U\u015a<\/a><\/li>\n\t<li class=\"page_item page-item-5745\"><a href=\"https:\/\/us.edu.pl\/instytut\/iib\/strategia\/formula-otwarta-i-tryb-zmian\/\">Formu\u0142a otwarta i tryb zmian<\/a><\/li>\n<\/ul>\n<\/li>\n<\/ul>\n<\/div>\n<\/div>\r\n                    <\/div>\r\n                <\/div>[\/vc_column][\/vc_row]<\/p>","protected":false},"excerpt":{"rendered":"<p>[vc_row][vc_column][\/vc_column][\/vc_row] [&#8230;]<\/p>\n<p><a class=\"btn btn-secondary understrap-read-more-link\" href=\"https:\/\/us.edu.pl\/instytut\/iib\/mapa-strony\/\">Read More&#8230;<\/a><\/p>\n","protected":false},"author":24,"featured_media":0,"parent":0,"menu_order":0,"comment_status":"closed","ping_status":"closed","template":"page-templates\/sitemap-template.php","meta":{"_expiration-date-status":"saved","_expiration-date":0,"_expiration-date-type":"","_expiration-date-categories":[],"_expiration-date-options":[]},"acf":[],"_links":{"self":[{"href":"https:\/\/us.edu.pl\/instytut\/iib\/wp-json\/wp\/v2\/pages\/78"}],"collection":[{"href":"https:\/\/us.edu.pl\/instytut\/iib\/wp-json\/wp\/v2\/pages"}],"about":[{"href":"https:\/\/us.edu.pl\/instytut\/iib\/wp-json\/wp\/v2\/types\/page"}],"author":[{"embeddable":true,"href":"https:\/\/us.edu.pl\/instytut\/iib\/wp-json\/wp\/v2\/users\/24"}],"replies":[{"embeddable":true,"href":"https:\/\/us.edu.pl\/instytut\/iib\/wp-json\/wp\/v2\/comments?post=78"}],"version-history":[{"count":1,"href":"https:\/\/us.edu.pl\/instytut\/iib\/wp-json\/wp\/v2\/pages\/78\/revisions"}],"predecessor-version":[{"id":79,"href":"https:\/\/us.edu.pl\/instytut\/iib\/wp-json\/wp\/v2\/pages\/78\/revisions\/79"}],"wp:attachment":[{"href":"https:\/\/us.edu.pl\/instytut\/iib\/wp-json\/wp\/v2\/media?parent=78"}],"curies":[{"name":"wp","href":"https:\/\/api.w.org\/{rel}","templated":true}]}}