{"id":985,"date":"2020-07-27T15:15:00","date_gmt":"2020-07-27T13:15:00","guid":{"rendered":"https:\/\/us.edu.pl\/instytut\/iib\/?page_id=985"},"modified":"2020-12-04T13:54:00","modified_gmt":"2020-12-04T12:54:00","slug":"umowy-o-wspolpracy-z-zakresu-inzynierii-biomedycznej","status":"publish","type":"page","link":"https:\/\/us.edu.pl\/instytut\/iib\/wspolpraca\/umowy-o-wspolpracy-z-zakresu-inzynierii-biomedycznej\/","title":{"rendered":"Umowy o wsp\u00f3\u0142pracy z zakresu In\u017cynierii Biomedycznej"},"content":{"rendered":"<p>[vc_row][vc_column]\r\n                <div class=\"text-modules\">\r\n                    <div class=\"container\">\r\n                        <h3 class=\"page-title text__title\">Umowy o wsp\u00f3\u0142pracy z zakresu In\u017cynierii Biomedycznej<\/h3>\r\n                        <div class=\"text-modules__content\"><p><a href=\"http:\/\/www.diagnostix.pl\">Centrum Diagnostyki Sportowej Diagnostix<\/a>, osiedle Bajcary 13, 43-460 Wis\u0142a<\/p>\n<p><a href=\"http:\/\/hipokrates.tychy.pl\">Centrum Medyczne Hipokrates Sp. z o.o.<\/a>, ul. De Gaulle\u2019a 49, 43-100 Tychy<\/p>\n<p><a href=\"https:\/\/centrum-pediatrii.com.pl\">Centrum Pediatrii im. Jana Paw\u0142a II w Sosnowcu Sp. z o.o<\/a>, ul. G. Zapolskiej 3, 41-218 Sosnowiec<\/p>\n<p><a href=\"https:\/\/medistica.pl\">Centrum Zdrowia Medistica<\/a>, ul. Dworcowa 4, 48-316 \u0141ambinowice<\/p>\n<p><a href=\"http:\/\/www.comfortdent.pl\">ComfortDent<\/a>, ul. Zabrska 14, 40-959 Katowice<\/p>\n<p><a href=\"https:\/\/www.galen.pl\">Galen-Ortopedia Sp. z o.o.<\/a>, ul. Jerzego 6, 43-150 Bieru\u0144<\/p>\n<p>Infomed Solutions Sp. z\u00a0o.o., ul.\u00a0Mariacka 17, 40-014 Katowice<\/p>\n<p><a href=\"http:\/\/instytutstomatologii.com.pl\">Instytut Stomatologii i Medycyny Og\u00f3lnej<\/a>, ul. \u0141ab\u0119dzia 2, 40-521 Katowice<\/p>\n<p><a href=\"https:\/\/www.itam.zabrze.pl\">Instytut Techniki i Aparatury Medycznej ITAM<\/a>, ul. Roosevelta 118, 41-800 Zabrze<\/p>\n<p><a href=\"https:\/\/klinikamagnuccy.pl\">Klinika Magnuccy<\/a>, ul. 3 Maja 34, 40-097 Katowice<\/p>\n<p><a href=\"https:\/\/okulus.pl\">Klinika Okulus Sp. z\u00a0o.o.<\/a>, ul.\u00a0G\u00f3rska 19, 43-300 Bielsko-Bia\u0142a<\/p>\n<p><a href=\"https:\/\/pwr.edu.pl\">Politechnika Wroc\u0142awska<\/a>, Wybrze\u017ce Stanis\u0142awa Wyspia\u0144skiego 27, 50-370 Wroc\u0142aw<\/p>\n<p><a href=\"https:\/\/cryospace.eu\">CryoSpace &#8211; JBG-2 Sp. z o.o.<\/a>, Warszowice, ul. Gajowa 5, 43-254 Warszowice<\/p>\n<p><a href=\"https:\/\/technomex.pl\">Technomex Sp. z o.o.<\/a>, ul. Szparagowa 15, 44-141 Gliwice<\/p>\n<p><a href=\"https:\/\/sum.edu.pl\">\u015al\u0105ski Uniwersytet Medyczny<\/a>, ul. Poniatowskiego 15, 40-055 Katowice<\/p>\n<p><a href=\"http:\/\/wss5.pl\">Wojew\u00f3dzki Szpital Specjalistyczny Nr\u00a05 im.\u00a0\u015bw. Barbary w\u00a0Sosnowcu<\/a>, Plac Medyk\u00f3w 1,\u00a041-221 Sosnowiec<\/p>\n<\/div>\r\n                    <\/div>\r\n                <\/div>[\/vc_column][\/vc_row]<\/p>","protected":false},"excerpt":{"rendered":"<p>[vc_row][vc_column][\/vc_column][\/vc_row] [&#8230;]<\/p>\n<p><a class=\"btn btn-secondary understrap-read-more-link\" href=\"https:\/\/us.edu.pl\/instytut\/iib\/wspolpraca\/umowy-o-wspolpracy-z-zakresu-inzynierii-biomedycznej\/\">Read More&#8230;<\/a><\/p>\n","protected":false},"author":128,"featured_media":0,"parent":991,"menu_order":0,"comment_status":"closed","ping_status":"closed","template":"page-templates\/inner-page.php","meta":{"_expiration-date-status":"saved","_expiration-date":0,"_expiration-date-type":"","_expiration-date-categories":[],"_expiration-date-options":[]},"acf":[],"_links":{"self":[{"href":"https:\/\/us.edu.pl\/instytut\/iib\/wp-json\/wp\/v2\/pages\/985"}],"collection":[{"href":"https:\/\/us.edu.pl\/instytut\/iib\/wp-json\/wp\/v2\/pages"}],"about":[{"href":"https:\/\/us.edu.pl\/instytut\/iib\/wp-json\/wp\/v2\/types\/page"}],"author":[{"embeddable":true,"href":"https:\/\/us.edu.pl\/instytut\/iib\/wp-json\/wp\/v2\/users\/128"}],"replies":[{"embeddable":true,"href":"https:\/\/us.edu.pl\/instytut\/iib\/wp-json\/wp\/v2\/comments?post=985"}],"version-history":[{"count":8,"href":"https:\/\/us.edu.pl\/instytut\/iib\/wp-json\/wp\/v2\/pages\/985\/revisions"}],"predecessor-version":[{"id":1184,"href":"https:\/\/us.edu.pl\/instytut\/iib\/wp-json\/wp\/v2\/pages\/985\/revisions\/1184"}],"up":[{"embeddable":true,"href":"https:\/\/us.edu.pl\/instytut\/iib\/wp-json\/wp\/v2\/pages\/991"}],"wp:attachment":[{"href":"https:\/\/us.edu.pl\/instytut\/iib\/wp-json\/wp\/v2\/media?parent=985"}],"curies":[{"name":"wp","href":"https:\/\/api.w.org\/{rel}","templated":true}]}}