{"id":1614,"date":"2022-02-17T15:51:14","date_gmt":"2022-02-17T14:51:14","guid":{"rendered":"https:\/\/us.edu.pl\/instytut\/iim\/?page_id=1614"},"modified":"2026-01-12T15:48:24","modified_gmt":"2026-01-12T14:48:24","slug":"laboratorium-badan-materialow-monokrystalicznych","status":"publish","type":"page","link":"https:\/\/us.edu.pl\/instytut\/iim\/en\/nauka-badania\/laboratoria-pracownie\/laboratorium-badan-materialow-monokrystalicznych\/","title":{"rendered":"Laboratory of single-crystalline materials research"},"content":{"rendered":"<p>[vc_row el_class=&#8221;container&#8221;][vc_column][vc_tta_tour][vc_tta_section title=&#8221;About&#8221; tab_id=&#8221;1645113822652-dbfa6435-85b9&#8243;]\r\n                <div class=\"text-modules\">\r\n                    <div class=\"container\">\r\n                        \r\n                        <div class=\"text-modules__content\"><p>Research conducted in the laboratory focuses on characterizing the processes of obtaining single-crystal materials and products made from them using directional crystallization methods, as well as determining the structural perfection of such materials and products. The research focuses on single-crystals, composites with a single-crystal matrix or reinforcement containing single-crystal phases, and single-crystal superalloys used in aircraft applications.<\/p>\n<p>In the laboratory, scientific research is conducted on the properties of multi-component metal alloys, metal silicides, composites, also with a fraction of the quasicrystalline phase, and single-crystal nickel-based superalloys.<\/p>\n<p>The laboratory consists of the following labs:<\/p>\n<ul>\n<li>Lab of X-ray diffraction topography;<\/li>\n<li>Lab of precise measurement of lattice parameters;<\/li>\n<li>Lab of structural defects research of single-crystals;<\/li>\n<li>Single-crystal technology workshop.<\/li>\n<\/ul>\n<p>\n<\/div>\r\n                    <\/div>\r\n                <\/div>[\/vc_tta_section][vc_tta_section title=&#8221;Equipment&#8221; tab_id=&#8221;1645113822678-51a69647-60ce&#8221;]\r\n                <div class=\"text-modules\">\r\n                    <div class=\"container\">\r\n                        \r\n                        <div class=\"text-modules__content\"><p>Equipment of the labs:<\/p>\n<ul>\n<li><strong><strong>PANalytical <\/strong>MicroSource DY-601 X-ray diffractometer<\/strong> &#8211; the device enables X-ray diffraction topography of single-crystal materials with surface dimensions of approximately 7 cm \u00d7 5 cm. The diffractometer allows for visualization of structural defects on the entire surface of the tested crystals or specific fragments.<\/li>\n<li><strong><strong><strong>EFG <\/strong>Freiberg Instruments\u00a0<strong>XRT-100 <\/strong>h<\/strong>igh-resolution X-ray diffractometer <\/strong>&#8211; the device enables the study of single-crystal materials up to 10 cm in size using X-ray diffraction topography and the Laue method. It allows for the determination of the crystal orientation of selected sample areas and the visualization of structural defects across the entire surface of the examined crystals (approximately 100 cm\u00b2) or specific fragments. The diffractometer also enables high-resolution crystal analysis, including mapping of reciprocal lattice nodes..<\/li>\n<li><strong><strong>PANalytical X-ray diffracometer equipped with the Bond camera with temperature attachement <\/strong><\/strong>&#8211; the device is used to precisely determine the lattice parameters of single-crystals, including optical crystals, e.g. strontium barium niobate (Sr<sub>x<\/sub>Ba<sub>1-x<\/sub>Nb<sub>2<\/sub>O<sub>6<\/sub>). Additionally, it is possible to determine changes in the lattice parameters of single-crystals as a function of temperature (up to 600\u00b0C), which can be used to determine the phase transition temperature.<\/li>\n<li><strong>VEM X-ray diffractometer with the Laue camera<\/strong> \u2013 a device enables the measurement of crystal orientation and the determination of crystal lattice symmetry in selected sample areas. Cameras enable measurements using the transmission and\/or back-reflection technique.<\/li>\n<\/ul>\n<p>\n<\/div>\r\n                    <\/div>\r\n                <\/div>[\/vc_tta_section][vc_tta_section title=&#8221;Contact&#8221; tab_id=&#8221;1645114857460-4a308e45-b163&#8243;]<div class='container'><div class=\"people-section\"><div class=\"section-title\">Lab manager: <\/div><div class=\"people-loop people-loop_2\">\r\n            <div  class=\"people-loop-post\">\r\n               \r\n               <div class=\"people-loop-post__content\" >\r\n                     <div class=\"people-loop-post__prof\" >   <\/div >\r\n                     <div class=\"people-loop-post__title\" > Krawczyk Jacek<\/div >\r\n                     <div class=\"people-loop-post__position\" > <\/div >\r\n                     <a class=\"link-button\"  href=\"https:\/\/us.edu.pl\/instytut\/iim\/en\/osoby\/krawczyk-jacek\/\">Biography<\/a>\r\n               <\/div>\r\n            <\/div> <\/div><\/div><\/div>[\/vc_tta_section][\/vc_tta_tour]            \r\n                    <div class=\"container\">\r\n                        <div class=\"gallery gallery_2\" data-images-in-row=\"2\">\r\n                            <div class=\"section-title section-title_border-bottom\">Galeria<\/div>\r\n                            <div class=\"row m-0\">\r\n                                <a data-fancybox-group=\"button\" title=\"Dyfraktometr do bada\u0144 metod\u0105 topografii rentgenowskiej wyposa\u017cony w lamp\u0119 RTG z mikroogniskiem emituj\u0105c\u0105 wi\u0105zk\u0119 rozbie\u017cn\u0105\" data-fancybox=\"9672\" href=\"https:\/\/us.edu.pl\/instytut\/iim\/wp-content\/uploads\/sites\/42\/obrazy-strony\/laboratoria\/lbmm\/lbmm-01.jpg\" class=\"gallery__item thumbnail\"\r\n                                    style=\"background-image: url(https:\/\/us.edu.pl\/instytut\/iim\/wp-content\/uploads\/sites\/42\/obrazy-strony\/laboratoria\/lbmm\/lbmm-01-1024x768.jpg)\"> <span class=\"d-none\">https:\/\/us.edu.pl\/instytut\/iim\/wp-content\/uploads\/sites\/42\/obrazy-strony\/laboratoria\/lbmm\/lbmm-01.jpg<\/span> <\/a><a data-fancybox-group=\"button\" title=\"Dyfraktometr rentgenowski do precyzyjnych pomiar\u00f3w parametru sieciowego metod\u0105 Bonda\" data-fancybox=\"9672\" href=\"https:\/\/us.edu.pl\/instytut\/iim\/wp-content\/uploads\/sites\/42\/obrazy-strony\/laboratoria\/lbmm\/lbmm-02.jpg\" class=\"gallery__item thumbnail\"\r\n                                    style=\"background-image: url(https:\/\/us.edu.pl\/instytut\/iim\/wp-content\/uploads\/sites\/42\/obrazy-strony\/laboratoria\/lbmm\/lbmm-02-1024x768.jpg)\"> <span class=\"d-none\">https:\/\/us.edu.pl\/instytut\/iim\/wp-content\/uploads\/sites\/42\/obrazy-strony\/laboratoria\/lbmm\/lbmm-02.jpg<\/span> <\/a><a data-fancybox-group=\"button\" title=\"System dyfraktometryczny do pomiar\u00f3w metod\u0105 dyfrakcji Lauego oraz topografii rentgenowskiej wyposa\u017cony w lamp\u0119 RTG z wiruj\u0105c\u0105 anod\u0105, automatycznie sterowany kolimator i detektory CCD oraz Image Plate\" data-fancybox=\"9672\" href=\"https:\/\/us.edu.pl\/instytut\/iim\/wp-content\/uploads\/sites\/42\/obrazy-strony\/laboratoria\/lbmm\/lbmm-03.png\" class=\"gallery__item thumbnail\"\r\n                                    style=\"background-image: url(https:\/\/us.edu.pl\/instytut\/iim\/wp-content\/uploads\/sites\/42\/obrazy-strony\/laboratoria\/lbmm\/lbmm-03.png)\"> <span class=\"d-none\">https:\/\/us.edu.pl\/instytut\/iim\/wp-content\/uploads\/sites\/42\/obrazy-strony\/laboratoria\/lbmm\/lbmm-03.png<\/span> <\/a><a data-fancybox-group=\"button\" title=\"System dyfraktometryczny do pomiar\u00f3w metod\u0105 dyfrakcji Lauego oraz topografii rentgenowskiej wyposa\u017cony w lamp\u0119 RTG z wiruj\u0105c\u0105 anod\u0105, automatycznie sterowany kolimator i detektory CCD oraz Image Plate\" data-fancybox=\"9672\" href=\"https:\/\/us.edu.pl\/instytut\/iim\/wp-content\/uploads\/sites\/42\/obrazy-strony\/laboratoria\/lbmm\/lbmm-04.png\" class=\"gallery__item thumbnail\"\r\n                                    style=\"background-image: url(https:\/\/us.edu.pl\/instytut\/iim\/wp-content\/uploads\/sites\/42\/obrazy-strony\/laboratoria\/lbmm\/lbmm-04.png)\"> <span class=\"d-none\">https:\/\/us.edu.pl\/instytut\/iim\/wp-content\/uploads\/sites\/42\/obrazy-strony\/laboratoria\/lbmm\/lbmm-04.png<\/span> <\/a>\r\n                            <\/div>\r\n                    <\/div>\r\n                <\/div>[\/vc_column][\/vc_row]<\/p>","protected":false},"excerpt":{"rendered":"<p>[vc_row el_class=&#8221;container&#8221;][vc_column][vc_tta_tour][vc_tta_section title=&#8221;About&#8221; tab_id=&#8221;1645113822652-dbfa6435-85b9&#8243;][\/vc_tta_section][vc_tta_section title=&#8221;Equipment&#8221; tab_id=&#8221;1645113822678-51a69647-60ce&#8221;][\/vc_tta_section][vc_tta_section title=&#8221;Contact&#8221; tab_id=&#8221;1645114857460-4a308e45-b163&#8243;][\/vc_tta_section][\/vc_tta_tour][\/vc_column][\/vc_row] [&#8230;]<\/p>\n<p><a class=\"btn btn-secondary understrap-read-more-link\" href=\"https:\/\/us.edu.pl\/instytut\/iim\/en\/osoby\/wygoda-roksana\/\">Read More&#8230;<\/a><\/p>\n","protected":false},"author":825,"featured_media":4527,"parent":691,"menu_order":2,"comment_status":"closed","ping_status":"closed","template":"","meta":{"_expiration-date-status":"","_expiration-date":0,"_expiration-date-type":"","_expiration-date-categories":[],"_expiration-date-options":[]},"acf":[],"_links":{"self":[{"href":"https:\/\/us.edu.pl\/instytut\/iim\/en\/wp-json\/wp\/v2\/pages\/1614"}],"collection":[{"href":"https:\/\/us.edu.pl\/instytut\/iim\/en\/wp-json\/wp\/v2\/pages"}],"about":[{"href":"https:\/\/us.edu.pl\/instytut\/iim\/en\/wp-json\/wp\/v2\/types\/page"}],"author":[{"embeddable":true,"href":"https:\/\/us.edu.pl\/instytut\/iim\/en\/wp-json\/wp\/v2\/users\/825"}],"replies":[{"embeddable":true,"href":"https:\/\/us.edu.pl\/instytut\/iim\/en\/wp-json\/wp\/v2\/comments?post=1614"}],"version-history":[{"count":10,"href":"https:\/\/us.edu.pl\/instytut\/iim\/en\/wp-json\/wp\/v2\/pages\/1614\/revisions"}],"predecessor-version":[{"id":4529,"href":"https:\/\/us.edu.pl\/instytut\/iim\/en\/wp-json\/wp\/v2\/pages\/1614\/revisions\/4529"}],"up":[{"embeddable":true,"href":"https:\/\/us.edu.pl\/instytut\/iim\/en\/wp-json\/wp\/v2\/pages\/691"}],"wp:featuredmedia":[{"embeddable":true,"href":"https:\/\/us.edu.pl\/instytut\/iim\/en\/wp-json\/wp\/v2\/media\/4527"}],"wp:attachment":[{"href":"https:\/\/us.edu.pl\/instytut\/iim\/en\/wp-json\/wp\/v2\/media?parent=1614"}],"curies":[{"name":"wp","href":"https:\/\/api.w.org\/{rel}","templated":true}]}}