{"id":24,"date":"2019-10-25T14:37:26","date_gmt":"2019-10-25T12:37:26","guid":{"rendered":"http:\/\/us.edu.pl\/instytut\/iim\/?page_id=24"},"modified":"2019-11-04T09:28:08","modified_gmt":"2019-11-04T08:28:08","slug":"mapa-strony","status":"publish","type":"page","link":"https:\/\/us.edu.pl\/instytut\/iim\/en\/mapa-strony\/","title":{"rendered":"Site map"},"content":{"rendered":"<p>[vc_row][vc_column]\r\n                <div class=\"text-modules\">\r\n                    <div class=\"container\">\r\n                        <h3 class=\"page-title text__title\">Site map<\/h3>\r\n                        <div class=\"text-modules__content\"><div class=\"wsp-container\"><h2 class=\"wsp-pages-title\">Pages<\/h2>\n<ul class=\"wsp-pages-list\">\n<li class=\"page_item page-item-3358\"><a href=\"https:\/\/us.edu.pl\/instytut\/iim\/en\/greenmat-nowe-technologie-materialowe-w-kierunku-zielonej-transformacji-regionu\/\">(Polski) GreenMat \u2013 Rozw\u00f3j Uniwersytetu \u015al\u0105skiego w Katowicach w zakresie nowych technologii materia\u0142owych w kierunku zielonej transformacji regionu<\/a><\/li>\n<li class=\"page_item page-item-1015\"><a href=\"https:\/\/us.edu.pl\/instytut\/iim\/en\/wtorki-z-inzynieria-materialowa\/\">(Polski) Wtorki z In\u017cynieri\u0105 Materia\u0142ow\u0105<\/a><\/li>\n<li class=\"page_item page-item-628 page_item_has_children\"><a href=\"https:\/\/us.edu.pl\/instytut\/iim\/en\/wspolpraca\/\">(Polski) Wsp\u00f3\u0142praca<\/a>\n<ul class='children'>\n\t<li class=\"page_item page-item-444\"><a href=\"https:\/\/us.edu.pl\/instytut\/iim\/en\/wspolpraca\/wspolpraca-z-osrodkami-przemyslowymi\/\">(Polski) Wsp\u00f3\u0142praca z o\u015brodkami przemys\u0142owymi<\/a><\/li>\n\t<li class=\"page_item page-item-442\"><a href=\"https:\/\/us.edu.pl\/instytut\/iim\/en\/wspolpraca\/wspolpraca-z-osrodkami-naukowymi\/\">(Polski) Wsp\u00f3\u0142praca z o\u015brodkami naukowymi<\/a><\/li>\n\t<li class=\"page_item page-item-526\"><a href=\"https:\/\/us.edu.pl\/instytut\/iim\/en\/wspolpraca\/nasi-goscie\/\">(Polski) Wsp\u00f3\u0142praca ze szko\u0142ami<\/a><\/li>\n<\/ul>\n<\/li>\n<li class=\"page_item page-item-600 page_item_has_children\"><a href=\"https:\/\/us.edu.pl\/instytut\/iim\/en\/nauka-badania\/\">Science &#038; Research<\/a>\n<ul class='children'>\n\t<li class=\"page_item page-item-1953\"><a href=\"https:\/\/us.edu.pl\/instytut\/iim\/en\/nauka-badania\/tematy-badawcze\/\">(Polski) Tematy badawcze<\/a><\/li>\n\t<li class=\"page_item page-item-384\"><a href=\"https:\/\/us.edu.pl\/instytut\/iim\/en\/nauka-badania\/profil-naukowo-badawczy\/\">(Polski) Profil naukowo-badawczy<\/a><\/li>\n\t<li class=\"page_item page-item-437\"><a href=\"https:\/\/us.edu.pl\/instytut\/iim\/en\/nauka-badania\/oferta-badawcza\/\">(Polski) Oferta badawcza<\/a><\/li>\n\t<li class=\"page_item page-item-691 page_item_has_children\"><a href=\"https:\/\/us.edu.pl\/instytut\/iim\/en\/nauka-badania\/laboratoria-pracownie\/\">Laboratories and workshops<\/a>\n\t<ul class='children'>\n\t\t<li class=\"page_item page-item-3995\"><a href=\"https:\/\/us.edu.pl\/instytut\/iim\/en\/nauka-badania\/laboratoria-pracownie\/informacja-ws-promieniowania-jonizujacego\/\">(Polski) Informacja ws promieniowania jonizuj\u0105cego<\/a><\/li>\n\t\t<li class=\"page_item page-item-1614\"><a href=\"https:\/\/us.edu.pl\/instytut\/iim\/en\/nauka-badania\/laboratoria-pracownie\/laboratorium-badan-materialow-monokrystalicznych\/\">Laboratory of single-crystalline materials research<\/a><\/li>\n\t\t<li class=\"page_item page-item-680\"><a href=\"https:\/\/us.edu.pl\/instytut\/iim\/en\/nauka-badania\/laboratoria-pracownie\/laboratoria-akredytowane\/\">(Polski) Laboratoria akredytowane<\/a><\/li>\n\t\t<li class=\"page_item page-item-2177\"><a href=\"https:\/\/us.edu.pl\/instytut\/iim\/en\/nauka-badania\/laboratoria-pracownie\/pracownia-anihilacji-pozytonow\/\">(Polski) Pracownia Anihilacji Pozyton\u00f3w<\/a><\/li>\n\t\t<li class=\"page_item page-item-4356\"><a href=\"https:\/\/us.edu.pl\/instytut\/iim\/en\/nauka-badania\/laboratoria-pracownie\/laboratorium-dyfrakcji-rentgenowskiej\/\">X-ray Diffraction Laboratory<\/a><\/li>\n\t\t<li class=\"page_item page-item-4369\"><a href=\"https:\/\/us.edu.pl\/instytut\/iim\/en\/nauka-badania\/laboratoria-pracownie\/laboratorium-materialow-magnetycznych\/\">Laboratory of magnetic materials<\/a><\/li>\n\t\t<li class=\"page_item page-item-4380\"><a href=\"https:\/\/us.edu.pl\/instytut\/iim\/en\/nauka-badania\/laboratoria-pracownie\/laboratorium-pomiaru-chropowatosci-i-struktury-geometrycznej-powierzchni-2d-3d\/\">Laboratory for Measurement of Surface Roughness and 2D\/3D Geometric Surface Structure<\/a><\/li>\n\t\t<li class=\"page_item page-item-4390\"><a href=\"https:\/\/us.edu.pl\/instytut\/iim\/en\/nauka-badania\/laboratoria-pracownie\/laboratorium-spektroskopii-absorpcji-atomowej\/\">Laboratory of Atomic Absorption Spectroscopy<\/a><\/li>\n\t\t<li class=\"page_item page-item-4397\"><a href=\"https:\/\/us.edu.pl\/instytut\/iim\/en\/nauka-badania\/laboratoria-pracownie\/laboratorium-transmisyjnej-mikroskopii-elektronowej-l-tme\/\">Transmission Electron Microscopy Laboratory L-TME<\/a><\/li>\n\t\t<li class=\"page_item page-item-4409\"><a href=\"https:\/\/us.edu.pl\/instytut\/iim\/en\/nauka-badania\/laboratoria-pracownie\/laboratorium-tribologii-i-badan-eksploatacyjnych\/\">Tribology and Exploational Tests Laboratory<\/a><\/li>\n\t\t<li class=\"page_item page-item-4413\"><a href=\"https:\/\/us.edu.pl\/instytut\/iim\/en\/nauka-badania\/laboratoria-pracownie\/laboratorium-zaawansowanych-metod-elektrochemicznych\/\">Laboratory of Advanced Electrochemical Methods<\/a><\/li>\n\t\t<li class=\"page_item page-item-4424\"><a href=\"https:\/\/us.edu.pl\/instytut\/iim\/en\/nauka-badania\/laboratoria-pracownie\/zespol-laboratoriow-analityki-molekularnej\/\">The group of molecular analysis laboratories<\/a><\/li>\n\t\t<li class=\"page_item page-item-4435\"><a href=\"https:\/\/us.edu.pl\/instytut\/iim\/en\/nauka-badania\/laboratoria-pracownie\/park-technologiczny\/\">Technology Park<\/a><\/li>\n\t\t<li class=\"page_item page-item-4446\"><a href=\"https:\/\/us.edu.pl\/instytut\/iim\/en\/nauka-badania\/laboratoria-pracownie\/pracownia-badan-dielektrycznych-i-piezoelektrycznych\/\">Dielectric and Piezoelectric Research Laboratory<\/a><\/li>\n\t\t<li class=\"page_item page-item-4452\"><a href=\"https:\/\/us.edu.pl\/instytut\/iim\/en\/nauka-badania\/laboratoria-pracownie\/pracownia-badan-elektrochemicznych\/\">Electrochemical Testing Laboratory<\/a><\/li>\n\t\t<li class=\"page_item page-item-4458\"><a href=\"https:\/\/us.edu.pl\/instytut\/iim\/en\/nauka-badania\/laboratoria-pracownie\/pracownia-termoanalizy\/\">Laboratory of Thermoanalysis<\/a><\/li>\n\t\t<li class=\"page_item page-item-4481\"><a href=\"https:\/\/us.edu.pl\/instytut\/iim\/en\/nauka-badania\/laboratoria-pracownie\/pracownia-badan-i-technologii-metalurgii-proszkow\/\">Laboratory of Powder Metallurgy Research and Technology<\/a><\/li>\n\t\t<li class=\"page_item page-item-4485\"><a href=\"https:\/\/us.edu.pl\/instytut\/iim\/en\/nauka-badania\/laboratoria-pracownie\/pracownia-technologii-ceramiki\/\">Laboratory of Ceramics Technology<\/a><\/li>\n\t\t<li class=\"page_item page-item-4498\"><a href=\"https:\/\/us.edu.pl\/instytut\/iim\/en\/nauka-badania\/laboratoria-pracownie\/pracownia-badan-termicznych\/\">Thermal Research Laboratory<\/a><\/li>\n\t\t<li class=\"page_item page-item-4501\"><a href=\"https:\/\/us.edu.pl\/instytut\/iim\/en\/nauka-badania\/laboratoria-pracownie\/pracownia-materialow-inteligentnych\/\">Laboratory of Smart Materials<\/a><\/li>\n\t\t<li class=\"page_item page-item-4504\"><a href=\"https:\/\/us.edu.pl\/instytut\/iim\/en\/nauka-badania\/laboratoria-pracownie\/pracownia-materialow-skoniugowanych\/\">Conjugated Materials Laboratory<\/a><\/li>\n\t\t<li class=\"page_item page-item-4507\"><a href=\"https:\/\/us.edu.pl\/instytut\/iim\/en\/nauka-badania\/laboratoria-pracownie\/pracownia-preparatyki-mikroskopowej\/\">Microscopic Preparation Laboratory<\/a><\/li>\n\t\t<li class=\"page_item page-item-4511\"><a href=\"https:\/\/us.edu.pl\/instytut\/iim\/en\/nauka-badania\/laboratoria-pracownie\/pracownia-skaningowej-mikroskopii-elektronowej\/\">Scanning Electron Microscopy Laboratory<\/a><\/li>\n\t\t<li class=\"page_item page-item-4333\"><a href=\"https:\/\/us.edu.pl\/instytut\/iim\/en\/nauka-badania\/laboratoria-pracownie\/pracownia-metalograficzna\/\">Metallographic laboratory<\/a><\/li>\n\t\t<li class=\"page_item page-item-4345\"><a href=\"https:\/\/us.edu.pl\/instytut\/iim\/en\/nauka-badania\/laboratoria-pracownie\/laboratorium-badan-mechanicznych-tribologicznych-i-adhezyjnych\/\">Mechanical, tribological and adhesion testing laboratory<\/a><\/li>\n\t<\/ul>\n<\/li>\n\t<li class=\"page_item page-item-604 page_item_has_children\"><a href=\"https:\/\/us.edu.pl\/instytut\/iim\/en\/nauka-badania\/realizowane-projekty\/\">(Polski) Realizowane projekty<\/a>\n\t<ul class='children'>\n\t\t<li class=\"page_item page-item-2236\"><a href=\"https:\/\/us.edu.pl\/instytut\/iim\/en\/nauka-badania\/realizowane-projekty\/projekty-badawcze\/\">Projekty badawcze<\/a><\/li>\n\t\t<li class=\"page_item page-item-2235\"><a href=\"https:\/\/us.edu.pl\/instytut\/iim\/en\/nauka-badania\/realizowane-projekty\/projekty-edukacyjne\/\">Projekty edukacyjne<\/a><\/li>\n\t\t<li class=\"page_item page-item-2231\"><a href=\"https:\/\/us.edu.pl\/instytut\/iim\/en\/nauka-badania\/realizowane-projekty\/projekty-aparaturowe\/\">Projekty aparaturowe<\/a><\/li>\n\t\t<li class=\"page_item page-item-2247\"><a href=\"https:\/\/us.edu.pl\/instytut\/iim\/en\/nauka-badania\/realizowane-projekty\/projekty-stypendialne\/\">Projekty stupendialne<\/a><\/li>\n\t<\/ul>\n<\/li>\n\t<li class=\"page_item page-item-466\"><a href=\"https:\/\/us.edu.pl\/instytut\/iim\/en\/nauka-badania\/przewody-dr-i-post-hab\/\">(Polski) Przewody doktorskie i post\u0119powania habilitacyjne<\/a><\/li>\n<\/ul>\n<\/li>\n<li class=\"page_item page-item-549 page_item_has_children\"><a href=\"https:\/\/us.edu.pl\/instytut\/iim\/en\/instytut\/\">Institute<\/a>\n<ul class='children'>\n\t<li class=\"page_item page-item-77\"><a href=\"https:\/\/us.edu.pl\/instytut\/iim\/en\/instytut\/instytut-dyrekcja\/\">Authorities<\/a><\/li>\n\t<li class=\"page_item page-item-297\"><a href=\"https:\/\/us.edu.pl\/instytut\/iim\/en\/instytut\/rada-naukowa-instytutu\/\">Scientific Council<\/a><\/li>\n\t<li class=\"page_item page-item-310\"><a href=\"https:\/\/us.edu.pl\/instytut\/iim\/en\/instytut\/historia-instytutu\/\">History of the Institute<\/a><\/li>\n\t<li class=\"page_item page-item-22\"><a href=\"https:\/\/us.edu.pl\/instytut\/iim\/en\/instytut\/kontakt\/\">Contact<\/a><\/li>\n<\/ul>\n<\/li>\n<li class=\"page_item page-item-175\"><a href=\"https:\/\/us.edu.pl\/instytut\/iim\/en\/pliki\/\">(Polski) Pliki do pobrania<\/a><\/li>\n<li class=\"page_item page-item-24\"><a href=\"https:\/\/us.edu.pl\/instytut\/iim\/en\/mapa-strony\/\">Site map<\/a><\/li>\n<li class=\"page_item page-item-301\"><a href=\"https:\/\/us.edu.pl\/instytut\/iim\/en\/\">Home page<\/a><\/li>\n<\/ul>\n<\/div>\n<\/div>\r\n                    <\/div>\r\n                <\/div>[\/vc_column][\/vc_row]<\/p>","protected":false},"excerpt":{"rendered":"<p>[vc_row][vc_column][\/vc_column][\/vc_row] [&#8230;]<\/p>\n<p><a class=\"btn btn-secondary understrap-read-more-link\" href=\"https:\/\/us.edu.pl\/instytut\/iim\/en\/mapa-strony\/\">Read More&#8230;<\/a><\/p>\n","protected":false},"author":24,"featured_media":0,"parent":0,"menu_order":27,"comment_status":"closed","ping_status":"closed","template":"page-templates\/sitemap-template.php","meta":{"_expiration-date-status":"saved","_expiration-date":0,"_expiration-date-type":"","_expiration-date-categories":[],"_expiration-date-options":[]},"acf":[],"_links":{"self":[{"href":"https:\/\/us.edu.pl\/instytut\/iim\/en\/wp-json\/wp\/v2\/pages\/24"}],"collection":[{"href":"https:\/\/us.edu.pl\/instytut\/iim\/en\/wp-json\/wp\/v2\/pages"}],"about":[{"href":"https:\/\/us.edu.pl\/instytut\/iim\/en\/wp-json\/wp\/v2\/types\/page"}],"author":[{"embeddable":true,"href":"https:\/\/us.edu.pl\/instytut\/iim\/en\/wp-json\/wp\/v2\/users\/24"}],"replies":[{"embeddable":true,"href":"https:\/\/us.edu.pl\/instytut\/iim\/en\/wp-json\/wp\/v2\/comments?post=24"}],"version-history":[{"count":4,"href":"https:\/\/us.edu.pl\/instytut\/iim\/en\/wp-json\/wp\/v2\/pages\/24\/revisions"}],"predecessor-version":[{"id":90,"href":"https:\/\/us.edu.pl\/instytut\/iim\/en\/wp-json\/wp\/v2\/pages\/24\/revisions\/90"}],"wp:attachment":[{"href":"https:\/\/us.edu.pl\/instytut\/iim\/en\/wp-json\/wp\/v2\/media?parent=24"}],"curies":[{"name":"wp","href":"https:\/\/api.w.org\/{rel}","templated":true}]}}