{"id":301,"date":"2020-01-22T18:04:15","date_gmt":"2020-01-22T17:04:15","guid":{"rendered":"http:\/\/us.edu.pl\/instytut\/iim\/?page_id=301"},"modified":"2026-04-10T08:59:05","modified_gmt":"2026-04-10T06:59:05","slug":"strona-glowna","status":"publish","type":"page","link":"https:\/\/us.edu.pl\/instytut\/iim\/en\/","title":{"rendered":"Home page"},"content":{"rendered":"<p>[vc_row][vc_column]\n            <div data-autotime=\"5\" class=\"slider reverse color_white bg_\" >\n                  <div class=\"slide slide_css\">\n                     <div class=\"slide__content_container container\">\n                        <div class=\"slide__content\">\n                           <a href=\"\" class=\"slide__link\">\n                              <div class=\"slide__title\">Welcome to Institute of Materials Engineering website<\/div>\n                              <div class=\"slide__text\">75 Pu\u0142ku Piechoty 1a St.\nChorz\u00f3w, Poland<\/div>\n                           <\/a>\n                        <\/div>\n                     <\/div>\n                     <a href=\"\" class=\"slide__img thumbnail\"\n                           style=\"background-image: url('https:\/\/us.edu.pl\/instytut\/iim\/wp-content\/uploads\/sites\/42\/Nieprzypisane\/front-1095x575.png')\">\n                           <span class=\"d-none\">Welcome to Institute of Materials Engineering website 75 Pu\u0142ku Piechoty 1a St.\nChorz\u00f3w, Poland<\/span>\n                     <\/a>\n                  <\/div>\n                  <div class=\"slide slide_css\">\n                     <div class=\"slide__content_container container\">\n                        <div class=\"slide__content\">\n                           <a href=\"\" class=\"slide__link\">\n                              <div class=\"slide__title\">Welcome to Institute of Materials Engineering website<\/div>\n                              <div class=\"slide__text\">\u017bytnia 12 St.\nSosnowiec, Poland<\/div>\n                           <\/a>\n                        <\/div>\n                     <\/div>\n                     <a href=\"\" class=\"slide__img thumbnail\"\n                           style=\"background-image: url('https:\/\/us.edu.pl\/instytut\/iim\/wp-content\/uploads\/sites\/42\/2020\/01\/sosnowiec-iim-1095x575.png')\">\n                           <span class=\"d-none\">Welcome to Institute of Materials Engineering website \u017bytnia 12 St.\nSosnowiec, Poland<\/span>\n                     <\/a>\n                  <\/div>\n                <div class=\"slider__controls\">\n                    <div class=\"slider__dots\"><\/div>\n                    <div class=\"slider__actions\">\n                        <a href=\"#\" class=\"arrow\" data-direction=\"prev\" title=\"poprzedni slajd\">\n                            <em class=\"ci ci-arrow-left\"><\/em>\n                            <span class=\"d-none\">control<\/span>\n                        <\/a>\n            \n                        <a href=\"#\" class=\"start-pause\" data-action=\"stop\" title=\"wstrzymaj poruszanie si\u0119 slajd\u00f3w\">\n                            <em class=\"ci ci-pause\"><\/em>\n                            <span class=\"d-none\">control<\/span>\n                        <\/a>\n            \n                       \n                        <a href=\"#\" class=\"arrow\" data-direction=\"next\"  title=\"Kolejny slajd\" >\n                            <em class=\"ci ci-arrow-right\"><\/em>\n                            <span class=\"d-none\">control<\/span>\n                        <\/a>\n                    <\/div>\n                <\/div>\n            <\/div>[\/vc_column][\/vc_row][vc_row css_animation=&#8221;none&#8221;][vc_column]\r\n                <div class=\"text-modules\">\r\n                    <div class=\"container\">\r\n                        \r\n                        <div class=\"text-modules__content\"><\/p>\n<div class=\"no-vc-margin\">\n<div class=\"wpb_wrapper\">\n<div class=\"text-modules\">\n<div class=\"container\">\n<div class=\"text-modules__content\">\n<p>&nbsp;<\/p>\n<table style=\"width: 70%; border-collapse: collapse; padding-top: 20px;\" cellspacing=\"5px\" cellpadding=\"20px\">\n<tbody>\n<tr>\n<td style=\"width: 10%; vertical-align: text-top; padding: 20px; background-color: #d3ebf2; writing-mode: vertical-lr; text-orientation: mixed;\"><strong>ABOUT US<\/strong><\/td>\n<td style=\"width: 90%; padding: 20px; font-size: 90%;\" colspan=\"2\">\n<h6><span style=\"font-family: verdana, geneva, sans-serif;\">Research projects conducted at the Institute are interdisciplinary and related to solid state physics, materials science, material chemistry, polymer chemistry and technology, electroceramic materials technology, technology of manufacturing, morphology, properties and applications of surface layer, as well as electrochemistry, which fall within the scope of materials engineering and materials science. They are conducted especially in the areas such as:<\/span><\/h6>\n<ul>\n<li>\n<h6><span style=\"font-family: verdana, geneva, sans-serif;\">studies on the structure and properties of materials, including surface testing (metallic materials, biomaterials, shape memory alloys, polymeric materials);<\/span><\/h6>\n<\/li>\n<li>\n<h6><span style=\"font-family: verdana, geneva, sans-serif;\">electrochemical methods for obtaining and testing materials;<\/span><\/h6>\n<\/li>\n<li>\n<h6><span style=\"font-family: verdana, geneva, sans-serif;\">development and improvement of testing methods for atomic and electronic structure and material properties;<\/span><\/h6>\n<\/li>\n<li>\n<h6><span style=\"font-family: verdana, geneva, sans-serif;\">computer modeling of materials;<\/span><\/h6>\n<\/li>\n<li>\n<h6><span style=\"font-family: verdana, geneva, sans-serif;\">micro- and nanotechnology of ceramic materials.<\/span><\/h6>\n<\/li>\n<\/ul>\n<h6><span style=\"font-family: verdana, geneva, sans-serif;\">The main goal of the research is to search for and interpret relationships between real microstructure, chemical composition of materials and their structural and functional properties, as well as to search for areas for their application. The Institute\u2019s research activities are focused on innovation and supporting the socio-economic development of the region. It also applies to developing technologies for new functional materials.<\/span><\/h6>\n<\/td>\n<\/tr>\n<\/tbody>\n<\/table>\n<hr \/>\n<\/div>\n<\/div>\n<\/div>\n<div class=\"vc_empty_space vc_custom_1621598078328\" style=\"height: 1px;\"><\/div>\n<div class=\"vc_row wpb_row vc_inner vc_row-fluid wiersz-guziki linki vc_row-o-content-middle vc_row-flex\">\n<div class=\"wpb_column vc_column_container vc_col-sm-4 vc_col-has-fill\">\n<div class=\"vc_column-inner vc_custom_1618582927310\">\n<div class=\"wpb_wrapper\">\n<div class=\"vc_empty_space\" style=\"height: 16px;\"><\/div>\n<div class=\"vc_btn3-container vc_btn3-center vc_custom_1623838562357\"><a class=\"vc_general vc_btn3 vc_btn3-size-md vc_btn3-shape-square vc_btn3-style-classic vc_btn3-color-blue\" title=\"\" href=\"https:\/\/us.edu.pl\/instytut\/iim\/\">WWW [Polish version]<\/a><\/div>\n<\/div>\n<\/div>\n<\/div>\n<div class=\"wpb_column vc_column_container vc_col-sm-8\">\n<div class=\"vc_column-inner\">\n<div class=\"wpb_wrapper\">\n<div class=\"text-modules\">\n<div class=\"container\">\n<div class=\"text-modules__content\">\n<p>&nbsp;<\/p>\n<p style=\"text-align: right;\"><small><span style=\"letter-spacing: 0.7mm; color: #333333; font-size: 90;\"><span style=\"color: #011535;\"><strong>Office for Evaluation and Service of Institutes<\/strong><\/span><br \/>\nul. 75 Pu\u0142ku Piechoty 1a\/F\/2\/18+19, 41-500 Chorz\u00f3w<\/span><\/small><\/p>\n<hr \/>\n<p style=\"text-align: right; font-size: 90%;\"><a href=\"mailto:iim.wnst@us.edu.pl\">iim.wnst@us.edu.pl<\/a><br \/>\n<small><span style=\"letter-spacing: 0.8mm; color: #333333; font-size: 70;\">phone +48 32 349 75 14<\/span><\/small><\/p>\n<p>&nbsp;<\/p>\n<\/div>\n<\/div>\n<\/div>\n<\/div>\n<\/div>\n<\/div>\n<\/div>\n<\/div>\n<\/div>\n<div class=\"wpb_column vc_column_container vc_col-sm-6 vc_col-has-fill\">\n<div class=\"vc_column-inner vc_custom_1621598164090\">\n<div class=\"wpb_wrapper\">\n<div class=\"text-modules\">\n<div class=\"container\"><\/div>\n<\/div>\n<\/div>\n<\/div>\n<\/div>\n<div class=\"vc_row wpb_row vc_row-fluid container\">\n<div class=\"wpb_column vc_column_container vc_col-sm-6\">\n<div class=\"vc_column-inner\">\n<div class=\"wpb_wrapper\">\n<div class=\"wpb_gmaps_widget wpb_content_element vc_custom_1643192048724\">\n<div class=\"wpb_wrapper\">\n<div class=\"wpb_map_wraper\">\n<div class=\"cmplz-placeholder-1 cmplz-blocked-content-container\" data-placeholder_class_index=\"1\">\n<p style=\"text-align: center;\"><iframe loading=\"lazy\" class=\"cmplz-placeholder-element cmplz-iframe cmplz-iframe-styles cmplz-no-video cmplz-processed\" style=\"border: 0px; pointer-events: none;\" src=\"about:blank\" width=\"600\" height=\"450\" allowfullscreen=\"allowfullscreen\" data-placeholder-image=\"https:\/\/us.edu.pl\/wydzial\/wnst\/wp-content\/plugins\/complianz-gdpr-premium-multisite\/assets\/images\/placeholders\/google-maps-minimal-1280x920.jpg\" data-category=\"marketing\" data-service=\"google-maps\" data-cmplz-target=\"src\" data-src-cmplz=\"https:\/\/www.google.com\/maps\/embed?pb=!1m18!1m12!1m3!1d40797.06083194205!2d18.99930284187568!3d50.27668849276935!2m3!1f0!2f0!3f0!3m2!1i1024!2i768!4f13.1!3m3!1m2!1s0x4716d27ffd865a33%3A0x5a48868cfaa6c966!2sInstytut%20In%C5%BCynierii%20Materia%C5%82owej%20Uniwersytetu%20%C5%9Al%C4%85skiego!5e0!3m2!1spl!2spl!4v1643192023911!5m2!1spl!2spl\" data-deferlazy=\"1\"><\/iframe><\/p>\n<div class=\"cmplz-blocked-content-notice\">\n<div class=\"cmplz-blocked-content-notice-body\">\n<p style=\"text-align: center;\">Kliknij &#8220;zgadzam si\u0119&#8221;, \u017ceby w\u0142\u0105czy\u0107 Google maps<\/p>\n<p style=\"text-align: center;\"><button class=\"cmplz-accept-service\" data-service=\"google-maps\" data-category=\"marketing\" aria-label=\"google-maps\">Zgadzam si\u0119<\/button><\/p>\n<\/div>\n<\/div>\n<\/div>\n<\/div>\n<\/div>\n<\/div>\n<\/div>\n<\/div>\n<\/div>\n<div class=\"wpb_column vc_column_container vc_col-sm-6\">\n<div class=\"vc_column-inner\">\n<div class=\"wpb_wrapper\"><\/div>\n<\/div>\n<\/div>\n<\/div>\n<p>\n<\/div>\r\n                    <\/div>\r\n                <\/div>[\/vc_column][\/vc_row]<\/p>","protected":false},"excerpt":{"rendered":"<p>[vc_row][vc_column][\/vc_column][\/vc_row][vc_row css_animation=&#8221;none&#8221;][vc_column][\/vc_column][\/vc_row] [&#8230;]<\/p>\n<p><a class=\"btn btn-secondary understrap-read-more-link\" href=\"https:\/\/us.edu.pl\/instytut\/iim\/en\/2025\/projekty-badaczy-instytutu-z-finansowaniem-ncn\/\">Read More&#8230;<\/a><\/p>\n","protected":false},"author":825,"featured_media":0,"parent":0,"menu_order":28,"comment_status":"closed","ping_status":"closed","template":"page-templates\/index-template.php","meta":{"_expiration-date-status":"","_expiration-date":0,"_expiration-date-type":"","_expiration-date-categories":[],"_expiration-date-options":[]},"acf":[],"_links":{"self":[{"href":"https:\/\/us.edu.pl\/instytut\/iim\/en\/wp-json\/wp\/v2\/pages\/301"}],"collection":[{"href":"https:\/\/us.edu.pl\/instytut\/iim\/en\/wp-json\/wp\/v2\/pages"}],"about":[{"href":"https:\/\/us.edu.pl\/instytut\/iim\/en\/wp-json\/wp\/v2\/types\/page"}],"author":[{"embeddable":true,"href":"https:\/\/us.edu.pl\/instytut\/iim\/en\/wp-json\/wp\/v2\/users\/825"}],"replies":[{"embeddable":true,"href":"https:\/\/us.edu.pl\/instytut\/iim\/en\/wp-json\/wp\/v2\/comments?post=301"}],"version-history":[{"count":10,"href":"https:\/\/us.edu.pl\/instytut\/iim\/en\/wp-json\/wp\/v2\/pages\/301\/revisions"}],"predecessor-version":[{"id":4573,"href":"https:\/\/us.edu.pl\/instytut\/iim\/en\/wp-json\/wp\/v2\/pages\/301\/revisions\/4573"}],"wp:attachment":[{"href":"https:\/\/us.edu.pl\/instytut\/iim\/en\/wp-json\/wp\/v2\/media?parent=301"}],"curies":[{"name":"wp","href":"https:\/\/api.w.org\/{rel}","templated":true}]}}