{"id":3358,"date":"2024-09-29T20:57:47","date_gmt":"2024-09-29T18:57:47","guid":{"rendered":"https:\/\/us.edu.pl\/instytut\/iim\/?page_id=3358"},"modified":"2026-03-01T17:39:12","modified_gmt":"2026-03-01T16:39:12","slug":"greenmat-nowe-technologie-materialowe-w-kierunku-zielonej-transformacji-regionu","status":"publish","type":"page","link":"https:\/\/us.edu.pl\/instytut\/iim\/en\/greenmat-nowe-technologie-materialowe-w-kierunku-zielonej-transformacji-regionu\/","title":{"rendered":"(Polski) GreenMat \u2013 Rozw\u00f3j Uniwersytetu \u015al\u0105skiego w Katowicach w zakresie nowych technologii materia\u0142owych w kierunku zielonej transformacji regionu"},"content":{"rendered":"<p class=\"qtranxs-available-languages-message qtranxs-available-languages-message-en\">Sorry, this entry is only available in <a href=\"https:\/\/us.edu.pl\/instytut\/iim\/pl\/wp-json\/wp\/v2\/pages\/3358\" class=\"qtranxs-available-language-link qtranxs-available-language-link-pl\" title=\"Polski\">Polish<\/a>.<\/p>","protected":false},"excerpt":{"rendered":"<p>Sorry, this entry is only available in Polish. [&#8230;]<\/p>\n<p><a class=\"btn btn-secondary understrap-read-more-link\" href=\"https:\/\/us.edu.pl\/instytut\/iim\/en\/greenmat-nowe-technologie-materialowe-w-kierunku-zielonej-transformacji-regionu\/\">Read More&#8230;<\/a><\/p>\n","protected":false},"author":825,"featured_media":0,"parent":0,"menu_order":0,"comment_status":"closed","ping_status":"closed","template":"","meta":{"_expiration-date-status":"","_expiration-date":0,"_expiration-date-type":"","_expiration-date-categories":[],"_expiration-date-options":[]},"acf":[],"_links":{"self":[{"href":"https:\/\/us.edu.pl\/instytut\/iim\/en\/wp-json\/wp\/v2\/pages\/3358"}],"collection":[{"href":"https:\/\/us.edu.pl\/instytut\/iim\/en\/wp-json\/wp\/v2\/pages"}],"about":[{"href":"https:\/\/us.edu.pl\/instytut\/iim\/en\/wp-json\/wp\/v2\/types\/page"}],"author":[{"embeddable":true,"href":"https:\/\/us.edu.pl\/instytut\/iim\/en\/wp-json\/wp\/v2\/users\/825"}],"replies":[{"embeddable":true,"href":"https:\/\/us.edu.pl\/instytut\/iim\/en\/wp-json\/wp\/v2\/comments?post=3358"}],"version-history":[{"count":12,"href":"https:\/\/us.edu.pl\/instytut\/iim\/en\/wp-json\/wp\/v2\/pages\/3358\/revisions"}],"predecessor-version":[{"id":4546,"href":"https:\/\/us.edu.pl\/instytut\/iim\/en\/wp-json\/wp\/v2\/pages\/3358\/revisions\/4546"}],"wp:attachment":[{"href":"https:\/\/us.edu.pl\/instytut\/iim\/en\/wp-json\/wp\/v2\/media?parent=3358"}],"curies":[{"name":"wp","href":"https:\/\/api.w.org\/{rel}","templated":true}]}}