{"id":4458,"date":"2026-01-12T14:29:49","date_gmt":"2026-01-12T13:29:49","guid":{"rendered":"https:\/\/us.edu.pl\/instytut\/iim\/?page_id=4458"},"modified":"2026-01-12T14:29:49","modified_gmt":"2026-01-12T13:29:49","slug":"pracownia-termoanalizy","status":"publish","type":"page","link":"https:\/\/us.edu.pl\/instytut\/iim\/en\/nauka-badania\/laboratoria-pracownie\/pracownia-termoanalizy\/","title":{"rendered":"Laboratory of Thermoanalysis"},"content":{"rendered":"<p>[vc_row el_class=&#8221;container&#8221;][vc_column][vc_tta_tour][vc_tta_section title=&#8221;About&#8221; tab_id=&#8221;1645113822652-dbfa6435-85b9&#8243;]\r\n                <div class=\"text-modules\">\r\n                    <div class=\"container\">\r\n                        \r\n                        <div class=\"text-modules__content\"><p>The laboratory conducts research in the field of thermal analysis of materials, with particular emphasis on the application of Differential Scanning Calorimetry (DSC).<\/p>\n<p>Materials delivered for testing are prepared on-site and subsequently analyzed using a Mettler Toledo DSC1 differential scanning calorimeter. Experiments are carried out under controlled conditions, employing liquid nitrogen cooling and either an inert or reactive gas atmosphere, depending on the requirements of the study.<\/p>\n<p>The analyses focus on processes and parameters such as heat flow, specific heat capacity, enthalpy, phase transitions, and the kinetics of physical and chemical processes in various materials as a function of temperature. In addition, melting and solidification points, crystallization temperature, and glass transition temperature are determined.<\/p>\n<\/div>\r\n                    <\/div>\r\n                <\/div>[\/vc_tta_section][vc_tta_section title=&#8221;Equipment&#8221; tab_id=&#8221;1645113822678-51a69647-60ce&#8221;]\r\n                <div class=\"text-modules\">\r\n                    <div class=\"container\">\r\n                        \r\n                        <div class=\"text-modules__content\"><p>Workshop equipment:<\/p>\n<ul>\n<li><strong>Differential Scanning Calorimeter (Mettler-Toledo DSC1) with liquid nitrogen<\/strong>The apparatus enables measurements of heat flow, phase transitions, kinetics of physical and chemical processes in various materials as a function of temperature (from -140\u00baC to 700\u00baC) and time. Real working temperature available in laboratories &#8211; from -120\u00baC to 600\u00baC.<\/li>\n<li><strong>Radwag AS 220\/60\/C\/2 laboratory scale<\/strong><\/li>\n<\/ul>\n<p>\n<\/div>\r\n                    <\/div>\r\n                <\/div>[\/vc_tta_section][vc_tta_section title=&#8221;Contact&#8221; tab_id=&#8221;1645114857460-4a308e45-b163&#8243;]<div class='container'><div class=\"people-section\"><div class=\"section-title\">Lab manager: <\/div><div class=\"people-loop people-loop_2\"><\/div><\/div><\/div>\r\n                <div class=\"text-modules\">\r\n                    <div class=\"container\">\r\n                        \r\n                        <div class=\"text-modules__content\"><p>mgr Oliwia Starczewska<\/p>\n<\/div>\r\n                    <\/div>\r\n                <\/div>[\/vc_tta_section][\/vc_tta_tour]            \r\n                    <div class=\"container\">\r\n                        <div class=\"gallery gallery_2\" data-images-in-row=\"2\">\r\n                            <div class=\"section-title section-title_border-bottom\">Photo gallery<\/div>\r\n                            <div class=\"row m-0\">\r\n                                <a data-fancybox-group=\"button\" title=\"R\u00f3\u017cnicowy kalorymetr skaningowy DSC1 Mettler Toledo z jednostk\u0105 steruj\u0105c\u0105\" data-fancybox=\"4611\" href=\"https:\/\/us.edu.pl\/instytut\/iim\/wp-content\/uploads\/sites\/42\/obrazy-strony\/laboratoria\/pterma\/pterma-01-scaled.jpg\" class=\"gallery__item thumbnail\"\r\n                                    style=\"background-image: url(https:\/\/us.edu.pl\/instytut\/iim\/wp-content\/uploads\/sites\/42\/obrazy-strony\/laboratoria\/pterma\/pterma-01-1024x768.jpg)\"> <span class=\"d-none\">https:\/\/us.edu.pl\/instytut\/iim\/wp-content\/uploads\/sites\/42\/obrazy-strony\/laboratoria\/pterma\/pterma-01-scaled.jpg<\/span> <\/a><a data-fancybox-group=\"button\" title=\"R\u00f3\u017cnicowy kalorymetr skaningowy DSC1 Mettler Toledo z systemem zasilania ciek\u0142ym azotem\" data-fancybox=\"4611\" href=\"https:\/\/us.edu.pl\/instytut\/iim\/wp-content\/uploads\/sites\/42\/obrazy-strony\/laboratoria\/pterma\/pterma-02-scaled.jpg\" class=\"gallery__item thumbnail\"\r\n                                    style=\"background-image: url(https:\/\/us.edu.pl\/instytut\/iim\/wp-content\/uploads\/sites\/42\/obrazy-strony\/laboratoria\/pterma\/pterma-02-1024x768.jpg)\"> <span class=\"d-none\">https:\/\/us.edu.pl\/instytut\/iim\/wp-content\/uploads\/sites\/42\/obrazy-strony\/laboratoria\/pterma\/pterma-02-scaled.jpg<\/span> <\/a>\r\n                            <\/div>\r\n                    <\/div>\r\n                <\/div>[\/vc_column][\/vc_row]<\/p>","protected":false},"excerpt":{"rendered":"<p>[vc_row el_class=&#8221;container&#8221;][vc_column][vc_tta_tour][vc_tta_section title=&#8221;About&#8221; tab_id=&#8221;1645113822652-dbfa6435-85b9&#8243;][\/vc_tta_section][vc_tta_section title=&#8221;Equipment&#8221; tab_id=&#8221;1645113822678-51a69647-60ce&#8221;][\/vc_tta_section][vc_tta_section title=&#8221;Contact&#8221; tab_id=&#8221;1645114857460-4a308e45-b163&#8243;][\/vc_tta_section][\/vc_tta_tour][\/vc_column][\/vc_row] [&#8230;]<\/p>\n<p><a class=\"btn btn-secondary understrap-read-more-link\" href=\"https:\/\/us.edu.pl\/instytut\/iim\/en\/osoby\/wygoda-roksana\/\">Read More&#8230;<\/a><\/p>\n","protected":false},"author":825,"featured_media":4495,"parent":691,"menu_order":20,"comment_status":"closed","ping_status":"closed","template":"","meta":{"_expiration-date-status":"","_expiration-date":0,"_expiration-date-type":"","_expiration-date-categories":[],"_expiration-date-options":[]},"acf":[],"_links":{"self":[{"href":"https:\/\/us.edu.pl\/instytut\/iim\/en\/wp-json\/wp\/v2\/pages\/4458"}],"collection":[{"href":"https:\/\/us.edu.pl\/instytut\/iim\/en\/wp-json\/wp\/v2\/pages"}],"about":[{"href":"https:\/\/us.edu.pl\/instytut\/iim\/en\/wp-json\/wp\/v2\/types\/page"}],"author":[{"embeddable":true,"href":"https:\/\/us.edu.pl\/instytut\/iim\/en\/wp-json\/wp\/v2\/users\/825"}],"replies":[{"embeddable":true,"href":"https:\/\/us.edu.pl\/instytut\/iim\/en\/wp-json\/wp\/v2\/comments?post=4458"}],"version-history":[{"count":1,"href":"https:\/\/us.edu.pl\/instytut\/iim\/en\/wp-json\/wp\/v2\/pages\/4458\/revisions"}],"predecessor-version":[{"id":4516,"href":"https:\/\/us.edu.pl\/instytut\/iim\/en\/wp-json\/wp\/v2\/pages\/4458\/revisions\/4516"}],"up":[{"embeddable":true,"href":"https:\/\/us.edu.pl\/instytut\/iim\/en\/wp-json\/wp\/v2\/pages\/691"}],"wp:featuredmedia":[{"embeddable":true,"href":"https:\/\/us.edu.pl\/instytut\/iim\/en\/wp-json\/wp\/v2\/media\/4495"}],"wp:attachment":[{"href":"https:\/\/us.edu.pl\/instytut\/iim\/en\/wp-json\/wp\/v2\/media?parent=4458"}],"curies":[{"name":"wp","href":"https:\/\/api.w.org\/{rel}","templated":true}]}}