{"id":1614,"date":"2022-02-17T15:51:14","date_gmt":"2022-02-17T14:51:14","guid":{"rendered":"https:\/\/us.edu.pl\/instytut\/iim\/?page_id=1614"},"modified":"2026-01-12T15:48:24","modified_gmt":"2026-01-12T14:48:24","slug":"laboratorium-badan-materialow-monokrystalicznych","status":"publish","type":"page","link":"https:\/\/us.edu.pl\/instytut\/iim\/nauka-badania\/laboratoria-pracownie\/laboratorium-badan-materialow-monokrystalicznych\/","title":{"rendered":"Laboratorium bada\u0144 materia\u0142\u00f3w monokrystalicznych"},"content":{"rendered":"<p>[vc_row el_class=&#8221;container&#8221;][vc_column][vc_tta_tour][vc_tta_section title=&#8221;O laboratorium&#8221; tab_id=&#8221;1645113822652-dbfa6435-85b9&#8243;]\r\n                <div class=\"text-modules\">\r\n                    <div class=\"container\">\r\n                        \r\n                        <div class=\"text-modules__content\"><p>Badania prowadzone w laboratorium koncentruj\u0105 si\u0119 na charakteryzacji proces\u00f3w otrzymywania metodami kierunkowej krystalizacji monokrystalicznych materia\u0142\u00f3w i wyrob\u00f3w z nich wytworzonych, jak i na okre\u015blaniu doskona\u0142o\u015bci strukturalnej tego typu materia\u0142\u00f3w i wyrob\u00f3w. Badania dotycz\u0105 stricte monokryszta\u0142\u00f3w, kompozyt\u00f3w o monokrystalicznej osnowie lub zbrojeniu zawieraj\u0105cym fazy monokrystaliczne oraz monokrystalicznych nadstop\u00f3w lotniczych.<\/p>\n<p>W laboratorium prowadzone s\u0105 badania w\u0142a\u015bciwo\u015bci wielosk\u0142adnikowych stop\u00f3w metali, krzemk\u00f3w metali, kompozyt\u00f3w, r\u00f3wnie\u017c z frakcj\u0105 fazy kwazikrystalicznej oraz monokrystalicznych nadstop\u00f3w na bazie niklu.<\/p>\n<p>W sk\u0142ad laboratorium wchodz\u0105 pracownie:<\/p>\n<ul>\n<li>Pracownia topografii rentgenowskiej;<\/li>\n<li>Pracownia precyzyjnego pomiaru parametr\u00f3w sieciowych;<\/li>\n<li>Pracownia bada\u0144 defekt\u00f3w strukturalnych monokryszta\u0142\u00f3w;<\/li>\n<li>Pracownia technologii monokryszta\u0142\u00f3w.<\/li>\n<\/ul>\n<p>\n<\/div>\r\n                    <\/div>\r\n                <\/div>[\/vc_tta_section][vc_tta_section title=&#8221;Wyposa\u017cenie&#8221; tab_id=&#8221;1645113822678-51a69647-60ce&#8221;]\r\n                <div class=\"text-modules\">\r\n                    <div class=\"container\">\r\n                        \r\n                        <div class=\"text-modules__content\"><p>Wyposa\u017cenie pracowni wchodz\u0105cych w sk\u0142ad Laboratorium<\/p>\n<ul>\n<li><strong>Dyfraktometr rentgenowski MicroSource DY-601 firmy PANalytical<\/strong> &#8211;\u00a0urz\u0105dzenie umo\u017cliwia badanie metodami dyfrakcyjnej topografii rentgenowskiej materia\u0142\u00f3w monokrystalicznych o wymiarach powierzchniowych oko\u0142o 7cm \u00d7 5cm. Dyfraktometr pozwala na wizualizacj\u0119 defekt\u00f3w strukturalnych ca\u0142ej powierzchni badanych kryszta\u0142\u00f3w lub okre\u015blonych jej fragment\u00f3w.<\/li>\n<li><strong>Wysokorozdzielczy dyfraktometr rentgenowski XRT-100 firmy EFG Freiberg Instruments <\/strong>&#8211; urz\u0105dzenie umo\u017cliwia badanie metodami dyfrakcyjnej topografii rentgenowskiej oraz metod\u0105 Laue, materia\u0142\u00f3w monokrystalicznych o wymiarach do 10cm; pozwala na okre\u015blenie orientacji krystalicznej wybranych obszar\u00f3w pr\u00f3bek oraz na wizualizacj\u0119 defekt\u00f3w strukturalnych ca\u0142ej powierzchni badanych kryszta\u0142\u00f3w (oko\u0142o 100cm<sup>2<\/sup>) lub okre\u015blonych jej fragment\u00f3w. Dyfraktometr umo\u017cliwia r\u00f3wnie\u017c wysokorozdzielcz\u0105 analiz\u0119 kryszta\u0142\u00f3w, mi\u0119dzy innymi mapowanie w\u0119z\u0142\u00f3w sieci odwrotnej.<\/li>\n<li><strong>Dyfraktometr rentgenowski firmy PANalytical wraz z kamer\u0105 Bonda i przystawk\u0105 temperaturow\u0105<\/strong> &#8211; urz\u0105dzenie s\u0142u\u017cy do precyzyjnego wyznaczania parametr\u00f3w sieciowych monokryszta\u0142\u00f3w, mi\u0119dzy innymi kryszta\u0142\u00f3w optycznych, np. niobianu strontowo barowego (Sr<sub>x<\/sub>Ba<sub>1-x<\/sub>Nb<sub>2<\/sub>O<sub>6<\/sub>). Dodatkowo mo\u017cliwe jest okre\u015blenie zmian parametr\u00f3w sieciowych monokryszta\u0142\u00f3w w funkcji temperatury (do 600\u00b0C) co mo\u017ce pos\u0142u\u017cy\u0107 do wyznaczenia temperatury przej\u015bcia fazowego.<\/li>\n<li><strong>Dyfraktometr rentgenowski VEM z kamer\u0105 Lauego<\/strong> \u2013 urz\u0105dzenie umo\u017cliwiaj\u0105ce pomiary orientacji krystalicznej oraz wyznaczanie symetrii sieci krystalicznej w wybranych obszarach pr\u00f3bek. Kamery umo\u017cliwiaj\u0105 pomiary technik\u0105 promieni przechodz\u0105cych i\/lub zwrotnych.<\/li>\n<\/ul>\n<p>\n<\/div>\r\n                    <\/div>\r\n                <\/div>[\/vc_tta_section][vc_tta_section title=&#8221;Kontakt&#8221; tab_id=&#8221;1645114857460-4a308e45-b163&#8243;]<div class='container'><div class=\"people-section\"><div class=\"section-title\">Kierownik laboratorium <\/div><div class=\"people-loop people-loop_2\">\r\n            <div  class=\"people-loop-post\">\r\n               \r\n               <div class=\"people-loop-post__content\" >\r\n                     <div class=\"people-loop-post__prof\" >   <\/div >\r\n                     <div class=\"people-loop-post__title\" > Krawczyk Jacek<\/div >\r\n                     <div class=\"people-loop-post__position\" > <\/div >\r\n                     <a class=\"link-button\"  href=\"https:\/\/us.edu.pl\/instytut\/iim\/osoby\/krawczyk-jacek\/\">Biogram<\/a>\r\n               <\/div>\r\n            <\/div> <\/div><\/div><\/div>[\/vc_tta_section][\/vc_tta_tour]            \r\n                    <div class=\"container\">\r\n                        <div class=\"gallery gallery_2\" data-images-in-row=\"2\">\r\n                            <div class=\"section-title section-title_border-bottom\">Galeria<\/div>\r\n                            <div class=\"row m-0\">\r\n                                <a data-fancybox-group=\"button\" title=\"Dyfraktometr do bada\u0144 metod\u0105 topografii rentgenowskiej wyposa\u017cony w lamp\u0119 RTG z mikroogniskiem emituj\u0105c\u0105 wi\u0105zk\u0119 rozbie\u017cn\u0105\" data-fancybox=\"1508\" href=\"https:\/\/us.edu.pl\/instytut\/iim\/wp-content\/uploads\/sites\/42\/obrazy-strony\/laboratoria\/lbmm\/lbmm-01.jpg\" class=\"gallery__item thumbnail\"\r\n                                    style=\"background-image: url(https:\/\/us.edu.pl\/instytut\/iim\/wp-content\/uploads\/sites\/42\/obrazy-strony\/laboratoria\/lbmm\/lbmm-01-1024x768.jpg)\"> <span class=\"d-none\">https:\/\/us.edu.pl\/instytut\/iim\/wp-content\/uploads\/sites\/42\/obrazy-strony\/laboratoria\/lbmm\/lbmm-01.jpg<\/span> <\/a><a data-fancybox-group=\"button\" title=\"Dyfraktometr rentgenowski do precyzyjnych pomiar\u00f3w parametru sieciowego metod\u0105 Bonda\" data-fancybox=\"1508\" href=\"https:\/\/us.edu.pl\/instytut\/iim\/wp-content\/uploads\/sites\/42\/obrazy-strony\/laboratoria\/lbmm\/lbmm-02.jpg\" class=\"gallery__item thumbnail\"\r\n                                    style=\"background-image: url(https:\/\/us.edu.pl\/instytut\/iim\/wp-content\/uploads\/sites\/42\/obrazy-strony\/laboratoria\/lbmm\/lbmm-02-1024x768.jpg)\"> <span class=\"d-none\">https:\/\/us.edu.pl\/instytut\/iim\/wp-content\/uploads\/sites\/42\/obrazy-strony\/laboratoria\/lbmm\/lbmm-02.jpg<\/span> <\/a><a data-fancybox-group=\"button\" title=\"System dyfraktometryczny do pomiar\u00f3w metod\u0105 dyfrakcji Lauego oraz topografii rentgenowskiej wyposa\u017cony w lamp\u0119 RTG z wiruj\u0105c\u0105 anod\u0105, automatycznie sterowany kolimator i detektory CCD oraz Image Plate\" data-fancybox=\"1508\" href=\"https:\/\/us.edu.pl\/instytut\/iim\/wp-content\/uploads\/sites\/42\/obrazy-strony\/laboratoria\/lbmm\/lbmm-03.png\" class=\"gallery__item thumbnail\"\r\n                                    style=\"background-image: url(https:\/\/us.edu.pl\/instytut\/iim\/wp-content\/uploads\/sites\/42\/obrazy-strony\/laboratoria\/lbmm\/lbmm-03.png)\"> <span class=\"d-none\">https:\/\/us.edu.pl\/instytut\/iim\/wp-content\/uploads\/sites\/42\/obrazy-strony\/laboratoria\/lbmm\/lbmm-03.png<\/span> <\/a><a data-fancybox-group=\"button\" title=\"System dyfraktometryczny do pomiar\u00f3w metod\u0105 dyfrakcji Lauego oraz topografii rentgenowskiej wyposa\u017cony w lamp\u0119 RTG z wiruj\u0105c\u0105 anod\u0105, automatycznie sterowany kolimator i detektory CCD oraz Image Plate\" data-fancybox=\"1508\" href=\"https:\/\/us.edu.pl\/instytut\/iim\/wp-content\/uploads\/sites\/42\/obrazy-strony\/laboratoria\/lbmm\/lbmm-04.png\" class=\"gallery__item thumbnail\"\r\n                                    style=\"background-image: url(https:\/\/us.edu.pl\/instytut\/iim\/wp-content\/uploads\/sites\/42\/obrazy-strony\/laboratoria\/lbmm\/lbmm-04.png)\"> <span class=\"d-none\">https:\/\/us.edu.pl\/instytut\/iim\/wp-content\/uploads\/sites\/42\/obrazy-strony\/laboratoria\/lbmm\/lbmm-04.png<\/span> <\/a>\r\n                            <\/div>\r\n                    <\/div>\r\n                <\/div>[\/vc_column][\/vc_row]<\/p>","protected":false},"excerpt":{"rendered":"<p>[vc_row el_class=&#8221;container&#8221;][vc_column][vc_tta_tour][vc_tta_section title=&#8221;O laboratorium&#8221; tab_id=&#8221;1645113822652-dbfa6435-85b9&#8243;][\/vc_tta_section][vc_tta_section title=&#8221;Wyposa\u017cenie&#8221; tab_id=&#8221;1645113822678-51a69647-60ce&#8221;][\/vc_tta_section][vc_tta_section title=&#8221;Kontakt&#8221; tab_id=&#8221;1645114857460-4a308e45-b163&#8243;][\/vc_tta_section][\/vc_tta_tour][\/vc_column][\/vc_row] [&#8230;]<\/p>\n<p><a class=\"btn btn-secondary understrap-read-more-link\" href=\"https:\/\/us.edu.pl\/instytut\/iim\/osoby\/wygoda-roksana\/\">Read More&#8230;<\/a><\/p>\n","protected":false},"author":825,"featured_media":4527,"parent":691,"menu_order":2,"comment_status":"closed","ping_status":"closed","template":"","meta":{"_expiration-date-status":"","_expiration-date":0,"_expiration-date-type":"","_expiration-date-categories":[],"_expiration-date-options":[]},"acf":[],"_links":{"self":[{"href":"https:\/\/us.edu.pl\/instytut\/iim\/wp-json\/wp\/v2\/pages\/1614"}],"collection":[{"href":"https:\/\/us.edu.pl\/instytut\/iim\/wp-json\/wp\/v2\/pages"}],"about":[{"href":"https:\/\/us.edu.pl\/instytut\/iim\/wp-json\/wp\/v2\/types\/page"}],"author":[{"embeddable":true,"href":"https:\/\/us.edu.pl\/instytut\/iim\/wp-json\/wp\/v2\/users\/825"}],"replies":[{"embeddable":true,"href":"https:\/\/us.edu.pl\/instytut\/iim\/wp-json\/wp\/v2\/comments?post=1614"}],"version-history":[{"count":10,"href":"https:\/\/us.edu.pl\/instytut\/iim\/wp-json\/wp\/v2\/pages\/1614\/revisions"}],"predecessor-version":[{"id":4529,"href":"https:\/\/us.edu.pl\/instytut\/iim\/wp-json\/wp\/v2\/pages\/1614\/revisions\/4529"}],"up":[{"embeddable":true,"href":"https:\/\/us.edu.pl\/instytut\/iim\/wp-json\/wp\/v2\/pages\/691"}],"wp:featuredmedia":[{"embeddable":true,"href":"https:\/\/us.edu.pl\/instytut\/iim\/wp-json\/wp\/v2\/media\/4527"}],"wp:attachment":[{"href":"https:\/\/us.edu.pl\/instytut\/iim\/wp-json\/wp\/v2\/media?parent=1614"}],"curies":[{"name":"wp","href":"https:\/\/api.w.org\/{rel}","templated":true}]}}