{"id":2231,"date":"2023-12-03T12:49:13","date_gmt":"2023-12-03T11:49:13","guid":{"rendered":"https:\/\/us.edu.pl\/instytut\/iim\/?page_id=2231"},"modified":"2025-02-10T09:11:45","modified_gmt":"2025-02-10T08:11:45","slug":"projekty-aparaturowe","status":"publish","type":"page","link":"https:\/\/us.edu.pl\/instytut\/iim\/nauka-badania\/realizowane-projekty\/projekty-aparaturowe\/","title":{"rendered":"Projekty aparaturowe"},"content":{"rendered":"<p>[vc_row el_class=&#8221;container&#8221;][vc_column][vc_tta_tour style=&#8221;modern&#8221; active_section=&#8221;1&#8243; title=&#8221;Projekty aparaturowe&#8221;][vc_tta_section title=&#8221;2016&#8243; tab_id=&#8221;1637073087595-6addf615-4106&#8243;]\r\n                <div class=\"text-modules\">\r\n                    <div class=\"container\">\r\n                        \r\n                        <div class=\"text-modules__content\"><\/p>\n<ul>\n<li>Apartura do analizy w\u0142a\u015bciow\u015bci strukturalnych materia\u0142\u00f3w w in\u017cynierii mikromechatronicznej, MNiSW, Kierownik projektu: dr hab. Ma\u0142gorzata Adamczyk-Habrajska, Czas realizacji: 2016-2017<\/li>\n<\/ul>\n<p>\n<\/div>\r\n                    <\/div>\r\n                <\/div>[\/vc_tta_section][vc_tta_section title=&#8221;2010&#8243; tab_id=&#8221;1701612707034-4fe46454-6143&#8243;]\r\n                <div class=\"text-modules\">\r\n                    <div class=\"container\">\r\n                        \r\n                        <div class=\"text-modules__content\"><\/p>\n<ul>\n<li>446\/FNiTP\/160\/2010 Dotacja ze \u015brodk\u00f3w Funduszu Nauki i Technologii Polskiej. \u201eSystem precesji wi\u0105zki elektronowej ASTAR do okre\u015blania struktur materia\u0142\u00f3w nanokrystalicznych\u201d<\/li>\n<\/ul>\n<p>\n<\/div>\r\n                    <\/div>\r\n                <\/div>[\/vc_tta_section][vc_tta_section title=&#8221;2008&#8243; tab_id=&#8221;1701612706184-801ed9b5-9473&#8243;]\r\n                <div class=\"text-modules\">\r\n                    <div class=\"container\">\r\n                        \r\n                        <div class=\"text-modules__content\"><\/p>\n<ul>\n<li>5760\/IA\/160\/2008 Dotacja MNiSW &#8222;Zakup generatora promieniowania rentgenowskiego i mikroogniskowego aparatu rentgenowskiego&#8221;<\/li>\n<\/ul>\n<p>\n<\/div>\r\n                    <\/div>\r\n                <\/div>[\/vc_tta_section][vc_tta_section title=&#8221;2007&#8243; tab_id=&#8221;1701612705013-95bd362e-c1f8&#8243;]\r\n                <div class=\"text-modules\">\r\n                    <div class=\"container\">\r\n                        \r\n                        <div class=\"text-modules__content\"><\/p>\n<ul>\n<li>5431\/IB\/160\/2007 Dotacja MNiSW &#8222;Poprawa infrastruktury pomieszcze\u0144 laboratoryjnych w Zak\u0142adzie Polimer\u00f3w i Technologii Materia\u0142\u00f3w&#8221;<\/li>\n<li>323\/FNiTP\/160\/2007 Dotacja MNiSW &#8222;Spektrometr masowy&#8221;<\/li>\n<li>5441\/IB\/160\/2007 Dotacja MNiSW &#8222;Poprawa infrastruktury pomieszcze\u0144 laboratoryjnych do bada\u0144 elektrochemicznych&#8221;<\/li>\n<li>5417\/IA\/160\/2007 Dotacja MNiSW &#8222;Wyposa\u017cenie specjalistycznego laboratorium do bada\u0144 elektrochemicznych&#8221;<\/li>\n<\/ul>\n<p>\n<\/div>\r\n                    <\/div>\r\n                <\/div>[\/vc_tta_section][vc_tta_section title=&#8221;2006&#8243; tab_id=&#8221;1701612870082-6f95ca5e-89f3&#8243;]\r\n                <div class=\"text-modules\">\r\n                    <div class=\"container\">\r\n                        \r\n                        <div class=\"text-modules__content\"><\/p>\n<ul>\n<li>340\/S\/2006-2 Dotacja MNiSW &#8222;Zakup magnetometru&#8221;<\/li>\n<\/ul>\n<p>\n<\/div>\r\n                    <\/div>\r\n                <\/div>[\/vc_tta_section][\/vc_tta_tour][\/vc_column][\/vc_row]<\/p>","protected":false},"excerpt":{"rendered":"<p>[vc_row el_class=&#8221;container&#8221;][vc_column][vc_tta_tour style=&#8221;modern&#8221; active_section=&#8221;1&#8243; title=&#8221;Projekty aparaturowe&#8221;][vc_tta_section title=&#8221;2016&#8243; tab_id=&#8221;1637073087595-6addf615-4106&#8243;][\/vc_tta_section][vc_tta_section title=&#8221;2010&#8243; tab_id=&#8221;1701612707034-4fe46454-6143&#8243;][\/vc_tta_section][vc_tta_section title=&#8221;2008&#8243; tab_id=&#8221;1701612706184-801ed9b5-9473&#8243;][\/vc_tta_section][vc_tta_section title=&#8221;2007&#8243; tab_id=&#8221;1701612705013-95bd362e-c1f8&#8243;][\/vc_tta_section][vc_tta_section title=&#8221;2006&#8243; tab_id=&#8221;1701612870082-6f95ca5e-89f3&#8243;][\/vc_tta_section][\/vc_tta_tour][\/vc_column][\/vc_row] [&#8230;]<\/p>\n<p><a class=\"btn btn-secondary understrap-read-more-link\" href=\"https:\/\/us.edu.pl\/instytut\/iim\/nauka-badania\/realizowane-projekty\/projekty-aparaturowe\/\">Read More&#8230;<\/a><\/p>\n","protected":false},"author":825,"featured_media":0,"parent":604,"menu_order":18,"comment_status":"closed","ping_status":"closed","template":"page-templates\/inner-page.php","meta":{"_expiration-date-status":"","_expiration-date":0,"_expiration-date-type":"","_expiration-date-categories":[],"_expiration-date-options":[]},"acf":[],"_links":{"self":[{"href":"https:\/\/us.edu.pl\/instytut\/iim\/wp-json\/wp\/v2\/pages\/2231"}],"collection":[{"href":"https:\/\/us.edu.pl\/instytut\/iim\/wp-json\/wp\/v2\/pages"}],"about":[{"href":"https:\/\/us.edu.pl\/instytut\/iim\/wp-json\/wp\/v2\/types\/page"}],"author":[{"embeddable":true,"href":"https:\/\/us.edu.pl\/instytut\/iim\/wp-json\/wp\/v2\/users\/825"}],"replies":[{"embeddable":true,"href":"https:\/\/us.edu.pl\/instytut\/iim\/wp-json\/wp\/v2\/comments?post=2231"}],"version-history":[{"count":5,"href":"https:\/\/us.edu.pl\/instytut\/iim\/wp-json\/wp\/v2\/pages\/2231\/revisions"}],"predecessor-version":[{"id":3819,"href":"https:\/\/us.edu.pl\/instytut\/iim\/wp-json\/wp\/v2\/pages\/2231\/revisions\/3819"}],"up":[{"embeddable":true,"href":"https:\/\/us.edu.pl\/instytut\/iim\/wp-json\/wp\/v2\/pages\/604"}],"wp:attachment":[{"href":"https:\/\/us.edu.pl\/instytut\/iim\/wp-json\/wp\/v2\/media?parent=2231"}],"curies":[{"name":"wp","href":"https:\/\/api.w.org\/{rel}","templated":true}]}}