{"id":2235,"date":"2023-12-03T13:02:05","date_gmt":"2023-12-03T12:02:05","guid":{"rendered":"https:\/\/us.edu.pl\/instytut\/iim\/?page_id=2235"},"modified":"2025-02-27T13:55:27","modified_gmt":"2025-02-27T12:55:27","slug":"projekty-edukacyjne","status":"publish","type":"page","link":"https:\/\/us.edu.pl\/instytut\/iim\/nauka-badania\/realizowane-projekty\/projekty-edukacyjne\/","title":{"rendered":"Projekty edukacyjne"},"content":{"rendered":"<p>[vc_row el_class=&#8221;container&#8221;][vc_column][vc_tta_tour style=&#8221;modern&#8221; active_section=&#8221;1&#8243; title=&#8221;Projekty edukacyjne&#8221;][vc_tta_section title=&#8221;2024&#8243; tab_id=&#8221;1740660542785-d326978a-1051&#8243;]\r\n                <div class=\"text-modules\">\r\n                    <div class=\"container\">\r\n                        \r\n                        <div class=\"text-modules__content\"><p>Projekt GreenMat \u201eGreenMat \u2013 Rozw\u00f3j Uniwersytetu \u015al\u0105skiego w Katowicach w zakresie nowych technologii materia\u0142owych w kierunku zielonej transformacji regionu\u201d &#8211; kierownik projektu: <a href=\"https:\/\/us.edu.pl\/instytut\/iim\/osoby\/albrecht-robert\/\" target=\"_blank\" rel=\"noopener\">dr in\u017c. Robert Albrecht<\/a>\u00a0 (<a href=\"https:\/\/us.edu.pl\/instytut\/iim\/greenmat-nowe-technologie-materialowe-w-kierunku-zielonej-transformacji-regionu\/\" target=\"_blank\" rel=\"noopener\">Strona projektu<\/a>)<\/p>\n<\/div>\r\n                    <\/div>\r\n                <\/div>[\/vc_tta_section][vc_tta_section title=&#8221;2022&#8243; tab_id=&#8221;1637072452889-f2e1e35d-dd55&#8243;]\r\n                <div class=\"text-modules\">\r\n                    <div class=\"container\">\r\n                        \r\n                        <div class=\"text-modules__content\"><\/p>\n<ul>\n<li>Materials Science Ma(s)ters, KA220-HED &#8211; Cooperation partnerships, Kierownik projektu: dr Joanna Maszybrocka, Kierownik zadania: <a href=\"https:\/\/us.edu.pl\/instytut\/iim\/osoby\/goryczka-tomasz-dr-hab-prof-us\/\">dr hab. Tomasz Goryczka prof. U\u015a<\/a>, <a href=\"https:\/\/us.edu.pl\/instytut\/iim\/osoby\/karolus-malgorzata\/\">dr hab. Ma\u0142gorzata Karolus, prof. U\u015a<\/a>, Czas realizacji 2022-2024<\/li>\n<\/ul>\n<p>\n<\/div>\r\n                    <\/div>\r\n                <\/div>[\/vc_tta_section][vc_tta_section title=&#8221;2021&#8243; tab_id=&#8221;1637072452913-d9b58b73-726d&#8221;]\r\n                <div class=\"text-modules\">\r\n                    <div class=\"container\">\r\n                        \r\n                        <div class=\"text-modules__content\"><\/p>\n<ul>\n<li>VINCI Zanurkuj w nauk\u0119, NAWA SPINAKER (wsp\u00f3\u0142finansowany z POWR), Kierownik zadania: <a href=\"https:\/\/us.edu.pl\/instytut\/iim\/osoby\/szklarska-magdalena\/\">dr Magdalena Szklarska<\/a>, Czas realizacji: 2021-2023<\/li>\n<\/ul>\n<p>\n<\/div>\r\n                    <\/div>\r\n                <\/div>[\/vc_tta_section][vc_tta_section title=&#8221;2019&#8243; tab_id=&#8221;1637073062268-010c6db2-bb41&#8243;]\r\n                <div class=\"text-modules\">\r\n                    <div class=\"container\">\r\n                        \r\n                        <div class=\"text-modules__content\"><\/p>\n<ul>\n<li>Niech MOOC b\u0119dzie z Tob\u0105 &#8211; programowanie drog\u0105 do sukcesu zawodowego, POWR.03.01.00-IP.08-00-MOC\/18, Kierownik projektu: <a href=\"https:\/\/us.edu.pl\/instytut\/iim\/osoby\/adamczyk-habrajska-malgorzata-dr-hab-prof-us\/\">dr hab. Ma\u0142gorzata Adamczyk-Habrajska<\/a>, Czas realizacji: 2019-2021<\/li>\n<li>Jeden Uniwersytet &#8211; Wiele Mo\u017cliwo\u015bci. Program Zintegrowany, Kierownik zadania: prof. dr hab. in\u017c. Artur Chrobak, Czas realizacji: 2019-2023<\/li>\n<\/ul>\n<p>\n<\/div>\r\n                    <\/div>\r\n                <\/div>[\/vc_tta_section][vc_tta_section title=&#8221;2018&#8243; tab_id=&#8221;1637073087595-6addf615-4106&#8243;]\r\n                <div class=\"text-modules\">\r\n                    <div class=\"container\">\r\n                        \r\n                        <div class=\"text-modules__content\"><\/p>\n<ul>\n<li>M\u0142ody mechatronik, POWR.03.01.00-IP.08-00-UMO\/17, Kierownik projektu: <a href=\"https:\/\/us.edu.pl\/instytut\/iim\/osoby\/adamczyk-habrajska-malgorzata-dr-hab-prof-us\/\">dr hab. Ma\u0142gorzata Adamczyk-Habrajska, prof. U\u015a<\/a>, Czas realizacji: 2018-2021<\/li>\n<li>Inno-Dydaktyka, POWR.03.04.00-IP.08-00-PKD\/17, Kierownik projektu: <a href=\"https:\/\/us.edu.pl\/instytut\/iim\/osoby\/bartkowska-joanna-dr\/\">dr Joanna Bartkowska<\/a>, Czas realizacji: 2018-2020<\/li>\n<li>Czas na sta\u017c, Kariera zaczyna si\u0119 na Uczelni, POWR.04.01.00-00.I050\/15, Koordynator projektu: <a href=\"https:\/\/us.edu.pl\/instytut\/iim\/osoby\/korzekwa-joanna\/\">dr Joanna Korzekwa<\/a>, Czas realizacji: 2018<\/li>\n<\/ul>\n<p>\n<\/div>\r\n                    <\/div>\r\n                <\/div>[\/vc_tta_section][vc_tta_section title=&#8221;2011&#8243; tab_id=&#8221;1637073115785-5ddc9c3c-aa78&#8243;]\r\n                <div class=\"text-modules\">\r\n                    <div class=\"container\">\r\n                        \r\n                        <div class=\"text-modules__content\"><\/p>\n<ul>\n<li>Kierunek zamawiany &#8222;In\u017cynier Materia\u0142\u00f3w &#8211; Materia\u0142 na In\u017cyniera.<br \/>\nKszta\u0142cenie zamawiane na kierunku In\u017cynieria Materia\u0142owa Uniwersytetu \u015al\u0105skiego&#8221; &#8211;\u00a0<a href=\"http:\/\/imz.us.edu.pl\/\" target=\"_blank\" rel=\"noopener noreferrer\">czytaj wi\u0119cej<\/a><\/li>\n<\/ul>\n<p>\n<\/div>\r\n                    <\/div>\r\n                <\/div>[\/vc_tta_section][\/vc_tta_tour][\/vc_column][\/vc_row]<\/p>","protected":false},"excerpt":{"rendered":"<p>[vc_row el_class=&#8221;container&#8221;][vc_column][vc_tta_tour style=&#8221;modern&#8221; active_section=&#8221;1&#8243; title=&#8221;Projekty edukacyjne&#8221;][vc_tta_section title=&#8221;2024&#8243; tab_id=&#8221;1740660542785-d326978a-1051&#8243;][\/vc_tta_section][vc_tta_section title=&#8221;2022&#8243; tab_id=&#8221;1637072452889-f2e1e35d-dd55&#8243;][\/vc_tta_section][vc_tta_section title=&#8221;2021&#8243; tab_id=&#8221;1637072452913-d9b58b73-726d&#8221;][\/vc_tta_section][vc_tta_section title=&#8221;2019&#8243; tab_id=&#8221;1637073062268-010c6db2-bb41&#8243;][\/vc_tta_section][vc_tta_section title=&#8221;2018&#8243; tab_id=&#8221;1637073087595-6addf615-4106&#8243;][\/vc_tta_section][vc_tta_section title=&#8221;2011&#8243; tab_id=&#8221;1637073115785-5ddc9c3c-aa78&#8243;][\/vc_tta_section][\/vc_tta_tour][\/vc_column][\/vc_row] [&#8230;]<\/p>\n<p><a class=\"btn btn-secondary understrap-read-more-link\" href=\"https:\/\/us.edu.pl\/instytut\/iim\/nauka-badania\/realizowane-projekty\/projekty-edukacyjne\/\">Read More&#8230;<\/a><\/p>\n","protected":false},"author":825,"featured_media":0,"parent":604,"menu_order":17,"comment_status":"closed","ping_status":"closed","template":"page-templates\/inner-page.php","meta":{"_expiration-date-status":"","_expiration-date":0,"_expiration-date-type":"","_expiration-date-categories":[],"_expiration-date-options":[]},"acf":[],"_links":{"self":[{"href":"https:\/\/us.edu.pl\/instytut\/iim\/wp-json\/wp\/v2\/pages\/2235"}],"collection":[{"href":"https:\/\/us.edu.pl\/instytut\/iim\/wp-json\/wp\/v2\/pages"}],"about":[{"href":"https:\/\/us.edu.pl\/instytut\/iim\/wp-json\/wp\/v2\/types\/page"}],"author":[{"embeddable":true,"href":"https:\/\/us.edu.pl\/instytut\/iim\/wp-json\/wp\/v2\/users\/825"}],"replies":[{"embeddable":true,"href":"https:\/\/us.edu.pl\/instytut\/iim\/wp-json\/wp\/v2\/comments?post=2235"}],"version-history":[{"count":4,"href":"https:\/\/us.edu.pl\/instytut\/iim\/wp-json\/wp\/v2\/pages\/2235\/revisions"}],"predecessor-version":[{"id":3867,"href":"https:\/\/us.edu.pl\/instytut\/iim\/wp-json\/wp\/v2\/pages\/2235\/revisions\/3867"}],"up":[{"embeddable":true,"href":"https:\/\/us.edu.pl\/instytut\/iim\/wp-json\/wp\/v2\/pages\/604"}],"wp:attachment":[{"href":"https:\/\/us.edu.pl\/instytut\/iim\/wp-json\/wp\/v2\/media?parent=2235"}],"curies":[{"name":"wp","href":"https:\/\/api.w.org\/{rel}","templated":true}]}}