{"id":24,"date":"2019-10-25T14:37:26","date_gmt":"2019-10-25T12:37:26","guid":{"rendered":"http:\/\/us.edu.pl\/instytut\/iim\/?page_id=24"},"modified":"2019-11-04T09:28:08","modified_gmt":"2019-11-04T08:28:08","slug":"mapa-strony","status":"publish","type":"page","link":"https:\/\/us.edu.pl\/instytut\/iim\/mapa-strony\/","title":{"rendered":"Mapa  strony"},"content":{"rendered":"<p>[vc_row][vc_column]\r\n                <div class=\"text-modules\">\r\n                    <div class=\"container\">\r\n                        <h3 class=\"page-title text__title\">Mapa strony<\/h3>\r\n                        <div class=\"text-modules__content\"><div class=\"wsp-container\"><h2 class=\"wsp-pages-title\">Pages<\/h2>\n<ul class=\"wsp-pages-list\">\n<li class=\"page_item page-item-3358\"><a href=\"https:\/\/us.edu.pl\/instytut\/iim\/greenmat-nowe-technologie-materialowe-w-kierunku-zielonej-transformacji-regionu\/\">GreenMat \u2013 Rozw\u00f3j Uniwersytetu \u015al\u0105skiego w Katowicach w zakresie nowych technologii materia\u0142owych w kierunku zielonej transformacji regionu<\/a><\/li>\n<li class=\"page_item page-item-1015\"><a href=\"https:\/\/us.edu.pl\/instytut\/iim\/wtorki-z-inzynieria-materialowa\/\">Wtorki z In\u017cynieri\u0105 Materia\u0142ow\u0105<\/a><\/li>\n<li class=\"page_item page-item-628 page_item_has_children\"><a href=\"https:\/\/us.edu.pl\/instytut\/iim\/wspolpraca\/\">Wsp\u00f3\u0142praca<\/a>\n<ul class='children'>\n\t<li class=\"page_item page-item-444\"><a href=\"https:\/\/us.edu.pl\/instytut\/iim\/wspolpraca\/wspolpraca-z-osrodkami-przemyslowymi\/\">Wsp\u00f3\u0142praca z o\u015brodkami przemys\u0142owymi<\/a><\/li>\n\t<li class=\"page_item page-item-442\"><a href=\"https:\/\/us.edu.pl\/instytut\/iim\/wspolpraca\/wspolpraca-z-osrodkami-naukowymi\/\">Wsp\u00f3\u0142praca z o\u015brodkami naukowymi<\/a><\/li>\n\t<li class=\"page_item page-item-526\"><a href=\"https:\/\/us.edu.pl\/instytut\/iim\/wspolpraca\/nasi-goscie\/\">Wsp\u00f3\u0142praca ze szko\u0142ami<\/a><\/li>\n<\/ul>\n<\/li>\n<li class=\"page_item page-item-600 page_item_has_children\"><a href=\"https:\/\/us.edu.pl\/instytut\/iim\/nauka-badania\/\">Nauka i badania<\/a>\n<ul class='children'>\n\t<li class=\"page_item page-item-1953\"><a href=\"https:\/\/us.edu.pl\/instytut\/iim\/nauka-badania\/tematy-badawcze\/\">Tematy badawcze<\/a><\/li>\n\t<li class=\"page_item page-item-384\"><a href=\"https:\/\/us.edu.pl\/instytut\/iim\/nauka-badania\/profil-naukowo-badawczy\/\">Profil naukowo-badawczy<\/a><\/li>\n\t<li class=\"page_item page-item-437\"><a href=\"https:\/\/us.edu.pl\/instytut\/iim\/nauka-badania\/oferta-badawcza\/\">Oferta badawcza<\/a><\/li>\n\t<li class=\"page_item page-item-691 page_item_has_children\"><a href=\"https:\/\/us.edu.pl\/instytut\/iim\/nauka-badania\/laboratoria-pracownie\/\">Laboratoria i pracownie<\/a>\n\t<ul class='children'>\n\t\t<li class=\"page_item page-item-3995\"><a href=\"https:\/\/us.edu.pl\/instytut\/iim\/nauka-badania\/laboratoria-pracownie\/informacja-ws-promieniowania-jonizujacego\/\">Informacja ws promieniowania jonizuj\u0105cego<\/a><\/li>\n\t\t<li class=\"page_item page-item-1614\"><a href=\"https:\/\/us.edu.pl\/instytut\/iim\/nauka-badania\/laboratoria-pracownie\/laboratorium-badan-materialow-monokrystalicznych\/\">Laboratorium bada\u0144 materia\u0142\u00f3w monokrystalicznych<\/a><\/li>\n\t\t<li class=\"page_item page-item-680\"><a href=\"https:\/\/us.edu.pl\/instytut\/iim\/nauka-badania\/laboratoria-pracownie\/laboratoria-akredytowane\/\">Laboratoria akredytowane<\/a><\/li>\n\t\t<li class=\"page_item page-item-2177\"><a href=\"https:\/\/us.edu.pl\/instytut\/iim\/nauka-badania\/laboratoria-pracownie\/pracownia-anihilacji-pozytonow\/\">Pracownia Anihilacji Pozyton\u00f3w<\/a><\/li>\n\t\t<li class=\"page_item page-item-4356\"><a href=\"https:\/\/us.edu.pl\/instytut\/iim\/nauka-badania\/laboratoria-pracownie\/laboratorium-dyfrakcji-rentgenowskiej\/\">Laboratorium Dyfrakcji Rentgenowskiej<\/a><\/li>\n\t\t<li class=\"page_item page-item-4369\"><a href=\"https:\/\/us.edu.pl\/instytut\/iim\/nauka-badania\/laboratoria-pracownie\/laboratorium-materialow-magnetycznych\/\">Laboratorium materia\u0142\u00f3w magnetycznych<\/a><\/li>\n\t\t<li class=\"page_item page-item-4380\"><a href=\"https:\/\/us.edu.pl\/instytut\/iim\/nauka-badania\/laboratoria-pracownie\/laboratorium-pomiaru-chropowatosci-i-struktury-geometrycznej-powierzchni-2d-3d\/\">Laboratorium pomiaru chropowato\u015bci i struktury geometrycznej powierzchni 2D\/3D<\/a><\/li>\n\t\t<li class=\"page_item page-item-4390\"><a href=\"https:\/\/us.edu.pl\/instytut\/iim\/nauka-badania\/laboratoria-pracownie\/laboratorium-spektroskopii-absorpcji-atomowej\/\">Laboratorium Spektroskopii Absorpcji Atomowej<\/a><\/li>\n\t\t<li class=\"page_item page-item-4397\"><a href=\"https:\/\/us.edu.pl\/instytut\/iim\/nauka-badania\/laboratoria-pracownie\/laboratorium-transmisyjnej-mikroskopii-elektronowej-l-tme\/\">Laboratorium Transmisyjnej Mikroskopii Elektronowej L-TME<\/a><\/li>\n\t\t<li class=\"page_item page-item-4409\"><a href=\"https:\/\/us.edu.pl\/instytut\/iim\/nauka-badania\/laboratoria-pracownie\/laboratorium-tribologii-i-badan-eksploatacyjnych\/\">Laboratorium tribologii i bada\u0144 eksploatacyjnych<\/a><\/li>\n\t\t<li class=\"page_item page-item-4413\"><a href=\"https:\/\/us.edu.pl\/instytut\/iim\/nauka-badania\/laboratoria-pracownie\/laboratorium-zaawansowanych-metod-elektrochemicznych\/\">Laboratorium Zaawansowanych Metod Elektrochemicznych<\/a><\/li>\n\t\t<li class=\"page_item page-item-4424\"><a href=\"https:\/\/us.edu.pl\/instytut\/iim\/nauka-badania\/laboratoria-pracownie\/zespol-laboratoriow-analityki-molekularnej\/\">Zesp\u00f3\u0142 Laboratori\u00f3w Analityki Molekularnej<\/a><\/li>\n\t\t<li class=\"page_item page-item-4435\"><a href=\"https:\/\/us.edu.pl\/instytut\/iim\/nauka-badania\/laboratoria-pracownie\/park-technologiczny\/\">Park Technologiczny<\/a><\/li>\n\t\t<li class=\"page_item page-item-4446\"><a href=\"https:\/\/us.edu.pl\/instytut\/iim\/nauka-badania\/laboratoria-pracownie\/pracownia-badan-dielektrycznych-i-piezoelektrycznych\/\">Pracownia Bada\u0144 Dielektrycznych i Piezoelektrycznych<\/a><\/li>\n\t\t<li class=\"page_item page-item-4452\"><a href=\"https:\/\/us.edu.pl\/instytut\/iim\/nauka-badania\/laboratoria-pracownie\/pracownia-badan-elektrochemicznych\/\">Pracownia Bada\u0144 Elektrochemicznych<\/a><\/li>\n\t\t<li class=\"page_item page-item-4458\"><a href=\"https:\/\/us.edu.pl\/instytut\/iim\/nauka-badania\/laboratoria-pracownie\/pracownia-termoanalizy\/\">Pracownia Termoanalizy<\/a><\/li>\n\t\t<li class=\"page_item page-item-4481\"><a href=\"https:\/\/us.edu.pl\/instytut\/iim\/nauka-badania\/laboratoria-pracownie\/pracownia-badan-i-technologii-metalurgii-proszkow\/\">Pracownia Bada\u0144 i Technologii Metalurgii Proszk\u00f3w<\/a><\/li>\n\t\t<li class=\"page_item page-item-4485\"><a href=\"https:\/\/us.edu.pl\/instytut\/iim\/nauka-badania\/laboratoria-pracownie\/pracownia-technologii-ceramiki\/\">Pracownia Technologii Ceramiki<\/a><\/li>\n\t\t<li class=\"page_item page-item-4498\"><a href=\"https:\/\/us.edu.pl\/instytut\/iim\/nauka-badania\/laboratoria-pracownie\/pracownia-badan-termicznych\/\">Pracownia Bada\u0144 Termicznych<\/a><\/li>\n\t\t<li class=\"page_item page-item-4501\"><a href=\"https:\/\/us.edu.pl\/instytut\/iim\/nauka-badania\/laboratoria-pracownie\/pracownia-materialow-inteligentnych\/\">Pracownia Materia\u0142\u00f3w Inteligentnych<\/a><\/li>\n\t\t<li class=\"page_item page-item-4504\"><a href=\"https:\/\/us.edu.pl\/instytut\/iim\/nauka-badania\/laboratoria-pracownie\/pracownia-materialow-skoniugowanych\/\">Pracownia Materia\u0142\u00f3w Skoniugowanych<\/a><\/li>\n\t\t<li class=\"page_item page-item-4507\"><a href=\"https:\/\/us.edu.pl\/instytut\/iim\/nauka-badania\/laboratoria-pracownie\/pracownia-preparatyki-mikroskopowej\/\">Pracownia Preparatyki Mikroskopowej<\/a><\/li>\n\t\t<li class=\"page_item page-item-4511\"><a href=\"https:\/\/us.edu.pl\/instytut\/iim\/nauka-badania\/laboratoria-pracownie\/pracownia-skaningowej-mikroskopii-elektronowej\/\">Pracownia Skaningowej Mikroskopii Elektronowej<\/a><\/li>\n\t\t<li class=\"page_item page-item-4333\"><a href=\"https:\/\/us.edu.pl\/instytut\/iim\/nauka-badania\/laboratoria-pracownie\/pracownia-metalograficzna\/\">Pracownia metalograficzna<\/a><\/li>\n\t\t<li class=\"page_item page-item-4345\"><a href=\"https:\/\/us.edu.pl\/instytut\/iim\/nauka-badania\/laboratoria-pracownie\/laboratorium-badan-mechanicznych-tribologicznych-i-adhezyjnych\/\">Laboratorium bada\u0144 mechanicznych, tribologicznych i adhezyjnych<\/a><\/li>\n\t<\/ul>\n<\/li>\n\t<li class=\"page_item page-item-604 page_item_has_children\"><a href=\"https:\/\/us.edu.pl\/instytut\/iim\/nauka-badania\/realizowane-projekty\/\">Realizowane projekty<\/a>\n\t<ul class='children'>\n\t\t<li class=\"page_item page-item-2236\"><a href=\"https:\/\/us.edu.pl\/instytut\/iim\/nauka-badania\/realizowane-projekty\/projekty-badawcze\/\">Projekty badawcze<\/a><\/li>\n\t\t<li class=\"page_item page-item-2235\"><a href=\"https:\/\/us.edu.pl\/instytut\/iim\/nauka-badania\/realizowane-projekty\/projekty-edukacyjne\/\">Projekty edukacyjne<\/a><\/li>\n\t\t<li class=\"page_item page-item-2231\"><a href=\"https:\/\/us.edu.pl\/instytut\/iim\/nauka-badania\/realizowane-projekty\/projekty-aparaturowe\/\">Projekty aparaturowe<\/a><\/li>\n\t\t<li class=\"page_item page-item-2247\"><a href=\"https:\/\/us.edu.pl\/instytut\/iim\/nauka-badania\/realizowane-projekty\/projekty-stypendialne\/\">Projekty stypendialne<\/a><\/li>\n\t<\/ul>\n<\/li>\n\t<li class=\"page_item page-item-466\"><a href=\"https:\/\/us.edu.pl\/instytut\/iim\/nauka-badania\/przewody-dr-i-post-hab\/\">Przewody doktorskie i post\u0119powania habilitacyjne<\/a><\/li>\n<\/ul>\n<\/li>\n<li class=\"page_item page-item-549 page_item_has_children\"><a href=\"https:\/\/us.edu.pl\/instytut\/iim\/instytut\/\">Instytut<\/a>\n<ul class='children'>\n\t<li class=\"page_item page-item-77\"><a href=\"https:\/\/us.edu.pl\/instytut\/iim\/instytut\/instytut-dyrekcja\/\">Dyrekcja<\/a><\/li>\n\t<li class=\"page_item page-item-297\"><a href=\"https:\/\/us.edu.pl\/instytut\/iim\/instytut\/rada-naukowa-instytutu\/\">Rada Naukowa Instytutu<\/a><\/li>\n\t<li class=\"page_item page-item-310\"><a href=\"https:\/\/us.edu.pl\/instytut\/iim\/instytut\/historia-instytutu\/\">Historia Instytutu<\/a><\/li>\n\t<li class=\"page_item page-item-22\"><a href=\"https:\/\/us.edu.pl\/instytut\/iim\/instytut\/kontakt\/\">Kontakt<\/a><\/li>\n<\/ul>\n<\/li>\n<li class=\"page_item page-item-175\"><a href=\"https:\/\/us.edu.pl\/instytut\/iim\/pliki\/\">Pliki do pobrania<\/a><\/li>\n<li class=\"page_item page-item-24\"><a href=\"https:\/\/us.edu.pl\/instytut\/iim\/mapa-strony\/\">Mapa  strony<\/a><\/li>\n<li class=\"page_item page-item-301\"><a href=\"https:\/\/us.edu.pl\/instytut\/iim\/\">Strona g\u0142\u00f3wna<\/a><\/li>\n<\/ul>\n<\/div>\n<\/div>\r\n                    <\/div>\r\n                <\/div>[\/vc_column][\/vc_row]<\/p>","protected":false},"excerpt":{"rendered":"<p>[vc_row][vc_column][\/vc_column][\/vc_row] [&#8230;]<\/p>\n<p><a class=\"btn btn-secondary understrap-read-more-link\" href=\"https:\/\/us.edu.pl\/instytut\/iim\/mapa-strony\/\">Read More&#8230;<\/a><\/p>\n","protected":false},"author":24,"featured_media":0,"parent":0,"menu_order":27,"comment_status":"closed","ping_status":"closed","template":"page-templates\/sitemap-template.php","meta":{"_expiration-date-status":"saved","_expiration-date":0,"_expiration-date-type":"","_expiration-date-categories":[],"_expiration-date-options":[]},"acf":[],"_links":{"self":[{"href":"https:\/\/us.edu.pl\/instytut\/iim\/wp-json\/wp\/v2\/pages\/24"}],"collection":[{"href":"https:\/\/us.edu.pl\/instytut\/iim\/wp-json\/wp\/v2\/pages"}],"about":[{"href":"https:\/\/us.edu.pl\/instytut\/iim\/wp-json\/wp\/v2\/types\/page"}],"author":[{"embeddable":true,"href":"https:\/\/us.edu.pl\/instytut\/iim\/wp-json\/wp\/v2\/users\/24"}],"replies":[{"embeddable":true,"href":"https:\/\/us.edu.pl\/instytut\/iim\/wp-json\/wp\/v2\/comments?post=24"}],"version-history":[{"count":4,"href":"https:\/\/us.edu.pl\/instytut\/iim\/wp-json\/wp\/v2\/pages\/24\/revisions"}],"predecessor-version":[{"id":90,"href":"https:\/\/us.edu.pl\/instytut\/iim\/wp-json\/wp\/v2\/pages\/24\/revisions\/90"}],"wp:attachment":[{"href":"https:\/\/us.edu.pl\/instytut\/iim\/wp-json\/wp\/v2\/media?parent=24"}],"curies":[{"name":"wp","href":"https:\/\/api.w.org\/{rel}","templated":true}]}}