{"id":384,"date":"2020-01-27T15:38:44","date_gmt":"2020-01-27T14:38:44","guid":{"rendered":"http:\/\/us.edu.pl\/instytut\/iim\/?page_id=384"},"modified":"2025-02-10T09:01:23","modified_gmt":"2025-02-10T08:01:23","slug":"profil-naukowo-badawczy","status":"publish","type":"page","link":"https:\/\/us.edu.pl\/instytut\/iim\/nauka-badania\/profil-naukowo-badawczy\/","title":{"rendered":"Profil naukowo-badawczy"},"content":{"rendered":"<p>[vc_row el_class=&#8221;container&#8221;][vc_column][vc_column_text]Realizowane w Instytucie zadania badawcze maj\u0105 charakter interdyscyplinarny i obejmuj\u0105 zagadnienia z zakresu fizyki cia\u0142a sta\u0142ego, materia\u0142oznawstwa, fizykochemii materia\u0142\u00f3w, chemii i technologii polimer\u00f3w oraz niekt\u00f3rych problem\u00f3w elektrochemii, wchodz\u0105ce w zakres in\u017cynierii materia\u0142owej i nauki o materia\u0142ach i ukierunkowane s\u0105 na:<\/p>\n<ul style=\"list-style-type: circle\">\n<li>badania struktury i w\u0142a\u015bciwo\u015bci materia\u0142\u00f3w z uwzgl\u0119dnieniem bada\u0144 powierzchni (materia\u0142y metaliczne, biomateria\u0142y, stopy z pami\u0119ci\u0105 kszta\u0142tu, materia\u0142y polimerowe),<\/li>\n<li>elektrochemiczne metody otrzymywania i badania materia\u0142\u00f3w,<\/li>\n<li>rozw\u00f3j i doskonalenie metod bada\u0144 struktury atomowej, elektronowej i w\u0142a\u015bciwo\u015bci materia\u0142\u00f3w,<\/li>\n<li>komputerowe modelowanie materia\u0142\u00f3w.<\/li>\n<\/ul>\n<p>Podstawowym celem tych bada\u0144 jest poszukiwanie i interpretowanie zwi\u0105zk\u00f3w pomi\u0119dzy realn\u0105 mikrostruktur\u0105, sk\u0142adem chemicznym materia\u0142\u00f3w a ich w\u0142a\u015bciwo\u015bciami konstrukcyjnymi i funkcjonalnymi oraz poszukiwanie obszar\u00f3w ich zastosowa\u0144.[\/vc_column_text][\/vc_column][\/vc_row]<\/p>","protected":false},"excerpt":{"rendered":"<p>[vc_row el_class=&#8221;container&#8221;][vc_column][vc_column_text]Realizowane w Instytucie zadania badawcze maj\u0105 charakter interdyscyplinarny i obejmuj\u0105 zagadnienia z zakresu fizyki cia\u0142a sta\u0142ego, materia\u0142oznawstwa, fizykochemii materia\u0142\u00f3w, chemii i technologii polimer\u00f3w oraz niekt\u00f3rych problem\u00f3w elektrochemii, wchodz\u0105ce w zakres in\u017cynierii materia\u0142owej i nauki o materia\u0142ach i ukierunkowane s\u0105 na: badania struktury i w\u0142a\u015bciwo\u015bci materia\u0142\u00f3w z uwzgl\u0119dnieniem bada\u0144 powierzchni (materia\u0142y metaliczne, biomateria\u0142y, stopy z [&#8230;]<\/p>\n<p><a class=\"btn btn-secondary understrap-read-more-link\" href=\"https:\/\/us.edu.pl\/instytut\/iim\/nauka-badania\/profil-naukowo-badawczy\/\">Read More&#8230;<\/a><\/p>\n","protected":false},"author":825,"featured_media":0,"parent":600,"menu_order":2,"comment_status":"closed","ping_status":"closed","template":"page-templates\/inner-page.php","meta":{"_expiration-date-status":"","_expiration-date":0,"_expiration-date-type":"","_expiration-date-categories":[],"_expiration-date-options":[]},"acf":[],"_links":{"self":[{"href":"https:\/\/us.edu.pl\/instytut\/iim\/wp-json\/wp\/v2\/pages\/384"}],"collection":[{"href":"https:\/\/us.edu.pl\/instytut\/iim\/wp-json\/wp\/v2\/pages"}],"about":[{"href":"https:\/\/us.edu.pl\/instytut\/iim\/wp-json\/wp\/v2\/types\/page"}],"author":[{"embeddable":true,"href":"https:\/\/us.edu.pl\/instytut\/iim\/wp-json\/wp\/v2\/users\/825"}],"replies":[{"embeddable":true,"href":"https:\/\/us.edu.pl\/instytut\/iim\/wp-json\/wp\/v2\/comments?post=384"}],"version-history":[{"count":2,"href":"https:\/\/us.edu.pl\/instytut\/iim\/wp-json\/wp\/v2\/pages\/384\/revisions"}],"predecessor-version":[{"id":386,"href":"https:\/\/us.edu.pl\/instytut\/iim\/wp-json\/wp\/v2\/pages\/384\/revisions\/386"}],"up":[{"embeddable":true,"href":"https:\/\/us.edu.pl\/instytut\/iim\/wp-json\/wp\/v2\/pages\/600"}],"wp:attachment":[{"href":"https:\/\/us.edu.pl\/instytut\/iim\/wp-json\/wp\/v2\/media?parent=384"}],"curies":[{"name":"wp","href":"https:\/\/api.w.org\/{rel}","templated":true}]}}