{"id":4333,"date":"2026-01-06T16:45:36","date_gmt":"2026-01-06T15:45:36","guid":{"rendered":"https:\/\/us.edu.pl\/instytut\/iim\/?page_id=4333"},"modified":"2026-01-30T15:24:14","modified_gmt":"2026-01-30T14:24:14","slug":"pracownia-metalograficzna","status":"publish","type":"page","link":"https:\/\/us.edu.pl\/instytut\/iim\/nauka-badania\/laboratoria-pracownie\/pracownia-metalograficzna\/","title":{"rendered":"Pracownia metalograficzna"},"content":{"rendered":"<p>[vc_row el_class=&#8221;container&#8221;][vc_column][vc_tta_tour][vc_tta_section title=&#8221;O laboratorium&#8221; tab_id=&#8221;1645113822652-dbfa6435-85b9&#8243;]\r\n                <div class=\"text-modules\">\r\n                    <div class=\"container\">\r\n                        \r\n                        <div class=\"text-modules__content\"><p>W pracowni metalograficznej przygotowuje si\u0119 pr\u00f3bki do bada\u0144 na mikroskopie optycznym oraz skaningowym mikroskopie elektronowym. Proces przygotowania obejmuje ci\u0119cie, inkludowanie (oprawianie), szlifowanie, polerowanie i ewentualne trawienie chemiczne. Proces ten ma na celu uzyskanie idealnie g\u0142adkiej, czystej i nieuszkodzonej powierzchni, kt\u00f3ra pozwoli na precyzyjn\u0105 analiz\u0119 struktury materia\u0142u pod mikroskopem.<\/p>\n<p>Etapy przygotowania pr\u00f3bki:<\/p>\n<ul>\n<li><strong>Ci\u0119cie:<\/strong> Wycinanie pr\u00f3bki z wi\u0119kszego elementu za pomoc\u0105 specjalistycznej przecinarki metalograficznej. W trakcie wycinania konieczne jest u\u017cycie ch\u0142odziwa, aby unikn\u0105\u0107 uszkodze\u0144 strukturalnych, mikrop\u0119kni\u0119\u0107 czy przegrzania materia\u0142u.<\/li>\n<li><strong>Inkludowanie (oprawianie):<\/strong> Umieszczenie pr\u00f3bki w \u017cywicy (&#8222;na gor\u0105co&#8221; w prasie lub &#8222;na zimno&#8221; w \u017cywicy epoksydowej\/akrylowej). Ten etap u\u0142atwia p\u00f3\u017aniejsz\u0105 obr\u00f3bk\u0119 i chroni delikatne materia\u0142y lub ma\u0142e pr\u00f3bki.<\/li>\n<li><strong>Szlifowanie:<\/strong> Wyg\u0142adzanie powierzchni pr\u00f3bki, rozpoczynaj\u0105c od papieru \u015bciernego o grubszym ziarnie, a nast\u0119pnie przechodz\u0105c do coraz drobniejszych. Celem jest usuni\u0119cie \u015blad\u00f3w po ci\u0119ciu.<\/li>\n<li><strong>Polerowanie:<\/strong> Uzyskanie powierzchni lustrzanej. Wykonuje si\u0119 je za pomoc\u0105 tarcz oraz ok\u0142adzin z sukna polerskiego i past diamentowych lub zawiesin, by uzyska\u0107 powierzchni\u0119 woln\u0105 od rys.<\/li>\n<li><strong>Trawienie chemiczne:<\/strong> poprzez zastosowanie odpowiednich odczynnik\u00f3w chemicznych na wypolerowanej powierzchni, kt\u00f3re ujawniaj\u0105 mikrostruktur\u0119 materia\u0142u, tworz\u0105c kontrast mi\u0119dzy r\u00f3\u017cnymi sk\u0142adnikami i fazami.<\/li>\n<\/ul>\n<p>\n<\/div>\r\n                    <\/div>\r\n                <\/div>[\/vc_tta_section][vc_tta_section title=&#8221;Wyposa\u017cenie&#8221; tab_id=&#8221;1645113822678-51a69647-60ce&#8221;]\r\n                <div class=\"text-modules\">\r\n                    <div class=\"container\">\r\n                        \r\n                        <div class=\"text-modules__content\"><\/p>\n<ul>\n<li><strong>Szlifierko-polerki metalograficzne<\/strong> &#8211; urz\u0105dzenia, \u0142\u0105cz\u0105ce funkcje szlifowania (przy u\u017cyciu papier\u00f3w \u015bciernych o r\u00f3\u017cnej granulacji) i polerowania (z u\u017cyciem specjalnego sukna i past diamentowych).\n<ul>\n<li><strong>Polerki r\u0119czne:<\/strong> operator trzyma pr\u00f3bk\u0119 i dociska j\u0105 do obracaj\u0105cego si\u0119 talerza. Umo\u017cliwiaj\u0105 du\u017c\u0105 kontrol\u0119 nad procesem, ale wymagaj\u0105 wprawy, aby uzyska\u0107 powtarzalne wyniki.<\/li>\n<li><strong>Polerki automatyczne:<\/strong> urz\u0105dzenia w pe\u0142ni zautomatyzowane, kt\u00f3re mog\u0105 przygotowywa\u0107 kilka pr\u00f3bek jednocze\u015bnie. Umo\u017cliwiaj\u0105 programowanie parametr\u00f3w szlifowania i polerowania, zapewniaj\u0105c wysok\u0105 powtarzalno\u015b\u0107 i wydajno\u015b\u0107.<\/li>\n<\/ul>\n<\/li>\n<li><strong>Polerki dwutarczowe <\/strong>&#8211; urz\u0105dzenia\u00a0wyposa\u017cone w dwa niezale\u017cne talerze, co pozwala na jednoczesne prowadzenie dw\u00f3ch r\u00f3\u017cnych etap\u00f3w preparatyki (np. szlifowanie wst\u0119pne i polerowanie) lub prac\u0119 dw\u00f3ch operator\u00f3w naraz. Zwi\u0119kszaj\u0105 wydajno\u015b\u0107 i elastyczno\u015b\u0107 pracy w laboratorium.<\/li>\n<li><strong>Prasy do inkludowania:<\/strong> s\u0142u\u017c\u0105 do osadzania pr\u00f3bek w materia\u0142ach \u017cywicznych, co u\u0142atwia ich szlifowanie i polerowanie.<br \/>\nInkludowanie na gor\u0105co to proces w metalografii, w kt\u00f3rym pr\u00f3bki materia\u0142owe umieszcza si\u0119 w prasie pod wysok\u0105 temperatur\u0105 i ci\u015bnieniem, aby zatopi\u0107 je w specjalnej, termoutwardzalnej \u017cywicy, tworz\u0105c trwa\u0142y zg\u0142ad. Metoda ta s\u0142u\u017cy do ochrony pr\u00f3bek, zw\u0142aszcza metali, przed uszkodzeniem podczas dalszych analiz mikroskopowych, ale nie nadaje si\u0119 dla materia\u0142\u00f3w wra\u017cliwych na wysok\u0105 temperatur\u0119.<\/li>\n<\/ul>\n<p>\n<\/div>\r\n                    <\/div>\r\n                <\/div>[\/vc_tta_section][vc_tta_section title=&#8221;Kontakt&#8221; tab_id=&#8221;1645114857460-4a308e45-b163&#8243;]<div class='container'><div class=\"people-section\"><div class=\"section-title\">Kierownik pracowni: <\/div><div class=\"people-loop people-loop_\">\r\n            <div  class=\"people-loop-post\">\r\n               \r\n               <div class=\"people-loop-post__content\" >\r\n                     <div class=\"people-loop-post__prof\" >   <\/div >\r\n                     <div class=\"people-loop-post__title\" > Prusik Krystian<\/div >\r\n                     <div class=\"people-loop-post__position\" > <\/div >\r\n                     <a class=\"link-button\"  href=\"https:\/\/us.edu.pl\/instytut\/iim\/osoby\/prusik-krystian\/\">Biogram<\/a>\r\n               <\/div>\r\n            <\/div> <\/div><\/div><\/div>[\/vc_tta_section][\/vc_tta_tour]            \r\n                    <div class=\"container\">\r\n                        <div class=\"gallery gallery_2\" data-images-in-row=\"2\">\r\n                            <div class=\"section-title section-title_border-bottom\">Galeria<\/div>\r\n                            <div class=\"row m-0\">\r\n                                <a data-fancybox-group=\"button\" title=\"Pracownia metalograficzna\" data-fancybox=\"6857\" href=\"https:\/\/us.edu.pl\/instytut\/iim\/wp-content\/uploads\/sites\/42\/obrazy-strony\/laboratoria\/pmetgr\/pmetgr-01.png\" class=\"gallery__item thumbnail\"\r\n                                    style=\"background-image: url(https:\/\/us.edu.pl\/instytut\/iim\/wp-content\/uploads\/sites\/42\/obrazy-strony\/laboratoria\/pmetgr\/pmetgr-01-1024x575.png)\"> <span class=\"d-none\">https:\/\/us.edu.pl\/instytut\/iim\/wp-content\/uploads\/sites\/42\/obrazy-strony\/laboratoria\/pmetgr\/pmetgr-01.png<\/span> <\/a><a data-fancybox-group=\"button\" title=\"Pracownia metalograficzna\" data-fancybox=\"6857\" href=\"https:\/\/us.edu.pl\/instytut\/iim\/wp-content\/uploads\/sites\/42\/obrazy-strony\/laboratoria\/pmetgr\/pmetgr-02.png\" class=\"gallery__item thumbnail\"\r\n                                    style=\"background-image: url(https:\/\/us.edu.pl\/instytut\/iim\/wp-content\/uploads\/sites\/42\/obrazy-strony\/laboratoria\/pmetgr\/pmetgr-02-1024x575.png)\"> <span class=\"d-none\">https:\/\/us.edu.pl\/instytut\/iim\/wp-content\/uploads\/sites\/42\/obrazy-strony\/laboratoria\/pmetgr\/pmetgr-02.png<\/span> <\/a><a data-fancybox-group=\"button\" title=\"Polerka r\u0119czna, dwutalerzowa FORCIPOL 2V firmy Metkon\" data-fancybox=\"6857\" href=\"https:\/\/us.edu.pl\/instytut\/iim\/wp-content\/uploads\/sites\/42\/obrazy-strony\/laboratoria\/pmetgr\/pmetgr-03.png\" class=\"gallery__item thumbnail\"\r\n                                    style=\"background-image: url(https:\/\/us.edu.pl\/instytut\/iim\/wp-content\/uploads\/sites\/42\/obrazy-strony\/laboratoria\/pmetgr\/pmetgr-03-1024x575.png)\"> <span class=\"d-none\">https:\/\/us.edu.pl\/instytut\/iim\/wp-content\/uploads\/sites\/42\/obrazy-strony\/laboratoria\/pmetgr\/pmetgr-03.png<\/span> <\/a><a data-fancybox-group=\"button\" title=\"Polerka r\u0119czna, dwutalerzowa FORCIPOL 2V firmy Metkon\" data-fancybox=\"6857\" href=\"https:\/\/us.edu.pl\/instytut\/iim\/wp-content\/uploads\/sites\/42\/obrazy-strony\/laboratoria\/pmetgr\/pmetgr-04.png\" class=\"gallery__item thumbnail\"\r\n                                    style=\"background-image: url(https:\/\/us.edu.pl\/instytut\/iim\/wp-content\/uploads\/sites\/42\/obrazy-strony\/laboratoria\/pmetgr\/pmetgr-04-1024x575.png)\"> <span class=\"d-none\">https:\/\/us.edu.pl\/instytut\/iim\/wp-content\/uploads\/sites\/42\/obrazy-strony\/laboratoria\/pmetgr\/pmetgr-04.png<\/span> <\/a><a data-fancybox-group=\"button\" title=\"Polerka r\u0119czna, dwutalerzowa FORCIPOL 2V firmy Metkon\" data-fancybox=\"6857\" href=\"https:\/\/us.edu.pl\/instytut\/iim\/wp-content\/uploads\/sites\/42\/obrazy-strony\/laboratoria\/pmetgr\/pmetgr-05.png\" class=\"gallery__item thumbnail\"\r\n                                    style=\"background-image: url(https:\/\/us.edu.pl\/instytut\/iim\/wp-content\/uploads\/sites\/42\/obrazy-strony\/laboratoria\/pmetgr\/pmetgr-05-1024x575.png)\"> <span class=\"d-none\">https:\/\/us.edu.pl\/instytut\/iim\/wp-content\/uploads\/sites\/42\/obrazy-strony\/laboratoria\/pmetgr\/pmetgr-05.png<\/span> <\/a><a data-fancybox-group=\"button\" title=\"Prasy do inkludowania\" data-fancybox=\"6857\" href=\"https:\/\/us.edu.pl\/instytut\/iim\/wp-content\/uploads\/sites\/42\/obrazy-strony\/laboratoria\/pmetgr\/pmetgr-06.png\" class=\"gallery__item thumbnail\"\r\n                                    style=\"background-image: url(https:\/\/us.edu.pl\/instytut\/iim\/wp-content\/uploads\/sites\/42\/obrazy-strony\/laboratoria\/pmetgr\/pmetgr-06-1024x575.png)\"> <span class=\"d-none\">https:\/\/us.edu.pl\/instytut\/iim\/wp-content\/uploads\/sites\/42\/obrazy-strony\/laboratoria\/pmetgr\/pmetgr-06.png<\/span> <\/a><a data-fancybox-group=\"button\" title=\"Polerka automatyczna, jednotalerzowa\" data-fancybox=\"6857\" href=\"https:\/\/us.edu.pl\/instytut\/iim\/wp-content\/uploads\/sites\/42\/obrazy-strony\/laboratoria\/pmetgr\/pmetgr-07.png\" class=\"gallery__item thumbnail\"\r\n                                    style=\"background-image: url(https:\/\/us.edu.pl\/instytut\/iim\/wp-content\/uploads\/sites\/42\/obrazy-strony\/laboratoria\/pmetgr\/pmetgr-07-1024x575.png)\"> <span class=\"d-none\">https:\/\/us.edu.pl\/instytut\/iim\/wp-content\/uploads\/sites\/42\/obrazy-strony\/laboratoria\/pmetgr\/pmetgr-07.png<\/span> <\/a>\r\n                            <\/div>\r\n                    <\/div>\r\n                <\/div>[\/vc_column][\/vc_row]<\/p>","protected":false},"excerpt":{"rendered":"<p>[vc_row el_class=&#8221;container&#8221;][vc_column][vc_tta_tour][vc_tta_section title=&#8221;O laboratorium&#8221; tab_id=&#8221;1645113822652-dbfa6435-85b9&#8243;][\/vc_tta_section][vc_tta_section title=&#8221;Wyposa\u017cenie&#8221; tab_id=&#8221;1645113822678-51a69647-60ce&#8221;][\/vc_tta_section][vc_tta_section title=&#8221;Kontakt&#8221; tab_id=&#8221;1645114857460-4a308e45-b163&#8243;][\/vc_tta_section][\/vc_tta_tour][\/vc_column][\/vc_row] [&#8230;]<\/p>\n<p><a class=\"btn btn-secondary understrap-read-more-link\" href=\"https:\/\/us.edu.pl\/instytut\/iim\/osoby\/wygoda-roksana\/\">Read More&#8230;<\/a><\/p>\n","protected":false},"author":825,"featured_media":4326,"parent":691,"menu_order":20,"comment_status":"closed","ping_status":"closed","template":"","meta":{"_expiration-date-status":"","_expiration-date":0,"_expiration-date-type":"","_expiration-date-categories":[],"_expiration-date-options":[]},"acf":[],"_links":{"self":[{"href":"https:\/\/us.edu.pl\/instytut\/iim\/wp-json\/wp\/v2\/pages\/4333"}],"collection":[{"href":"https:\/\/us.edu.pl\/instytut\/iim\/wp-json\/wp\/v2\/pages"}],"about":[{"href":"https:\/\/us.edu.pl\/instytut\/iim\/wp-json\/wp\/v2\/types\/page"}],"author":[{"embeddable":true,"href":"https:\/\/us.edu.pl\/instytut\/iim\/wp-json\/wp\/v2\/users\/825"}],"replies":[{"embeddable":true,"href":"https:\/\/us.edu.pl\/instytut\/iim\/wp-json\/wp\/v2\/comments?post=4333"}],"version-history":[{"count":3,"href":"https:\/\/us.edu.pl\/instytut\/iim\/wp-json\/wp\/v2\/pages\/4333\/revisions"}],"predecessor-version":[{"id":4536,"href":"https:\/\/us.edu.pl\/instytut\/iim\/wp-json\/wp\/v2\/pages\/4333\/revisions\/4536"}],"up":[{"embeddable":true,"href":"https:\/\/us.edu.pl\/instytut\/iim\/wp-json\/wp\/v2\/pages\/691"}],"wp:featuredmedia":[{"embeddable":true,"href":"https:\/\/us.edu.pl\/instytut\/iim\/wp-json\/wp\/v2\/media\/4326"}],"wp:attachment":[{"href":"https:\/\/us.edu.pl\/instytut\/iim\/wp-json\/wp\/v2\/media?parent=4333"}],"curies":[{"name":"wp","href":"https:\/\/api.w.org\/{rel}","templated":true}]}}