{"id":4390,"date":"2026-01-07T18:12:48","date_gmt":"2026-01-07T17:12:48","guid":{"rendered":"https:\/\/us.edu.pl\/instytut\/iim\/?page_id=4390"},"modified":"2026-01-07T18:17:43","modified_gmt":"2026-01-07T17:17:43","slug":"laboratorium-spektroskopii-absorpcji-atomowej","status":"publish","type":"page","link":"https:\/\/us.edu.pl\/instytut\/iim\/nauka-badania\/laboratoria-pracownie\/laboratorium-spektroskopii-absorpcji-atomowej\/","title":{"rendered":"Laboratorium Spektroskopii Absorpcji Atomowej"},"content":{"rendered":"<p>[vc_row el_class=&#8221;container&#8221;][vc_column][vc_tta_tour][vc_tta_section title=&#8221;O laboratorium&#8221; tab_id=&#8221;1645113822652-dbfa6435-85b9&#8243;]\r\n                <div class=\"text-modules\">\r\n                    <div class=\"container\">\r\n                        \r\n                        <div class=\"text-modules__content\"><p>W pracowni prowadzone s\u0105 precyzyjne analizy ilo\u015bciowe pierwiastk\u00f3w chemicznych z wykorzystaniem spektrometru absorpcji atomowej (AAS). Technika ta umo\u017cliwia dok\u0142adne oznaczanie metali i wybranych niemetali w \u015bladowych ilo\u015bciach w pr\u00f3bkach ciek\u0142ych i sta\u0142ych. Dzi\u0119ki wysokiej czu\u0142o\u015bci, selektywno\u015bci i powtarzalno\u015bci pomiar\u00f3w, metoda AAS stanowi niezast\u0105pione narz\u0119dzie w badaniach materia\u0142owych, \u015brodowiskowych oraz biologicznych. Zasada dzia\u0142ania spektrometru opiera si\u0119 na absorpcji promieniowania o charakterystycznej d\u0142ugo\u015bci fali przez wolne atomy danego pierwiastka. Pr\u00f3bka wprowadzana jest do atomizera, gdzie ulega rozbiciu na atomy w fazie gazowej, a mierzona absorbancja jest proporcjonalna do st\u0119\u017cenia analizowanego pierwiastka. Dla ka\u017cdego z nich stosowana jest dedykowana lampa katodowa emituj\u0105ca promieniowanie o okre\u015blonej d\u0142ugo\u015bci fali, co zapewnia wysok\u0105 dok\u0142adno\u015b\u0107 i selektywno\u015b\u0107 oznacze\u0144.<\/p>\n<\/div>\r\n                    <\/div>\r\n                <\/div>[\/vc_tta_section][vc_tta_section title=&#8221;Wyposa\u017cenie&#8221; tab_id=&#8221;1645113822678-51a69647-60ce&#8221;]\r\n                <div class=\"text-modules\">\r\n                    <div class=\"container\">\r\n                        \r\n                        <div class=\"text-modules__content\"><\/p>\n<ul>\n<li><strong>Spektrometr absorpcji atomowej iCE 3500 (Spectro-Lab)<\/strong><\/li>\n<\/ul>\n<p style=\"padding-left: 40px;\">Spektrometr serii iCE 3000 wyposa\u017cony jest w modu\u0142 p\u0142omieniowy i piec grafitowy, co umo\u017cliwia ilo\u015bciowe oznaczanie metali i wybranych niemetali (Cu, Ag, Au, Fe, Co, Pb, Zn, Ca\/Mg, Ni, Ti, P) w pr\u00f3bkach r\u00f3\u017cnego typu, w tym roztworach wodnych, ekstraktach \u015brodowiskowych, pr\u00f3bkach biologicznych, materia\u0142ach sta\u0142ych po mineralizacji oraz zawiesinach. Urz\u0105dzenie posiada automatyczny, dwuwi\u0105zkowy uk\u0142ad optyczny z sze\u015bciopozycyjnym zmieniaczem lamp, monochromator Eberta o wysokiej rozdzielczo\u015bci oraz fotopowielacz pracuj\u0105cy w zakresie 180\u2013900 nm. System oferuje komputerowo sterowany dob\u00f3r d\u0142ugo\u015bci fali, automatyczne wyszukiwanie pik\u00f3w oraz korekcj\u0119 t\u0142a metod\u0105 QuadLine. Tytanowy palnik (50 mm) z laminarnym przep\u0142ywem i regulowanym k\u0105tem pracy umo\u017cliwia pomiary w p\u0142omieniu acetylen\/powietrze lub acetylen\/podtlenek azotu, zapewniaj\u0105c wysok\u0105 czu\u0142o\u015b\u0107 i stabilno\u015b\u0107 pomiarow\u0105.<\/p>\n<ul>\n<li><strong>Mineralizator mikrofalowy ETHOS LEAN (Milestone)<\/strong><\/li>\n<\/ul>\n<p style=\"padding-left: 40px;\">Urz\u0105dzenie przeznaczone jest do szybkiej i bezpiecznej mineralizacji pr\u00f3bek w zamkni\u0119tych naczyniach ci\u015bnieniowych. Komora ze stali kwasoodpornej pokryta PTFE oraz mechaniczny dyfuzor zapewniaj\u0105 r\u00f3wnomierne rozprowadzenie mikrofal. Dwa magnetrony o \u0142\u0105cznej mocy 1900 W oraz czujnik podczerwieni (IR) umo\u017cliwiaj\u0105 dynamiczn\u0105 kontrol\u0119 temperatury do 300\u00b0C. Rotor 14-pozycyjny z naczyniami TFM (100 ml, 35 bar, 300\u00b0C) wyposa\u017cony jest w system kontroli ci\u015bnienia, co pozwala na kontynuacj\u0119 procesu bez przerywania cyklu. Urz\u0105dzenie spe\u0142nia normy EN61010 i EN61326 oraz jest zgodne z metodami US EPA 3051A, 3052, 3546 i ASTM D6010.<\/p>\n<ul>\n<li><strong>Blok temperaturowy DigiBlock ED36S (LabTech)<\/strong><\/li>\n<\/ul>\n<p style=\"padding-left: 40px;\">Blok temperaturowy umo\u017cliwia r\u00f3wnomierne ogrzewanie pr\u00f3bek w zakresie od temperatury pokojowej do 210\u00b0C z precyzyjn\u0105 stabilizacj\u0105 \u0394T = \u00b10,2\u00b0C. Umo\u017cliwia jednoczesn\u0105 obr\u00f3bk\u0119 do 32 prob\u00f3wek o pojemno\u015bci 50 ml zgodnie z metodami EPA i innymi standardami mi\u0119dzynarodowymi. Stalowa powierzchnia grzejna zapewnia r\u00f3wnomiern\u0105 dystrybucj\u0119 ciep\u0142a, a zastosowanie jednorazowych prob\u00f3wek polipropylenowych o niskim tle zanieczyszcze\u0144, eliminuje konieczno\u015b\u0107 wst\u0119pnego trawienia kwasami.<\/p>\n<p>\n<\/div>\r\n                    <\/div>\r\n                <\/div>[\/vc_tta_section][vc_tta_section title=&#8221;Kontakt&#8221; tab_id=&#8221;1645114857460-4a308e45-b163&#8243;]<div class='container'><div class=\"people-section\"><div class=\"section-title\">Kierownik laboratorium: <\/div><div class=\"people-loop people-loop_2\">\r\n            <div  class=\"people-loop-post\">\r\n               \r\n               <div class=\"people-loop-post__content\" >\r\n                     <div class=\"people-loop-post__prof\" >   <\/div >\r\n                     <div class=\"people-loop-post__title\" > Dulski Mateusz<\/div >\r\n                     <div class=\"people-loop-post__position\" > <\/div >\r\n                     <a class=\"link-button\"  href=\"https:\/\/us.edu.pl\/instytut\/iim\/osoby\/dulski-mateusz\/\">Biogram<\/a>\r\n               <\/div>\r\n            <\/div> <\/div><\/div><\/div>\r\n                <div class=\"text-modules\">\r\n                    <div class=\"container\">\r\n                        \r\n                        <div class=\"text-modules__content\"><p>mgr Aleksandra Strach<\/p>\n<\/div>\r\n                    <\/div>\r\n                <\/div>[\/vc_tta_section][\/vc_tta_tour]            \r\n                    <div class=\"container\">\r\n                        <div class=\"gallery gallery_2\" data-images-in-row=\"2\">\r\n                            <div class=\"section-title section-title_border-bottom\">Galeria<\/div>\r\n                            <div class=\"row m-0\">\r\n                                <a data-fancybox-group=\"button\" title=\"Mineralizator mikrofalowy ETHOS LEAN wraz z butlami zawieraj\u0105cymi gazy niezb\u0119dne do przeprowadzania analiz\" data-fancybox=\"6181\" href=\"https:\/\/us.edu.pl\/instytut\/iim\/wp-content\/uploads\/sites\/42\/obrazy-strony\/laboratoria\/lsaa\/lsaa-01-scaled.jpg\" class=\"gallery__item thumbnail\"\r\n                                    style=\"background-image: url(https:\/\/us.edu.pl\/instytut\/iim\/wp-content\/uploads\/sites\/42\/obrazy-strony\/laboratoria\/lsaa\/lsaa-01-768x1024.jpg)\"> <span class=\"d-none\">https:\/\/us.edu.pl\/instytut\/iim\/wp-content\/uploads\/sites\/42\/obrazy-strony\/laboratoria\/lsaa\/lsaa-01-scaled.jpg<\/span> <\/a><a data-fancybox-group=\"button\" title=\"Spektrometr absorpcji atomowej iCE 3500 wyposa\u017cony w kuwet\u0119 p\u0142omieniow\u0105 oraz piec grafitowy\" data-fancybox=\"6181\" href=\"https:\/\/us.edu.pl\/instytut\/iim\/wp-content\/uploads\/sites\/42\/obrazy-strony\/laboratoria\/lsaa\/lsaa-02-scaled.jpg\" class=\"gallery__item thumbnail\"\r\n                                    style=\"background-image: url(https:\/\/us.edu.pl\/instytut\/iim\/wp-content\/uploads\/sites\/42\/obrazy-strony\/laboratoria\/lsaa\/lsaa-02-768x1024.jpg)\"> <span class=\"d-none\">https:\/\/us.edu.pl\/instytut\/iim\/wp-content\/uploads\/sites\/42\/obrazy-strony\/laboratoria\/lsaa\/lsaa-02-scaled.jpg<\/span> <\/a>\r\n                            <\/div>\r\n                    <\/div>\r\n                <\/div>[\/vc_column][\/vc_row]<\/p>","protected":false},"excerpt":{"rendered":"<p>[vc_row el_class=&#8221;container&#8221;][vc_column][vc_tta_tour][vc_tta_section title=&#8221;O laboratorium&#8221; tab_id=&#8221;1645113822652-dbfa6435-85b9&#8243;][\/vc_tta_section][vc_tta_section title=&#8221;Wyposa\u017cenie&#8221; tab_id=&#8221;1645113822678-51a69647-60ce&#8221;][\/vc_tta_section][vc_tta_section title=&#8221;Kontakt&#8221; tab_id=&#8221;1645114857460-4a308e45-b163&#8243;][\/vc_tta_section][\/vc_tta_tour][\/vc_column][\/vc_row] [&#8230;]<\/p>\n<p><a class=\"btn btn-secondary understrap-read-more-link\" href=\"https:\/\/us.edu.pl\/instytut\/iim\/osoby\/wygoda-roksana\/\">Read More&#8230;<\/a><\/p>\n","protected":false},"author":825,"featured_media":4389,"parent":691,"menu_order":20,"comment_status":"closed","ping_status":"closed","template":"","meta":{"_expiration-date-status":"","_expiration-date":0,"_expiration-date-type":"","_expiration-date-categories":[],"_expiration-date-options":[]},"acf":[],"_links":{"self":[{"href":"https:\/\/us.edu.pl\/instytut\/iim\/wp-json\/wp\/v2\/pages\/4390"}],"collection":[{"href":"https:\/\/us.edu.pl\/instytut\/iim\/wp-json\/wp\/v2\/pages"}],"about":[{"href":"https:\/\/us.edu.pl\/instytut\/iim\/wp-json\/wp\/v2\/types\/page"}],"author":[{"embeddable":true,"href":"https:\/\/us.edu.pl\/instytut\/iim\/wp-json\/wp\/v2\/users\/825"}],"replies":[{"embeddable":true,"href":"https:\/\/us.edu.pl\/instytut\/iim\/wp-json\/wp\/v2\/comments?post=4390"}],"version-history":[{"count":3,"href":"https:\/\/us.edu.pl\/instytut\/iim\/wp-json\/wp\/v2\/pages\/4390\/revisions"}],"predecessor-version":[{"id":4393,"href":"https:\/\/us.edu.pl\/instytut\/iim\/wp-json\/wp\/v2\/pages\/4390\/revisions\/4393"}],"up":[{"embeddable":true,"href":"https:\/\/us.edu.pl\/instytut\/iim\/wp-json\/wp\/v2\/pages\/691"}],"wp:featuredmedia":[{"embeddable":true,"href":"https:\/\/us.edu.pl\/instytut\/iim\/wp-json\/wp\/v2\/media\/4389"}],"wp:attachment":[{"href":"https:\/\/us.edu.pl\/instytut\/iim\/wp-json\/wp\/v2\/media?parent=4390"}],"curies":[{"name":"wp","href":"https:\/\/api.w.org\/{rel}","templated":true}]}}