{"id":4397,"date":"2026-01-09T15:54:40","date_gmt":"2026-01-09T14:54:40","guid":{"rendered":"https:\/\/us.edu.pl\/instytut\/iim\/?page_id=4397"},"modified":"2026-01-12T15:57:46","modified_gmt":"2026-01-12T14:57:46","slug":"laboratorium-transmisyjnej-mikroskopii-elektronowej-l-tme","status":"publish","type":"page","link":"https:\/\/us.edu.pl\/instytut\/iim\/nauka-badania\/laboratoria-pracownie\/laboratorium-transmisyjnej-mikroskopii-elektronowej-l-tme\/","title":{"rendered":"Laboratorium Transmisyjnej Mikroskopii Elektronowej L-TME"},"content":{"rendered":"<p>[vc_row el_class=&#8221;container&#8221;][vc_column][vc_tta_tour][vc_tta_section title=&#8221;O laboratorium&#8221; tab_id=&#8221;1645113822652-dbfa6435-85b9&#8243;]\r\n                <div class=\"text-modules\">\r\n                    <div class=\"container\">\r\n                        \r\n                        <div class=\"text-modules__content\"><p>Laboratorium Transmisyjnej Mikroskopii Elektronowej (L-TME) posiada akredytacj\u0119 PCA\u00a0 (Polskie Centrum Akredytacji) oraz ILAC (International Laboratory Accreditation Cooperation)\u00a0 (nr akredytacji AB1332) na badania struktury prowadzone przy wykorzystaniu transmisyjnej mikroskopii elektronowej TEM (ang. Transmission Electron Microscopy).<\/p>\n<p><strong>Mo\u017cliwo\u015bci badawcze<\/strong><\/p>\n<p>Akredytowane Laboratorium Transmisyjnej Mikroskopii Elektronowej oferuje badania materia\u0142\u00f3w w mikro i nano skali. Wykonuje szeroko poj\u0119te badania mikroskopowe mikrostruktury w jasnym i ciemnym polu materia\u0142\u00f3w konstrukcyjnych, materia\u0142\u00f3w metalicznych, stop\u00f3w metali, kompozyt\u00f3w czy ceramik. Prowadzone s\u0105 tak\u017ce badania umo\u017cliwiaj\u0105ce identyfikacj\u0119 faz przy wykorzystaniu dyfrakcji elektron\u00f3w.<\/p>\n<p>Mikroskop pozwala na uzyskiwanie obraz\u00f3w o rozdzielczo\u015bci rz\u0119du 1.4 \u00c5, co pozwala na prowadzenie szczeg\u00f3\u0142owych bada\u0144 wzgl\u0119dnego rozmieszczenia atom\u00f3w badanego materia\u0142u czy te\u017c jego struktury defektowej.<\/p>\n<p>W badaniach wykorzystujemy techniki m.in.: precesji wi\u0105zki elektron\u00f3w (PED), wysokorozdzielczej mikroskopii elektronowej (HREM) z mo\u017cliwo\u015bci\u0105 okre\u015blania sk\u0142adu chemicznego w nanoobszarach (EDS).<\/p>\n<p>Mo\u017cliwe jest r\u00f3wnie\u017c wykonanie in situ bada\u0144 struktury w niskich temperaturach (od temp. ciek\u0142ego azotu do 100<sup>o<\/sup>C w transmisyjnym mikroskopie elektronowym.<\/p>\n<p><strong>Zastosowanie <\/strong>(materia\u0142y)<\/p>\n<p>W badaniach wszystkich grup materia\u0142\u00f3w in\u017cynierskich (metale, stopy, ceramika, polimery, kompozyty). W badaniach biologicznych i geologicznych.<\/p>\n<p><strong>Specyfika bada\u0144<\/strong> (pr\u00f3bki)<\/p>\n<p>W badaniach TEM wykorzystywane s\u0105 jako pr\u00f3bki (g\u0142\u00f3wnie tzw. cienkie folie) otrzymywane metodami polerowania mechanicznego, elektrolitycznego oraz jonowego.<\/p>\n<\/div>\r\n                    <\/div>\r\n                <\/div>[\/vc_tta_section][vc_tta_section title=&#8221;Wyposa\u017cenie&#8221; tab_id=&#8221;1645113822678-51a69647-60ce&#8221;]\r\n                <div class=\"text-modules\">\r\n                    <div class=\"container\">\r\n                        \r\n                        <div class=\"text-modules__content\"><\/p>\n<ul>\n<li><strong>Wysokorozdzielczy, transmisyjny mikroskop elektronowy JEOL JEM3010 &#8211;<\/strong> unikatowe narz\u0119dzie badawcze umo\u017cliwiaj\u0105ce bezpo\u015brednie obrazowanie budowy badanych materia\u0142\u00f3w z rozdzielczo\u015bci\u0105 atomow\u0105.<\/li>\n<li>Wyposa\u017cenie mikroskopu:\n<ul>\n<li>nowoczesny <strong>bezokienkowy detektor EDS<\/strong> do analizy sk\u0142adu chemicznego w nanoobszarach, wykonany w technologii SDD ch\u0142odzony modu\u0142em Peltiera z kryszta\u0142em analizuj\u0105cym o powierzchni 70mm<sup>2<\/sup> i rozdzielczo\u015bci 127 eV@MnK<sub>\u03b1<\/sub><\/li>\n<li>uk\u0142ad do precesji wi\u0105zki elektronowej firmy <strong>Nanomegas<\/strong>,<\/li>\n<li>uchwyt do ch\u0142odzenia pr\u00f3bki do temperatur ciek\u0142ego azotu.<\/li>\n<\/ul>\n<\/li>\n<\/ul>\n<p>\n<\/div>\r\n                    <\/div>\r\n                <\/div>[\/vc_tta_section][vc_tta_section title=&#8221;Kontakt&#8221; tab_id=&#8221;1645114857460-4a308e45-b163&#8243;]<div class='container'><div class=\"people-section\"><div class=\"section-title\">Kierownik laboratorium: <\/div><div class=\"people-loop people-loop_2\">\r\n            <div  class=\"people-loop-post\">\r\n               \r\n               <div class=\"people-loop-post__content\" >\r\n                     <div class=\"people-loop-post__prof\" >   <\/div >\r\n                     <div class=\"people-loop-post__title\" > Prusik Krystian<\/div >\r\n                     <div class=\"people-loop-post__position\" > <\/div >\r\n                     <a class=\"link-button\"  href=\"https:\/\/us.edu.pl\/instytut\/iim\/osoby\/prusik-krystian\/\">Biogram<\/a>\r\n               <\/div>\r\n            <\/div> <\/div><\/div><\/div>[\/vc_tta_section][\/vc_tta_tour][\/vc_column][\/vc_row]<\/p>","protected":false},"excerpt":{"rendered":"<p>[vc_row el_class=&#8221;container&#8221;][vc_column][vc_tta_tour][vc_tta_section title=&#8221;O laboratorium&#8221; tab_id=&#8221;1645113822652-dbfa6435-85b9&#8243;][\/vc_tta_section][vc_tta_section title=&#8221;Wyposa\u017cenie&#8221; tab_id=&#8221;1645113822678-51a69647-60ce&#8221;][\/vc_tta_section][vc_tta_section title=&#8221;Kontakt&#8221; tab_id=&#8221;1645114857460-4a308e45-b163&#8243;][\/vc_tta_section][\/vc_tta_tour][\/vc_column][\/vc_row] [&#8230;]<\/p>\n<p><a class=\"btn btn-secondary understrap-read-more-link\" href=\"https:\/\/us.edu.pl\/instytut\/iim\/osoby\/wygoda-roksana\/\">Read More&#8230;<\/a><\/p>\n","protected":false},"author":825,"featured_media":0,"parent":691,"menu_order":20,"comment_status":"closed","ping_status":"closed","template":"","meta":{"_expiration-date-status":"","_expiration-date":0,"_expiration-date-type":"","_expiration-date-categories":[],"_expiration-date-options":[]},"acf":[],"_links":{"self":[{"href":"https:\/\/us.edu.pl\/instytut\/iim\/wp-json\/wp\/v2\/pages\/4397"}],"collection":[{"href":"https:\/\/us.edu.pl\/instytut\/iim\/wp-json\/wp\/v2\/pages"}],"about":[{"href":"https:\/\/us.edu.pl\/instytut\/iim\/wp-json\/wp\/v2\/types\/page"}],"author":[{"embeddable":true,"href":"https:\/\/us.edu.pl\/instytut\/iim\/wp-json\/wp\/v2\/users\/825"}],"replies":[{"embeddable":true,"href":"https:\/\/us.edu.pl\/instytut\/iim\/wp-json\/wp\/v2\/comments?post=4397"}],"version-history":[{"count":7,"href":"https:\/\/us.edu.pl\/instytut\/iim\/wp-json\/wp\/v2\/pages\/4397\/revisions"}],"predecessor-version":[{"id":4531,"href":"https:\/\/us.edu.pl\/instytut\/iim\/wp-json\/wp\/v2\/pages\/4397\/revisions\/4531"}],"up":[{"embeddable":true,"href":"https:\/\/us.edu.pl\/instytut\/iim\/wp-json\/wp\/v2\/pages\/691"}],"wp:attachment":[{"href":"https:\/\/us.edu.pl\/instytut\/iim\/wp-json\/wp\/v2\/media?parent=4397"}],"curies":[{"name":"wp","href":"https:\/\/api.w.org\/{rel}","templated":true}]}}