{"id":4409,"date":"2026-01-09T16:21:16","date_gmt":"2026-01-09T15:21:16","guid":{"rendered":"https:\/\/us.edu.pl\/instytut\/iim\/?page_id=4409"},"modified":"2026-01-09T16:21:45","modified_gmt":"2026-01-09T15:21:45","slug":"laboratorium-tribologii-i-badan-eksploatacyjnych","status":"publish","type":"page","link":"https:\/\/us.edu.pl\/instytut\/iim\/nauka-badania\/laboratoria-pracownie\/laboratorium-tribologii-i-badan-eksploatacyjnych\/","title":{"rendered":"Laboratorium tribologii i bada\u0144 eksploatacyjnych"},"content":{"rendered":"<p>[vc_row el_class=&#8221;container&#8221;][vc_column][vc_tta_tour][vc_tta_section title=&#8221;O laboratorium&#8221; tab_id=&#8221;1645113822652-dbfa6435-85b9&#8243;]\r\n                <div class=\"text-modules\">\r\n                    <div class=\"container\">\r\n                        \r\n                        <div class=\"text-modules__content\"><p>Dob\u00f3r materia\u0142\u00f3w na elementy wsp\u00f3\u0142pracuj\u0105ce tribologicznie powinien opiera\u0107 si\u0119 na badaniach wykonywanych w warunkach najbardziej zbli\u017conych do warunk\u00f3w rzeczywistych, a zatem w\u0119ze\u0142 tarcia powinien najdok\u0142adniej odwzorowywa\u0107 rzeczywiste skojarzenie.<\/p>\n<p>W laboratorium prowadzone s\u0105 badania w\u0142a\u015bciwo\u015bci tribologicznych materia\u0142\u00f3w wsp\u00f3\u0142pracuj\u0105cych \u015blizgowo w ruchu posuwisto-zwrotnym, obrotowym lub cyklicznym w warunkach tarcia technicznie suchego lub przy smarowaniu ci\u0105g\u0142ym i okresowym (mg\u0142\u0105 olejow\u0105). Badania mog\u0105 by\u0107 prowadzone w sta\u0142ej temperaturze otoczenia i przy sta\u0142ej wilgotno\u015bci powietrza, co jest kluczowe w przypadku skojarze\u0144 tarciowych. Wyniki pomiar\u00f3w dostarczaj\u0105 informacji na temat si\u0142y tarcia, wsp\u00f3\u0142czynnika tarcia oraz zu\u017cycia liniowego w\u0119z\u0142a tarcia. Celem uzupe\u0142nienia informacji o badanym skojarzeniu istnieje mo\u017cliwo\u015b\u0107 analizy powierzchni wsp\u00f3\u0142pracy oraz produkt\u00f3w zu\u017cycia z u\u017cyciem mikroskopu optycznego i wagi analitycznej.<\/p>\n<\/div>\r\n                    <\/div>\r\n                <\/div>[\/vc_tta_section][vc_tta_section title=&#8221;Wyposa\u017cenie&#8221; tab_id=&#8221;1645113822678-51a69647-60ce&#8221;]\r\n                <div class=\"text-modules\">\r\n                    <div class=\"container\">\r\n                        \r\n                        <div class=\"text-modules__content\"><p>Wyposa\u017cenie laboratorium:<\/p>\n<ul>\n<li><strong>Tester tribologiczny T-17 typu trzpie\u0144-p\u0142ytka<\/strong> przeznaczony do badania charakterystyk tribologicznych skojarze\u0144 materia\u0142owych wsp\u00f3\u0142pracuj\u0105cych \u015blizgowo w ruchu posuwisto-zwrotnym, ze szczeg\u00f3lnym uwzgl\u0119dnieniem materia\u0142\u00f3w przeznaczonych do zastosowa\u0144 w in\u017cynierskich uk\u0142adach kinematycznych oraz na elementy protez staw\u00f3w cz\u0142owieka, np. polimer\u00f3w. Urz\u0105dzenie T-17 umo\u017cliwia prowadzenie bada\u0144 zgodnie z wymogami normy ASTM F 732. Skojarzenie badawcze sk\u0142ada si\u0119 z nieruchomego trzpienia dociskanego si\u0142\u0105 P do p\u0142ytki wykonuj\u0105cej ruch posuwisto-zwrotny z zadan\u0105 cz\u0119stotliwo\u015bci\u0105 i amplitud\u0105<\/li>\n<li><strong>Tester tribologiczny T-01M typu trzpie\u0144\/kula-tarcza<\/strong> przeznaczony do oceny w\u0142a\u015bciwo\u015bci tribologicznych materia\u0142\u00f3w u\u017cywanych na elementy maszyn i urz\u0105dze\u0144 stanowi\u0105ce w\u0119ze\u0142 tarcia. Za pomoc\u0105 T01M mo\u017ce by\u0107 okre\u015blona odporno\u015b\u0107 na zu\u017cycie i wsp\u00f3\u0142czynnik tarcia materia\u0142u przy wsp\u00f3\u0142pracy \u015blizgowej, w zale\u017cno\u015bci od pr\u0119dko\u015bci po\u015blizgu, nacisk\u00f3w powierzchniowych, obecno\u015bci i rodzaju \u015brodka smarowego, zanieczyszcze\u0144 i innych czynnik\u00f3w. Tester T-01M pozwala na prowadzenie bada\u0144 zgodnie z metodami okre\u015blonymi w normach ASTM G99 oraz DIN 50324<\/li>\n<li><strong>Tester tribologiczny T05 typu rolka-klocek<\/strong> jest przeznaczony do badania odporno\u015bci na zu\u017cycie w trakcie tarcia metali i tworzyw sztucznych oraz do badania odporno\u015bci na zacieranie pow\u0142ok niskotarciowych nanoszonych na wysokoobci\u0105\u017cone elementy maszyn, a tak\u017ce do okre\u015blania w\u0142asno\u015bci olej\u00f3w i smar\u00f3w. Tester T-05 pozwala na przeprowadzenie bada\u0144 zgodnych z metodami okre\u015blonymi w normach: ASTM D 2714, D 3704, D 2981 i G 77. Skojarzenie testowe stanowi nieruchoma pr\u00f3bka w postaci klocka dociskana si\u0142\u0105 P do obracaj\u0105cej si\u0119 rolki tworz\u0105c styk liniowy lub roz\u0142o\u017cony. Test odbywa si\u0119 kierunkowo lub oscylacyjnie (cz\u0119stotliwo\u015b\u0107 i amplituda).<\/li>\n<li>Stanowisko automatycznego smarowania pozwala na wsp\u00f3\u0142prac\u0119 uk\u0142adu smarowania (smarowanie mg\u0142\u0105 olejow\u0105) z dowolnymi testerami tribologicznymi<\/li>\n<li>Szlifierko-polerka Saphir<\/li>\n<li>Kontroler Compulab z pomp\u0105 perystaltyczn\u0105<\/li>\n<li>Przyrz\u0105d do mierzenia grubo\u015bci pow\u0142ok Fisherscope<\/li>\n<li>Myjka ultrad\u017awi\u0119kowa IS1<\/li>\n<li>\u0141a\u017ania wodna LW102M<\/li>\n<li>Waga analityczna WGA-60G<\/li>\n<li>Mikroskop Olympus BX 60M<\/li>\n<\/ul>\n<p>\n<\/div>\r\n                    <\/div>\r\n                <\/div>[\/vc_tta_section][vc_tta_section title=&#8221;Kontakt&#8221; tab_id=&#8221;1645114857460-4a308e45-b163&#8243;]<div class='container'><div class=\"people-section\"><div class=\"section-title\">Kierownik laboratorium: <\/div><div class=\"people-loop people-loop_2\">\r\n            <div  class=\"people-loop-post\">\r\n               \r\n               <div class=\"people-loop-post__content\" >\r\n                     <div class=\"people-loop-post__prof\" >   <\/div >\r\n                     <div class=\"people-loop-post__title\" > Bara Marek<\/div >\r\n                     <div class=\"people-loop-post__position\" > <\/div >\r\n                     <a class=\"link-button\"  href=\"https:\/\/us.edu.pl\/instytut\/iim\/osoby\/bara-marek\/\">Biogram<\/a>\r\n               <\/div>\r\n            <\/div> <\/div><\/div><\/div>[\/vc_tta_section][\/vc_tta_tour]            \r\n                    <div class=\"container\">\r\n                        <div class=\"gallery gallery_2\" data-images-in-row=\"2\">\r\n                            <div class=\"section-title section-title_border-bottom\">Galeria<\/div>\r\n                            <div class=\"row m-0\">\r\n                                <a data-fancybox-group=\"button\" title=\"Mikroskop Olympus BX 60M\" data-fancybox=\"5794\" href=\"https:\/\/us.edu.pl\/instytut\/iim\/wp-content\/uploads\/sites\/42\/obrazy-strony\/laboratoria\/ltbe\/ltbe-01-scaled.jpg\" class=\"gallery__item thumbnail\"\r\n                                    style=\"background-image: url(https:\/\/us.edu.pl\/instytut\/iim\/wp-content\/uploads\/sites\/42\/obrazy-strony\/laboratoria\/ltbe\/ltbe-01-768x1024.jpg)\"> <span class=\"d-none\">https:\/\/us.edu.pl\/instytut\/iim\/wp-content\/uploads\/sites\/42\/obrazy-strony\/laboratoria\/ltbe\/ltbe-01-scaled.jpg<\/span> <\/a><a data-fancybox-group=\"button\" title=\"Tester tribologiczny T-01M \" data-fancybox=\"5794\" href=\"https:\/\/us.edu.pl\/instytut\/iim\/wp-content\/uploads\/sites\/42\/obrazy-strony\/laboratoria\/ltbe\/ltbe-02-scaled.jpg\" class=\"gallery__item thumbnail\"\r\n                                    style=\"background-image: url(https:\/\/us.edu.pl\/instytut\/iim\/wp-content\/uploads\/sites\/42\/obrazy-strony\/laboratoria\/ltbe\/ltbe-02-768x1024.jpg)\"> <span class=\"d-none\">https:\/\/us.edu.pl\/instytut\/iim\/wp-content\/uploads\/sites\/42\/obrazy-strony\/laboratoria\/ltbe\/ltbe-02-scaled.jpg<\/span> <\/a><a data-fancybox-group=\"button\" title=\"Tester tribologiczny T05 \" data-fancybox=\"5794\" href=\"https:\/\/us.edu.pl\/instytut\/iim\/wp-content\/uploads\/sites\/42\/obrazy-strony\/laboratoria\/ltbe\/ltbe-03-scaled.jpg\" class=\"gallery__item thumbnail\"\r\n                                    style=\"background-image: url(https:\/\/us.edu.pl\/instytut\/iim\/wp-content\/uploads\/sites\/42\/obrazy-strony\/laboratoria\/ltbe\/ltbe-03-768x1024.jpg)\"> <span class=\"d-none\">https:\/\/us.edu.pl\/instytut\/iim\/wp-content\/uploads\/sites\/42\/obrazy-strony\/laboratoria\/ltbe\/ltbe-03-scaled.jpg<\/span> <\/a><a data-fancybox-group=\"button\" title=\"Tester tribologiczny T-17 ze stanowiskiem automatycznego smarowania \" data-fancybox=\"5794\" href=\"https:\/\/us.edu.pl\/instytut\/iim\/wp-content\/uploads\/sites\/42\/obrazy-strony\/laboratoria\/ltbe\/ltbe-04-scaled.jpg\" class=\"gallery__item thumbnail\"\r\n                                    style=\"background-image: url(https:\/\/us.edu.pl\/instytut\/iim\/wp-content\/uploads\/sites\/42\/obrazy-strony\/laboratoria\/ltbe\/ltbe-04-1024x768.jpg)\"> <span class=\"d-none\">https:\/\/us.edu.pl\/instytut\/iim\/wp-content\/uploads\/sites\/42\/obrazy-strony\/laboratoria\/ltbe\/ltbe-04-scaled.jpg<\/span> <\/a>\r\n                            <\/div>\r\n                    <\/div>\r\n                <\/div>[\/vc_column][\/vc_row]<\/p>","protected":false},"excerpt":{"rendered":"<p>[vc_row el_class=&#8221;container&#8221;][vc_column][vc_tta_tour][vc_tta_section title=&#8221;O laboratorium&#8221; tab_id=&#8221;1645113822652-dbfa6435-85b9&#8243;][\/vc_tta_section][vc_tta_section title=&#8221;Wyposa\u017cenie&#8221; tab_id=&#8221;1645113822678-51a69647-60ce&#8221;][\/vc_tta_section][vc_tta_section title=&#8221;Kontakt&#8221; tab_id=&#8221;1645114857460-4a308e45-b163&#8243;][\/vc_tta_section][\/vc_tta_tour][\/vc_column][\/vc_row] [&#8230;]<\/p>\n<p><a class=\"btn btn-secondary understrap-read-more-link\" href=\"https:\/\/us.edu.pl\/instytut\/iim\/osoby\/wygoda-roksana\/\">Read More&#8230;<\/a><\/p>\n","protected":false},"author":825,"featured_media":0,"parent":691,"menu_order":20,"comment_status":"closed","ping_status":"closed","template":"","meta":{"_expiration-date-status":"","_expiration-date":0,"_expiration-date-type":"","_expiration-date-categories":[],"_expiration-date-options":[]},"acf":[],"_links":{"self":[{"href":"https:\/\/us.edu.pl\/instytut\/iim\/wp-json\/wp\/v2\/pages\/4409"}],"collection":[{"href":"https:\/\/us.edu.pl\/instytut\/iim\/wp-json\/wp\/v2\/pages"}],"about":[{"href":"https:\/\/us.edu.pl\/instytut\/iim\/wp-json\/wp\/v2\/types\/page"}],"author":[{"embeddable":true,"href":"https:\/\/us.edu.pl\/instytut\/iim\/wp-json\/wp\/v2\/users\/825"}],"replies":[{"embeddable":true,"href":"https:\/\/us.edu.pl\/instytut\/iim\/wp-json\/wp\/v2\/comments?post=4409"}],"version-history":[{"count":2,"href":"https:\/\/us.edu.pl\/instytut\/iim\/wp-json\/wp\/v2\/pages\/4409\/revisions"}],"predecessor-version":[{"id":4411,"href":"https:\/\/us.edu.pl\/instytut\/iim\/wp-json\/wp\/v2\/pages\/4409\/revisions\/4411"}],"up":[{"embeddable":true,"href":"https:\/\/us.edu.pl\/instytut\/iim\/wp-json\/wp\/v2\/pages\/691"}],"wp:attachment":[{"href":"https:\/\/us.edu.pl\/instytut\/iim\/wp-json\/wp\/v2\/media?parent=4409"}],"curies":[{"name":"wp","href":"https:\/\/api.w.org\/{rel}","templated":true}]}}