{"id":4424,"date":"2026-01-09T17:07:31","date_gmt":"2026-01-09T16:07:31","guid":{"rendered":"https:\/\/us.edu.pl\/instytut\/iim\/?page_id=4424"},"modified":"2026-01-09T17:26:31","modified_gmt":"2026-01-09T16:26:31","slug":"zespol-laboratoriow-analityki-molekularnej","status":"publish","type":"page","link":"https:\/\/us.edu.pl\/instytut\/iim\/nauka-badania\/laboratoria-pracownie\/zespol-laboratoriow-analityki-molekularnej\/","title":{"rendered":"Zesp\u00f3\u0142 Laboratori\u00f3w Analityki Molekularnej"},"content":{"rendered":"<p>[vc_row el_class=&#8221;container&#8221;][vc_column][vc_tta_tour][vc_tta_section title=&#8221;O laboratorium&#8221; tab_id=&#8221;1645113822652-dbfa6435-85b9&#8243;]\r\n                <div class=\"text-modules\">\r\n                    <div class=\"container\">\r\n                        \r\n                        <div class=\"text-modules__content\"><p>Nasz zesp\u00f3\u0142 dysponuje nowoczesnym sprz\u0119tem, kt\u00f3ry pozwala na przeprowadzanie zaawansowanych analiz molekularnych i materia\u0142owych.\u00a0 W naszej pracowni znajduje si\u0119 Spektrofotometr IR Tracer 100, kt\u00f3ry jest niezwykle czu\u0142ym urz\u0105dzeniem do badania pr\u00f3bek w podczerwieni w zakresie od 550 do 4000 1\/cm. Dzi\u0119ki przystawce ATR mo\u017cemy analizowa\u0107 zar\u00f3wno cia\u0142a sta\u0142e, jak i ciecze. To narz\u0119dzie pozwala nam wyznacza\u0107 grupy ko\u0144cowe, oznacza\u0107 zawarto\u015b\u0107 wolnych monomer\u00f3w, bada\u0107 krystaliczno\u015b\u0107 oraz analizowa\u0107 sk\u0142ad i zawarto\u015b\u0107 plastyfikator\u00f3w w pr\u00f3bkach.\u00a0 Kolejnym wa\u017cnym urz\u0105dzeniem jest Spektrometr masowy MALDI-ToF AXIMA Performance. To jedno z najbardziej zaawansowanych narz\u0119dzi w dziedzinie spektrometrii mas, kt\u00f3re cechuje si\u0119 wysok\u0105 dok\u0142adno\u015bci\u0105 i czu\u0142o\u015bci\u0105. Umo\u017cliwia nam wyznaczanie mas cz\u0105steczkowych oraz struktur badanych substancji, co jest kluczowe w analizie polimer\u00f3w i materia\u0142\u00f3w biologicznych.\u00a0 Posiadamy tak\u017ce spektrofluorymetr FluoroMax-4, kt\u00f3ry pozwala na rejestrowanie widm emisyjnych i wzbudzeniowych pr\u00f3bek ciek\u0142ych i sta\u0142ych. Dzi\u0119ki pulsacyjnej lampie ksenonowej mo\u017cemy r\u00f3wnie\u017c mierzy\u0107 czasy \u017cycia stan\u00f3w wzbudzonych elektron\u00f3w. To urz\u0105dzenie jest niezast\u0105pione w wykrywaniu i ilo\u015bciowym oznaczaniu \u015bladowych ilo\u015bci luminescencyjnych substancji w badanych pr\u00f3bkach.\u00a0 Razem te narz\u0119dzia tworz\u0105 pot\u0119\u017cny zestaw do analizy molekularnej i materia\u0142owej, pozwalaj\u0105c nam na precyzyjne i wszechstronne badania<\/p>\n<\/div>\r\n                    <\/div>\r\n                <\/div>[\/vc_tta_section][vc_tta_section title=&#8221;Wyposa\u017cenie&#8221; tab_id=&#8221;1645113822678-51a69647-60ce&#8221;]\r\n                <div class=\"text-modules\">\r\n                    <div class=\"container\">\r\n                        \r\n                        <div class=\"text-modules__content\"><\/p>\n<ul>\n<li>Spektrofluorymetr FluoroMax-4<\/li>\n<li>Spektrofotometr IR Tracer<\/li>\n<li>Spektrometr MALDI-ToF AXIMA Performance<\/li>\n<\/ul>\n<p>\n<\/div>\r\n                    <\/div>\r\n                <\/div>[\/vc_tta_section][vc_tta_section title=&#8221;Kontakt&#8221; tab_id=&#8221;1645114857460-4a308e45-b163&#8243;]<div class='container'><div class=\"people-section\"><div class=\"section-title\">Kierownik laboratorium: <\/div><div class=\"people-loop people-loop_2\"><\/div><\/div><\/div>\r\n                <div class=\"text-modules\">\r\n                    <div class=\"container\">\r\n                        \r\n                        <div class=\"text-modules__content\"><p>dr hab. Andrzej Swinarew, prof. U\u015a<\/p>\n<p>&nbsp;<\/p>\n<p>&nbsp;<\/p>\n<p>mgr Jadwiga Gabor<\/p>\n<\/div>\r\n                    <\/div>\r\n                <\/div>[\/vc_tta_section][\/vc_tta_tour]            \r\n                    <div class=\"container\">\r\n                        <div class=\"gallery gallery_2\" data-images-in-row=\"2\">\r\n                            <div class=\"section-title section-title_border-bottom\">Galeria<\/div>\r\n                            <div class=\"row m-0\">\r\n                                <a data-fancybox-group=\"button\" title=\"Spektrofluorymetr FluoroMax-4\" data-fancybox=\"8979\" href=\"https:\/\/us.edu.pl\/instytut\/iim\/wp-content\/uploads\/sites\/42\/obrazy-strony\/laboratoria\/lzam\/lzam-01.jpg\" class=\"gallery__item thumbnail\"\r\n                                    style=\"background-image: url(https:\/\/us.edu.pl\/instytut\/iim\/wp-content\/uploads\/sites\/42\/obrazy-strony\/laboratoria\/lzam\/lzam-01-1024x768.jpg)\"> <span class=\"d-none\">https:\/\/us.edu.pl\/instytut\/iim\/wp-content\/uploads\/sites\/42\/obrazy-strony\/laboratoria\/lzam\/lzam-01.jpg<\/span> <\/a><a data-fancybox-group=\"button\" title=\"Spektrofotometr IR Tracer 100\" data-fancybox=\"8979\" href=\"https:\/\/us.edu.pl\/instytut\/iim\/wp-content\/uploads\/sites\/42\/obrazy-strony\/laboratoria\/lzam\/lzam-02.jpg\" class=\"gallery__item thumbnail\"\r\n                                    style=\"background-image: url(https:\/\/us.edu.pl\/instytut\/iim\/wp-content\/uploads\/sites\/42\/obrazy-strony\/laboratoria\/lzam\/lzam-02.jpg)\"> <span class=\"d-none\">https:\/\/us.edu.pl\/instytut\/iim\/wp-content\/uploads\/sites\/42\/obrazy-strony\/laboratoria\/lzam\/lzam-02.jpg<\/span> <\/a><a data-fancybox-group=\"button\" title=\"Spektrometr MALDI-ToF AXIMA Performance\" data-fancybox=\"8979\" href=\"https:\/\/us.edu.pl\/instytut\/iim\/wp-content\/uploads\/sites\/42\/obrazy-strony\/laboratoria\/lzam\/lzam-03.jpg\" class=\"gallery__item thumbnail\"\r\n                                    style=\"background-image: url(https:\/\/us.edu.pl\/instytut\/iim\/wp-content\/uploads\/sites\/42\/obrazy-strony\/laboratoria\/lzam\/lzam-03.jpg)\"> <span class=\"d-none\">https:\/\/us.edu.pl\/instytut\/iim\/wp-content\/uploads\/sites\/42\/obrazy-strony\/laboratoria\/lzam\/lzam-03.jpg<\/span> <\/a>\r\n                            <\/div>\r\n                    <\/div>\r\n                <\/div>[\/vc_column][\/vc_row]<\/p>","protected":false},"excerpt":{"rendered":"<p>[vc_row el_class=&#8221;container&#8221;][vc_column][vc_tta_tour][vc_tta_section title=&#8221;O laboratorium&#8221; tab_id=&#8221;1645113822652-dbfa6435-85b9&#8243;][\/vc_tta_section][vc_tta_section title=&#8221;Wyposa\u017cenie&#8221; tab_id=&#8221;1645113822678-51a69647-60ce&#8221;][\/vc_tta_section][vc_tta_section title=&#8221;Kontakt&#8221; tab_id=&#8221;1645114857460-4a308e45-b163&#8243;][\/vc_tta_section][\/vc_tta_tour][\/vc_column][\/vc_row] [&#8230;]<\/p>\n<p><a class=\"btn btn-secondary understrap-read-more-link\" href=\"https:\/\/us.edu.pl\/instytut\/iim\/osoby\/wygoda-roksana\/\">Read More&#8230;<\/a><\/p>\n","protected":false},"author":825,"featured_media":4425,"parent":691,"menu_order":20,"comment_status":"closed","ping_status":"closed","template":"","meta":{"_expiration-date-status":"","_expiration-date":0,"_expiration-date-type":"","_expiration-date-categories":[],"_expiration-date-options":[]},"acf":[],"_links":{"self":[{"href":"https:\/\/us.edu.pl\/instytut\/iim\/wp-json\/wp\/v2\/pages\/4424"}],"collection":[{"href":"https:\/\/us.edu.pl\/instytut\/iim\/wp-json\/wp\/v2\/pages"}],"about":[{"href":"https:\/\/us.edu.pl\/instytut\/iim\/wp-json\/wp\/v2\/types\/page"}],"author":[{"embeddable":true,"href":"https:\/\/us.edu.pl\/instytut\/iim\/wp-json\/wp\/v2\/users\/825"}],"replies":[{"embeddable":true,"href":"https:\/\/us.edu.pl\/instytut\/iim\/wp-json\/wp\/v2\/comments?post=4424"}],"version-history":[{"count":1,"href":"https:\/\/us.edu.pl\/instytut\/iim\/wp-json\/wp\/v2\/pages\/4424\/revisions"}],"predecessor-version":[{"id":4428,"href":"https:\/\/us.edu.pl\/instytut\/iim\/wp-json\/wp\/v2\/pages\/4424\/revisions\/4428"}],"up":[{"embeddable":true,"href":"https:\/\/us.edu.pl\/instytut\/iim\/wp-json\/wp\/v2\/pages\/691"}],"wp:featuredmedia":[{"embeddable":true,"href":"https:\/\/us.edu.pl\/instytut\/iim\/wp-json\/wp\/v2\/media\/4425"}],"wp:attachment":[{"href":"https:\/\/us.edu.pl\/instytut\/iim\/wp-json\/wp\/v2\/media?parent=4424"}],"curies":[{"name":"wp","href":"https:\/\/api.w.org\/{rel}","templated":true}]}}