{"id":4435,"date":"2026-01-10T14:12:35","date_gmt":"2026-01-10T13:12:35","guid":{"rendered":"https:\/\/us.edu.pl\/instytut\/iim\/?page_id=4435"},"modified":"2026-01-10T14:12:35","modified_gmt":"2026-01-10T13:12:35","slug":"park-technologiczny","status":"publish","type":"page","link":"https:\/\/us.edu.pl\/instytut\/iim\/nauka-badania\/laboratoria-pracownie\/park-technologiczny\/","title":{"rendered":"Park Technologiczny"},"content":{"rendered":"<p>[vc_row el_class=&#8221;container&#8221;][vc_column][vc_tta_tour][vc_tta_section title=&#8221;O laboratorium&#8221; tab_id=&#8221;1645113822652-dbfa6435-85b9&#8243;]\r\n                <div class=\"text-modules\">\r\n                    <div class=\"container\">\r\n                        \r\n                        <div class=\"text-modules__content\"><p>W Parku Technologicznym prowadzone s\u0105 prace technologiczne zwi\u0105zane z przygotowaniem materia\u0142u ceramicznego do obr\u00f3bki termicznej i wytwarzaniem:<\/p>\n<ul>\n<li>proszk\u00f3w ceramicznych metod\u0105 reakcji chemicznej w fazie sta\u0142ej,<\/li>\n<li>ceramiki metod\u0105 spiekania swobodnego,<\/li>\n<li>ceramiki metod\u0105 spiekania pod ci\u015bnieniem,<\/li>\n<li>szkie\u0142 metod\u0105 wylewania,<\/li>\n<li>warstw ceramicznych metod\u0105 wypalania.<\/li>\n<\/ul>\n<p>W pracowni prowadzone s\u0105 ponadto zaj\u0119cia dydaktyczne z Chemii, In\u017cynierii wytwarzania, Biomateria\u0142\u00f3w ceramicznych, Materia\u0142\u00f3w i technologii materia\u0142owych oraz zaj\u0119cia dla m\u0142odzie\u017cy w ramach \u015awi\u0119ta liczby <em>p<\/em>, Dnia Otwartego Mechatroniki i Kszta\u0142cenia dla przysz\u0142o\u015bci.<\/p>\n<\/div>\r\n                    <\/div>\r\n                <\/div>[\/vc_tta_section][vc_tta_section title=&#8221;Wyposa\u017cenie&#8221; tab_id=&#8221;1645113822678-51a69647-60ce&#8221;]\r\n                <div class=\"text-modules\">\r\n                    <div class=\"container\">\r\n                        \r\n                        <div class=\"text-modules__content\"><p>Wyposa\u017cenie pracowni:<\/p>\n<ul>\n<li>M\u0142yn planetarny<\/li>\n<li>M\u0142ynek planetarny Pulverisette Fritsch<\/li>\n<li>Prasa hydrauliczna P400 Sirio<\/li>\n<li>Prasa p\u00f3\u0142automatyczna MP 250<\/li>\n<li>Szlifierko-polerka r\u0119czna SM-PM 250A<\/li>\n<li>Zaawansowana polerka Tegramin-20 Struers<\/li>\n<li>Przecinarka Accutom-5 Struers<\/li>\n<li>Suszarka SML 30\/250<\/li>\n<li>Piec sylitowy<\/li>\n<li>Piec muflowy FCF 5SHM<\/li>\n<li>Piec komorowy wysokotemperaturowy FCF 35\/150M<\/li>\n<li>Piec komorowy wysokotemperaturowy FCF 4\/160M<\/li>\n<li>Piec wysokotemperaturowy HTC 1500<\/li>\n<li>Urz\u0105dzenie do spiekania pod ci\u015bnieniem<\/li>\n<li>Piec laboratoryjny FCP 37PK<\/li>\n<\/ul>\n<p>\n<\/div>\r\n                    <\/div>\r\n                <\/div>[\/vc_tta_section][vc_tta_section title=&#8221;Kontakt&#8221; tab_id=&#8221;1645114857460-4a308e45-b163&#8243;]<div class='container'><div class=\"people-section\"><div class=\"section-title\">Kierownik laboratorium: <\/div><div class=\"people-loop people-loop_2\"><\/div><\/div><\/div>\r\n                <div class=\"text-modules\">\r\n                    <div class=\"container\">\r\n                        \r\n                        <div class=\"text-modules__content\"><p>dr Katarzyna Osi\u0144ska<\/p>\n<\/div>\r\n                    <\/div>\r\n                <\/div>[\/vc_tta_section][\/vc_tta_tour]            \r\n                    <div class=\"container\">\r\n                        <div class=\"gallery gallery_2\" data-images-in-row=\"2\">\r\n                            <div class=\"section-title section-title_border-bottom\">Galeria<\/div>\r\n                            <div class=\"row m-0\">\r\n                                <a data-fancybox-group=\"button\" title=\"M\u0142yny\" data-fancybox=\"2552\" href=\"https:\/\/us.edu.pl\/instytut\/iim\/wp-content\/uploads\/sites\/42\/obrazy-strony\/laboratoria\/ptech\/ptech-01.jpg\" class=\"gallery__item thumbnail\"\r\n                                    style=\"background-image: url(https:\/\/us.edu.pl\/instytut\/iim\/wp-content\/uploads\/sites\/42\/obrazy-strony\/laboratoria\/ptech\/ptech-01-1024x625.jpg)\"> <span class=\"d-none\">https:\/\/us.edu.pl\/instytut\/iim\/wp-content\/uploads\/sites\/42\/obrazy-strony\/laboratoria\/ptech\/ptech-01.jpg<\/span> <\/a><a data-fancybox-group=\"button\" title=\"Piec\" data-fancybox=\"2552\" href=\"https:\/\/us.edu.pl\/instytut\/iim\/wp-content\/uploads\/sites\/42\/obrazy-strony\/laboratoria\/ptech\/ptech-02.jpg\" class=\"gallery__item thumbnail\"\r\n                                    style=\"background-image: url(https:\/\/us.edu.pl\/instytut\/iim\/wp-content\/uploads\/sites\/42\/obrazy-strony\/laboratoria\/ptech\/ptech-02-577x1024.jpg)\"> <span class=\"d-none\">https:\/\/us.edu.pl\/instytut\/iim\/wp-content\/uploads\/sites\/42\/obrazy-strony\/laboratoria\/ptech\/ptech-02.jpg<\/span> <\/a><a data-fancybox-group=\"button\" title=\"Piece\" data-fancybox=\"2552\" href=\"https:\/\/us.edu.pl\/instytut\/iim\/wp-content\/uploads\/sites\/42\/obrazy-strony\/laboratoria\/ptech\/ptech-03.jpg\" class=\"gallery__item thumbnail\"\r\n                                    style=\"background-image: url(https:\/\/us.edu.pl\/instytut\/iim\/wp-content\/uploads\/sites\/42\/obrazy-strony\/laboratoria\/ptech\/ptech-03-1024x727.jpg)\"> <span class=\"d-none\">https:\/\/us.edu.pl\/instytut\/iim\/wp-content\/uploads\/sites\/42\/obrazy-strony\/laboratoria\/ptech\/ptech-03.jpg<\/span> <\/a><a data-fancybox-group=\"button\" title=\"Polerka\" data-fancybox=\"2552\" href=\"https:\/\/us.edu.pl\/instytut\/iim\/wp-content\/uploads\/sites\/42\/obrazy-strony\/laboratoria\/ptech\/ptech-04.jpg\" class=\"gallery__item thumbnail\"\r\n                                    style=\"background-image: url(https:\/\/us.edu.pl\/instytut\/iim\/wp-content\/uploads\/sites\/42\/obrazy-strony\/laboratoria\/ptech\/ptech-04.jpg)\"> <span class=\"d-none\">https:\/\/us.edu.pl\/instytut\/iim\/wp-content\/uploads\/sites\/42\/obrazy-strony\/laboratoria\/ptech\/ptech-04.jpg<\/span> <\/a><a data-fancybox-group=\"button\" title=\"Prasa\" data-fancybox=\"2552\" href=\"https:\/\/us.edu.pl\/instytut\/iim\/wp-content\/uploads\/sites\/42\/obrazy-strony\/laboratoria\/ptech\/ptech-05.jpg\" class=\"gallery__item thumbnail\"\r\n                                    style=\"background-image: url(https:\/\/us.edu.pl\/instytut\/iim\/wp-content\/uploads\/sites\/42\/obrazy-strony\/laboratoria\/ptech\/ptech-05-726x1024.jpg)\"> <span class=\"d-none\">https:\/\/us.edu.pl\/instytut\/iim\/wp-content\/uploads\/sites\/42\/obrazy-strony\/laboratoria\/ptech\/ptech-05.jpg<\/span> <\/a><a data-fancybox-group=\"button\" title=\"Przecinarka\" data-fancybox=\"2552\" href=\"https:\/\/us.edu.pl\/instytut\/iim\/wp-content\/uploads\/sites\/42\/obrazy-strony\/laboratoria\/ptech\/ptech-06.jpg\" class=\"gallery__item thumbnail\"\r\n                                    style=\"background-image: url(https:\/\/us.edu.pl\/instytut\/iim\/wp-content\/uploads\/sites\/42\/obrazy-strony\/laboratoria\/ptech\/ptech-06.jpg)\"> <span class=\"d-none\">https:\/\/us.edu.pl\/instytut\/iim\/wp-content\/uploads\/sites\/42\/obrazy-strony\/laboratoria\/ptech\/ptech-06.jpg<\/span> <\/a><a data-fancybox-group=\"button\" title=\"Suszarki\" data-fancybox=\"2552\" href=\"https:\/\/us.edu.pl\/instytut\/iim\/wp-content\/uploads\/sites\/42\/obrazy-strony\/laboratoria\/ptech\/ptech-07.jpg\" class=\"gallery__item thumbnail\"\r\n                                    style=\"background-image: url(https:\/\/us.edu.pl\/instytut\/iim\/wp-content\/uploads\/sites\/42\/obrazy-strony\/laboratoria\/ptech\/ptech-07-1024x592.jpg)\"> <span class=\"d-none\">https:\/\/us.edu.pl\/instytut\/iim\/wp-content\/uploads\/sites\/42\/obrazy-strony\/laboratoria\/ptech\/ptech-07.jpg<\/span> <\/a><a data-fancybox-group=\"button\" title=\"Szlifierko-polerka\" data-fancybox=\"2552\" href=\"https:\/\/us.edu.pl\/instytut\/iim\/wp-content\/uploads\/sites\/42\/obrazy-strony\/laboratoria\/ptech\/ptech-08.jpg\" class=\"gallery__item thumbnail\"\r\n                                    style=\"background-image: url(https:\/\/us.edu.pl\/instytut\/iim\/wp-content\/uploads\/sites\/42\/obrazy-strony\/laboratoria\/ptech\/ptech-08-1024x417.jpg)\"> <span class=\"d-none\">https:\/\/us.edu.pl\/instytut\/iim\/wp-content\/uploads\/sites\/42\/obrazy-strony\/laboratoria\/ptech\/ptech-08.jpg<\/span> <\/a>\r\n                            <\/div>\r\n                    <\/div>\r\n                <\/div>[\/vc_column][\/vc_row]<\/p>","protected":false},"excerpt":{"rendered":"<p>[vc_row el_class=&#8221;container&#8221;][vc_column][vc_tta_tour][vc_tta_section title=&#8221;O laboratorium&#8221; tab_id=&#8221;1645113822652-dbfa6435-85b9&#8243;][\/vc_tta_section][vc_tta_section title=&#8221;Wyposa\u017cenie&#8221; tab_id=&#8221;1645113822678-51a69647-60ce&#8221;][\/vc_tta_section][vc_tta_section title=&#8221;Kontakt&#8221; tab_id=&#8221;1645114857460-4a308e45-b163&#8243;][\/vc_tta_section][\/vc_tta_tour][\/vc_column][\/vc_row] [&#8230;]<\/p>\n<p><a class=\"btn btn-secondary understrap-read-more-link\" href=\"https:\/\/us.edu.pl\/instytut\/iim\/osoby\/wygoda-roksana\/\">Read More&#8230;<\/a><\/p>\n","protected":false},"author":825,"featured_media":4442,"parent":691,"menu_order":20,"comment_status":"closed","ping_status":"closed","template":"","meta":{"_expiration-date-status":"","_expiration-date":0,"_expiration-date-type":"","_expiration-date-categories":[],"_expiration-date-options":[]},"acf":[],"_links":{"self":[{"href":"https:\/\/us.edu.pl\/instytut\/iim\/wp-json\/wp\/v2\/pages\/4435"}],"collection":[{"href":"https:\/\/us.edu.pl\/instytut\/iim\/wp-json\/wp\/v2\/pages"}],"about":[{"href":"https:\/\/us.edu.pl\/instytut\/iim\/wp-json\/wp\/v2\/types\/page"}],"author":[{"embeddable":true,"href":"https:\/\/us.edu.pl\/instytut\/iim\/wp-json\/wp\/v2\/users\/825"}],"replies":[{"embeddable":true,"href":"https:\/\/us.edu.pl\/instytut\/iim\/wp-json\/wp\/v2\/comments?post=4435"}],"version-history":[{"count":1,"href":"https:\/\/us.edu.pl\/instytut\/iim\/wp-json\/wp\/v2\/pages\/4435\/revisions"}],"predecessor-version":[{"id":4444,"href":"https:\/\/us.edu.pl\/instytut\/iim\/wp-json\/wp\/v2\/pages\/4435\/revisions\/4444"}],"up":[{"embeddable":true,"href":"https:\/\/us.edu.pl\/instytut\/iim\/wp-json\/wp\/v2\/pages\/691"}],"wp:featuredmedia":[{"embeddable":true,"href":"https:\/\/us.edu.pl\/instytut\/iim\/wp-json\/wp\/v2\/media\/4442"}],"wp:attachment":[{"href":"https:\/\/us.edu.pl\/instytut\/iim\/wp-json\/wp\/v2\/media?parent=4435"}],"curies":[{"name":"wp","href":"https:\/\/api.w.org\/{rel}","templated":true}]}}