{"id":4452,"date":"2026-01-10T15:13:18","date_gmt":"2026-01-10T14:13:18","guid":{"rendered":"https:\/\/us.edu.pl\/instytut\/iim\/?page_id=4452"},"modified":"2026-01-10T15:13:18","modified_gmt":"2026-01-10T14:13:18","slug":"pracownia-badan-elektrochemicznych","status":"publish","type":"page","link":"https:\/\/us.edu.pl\/instytut\/iim\/nauka-badania\/laboratoria-pracownie\/pracownia-badan-elektrochemicznych\/","title":{"rendered":"Pracownia Bada\u0144 Elektrochemicznych"},"content":{"rendered":"<p>[vc_row el_class=&#8221;container&#8221;][vc_column][vc_tta_tour][vc_tta_section title=&#8221;O laboratorium&#8221; tab_id=&#8221;1645113822652-dbfa6435-85b9&#8243;]\r\n                <div class=\"text-modules\">\r\n                    <div class=\"container\">\r\n                        \r\n                        <div class=\"text-modules__content\"><p>Pracownia Bada\u0144 Elektrochemicznych prowadzi charakterystyk\u0119 elektrochemiczn\u0105 materia\u0142\u00f3w przewodz\u0105cych i p\u00f3\u0142przewodz\u0105cych, ocen\u0119 odporno\u015bci korozyjnej oraz badania i optymalizacj\u0119 proces\u00f3w modyfikacji powierzchni (m.in. elektroosadzanie sta\u0142opr\u0105dowe i impulsowe, plazmowe utlenianie elektrolityczne \u2013 PEO, elektroforetyczne osadzanie \u2013 EPD).<\/p>\n<p>Pracownia dysponuje zar\u00f3wno klasycznymi stanowiskami pomiarowymi z potencjostatami\/galwanostatami (CV, LSV, CA, CP, EIS), jak i stacj\u0105 skaningowych technik elektrochemicznych (SKP, SVET, SECM, LEIS) do mapowania lokalnych potencja\u0142\u00f3w, pr\u0105d\u00f3w i impedancji z rozdzielczo\u015bci\u0105 mikrometryczn\u0105. Takie zestawienie aparatury pozwala \u0142\u0105czy\u0107 pomiary makroskopowe z lokalnymi mapami rozk\u0142adu aktywno\u015bci elektrochemicznej na powierzchni materia\u0142\u00f3w i pow\u0142ok \u2013 w warunkach zbli\u017conych do rzeczywistych zastosowa\u0144.<\/p>\n<\/div>\r\n                    <\/div>\r\n                <\/div>[\/vc_tta_section][vc_tta_section title=&#8221;Wyposa\u017cenie&#8221; tab_id=&#8221;1645113822678-51a69647-60ce&#8221;]\r\n                <div class=\"text-modules\">\r\n                    <div class=\"container\">\r\n                        \r\n                        <div class=\"text-modules__content\"><p>Wyposa\u017cenie pracowni:<\/p>\n<ul>\n<li><strong>Stacja do skaningowych bada\u0144 elektrochemicznych SEW M370 <\/strong><strong>z modu\u0142em PARSTAT 2273<\/strong> umo\u017cliwia pomiary technikami SKP, SVET, SECM i LEIS oraz precyzyjne pozycjonowanie w trzech osiach i mapowanie lokalnych pr\u0105d\u00f3w, potencja\u0142\u00f3w i impedancji z rozdzielczo\u015bci\u0105 mikrometryczn\u0105. PARSTAT 2273 rozszerza funkcjonalno\u015b\u0107 stacji o metody CV, LSV, CA i CP, a zintegrowany analizator odpowiedzi cz\u0119stotliwo\u015bciowej (FRA) umo\u017cliwia pomiary EIS w zakresie 10 mHz\u20131 MHz; <strong>na tej podstawie dost\u0119pna jest tak\u017ce analiza Mott\u2013Schottky<\/strong>. Zestaw znajduje zastosowanie w badaniach odporno\u015bci korozyjnej materia\u0142\u00f3w litych i pow\u0142ok, ocenie wydajno\u015bci elektrod oraz analizie proces\u00f3w modyfikacji powierzchni.<\/li>\n<li><strong>Zestawy Autolab PGSTAT30 (do 1 A) i Autolab PGSTAT12 (do 250 mA)<\/strong> pozwalaj\u0105 na pomiary technikami CV, LSV, CA, CP i EIS. Oba potencjostaty\/galwanostaty wyposa\u017cone s\u0105 w modu\u0142 FRA oraz oprogramowanie GPES\/FRA. Zastosowania obejmuj\u0105 m.in. badania elektrokatalityczne oraz testy korozyjne materia\u0142\u00f3w i pow\u0142ok ochronnych.<\/li>\n<li><strong>Impulsowy zasilacz galwanizerski MAG (MAG-10N)<\/strong> oferuje tryby pracy CC i CV oraz tryby impulsowe (pr\u0105dowe i napi\u0119ciowe) z precyzyjn\u0105 kontrol\u0105 cz\u0119stotliwo\u015bci, czasu i amplitudy. Urz\u0105dzenie jest przeznaczone m.in. do elektroosadzania pow\u0142ok metalicznych, stopowych i kompozytowych oraz do modyfikacji powierzchni.<\/li>\n<li><strong>Regulowany zasilacz pr\u0105du sta\u0142ego Kikusui PWR800H (0\u2013650 V, 0\u20134 A)<\/strong> dzia\u0142a w trybach CC i CV. S\u0142u\u017cy do zasilania i stabilizacji proces\u00f3w PEO\/MAO, EPD oraz innych zada\u0144 wymagaj\u0105cych stabilnego, wysokiego napi\u0119cia\/pr\u0105du.<\/li>\n<\/ul>\n<p>\n<\/div>\r\n                    <\/div>\r\n                <\/div>[\/vc_tta_section][vc_tta_section title=&#8221;Kontakt&#8221; tab_id=&#8221;1645114857460-4a308e45-b163&#8243;]<div class='container'><div class=\"people-section\"><div class=\"section-title\">Kierownik pracowni: <\/div><div class=\"people-loop people-loop_2\">\r\n            <div  class=\"people-loop-post\">\r\n               \r\n               <div class=\"people-loop-post__content\" >\r\n                     <div class=\"people-loop-post__prof\" >   <\/div >\r\n                     <div class=\"people-loop-post__title\" > Kubisztal Julian<\/div >\r\n                     <div class=\"people-loop-post__position\" > <\/div >\r\n                     <a class=\"link-button\"  href=\"https:\/\/us.edu.pl\/instytut\/iim\/osoby\/kubisztal-julian\/\">Biogram<\/a>\r\n               <\/div>\r\n            <\/div> <\/div><\/div><\/div>[\/vc_tta_section][\/vc_tta_tour]            \r\n                    <div class=\"container\">\r\n                        <div class=\"gallery gallery_2\" data-images-in-row=\"2\">\r\n                            <div class=\"section-title section-title_border-bottom\">Galeria<\/div>\r\n                            <div class=\"row m-0\">\r\n                                <a data-fancybox-group=\"button\" title=\"Zestaw do bada\u0144 elektrochemicznych technikami CV, LSV, CA, CP, EIS\" data-fancybox=\"8393\" href=\"https:\/\/us.edu.pl\/instytut\/iim\/wp-content\/uploads\/sites\/42\/obrazy-strony\/laboratoria\/pbel\/pbel-02-scaled.jpg\" class=\"gallery__item thumbnail\"\r\n                                    style=\"background-image: url(https:\/\/us.edu.pl\/instytut\/iim\/wp-content\/uploads\/sites\/42\/obrazy-strony\/laboratoria\/pbel\/pbel-02-1024x486.jpg)\"> <span class=\"d-none\">https:\/\/us.edu.pl\/instytut\/iim\/wp-content\/uploads\/sites\/42\/obrazy-strony\/laboratoria\/pbel\/pbel-02-scaled.jpg<\/span> <\/a><a data-fancybox-group=\"button\" title=\"Stacja do skaningowych pomiar\u00f3w elektrochemicznych technikami SKP, SVET, SECM, LEIS \" data-fancybox=\"8393\" href=\"https:\/\/us.edu.pl\/instytut\/iim\/wp-content\/uploads\/sites\/42\/obrazy-strony\/laboratoria\/pbel\/pbel-01-scaled.jpg\" class=\"gallery__item thumbnail\"\r\n                                    style=\"background-image: url(https:\/\/us.edu.pl\/instytut\/iim\/wp-content\/uploads\/sites\/42\/obrazy-strony\/laboratoria\/pbel\/pbel-01-1024x448.jpg)\"> <span class=\"d-none\">https:\/\/us.edu.pl\/instytut\/iim\/wp-content\/uploads\/sites\/42\/obrazy-strony\/laboratoria\/pbel\/pbel-01-scaled.jpg<\/span> <\/a>\r\n                            <\/div>\r\n                    <\/div>\r\n                <\/div>[\/vc_column][\/vc_row]<\/p>","protected":false},"excerpt":{"rendered":"<p>[vc_row el_class=&#8221;container&#8221;][vc_column][vc_tta_tour][vc_tta_section title=&#8221;O laboratorium&#8221; tab_id=&#8221;1645113822652-dbfa6435-85b9&#8243;][\/vc_tta_section][vc_tta_section title=&#8221;Wyposa\u017cenie&#8221; tab_id=&#8221;1645113822678-51a69647-60ce&#8221;][\/vc_tta_section][vc_tta_section title=&#8221;Kontakt&#8221; tab_id=&#8221;1645114857460-4a308e45-b163&#8243;][\/vc_tta_section][\/vc_tta_tour][\/vc_column][\/vc_row] [&#8230;]<\/p>\n<p><a class=\"btn btn-secondary understrap-read-more-link\" href=\"https:\/\/us.edu.pl\/instytut\/iim\/osoby\/wygoda-roksana\/\">Read More&#8230;<\/a><\/p>\n","protected":false},"author":825,"featured_media":4454,"parent":691,"menu_order":20,"comment_status":"closed","ping_status":"closed","template":"","meta":{"_expiration-date-status":"","_expiration-date":0,"_expiration-date-type":"","_expiration-date-categories":[],"_expiration-date-options":[]},"acf":[],"_links":{"self":[{"href":"https:\/\/us.edu.pl\/instytut\/iim\/wp-json\/wp\/v2\/pages\/4452"}],"collection":[{"href":"https:\/\/us.edu.pl\/instytut\/iim\/wp-json\/wp\/v2\/pages"}],"about":[{"href":"https:\/\/us.edu.pl\/instytut\/iim\/wp-json\/wp\/v2\/types\/page"}],"author":[{"embeddable":true,"href":"https:\/\/us.edu.pl\/instytut\/iim\/wp-json\/wp\/v2\/users\/825"}],"replies":[{"embeddable":true,"href":"https:\/\/us.edu.pl\/instytut\/iim\/wp-json\/wp\/v2\/comments?post=4452"}],"version-history":[{"count":1,"href":"https:\/\/us.edu.pl\/instytut\/iim\/wp-json\/wp\/v2\/pages\/4452\/revisions"}],"predecessor-version":[{"id":4455,"href":"https:\/\/us.edu.pl\/instytut\/iim\/wp-json\/wp\/v2\/pages\/4452\/revisions\/4455"}],"up":[{"embeddable":true,"href":"https:\/\/us.edu.pl\/instytut\/iim\/wp-json\/wp\/v2\/pages\/691"}],"wp:featuredmedia":[{"embeddable":true,"href":"https:\/\/us.edu.pl\/instytut\/iim\/wp-json\/wp\/v2\/media\/4454"}],"wp:attachment":[{"href":"https:\/\/us.edu.pl\/instytut\/iim\/wp-json\/wp\/v2\/media?parent=4452"}],"curies":[{"name":"wp","href":"https:\/\/api.w.org\/{rel}","templated":true}]}}