{"id":4458,"date":"2026-01-12T14:29:49","date_gmt":"2026-01-12T13:29:49","guid":{"rendered":"https:\/\/us.edu.pl\/instytut\/iim\/?page_id=4458"},"modified":"2026-01-12T14:29:49","modified_gmt":"2026-01-12T13:29:49","slug":"pracownia-termoanalizy","status":"publish","type":"page","link":"https:\/\/us.edu.pl\/instytut\/iim\/nauka-badania\/laboratoria-pracownie\/pracownia-termoanalizy\/","title":{"rendered":"Pracownia Termoanalizy"},"content":{"rendered":"<p>[vc_row el_class=&#8221;container&#8221;][vc_column][vc_tta_tour][vc_tta_section title=&#8221;O pracowni&#8221; tab_id=&#8221;1645113822652-dbfa6435-85b9&#8243;]\r\n                <div class=\"text-modules\">\r\n                    <div class=\"container\">\r\n                        \r\n                        <div class=\"text-modules__content\"><p>W pracowni prowadzone s\u0105 badania z zakresu termoanalizy materia\u0142\u00f3w, w szczeg\u00f3lno\u015bci z uwzgl\u0119dnieniem wykorzystania r\u00f3\u017cnicowej kalorymetru skaningowej DSC.<\/p>\n<p>Dostarczone do bada\u0144 materia\u0142y s\u0105 poddane na miejscu preparatyce, a nast\u0119pnie przekazane do bada\u0144 w kalorymetrze skaningowym DSC1 Mettler Toledo. Eksperymenty s\u0105 wykonywane przy u\u017cyciu ch\u0142odzenia ciek\u0142ym azotem, w atmosferze oboj\u0119tnej lub w atmosferze gaz\u00f3w reakcyjnych.<\/p>\n<p>Badane s\u0105 procesy i parametry takie jak: przep\u0142yw ciep\u0142a, ciep\u0142o w\u0142a\u015bciwe, entalpia, przej\u015bcia fazowe, kinetyka proces\u00f3w fizycznych i chemicznych w r\u00f3\u017cnorodnych materia\u0142ach w funkcji temperatury. Wyznaczane s\u0105 ponadto temperatury topnienia i krzepni\u0119cia, temperatura krystalizacji oraz temperatura zeszklenia.<\/p>\n<\/div>\r\n                    <\/div>\r\n                <\/div>[\/vc_tta_section][vc_tta_section title=&#8221;Wyposa\u017cenie&#8221; tab_id=&#8221;1645113822678-51a69647-60ce&#8221;]\r\n                <div class=\"text-modules\">\r\n                    <div class=\"container\">\r\n                        \r\n                        <div class=\"text-modules__content\"><p>Wyposa\u017cenie pracowni:<\/p>\n<ul>\n<li><strong>R\u00f3\u017cnicowy kalorymetr skaningowy (Mettler-Toledo DSC1) z ciek\u0142ym azotem <\/strong>Aparat umo\u017cliwia pomiary przep\u0142ywu ciep\u0142a, przej\u015b\u0107 fazowych, kinetyki proces\u00f3w fizycznych i chemicznych w r\u00f3\u017cnorodnych materia\u0142ach w funkcji temperatury (od -140\u00b0C do 700\u00b0C) i czasu. Realna temperatura pracy przy obecnych mo\u017cliwo\u015bciach pracowni &#8211; od -120\u00b0C do 600\u00b0C.<\/li>\n<li><strong>Waga laboratoryjna <\/strong>Radwag\u00a0 AS 220\/60\/C\/2<\/li>\n<\/ul>\n<p>\n<\/div>\r\n                    <\/div>\r\n                <\/div>[\/vc_tta_section][vc_tta_section title=&#8221;Kontakt&#8221; tab_id=&#8221;1645114857460-4a308e45-b163&#8243;]<div class='container'><div class=\"people-section\"><div class=\"section-title\">Kierownik laboratorium: <\/div><div class=\"people-loop people-loop_2\"><\/div><\/div><\/div>\r\n                <div class=\"text-modules\">\r\n                    <div class=\"container\">\r\n                        \r\n                        <div class=\"text-modules__content\"><p>mgr Oliwia Starczewska<\/p>\n<\/div>\r\n                    <\/div>\r\n                <\/div>[\/vc_tta_section][\/vc_tta_tour]            \r\n                    <div class=\"container\">\r\n                        <div class=\"gallery gallery_2\" data-images-in-row=\"2\">\r\n                            <div class=\"section-title section-title_border-bottom\">Galeria<\/div>\r\n                            <div class=\"row m-0\">\r\n                                <a data-fancybox-group=\"button\" title=\"R\u00f3\u017cnicowy kalorymetr skaningowy DSC1 Mettler Toledo z jednostk\u0105 steruj\u0105c\u0105\" data-fancybox=\"8538\" href=\"https:\/\/us.edu.pl\/instytut\/iim\/wp-content\/uploads\/sites\/42\/obrazy-strony\/laboratoria\/pterma\/pterma-01-scaled.jpg\" class=\"gallery__item thumbnail\"\r\n                                    style=\"background-image: url(https:\/\/us.edu.pl\/instytut\/iim\/wp-content\/uploads\/sites\/42\/obrazy-strony\/laboratoria\/pterma\/pterma-01-1024x768.jpg)\"> <span class=\"d-none\">https:\/\/us.edu.pl\/instytut\/iim\/wp-content\/uploads\/sites\/42\/obrazy-strony\/laboratoria\/pterma\/pterma-01-scaled.jpg<\/span> <\/a><a data-fancybox-group=\"button\" title=\"R\u00f3\u017cnicowy kalorymetr skaningowy DSC1 Mettler Toledo z systemem zasilania ciek\u0142ym azotem\" data-fancybox=\"8538\" href=\"https:\/\/us.edu.pl\/instytut\/iim\/wp-content\/uploads\/sites\/42\/obrazy-strony\/laboratoria\/pterma\/pterma-02-scaled.jpg\" class=\"gallery__item thumbnail\"\r\n                                    style=\"background-image: url(https:\/\/us.edu.pl\/instytut\/iim\/wp-content\/uploads\/sites\/42\/obrazy-strony\/laboratoria\/pterma\/pterma-02-1024x768.jpg)\"> <span class=\"d-none\">https:\/\/us.edu.pl\/instytut\/iim\/wp-content\/uploads\/sites\/42\/obrazy-strony\/laboratoria\/pterma\/pterma-02-scaled.jpg<\/span> <\/a>\r\n                            <\/div>\r\n                    <\/div>\r\n                <\/div>[\/vc_column][\/vc_row]<\/p>","protected":false},"excerpt":{"rendered":"<p>[vc_row el_class=&#8221;container&#8221;][vc_column][vc_tta_tour][vc_tta_section title=&#8221;O pracowni&#8221; tab_id=&#8221;1645113822652-dbfa6435-85b9&#8243;][\/vc_tta_section][vc_tta_section title=&#8221;Wyposa\u017cenie&#8221; tab_id=&#8221;1645113822678-51a69647-60ce&#8221;][\/vc_tta_section][vc_tta_section title=&#8221;Kontakt&#8221; tab_id=&#8221;1645114857460-4a308e45-b163&#8243;][\/vc_tta_section][\/vc_tta_tour][\/vc_column][\/vc_row] [&#8230;]<\/p>\n<p><a class=\"btn btn-secondary understrap-read-more-link\" href=\"https:\/\/us.edu.pl\/instytut\/iim\/osoby\/wygoda-roksana\/\">Read More&#8230;<\/a><\/p>\n","protected":false},"author":825,"featured_media":4495,"parent":691,"menu_order":20,"comment_status":"closed","ping_status":"closed","template":"","meta":{"_expiration-date-status":"","_expiration-date":0,"_expiration-date-type":"","_expiration-date-categories":[],"_expiration-date-options":[]},"acf":[],"_links":{"self":[{"href":"https:\/\/us.edu.pl\/instytut\/iim\/wp-json\/wp\/v2\/pages\/4458"}],"collection":[{"href":"https:\/\/us.edu.pl\/instytut\/iim\/wp-json\/wp\/v2\/pages"}],"about":[{"href":"https:\/\/us.edu.pl\/instytut\/iim\/wp-json\/wp\/v2\/types\/page"}],"author":[{"embeddable":true,"href":"https:\/\/us.edu.pl\/instytut\/iim\/wp-json\/wp\/v2\/users\/825"}],"replies":[{"embeddable":true,"href":"https:\/\/us.edu.pl\/instytut\/iim\/wp-json\/wp\/v2\/comments?post=4458"}],"version-history":[{"count":1,"href":"https:\/\/us.edu.pl\/instytut\/iim\/wp-json\/wp\/v2\/pages\/4458\/revisions"}],"predecessor-version":[{"id":4516,"href":"https:\/\/us.edu.pl\/instytut\/iim\/wp-json\/wp\/v2\/pages\/4458\/revisions\/4516"}],"up":[{"embeddable":true,"href":"https:\/\/us.edu.pl\/instytut\/iim\/wp-json\/wp\/v2\/pages\/691"}],"wp:featuredmedia":[{"embeddable":true,"href":"https:\/\/us.edu.pl\/instytut\/iim\/wp-json\/wp\/v2\/media\/4495"}],"wp:attachment":[{"href":"https:\/\/us.edu.pl\/instytut\/iim\/wp-json\/wp\/v2\/media?parent=4458"}],"curies":[{"name":"wp","href":"https:\/\/api.w.org\/{rel}","templated":true}]}}