{"id":4481,"date":"2026-01-10T16:12:28","date_gmt":"2026-01-10T15:12:28","guid":{"rendered":"https:\/\/us.edu.pl\/instytut\/iim\/?page_id=4481"},"modified":"2026-01-10T16:13:09","modified_gmt":"2026-01-10T15:13:09","slug":"pracownia-badan-i-technologii-metalurgii-proszkow","status":"publish","type":"page","link":"https:\/\/us.edu.pl\/instytut\/iim\/nauka-badania\/laboratoria-pracownie\/pracownia-badan-i-technologii-metalurgii-proszkow\/","title":{"rendered":"Pracownia Bada\u0144 i Technologii Metalurgii Proszk\u00f3w"},"content":{"rendered":"<p>[vc_row el_class=&#8221;container&#8221;][vc_column][vc_tta_tour][vc_tta_section title=&#8221;O laboratorium&#8221; tab_id=&#8221;1645113822652-dbfa6435-85b9&#8243;]\r\n                <div class=\"text-modules\">\r\n                    <div class=\"container\">\r\n                        \r\n                        <div class=\"text-modules__content\"><p>Badania prowadzone w pracowni koncentruj\u0105 si\u0119 na kompleksowym opracowywaniu, wytwarzaniu i charakteryzacji materia\u0142\u00f3w otrzymywanych metodami metalurgii proszk\u00f3w. Pracownia umo\u017cliwia realizacj\u0119 pe\u0142nego cyklu technologicznego \u2013 od przygotowania i nawa\u017cenia proszk\u00f3w, poprzez ich mielenie i homogenizacj\u0119, formowanie i spiekanie, a\u017c po ko\u0144cow\u0105 charakteryzacj\u0119 otrzymanych materia\u0142\u00f3w. W ramach dost\u0119pnej infrastruktury mo\u017cliwe jest tak\u017ce prowadzenie bada\u0144 nad procesami odlewania i obr\u00f3bki cieplnej, dzi\u0119ki aparaturze, umo\u017cliwiaj\u0105cej kontrol\u0119 ka\u017cdego etapu procesu. Pracownia stanowi w pe\u0142ni zintegrowane \u015brodowisko badawcze, pozwalaj\u0105ce na prowadzenie prac nad nowymi materia\u0142ami i technologiami w zakresie metalurgii proszk\u00f3w<\/p>\n<\/div>\r\n                    <\/div>\r\n                <\/div>[\/vc_tta_section][vc_tta_section title=&#8221;Wyposa\u017cenie&#8221; tab_id=&#8221;1645113822678-51a69647-60ce&#8221;]\r\n                <div class=\"text-modules\">\r\n                    <div class=\"container\">\r\n                        \r\n                        <div class=\"text-modules__content\"><p>Laboratorium wyposa\u017cone jest w:<\/p>\n<ul>\n<li><strong>Kompletny zestaw do indukcyjnego odlewania tytanu i innych metali<\/strong>, <strong>obejmuj\u0105cy indukcyjn\u0105 odlewark\u0119 ci\u015bnieniow\u0105 Enterprise UltraCast, oporowy piec muflowy SNOL oraz piaskark\u0119 dwupojemnikow\u0105 MIKROBLAST DUO<\/strong> &#8211; umo\u017cliwia precyzyjne odlewy oraz obr\u00f3bk\u0119 metali i stop\u00f3w w kontrolowanych warunkach laboratoryjnych.<\/li>\n<li><strong>Elektryczny piec laboratoryjny SNOL 3\/1100 LHM01 <\/strong>\u2013 piec muflowy przeznaczony do obr\u00f3bki cieplnej materia\u0142\u00f3w w temp. do 1100\u00b0C; stosowany do proces\u00f3w takich jak hartowanie, wy\u017carzanie, normalizowanie czy suszenie; piec mo\u017ce pracowa\u0107 w gazach ochronnych (argon).<\/li>\n<li><strong>M\u0142yn planetarny Fritsch Pulverisette P7 premium line<\/strong> \u2013 m\u0142yn o wysokiej wydajno\u015bci, przeznaczony do szybkiego i dok\u0142adnego mielenia, mieszania i homogenizacji pr\u00f3bek twardych, kruchych, w\u0142\u00f3knistych w warunkach suchych lub mokrych, w atmosferze gaz\u00f3w ochronnych.<\/li>\n<li><strong>M\u0142ynek kriogeniczny Retsch CryoMill<\/strong> \u2013 sto\u0142owy m\u0142yn kulowy zaprojektowany do mielenia kriogenicznego z u\u017cyciem ciek\u0142ego azotu, kt\u00f3ry umo\u017cliwia efektywne rozdrabnianie termicznie wra\u017cliwych i elastycznych pr\u00f3bek w kr\u00f3tkim czasie.<\/li>\n<li><strong>Laserowy analizator wielko\u015bci cz\u0105stek Fritsch Analysette 22 NeXT Nano \u2013 <\/strong>zaawansowane urz\u0105dzenie do analizy rozk\u0142adu wielko\u015bci cz\u0105stek w proszkach, zawiesinach o emulsjach, wykorzystuj\u0105ce metod\u0119 dyfrakcji laserowej (static light scattering); oferuje szeroki zakres pomiarowy, umo\u017cliwiaj\u0105cy badania zar\u00f3wno w mikro-, jak i nanoskali.<\/li>\n<li><strong>Precyzyjna waga laboratoryjna<\/strong> <strong>200G Steinberg<\/strong> \u2013 waga pozwalaj\u0105ca wa\u017cy\u0107 produkty o masie ca\u0142kowitej 200 g z dok\u0142adno\u015bci\u0105 0,001 g.<\/li>\n<li><strong>Przesiewacz mieszad\u0142o rolkowe Steinberg <\/strong>\u2013 urz\u0105dzenie przeznaczone do mieszania pr\u00f3bek w prob\u00f3wkach lub innych naczyniach laboratoryjnych, wyposa\u017cone w 7 obracaj\u0105cych si\u0119 rolek.<\/li>\n<li><strong>Mikroskop cyfrowy Keyence VHX-S770E <\/strong>\u2013 zaawansowany mikroskop cyfrowy z systemem obserwacji pod dowolnym k\u0105tem, wyposa\u017cony w zautomatyzowan\u0105 stolikow\u0105 mechanik\u0119 XYZ oraz motoryczny system ostro\u015bci w osi Z; urz\u0105dzenie oferuje wysok\u0105 rozdzielczo\u015b\u0107 i du\u017c\u0105 g\u0142\u0119bi\u0119 ostro\u015bci, jak r\u00f3wnie\u017c mo\u017cliwo\u015bci obrazowania 3D, pomiar\u00f3w 2D\/3D z du\u017c\u0105 precyzj\u0105 czy mozaikowania obraz\u00f3w.<\/li>\n<li><strong>Analizator k\u0105ta zwil\u017cania mikroskop Delta Optical NXZ-10D + kamera DLT-CAM 12M <\/strong>\u2013 stanowisko umo\u017cliwiaj\u0105ce precyzyjn\u0105 obserwacj\u0119 oraz pomiar k\u0105ta kontaktowego kropli cieczy na powierzchni pr\u00f3bki<\/li>\n<\/ul>\n<p>\n<\/div>\r\n                    <\/div>\r\n                <\/div>[\/vc_tta_section][vc_tta_section title=&#8221;Kontakt&#8221; tab_id=&#8221;1645114857460-4a308e45-b163&#8243;]<div class='container'><div class=\"people-section\"><div class=\"section-title\">Kierownik laboratorium: <\/div><div class=\"people-loop people-loop_2\">\r\n            <div  class=\"people-loop-post\">\r\n               \r\n               <div class=\"people-loop-post__content\" >\r\n                     <div class=\"people-loop-post__prof\" >   <\/div >\r\n                     <div class=\"people-loop-post__title\" > Dercz Grzegorz<\/div >\r\n                     <div class=\"people-loop-post__position\" > <\/div >\r\n                     <a class=\"link-button\"  href=\"https:\/\/us.edu.pl\/instytut\/iim\/osoby\/dercz-grzegorz\/\">Biogram<\/a>\r\n               <\/div>\r\n            <\/div> <\/div><\/div><div class=\"people-section\"><div class=\"section-title\">Zesp\u00f3\u0142: <\/div><div class=\"people-loop people-loop_2\">\r\n            <div  class=\"people-loop-post\">\r\n               \r\n               <div class=\"people-loop-post__content\" >\r\n                     <div class=\"people-loop-post__prof\" >   <\/div >\r\n                     <div class=\"people-loop-post__title\" > Matu\u0142a Izabela<\/div >\r\n                     <div class=\"people-loop-post__position\" > <\/div >\r\n                     <a class=\"link-button\"  href=\"https:\/\/us.edu.pl\/instytut\/iim\/osoby\/matula-izabela\/\">Biogram<\/a>\r\n               <\/div>\r\n            <\/div> <\/div><\/div><\/div>[\/vc_tta_section][\/vc_tta_tour]            \r\n                    <div class=\"container\">\r\n                        <div class=\"gallery gallery_2\" data-images-in-row=\"2\">\r\n                            <div class=\"section-title section-title_border-bottom\">Galeria<\/div>\r\n                            <div class=\"row m-0\">\r\n                                <a data-fancybox-group=\"button\" title=\"Indukcyjna odlewarka ci\u015bnieniowa Enterprise UltraCast (cz. zestawu do odlewania tytanu)\" data-fancybox=\"9542\" href=\"https:\/\/us.edu.pl\/instytut\/iim\/wp-content\/uploads\/sites\/42\/obrazy-strony\/laboratoria\/pbtmp\/pbtmp-01.png\" class=\"gallery__item thumbnail\"\r\n                                    style=\"background-image: url(https:\/\/us.edu.pl\/instytut\/iim\/wp-content\/uploads\/sites\/42\/obrazy-strony\/laboratoria\/pbtmp\/pbtmp-01-1024x768.png)\"> <span class=\"d-none\">https:\/\/us.edu.pl\/instytut\/iim\/wp-content\/uploads\/sites\/42\/obrazy-strony\/laboratoria\/pbtmp\/pbtmp-01.png<\/span> <\/a><a data-fancybox-group=\"button\" title=\"Oporowy piec muflowy SNOL (cz. zestawu do odlewania tytanu)\" data-fancybox=\"9542\" href=\"https:\/\/us.edu.pl\/instytut\/iim\/wp-content\/uploads\/sites\/42\/obrazy-strony\/laboratoria\/pbtmp\/pbtmp-02.png\" class=\"gallery__item thumbnail\"\r\n                                    style=\"background-image: url(https:\/\/us.edu.pl\/instytut\/iim\/wp-content\/uploads\/sites\/42\/obrazy-strony\/laboratoria\/pbtmp\/pbtmp-02-768x1024.png)\"> <span class=\"d-none\">https:\/\/us.edu.pl\/instytut\/iim\/wp-content\/uploads\/sites\/42\/obrazy-strony\/laboratoria\/pbtmp\/pbtmp-02.png<\/span> <\/a><a data-fancybox-group=\"button\" title=\"Piaskarka dwupojemnikowa MIKROBLAST DUO (cz. zestawu do odlewania tytanu)\" data-fancybox=\"9542\" href=\"https:\/\/us.edu.pl\/instytut\/iim\/wp-content\/uploads\/sites\/42\/obrazy-strony\/laboratoria\/pbtmp\/pbtmp-03.png\" class=\"gallery__item thumbnail\"\r\n                                    style=\"background-image: url(https:\/\/us.edu.pl\/instytut\/iim\/wp-content\/uploads\/sites\/42\/obrazy-strony\/laboratoria\/pbtmp\/pbtmp-03-1024x768.png)\"> <span class=\"d-none\">https:\/\/us.edu.pl\/instytut\/iim\/wp-content\/uploads\/sites\/42\/obrazy-strony\/laboratoria\/pbtmp\/pbtmp-03.png<\/span> <\/a><a data-fancybox-group=\"button\" title=\"Elektryczny piec muflowy SNOL\" data-fancybox=\"9542\" href=\"https:\/\/us.edu.pl\/instytut\/iim\/wp-content\/uploads\/sites\/42\/obrazy-strony\/laboratoria\/pbtmp\/pbtmp-04.png\" class=\"gallery__item thumbnail\"\r\n                                    style=\"background-image: url(https:\/\/us.edu.pl\/instytut\/iim\/wp-content\/uploads\/sites\/42\/obrazy-strony\/laboratoria\/pbtmp\/pbtmp-04-768x1024.png)\"> <span class=\"d-none\">https:\/\/us.edu.pl\/instytut\/iim\/wp-content\/uploads\/sites\/42\/obrazy-strony\/laboratoria\/pbtmp\/pbtmp-04.png<\/span> <\/a><a data-fancybox-group=\"button\" title=\"M\u0142yn planetarny Fritsch Pulverisette P7 premium line\" data-fancybox=\"9542\" href=\"https:\/\/us.edu.pl\/instytut\/iim\/wp-content\/uploads\/sites\/42\/obrazy-strony\/laboratoria\/pbtmp\/pbtmp-05.png\" class=\"gallery__item thumbnail\"\r\n                                    style=\"background-image: url(https:\/\/us.edu.pl\/instytut\/iim\/wp-content\/uploads\/sites\/42\/obrazy-strony\/laboratoria\/pbtmp\/pbtmp-05-768x1024.png)\"> <span class=\"d-none\">https:\/\/us.edu.pl\/instytut\/iim\/wp-content\/uploads\/sites\/42\/obrazy-strony\/laboratoria\/pbtmp\/pbtmp-05.png<\/span> <\/a><a data-fancybox-group=\"button\" title=\"M\u0142ynek kriogeniczny Retsch CryoMill\" data-fancybox=\"9542\" href=\"https:\/\/us.edu.pl\/instytut\/iim\/wp-content\/uploads\/sites\/42\/obrazy-strony\/laboratoria\/pbtmp\/pbtmp-06.png\" class=\"gallery__item thumbnail\"\r\n                                    style=\"background-image: url(https:\/\/us.edu.pl\/instytut\/iim\/wp-content\/uploads\/sites\/42\/obrazy-strony\/laboratoria\/pbtmp\/pbtmp-06-768x1024.png)\"> <span class=\"d-none\">https:\/\/us.edu.pl\/instytut\/iim\/wp-content\/uploads\/sites\/42\/obrazy-strony\/laboratoria\/pbtmp\/pbtmp-06.png<\/span> <\/a><a data-fancybox-group=\"button\" title=\"Laserowy analizator wielko\u015bci cz\u0105stek Fritsch Analysette 22 NeXT Nano\" data-fancybox=\"9542\" href=\"https:\/\/us.edu.pl\/instytut\/iim\/wp-content\/uploads\/sites\/42\/obrazy-strony\/laboratoria\/pbtmp\/pbtmp-07.png\" class=\"gallery__item thumbnail\"\r\n                                    style=\"background-image: url(https:\/\/us.edu.pl\/instytut\/iim\/wp-content\/uploads\/sites\/42\/obrazy-strony\/laboratoria\/pbtmp\/pbtmp-07-1024x768.png)\"> <span class=\"d-none\">https:\/\/us.edu.pl\/instytut\/iim\/wp-content\/uploads\/sites\/42\/obrazy-strony\/laboratoria\/pbtmp\/pbtmp-07.png<\/span> <\/a><a data-fancybox-group=\"button\" title=\"Precyzyjna waga laboratoryjna Steinberg 200G\" data-fancybox=\"9542\" href=\"https:\/\/us.edu.pl\/instytut\/iim\/wp-content\/uploads\/sites\/42\/obrazy-strony\/laboratoria\/pbtmp\/pbtmp-08.png\" class=\"gallery__item thumbnail\"\r\n                                    style=\"background-image: url(https:\/\/us.edu.pl\/instytut\/iim\/wp-content\/uploads\/sites\/42\/obrazy-strony\/laboratoria\/pbtmp\/pbtmp-08-768x1024.png)\"> <span class=\"d-none\">https:\/\/us.edu.pl\/instytut\/iim\/wp-content\/uploads\/sites\/42\/obrazy-strony\/laboratoria\/pbtmp\/pbtmp-08.png<\/span> <\/a><a data-fancybox-group=\"button\" title=\"Mieszad\u0142o rolkowe przesiewacz Steinberg\" data-fancybox=\"9542\" href=\"https:\/\/us.edu.pl\/instytut\/iim\/wp-content\/uploads\/sites\/42\/obrazy-strony\/laboratoria\/pbtmp\/pbtmp-09.png\" class=\"gallery__item thumbnail\"\r\n                                    style=\"background-image: url(https:\/\/us.edu.pl\/instytut\/iim\/wp-content\/uploads\/sites\/42\/obrazy-strony\/laboratoria\/pbtmp\/pbtmp-09-768x1024.png)\"> <span class=\"d-none\">https:\/\/us.edu.pl\/instytut\/iim\/wp-content\/uploads\/sites\/42\/obrazy-strony\/laboratoria\/pbtmp\/pbtmp-09.png<\/span> <\/a><a data-fancybox-group=\"button\" title=\"Mikroskop cyfrowy Keyence VHX-S770E\" data-fancybox=\"9542\" href=\"https:\/\/us.edu.pl\/instytut\/iim\/wp-content\/uploads\/sites\/42\/obrazy-strony\/laboratoria\/pbtmp\/pbtmp-10.png\" class=\"gallery__item thumbnail\"\r\n                                    style=\"background-image: url(https:\/\/us.edu.pl\/instytut\/iim\/wp-content\/uploads\/sites\/42\/obrazy-strony\/laboratoria\/pbtmp\/pbtmp-10-768x1024.png)\"> <span class=\"d-none\">https:\/\/us.edu.pl\/instytut\/iim\/wp-content\/uploads\/sites\/42\/obrazy-strony\/laboratoria\/pbtmp\/pbtmp-10.png<\/span> <\/a><a data-fancybox-group=\"button\" title=\"Stanowisko pomiaru k\u0105ta zwil\u017cania mikroskop Delta Optical NXZ-10D + kamera DLT-CAM 12M\" data-fancybox=\"9542\" href=\"https:\/\/us.edu.pl\/instytut\/iim\/wp-content\/uploads\/sites\/42\/obrazy-strony\/laboratoria\/pbtmp\/pbtmp-11.png\" class=\"gallery__item thumbnail\"\r\n                                    style=\"background-image: url(https:\/\/us.edu.pl\/instytut\/iim\/wp-content\/uploads\/sites\/42\/obrazy-strony\/laboratoria\/pbtmp\/pbtmp-11-1024x768.png)\"> <span class=\"d-none\">https:\/\/us.edu.pl\/instytut\/iim\/wp-content\/uploads\/sites\/42\/obrazy-strony\/laboratoria\/pbtmp\/pbtmp-11.png<\/span> <\/a>\r\n                            <\/div>\r\n                    <\/div>\r\n                <\/div>[\/vc_column][\/vc_row]<\/p>","protected":false},"excerpt":{"rendered":"<p>[vc_row el_class=&#8221;container&#8221;][vc_column][vc_tta_tour][vc_tta_section title=&#8221;O laboratorium&#8221; tab_id=&#8221;1645113822652-dbfa6435-85b9&#8243;][\/vc_tta_section][vc_tta_section title=&#8221;Wyposa\u017cenie&#8221; tab_id=&#8221;1645113822678-51a69647-60ce&#8221;][\/vc_tta_section][vc_tta_section title=&#8221;Kontakt&#8221; tab_id=&#8221;1645114857460-4a308e45-b163&#8243;][\/vc_tta_section][\/vc_tta_tour][\/vc_column][\/vc_row] [&#8230;]<\/p>\n<p><a class=\"btn btn-secondary understrap-read-more-link\" href=\"https:\/\/us.edu.pl\/instytut\/iim\/osoby\/wygoda-roksana\/\">Read More&#8230;<\/a><\/p>\n","protected":false},"author":825,"featured_media":4474,"parent":691,"menu_order":20,"comment_status":"closed","ping_status":"closed","template":"","meta":{"_expiration-date-status":"","_expiration-date":0,"_expiration-date-type":"","_expiration-date-categories":[],"_expiration-date-options":[]},"acf":[],"_links":{"self":[{"href":"https:\/\/us.edu.pl\/instytut\/iim\/wp-json\/wp\/v2\/pages\/4481"}],"collection":[{"href":"https:\/\/us.edu.pl\/instytut\/iim\/wp-json\/wp\/v2\/pages"}],"about":[{"href":"https:\/\/us.edu.pl\/instytut\/iim\/wp-json\/wp\/v2\/types\/page"}],"author":[{"embeddable":true,"href":"https:\/\/us.edu.pl\/instytut\/iim\/wp-json\/wp\/v2\/users\/825"}],"replies":[{"embeddable":true,"href":"https:\/\/us.edu.pl\/instytut\/iim\/wp-json\/wp\/v2\/comments?post=4481"}],"version-history":[{"count":2,"href":"https:\/\/us.edu.pl\/instytut\/iim\/wp-json\/wp\/v2\/pages\/4481\/revisions"}],"predecessor-version":[{"id":4483,"href":"https:\/\/us.edu.pl\/instytut\/iim\/wp-json\/wp\/v2\/pages\/4481\/revisions\/4483"}],"up":[{"embeddable":true,"href":"https:\/\/us.edu.pl\/instytut\/iim\/wp-json\/wp\/v2\/pages\/691"}],"wp:featuredmedia":[{"embeddable":true,"href":"https:\/\/us.edu.pl\/instytut\/iim\/wp-json\/wp\/v2\/media\/4474"}],"wp:attachment":[{"href":"https:\/\/us.edu.pl\/instytut\/iim\/wp-json\/wp\/v2\/media?parent=4481"}],"curies":[{"name":"wp","href":"https:\/\/api.w.org\/{rel}","templated":true}]}}