{"id":4485,"date":"2026-01-12T14:14:49","date_gmt":"2026-01-12T13:14:49","guid":{"rendered":"https:\/\/us.edu.pl\/instytut\/iim\/?page_id=4485"},"modified":"2026-01-12T14:14:49","modified_gmt":"2026-01-12T13:14:49","slug":"pracownia-technologii-ceramiki","status":"publish","type":"page","link":"https:\/\/us.edu.pl\/instytut\/iim\/nauka-badania\/laboratoria-pracownie\/pracownia-technologii-ceramiki\/","title":{"rendered":"Pracownia Technologii Ceramiki"},"content":{"rendered":"<p>[vc_row el_class=&#8221;container&#8221;][vc_column][vc_tta_tour][vc_tta_section title=&#8221;O pracowni&#8221; tab_id=&#8221;1645113822652-dbfa6435-85b9&#8243;]\r\n                <div class=\"text-modules\">\r\n                    <div class=\"container\">\r\n                        \r\n                        <div class=\"text-modules__content\"><p>W Pracowni Technologii Ceramiki prowadzone s\u0105 prace technologiczne zwi\u0105zane z wytwarzaniem materia\u0142\u00f3w ceramicznych (pr\u00f3bek i warstw) mokrymi metodami chemicznymi (zolowo-\u017celow\u0105, gel-combustion) oraz przygotowaniem materia\u0142\u00f3w prekursor\u00f3w do wytwarzania ceramiki metod\u0105 reakcji chemicznej w fazie sta\u0142ej. Pracownia wyposa\u017cona jest tak\u017ce w sprz\u0119t i urz\u0105dzenia do anodowania sta\u0142opr\u0105dowego i anodowania pulsowego prowadz\u0105cego do wytwarzania pow\u0142ok na powierzchni stop\u00f3w metali. W pracowni prowadzone s\u0105 ponadto zaj\u0119cia dydaktyczne z Chemii, In\u017cynierii wytwarzania, Nauki o Materia\u0142ach, Biomateria\u0142\u00f3w ceramicznych, Materia\u0142\u00f3w i technologii materia\u0142owych oraz zaj\u0119cia dla m\u0142odzie\u017cy w ramach \u015awi\u0119ta liczby \u03a0, Dnia Otwartego Mechatroniki i Kszta\u0142cenia dla przysz\u0142o\u015bci.<\/p>\n<\/div>\r\n                    <\/div>\r\n                <\/div>[\/vc_tta_section][vc_tta_section title=&#8221;Wyposa\u017cenie&#8221; tab_id=&#8221;1645113822678-51a69647-60ce&#8221;]\r\n                <div class=\"text-modules\">\r\n                    <div class=\"container\">\r\n                        \r\n                        <div class=\"text-modules__content\"><p>Wyposa\u017cenie pracowni:<\/p>\n<ul>\n<li>Urz\u0105dzenie do powlekania obrotowego wraz z p\u0142yt\u0105 grzejn\u0105 do wytwarzania cienkich warstw na p\u0142askim pod\u0142o\u017cu<\/li>\n<li>Mieszad\u0142o magnetyczne z p\u0142yt\u0105 grzejn\u0105 do wytwarzania i homogenizacji roztwor\u00f3w i zoli w metodzie zolowo-\u017celowej i metodzie samospalania \u017celu<\/li>\n<li>Waga analityczna Radwag WPA60<\/li>\n<li>Homogenizator MPW-302<\/li>\n<li>Zasilacz impulsowy do anodowania sta\u0142opr\u0105dowego i anodowania pulsowego<\/li>\n<li>Zasilacz laboratoryjny DC GPR-25H30D do anodowania sta\u0142opr\u0105dowego i anodowania pulsowego<\/li>\n<\/ul>\n<p>\n<\/div>\r\n                    <\/div>\r\n                <\/div>[\/vc_tta_section][vc_tta_section title=&#8221;Kontakt&#8221; tab_id=&#8221;1645114857460-4a308e45-b163&#8243;]<div class='container'><div class=\"people-section\"><div class=\"section-title\">Kierownik laboratorium: <\/div><div class=\"people-loop people-loop_2\"><\/div><\/div><\/div>\r\n                <div class=\"text-modules\">\r\n                    <div class=\"container\">\r\n                        \r\n                        <div class=\"text-modules__content\"><p>dr Katarzyna Osi\u0144ska<\/p>\n<\/div>\r\n                    <\/div>\r\n                <\/div>[\/vc_tta_section][\/vc_tta_tour]            \r\n                    <div class=\"container\">\r\n                        <div class=\"gallery gallery_2\" data-images-in-row=\"2\">\r\n                            <div class=\"section-title section-title_border-bottom\">Galeria<\/div>\r\n                            <div class=\"row m-0\">\r\n                                <a data-fancybox-group=\"button\" title=\"Pracownia Technologii Ceramiki\" data-fancybox=\"4015\" href=\"https:\/\/us.edu.pl\/instytut\/iim\/wp-content\/uploads\/sites\/42\/obrazy-strony\/laboratoria\/ptcer\/ptcer-01.jpg\" class=\"gallery__item thumbnail\"\r\n                                    style=\"background-image: url(https:\/\/us.edu.pl\/instytut\/iim\/wp-content\/uploads\/sites\/42\/obrazy-strony\/laboratoria\/ptcer\/ptcer-01-699x1024.jpg)\"> <span class=\"d-none\">https:\/\/us.edu.pl\/instytut\/iim\/wp-content\/uploads\/sites\/42\/obrazy-strony\/laboratoria\/ptcer\/ptcer-01.jpg<\/span> <\/a><a data-fancybox-group=\"button\" title=\"Pracownia Technologii Ceramiki\" data-fancybox=\"4015\" href=\"https:\/\/us.edu.pl\/instytut\/iim\/wp-content\/uploads\/sites\/42\/obrazy-strony\/laboratoria\/ptcer\/ptcer-02.jpg\" class=\"gallery__item thumbnail\"\r\n                                    style=\"background-image: url(https:\/\/us.edu.pl\/instytut\/iim\/wp-content\/uploads\/sites\/42\/obrazy-strony\/laboratoria\/ptcer\/ptcer-02-738x1024.jpg)\"> <span class=\"d-none\">https:\/\/us.edu.pl\/instytut\/iim\/wp-content\/uploads\/sites\/42\/obrazy-strony\/laboratoria\/ptcer\/ptcer-02.jpg<\/span> <\/a>\r\n                            <\/div>\r\n                    <\/div>\r\n                <\/div>[\/vc_column][\/vc_row]<\/p>","protected":false},"excerpt":{"rendered":"<p>[vc_row el_class=&#8221;container&#8221;][vc_column][vc_tta_tour][vc_tta_section title=&#8221;O pracowni&#8221; tab_id=&#8221;1645113822652-dbfa6435-85b9&#8243;][\/vc_tta_section][vc_tta_section title=&#8221;Wyposa\u017cenie&#8221; tab_id=&#8221;1645113822678-51a69647-60ce&#8221;][\/vc_tta_section][vc_tta_section title=&#8221;Kontakt&#8221; tab_id=&#8221;1645114857460-4a308e45-b163&#8243;][\/vc_tta_section][\/vc_tta_tour][\/vc_column][\/vc_row] [&#8230;]<\/p>\n<p><a class=\"btn btn-secondary understrap-read-more-link\" href=\"https:\/\/us.edu.pl\/instytut\/iim\/osoby\/wygoda-roksana\/\">Read More&#8230;<\/a><\/p>\n","protected":false},"author":825,"featured_media":4494,"parent":691,"menu_order":20,"comment_status":"closed","ping_status":"closed","template":"","meta":{"_expiration-date-status":"","_expiration-date":0,"_expiration-date-type":"","_expiration-date-categories":[],"_expiration-date-options":[]},"acf":[],"_links":{"self":[{"href":"https:\/\/us.edu.pl\/instytut\/iim\/wp-json\/wp\/v2\/pages\/4485"}],"collection":[{"href":"https:\/\/us.edu.pl\/instytut\/iim\/wp-json\/wp\/v2\/pages"}],"about":[{"href":"https:\/\/us.edu.pl\/instytut\/iim\/wp-json\/wp\/v2\/types\/page"}],"author":[{"embeddable":true,"href":"https:\/\/us.edu.pl\/instytut\/iim\/wp-json\/wp\/v2\/users\/825"}],"replies":[{"embeddable":true,"href":"https:\/\/us.edu.pl\/instytut\/iim\/wp-json\/wp\/v2\/comments?post=4485"}],"version-history":[{"count":1,"href":"https:\/\/us.edu.pl\/instytut\/iim\/wp-json\/wp\/v2\/pages\/4485\/revisions"}],"predecessor-version":[{"id":4514,"href":"https:\/\/us.edu.pl\/instytut\/iim\/wp-json\/wp\/v2\/pages\/4485\/revisions\/4514"}],"up":[{"embeddable":true,"href":"https:\/\/us.edu.pl\/instytut\/iim\/wp-json\/wp\/v2\/pages\/691"}],"wp:featuredmedia":[{"embeddable":true,"href":"https:\/\/us.edu.pl\/instytut\/iim\/wp-json\/wp\/v2\/media\/4494"}],"wp:attachment":[{"href":"https:\/\/us.edu.pl\/instytut\/iim\/wp-json\/wp\/v2\/media?parent=4485"}],"curies":[{"name":"wp","href":"https:\/\/api.w.org\/{rel}","templated":true}]}}