{"id":4501,"date":"2026-01-11T18:30:58","date_gmt":"2026-01-11T17:30:58","guid":{"rendered":"https:\/\/us.edu.pl\/instytut\/iim\/?page_id=4501"},"modified":"2026-01-11T18:30:58","modified_gmt":"2026-01-11T17:30:58","slug":"pracownia-materialow-inteligentnych","status":"publish","type":"page","link":"https:\/\/us.edu.pl\/instytut\/iim\/nauka-badania\/laboratoria-pracownie\/pracownia-materialow-inteligentnych\/","title":{"rendered":"Pracownia Materia\u0142\u00f3w Inteligentnych"},"content":{"rendered":"<p>[vc_row el_class=&#8221;container&#8221;][vc_column][vc_tta_tour][vc_tta_section title=&#8221;O pracowni&#8221; tab_id=&#8221;1645113822652-dbfa6435-85b9&#8243;]\r\n                <div class=\"text-modules\">\r\n                    <div class=\"container\">\r\n                        \r\n                        <div class=\"text-modules__content\"><p>W pracowni mo\u017cna przeprowadza\u0107 badania materia\u0142\u00f3w dielektrycznych, p\u00f3\u0142przewodnik\u00f3w i przewodnik\u00f3w. Zakres bada\u0144 obejmuje <strong>szerokopasmow\u0105 spektroskopi\u0119 dielektryczn\u0105<\/strong> w zakresie cz\u0119stotliwo\u015bci od 10 \u00b5Hz do 120 MHz, pomiary: <strong>zespolonej nieliniowej podatno\u015bci dielektrycznej<\/strong>, <strong>w\u0142a\u015bciwo\u015bci piezoelektrycznych<\/strong>, <strong>piroelektrycznych<\/strong>, <strong>p\u0119tli histerezy elektrycznej<\/strong>, <strong>przewodnictwa elektrycznego sta\u0142o i zmiennopr\u0105dowego<\/strong>, <strong>dw\u00f3j\u0142omno\u015bci i struktury domenowej<\/strong>. Badania mog\u0105 by\u0107 przeprowadzane w zakresie temperatury od 90 K do 800 K.<\/p>\n<\/div>\r\n                    <\/div>\r\n                <\/div>[\/vc_tta_section][vc_tta_section title=&#8221;Wyposa\u017cenie&#8221; tab_id=&#8221;1645113822678-51a69647-60ce&#8221;]\r\n                <div class=\"text-modules\">\r\n                    <div class=\"container\">\r\n                        \r\n                        <div class=\"text-modules__content\"><p>Wyposa\u017cenie pracowni:<\/p>\n<ul>\n<li>Analizator impedancji Solartron SI 1260 z interfejsem dielektrycznym Solartron 1296<\/li>\n<li>Analizator impedancji Keysight E4990A<\/li>\n<li>Precyzyjny miernik LCR Agilent E4980A<\/li>\n<li>Cyfrowy multimetr Agilent 34401A<\/li>\n<li>Wzmacniacz Lock-In Stanford Research Systems SR850<\/li>\n<li>Przedwzmacniacz pr\u0105dowy o niskim poziomie szum\u00f3w Stanford Research Systems SR570<\/li>\n<li>Generator o niskim poziomie zniekszta\u0142ce\u0144 Stanford Research Systems DS360<\/li>\n<li>Pikoamperomierz Keithley Series 6485<\/li>\n<li>Wzmacniacz pr\u0105dowy Keithley Model 428<\/li>\n<li>Kriogeniczny regulator temperatury Lake Shore Model 335<\/li>\n<li>Mikroskop polaryzacyjno-interferencyjny Carl Zeiss Jena<\/li>\n<\/ul>\n<p>\n<\/div>\r\n                    <\/div>\r\n                <\/div>[\/vc_tta_section][vc_tta_section title=&#8221;Kontakt&#8221; tab_id=&#8221;1645114857460-4a308e45-b163&#8243;]<div class='container'><div class=\"people-section\"><div class=\"section-title\">Kierownik pracowni: <\/div><div class=\"people-loop people-loop_2\">\r\n            <div  class=\"people-loop-post\">\r\n               \r\n               <div class=\"people-loop-post__content\" >\r\n                     <div class=\"people-loop-post__prof\" >   <\/div >\r\n                     <div class=\"people-loop-post__title\" > Miga Seweryn<\/div >\r\n                     <div class=\"people-loop-post__position\" > <\/div >\r\n                     <a class=\"link-button\"  href=\"https:\/\/us.edu.pl\/instytut\/iim\/osoby\/miga-seweryn\/\">Biogram<\/a>\r\n               <\/div>\r\n            <\/div> <\/div><\/div><\/div>[\/vc_tta_section][\/vc_tta_tour][\/vc_column][\/vc_row]<\/p>","protected":false},"excerpt":{"rendered":"<p>[vc_row el_class=&#8221;container&#8221;][vc_column][vc_tta_tour][vc_tta_section title=&#8221;O pracowni&#8221; tab_id=&#8221;1645113822652-dbfa6435-85b9&#8243;][\/vc_tta_section][vc_tta_section title=&#8221;Wyposa\u017cenie&#8221; tab_id=&#8221;1645113822678-51a69647-60ce&#8221;][\/vc_tta_section][vc_tta_section title=&#8221;Kontakt&#8221; tab_id=&#8221;1645114857460-4a308e45-b163&#8243;][\/vc_tta_section][\/vc_tta_tour][\/vc_column][\/vc_row] [&#8230;]<\/p>\n<p><a class=\"btn btn-secondary understrap-read-more-link\" href=\"https:\/\/us.edu.pl\/instytut\/iim\/osoby\/wygoda-roksana\/\">Read More&#8230;<\/a><\/p>\n","protected":false},"author":825,"featured_media":0,"parent":691,"menu_order":20,"comment_status":"closed","ping_status":"closed","template":"","meta":{"_expiration-date-status":"","_expiration-date":0,"_expiration-date-type":"","_expiration-date-categories":[],"_expiration-date-options":[]},"acf":[],"_links":{"self":[{"href":"https:\/\/us.edu.pl\/instytut\/iim\/wp-json\/wp\/v2\/pages\/4501"}],"collection":[{"href":"https:\/\/us.edu.pl\/instytut\/iim\/wp-json\/wp\/v2\/pages"}],"about":[{"href":"https:\/\/us.edu.pl\/instytut\/iim\/wp-json\/wp\/v2\/types\/page"}],"author":[{"embeddable":true,"href":"https:\/\/us.edu.pl\/instytut\/iim\/wp-json\/wp\/v2\/users\/825"}],"replies":[{"embeddable":true,"href":"https:\/\/us.edu.pl\/instytut\/iim\/wp-json\/wp\/v2\/comments?post=4501"}],"version-history":[{"count":1,"href":"https:\/\/us.edu.pl\/instytut\/iim\/wp-json\/wp\/v2\/pages\/4501\/revisions"}],"predecessor-version":[{"id":4502,"href":"https:\/\/us.edu.pl\/instytut\/iim\/wp-json\/wp\/v2\/pages\/4501\/revisions\/4502"}],"up":[{"embeddable":true,"href":"https:\/\/us.edu.pl\/instytut\/iim\/wp-json\/wp\/v2\/pages\/691"}],"wp:attachment":[{"href":"https:\/\/us.edu.pl\/instytut\/iim\/wp-json\/wp\/v2\/media?parent=4501"}],"curies":[{"name":"wp","href":"https:\/\/api.w.org\/{rel}","templated":true}]}}