{"id":4504,"date":"2026-01-11T18:41:23","date_gmt":"2026-01-11T17:41:23","guid":{"rendered":"https:\/\/us.edu.pl\/instytut\/iim\/?page_id=4504"},"modified":"2026-01-11T18:41:23","modified_gmt":"2026-01-11T17:41:23","slug":"pracownia-materialow-skoniugowanych","status":"publish","type":"page","link":"https:\/\/us.edu.pl\/instytut\/iim\/nauka-badania\/laboratoria-pracownie\/pracownia-materialow-skoniugowanych\/","title":{"rendered":"Pracownia Materia\u0142\u00f3w Skoniugowanych"},"content":{"rendered":"<p>[vc_row el_class=&#8221;container&#8221;][vc_column][vc_tta_tour][vc_tta_section title=&#8221;O pracowni&#8221; tab_id=&#8221;1645113822652-dbfa6435-85b9&#8243;]\r\n                <div class=\"text-modules\">\r\n                    <div class=\"container\">\r\n                        \r\n                        <div class=\"text-modules__content\"><p>Pracownia prowadzi dzia\u0142alno\u015b\u0107 badawcz\u0105 w zakresie syntezy oraz charakterystyki w\u0142a\u015bciwo\u015bci skoniugowanych materia\u0142\u00f3w polimerowych, ukierunkowan\u0105 na opracowanie ich zastosowa\u0144 w neurotechnologii, w szczeg\u00f3lno\u015bci jako pow\u0142ok elektrod stosowanych w neurostymulacji. Zakres prowadzonych bada\u0144 obejmuje zar\u00f3wno syntez\u0119, jak i kompleksow\u0105 analiz\u0119 otrzymanych materia\u0142\u00f3w w aspektach sk\u0142adu chemicznego, morfologii, parametr\u00f3w elektrochemicznych oraz w\u0142a\u015bciwo\u015bci adhezyjnych. Dodatkowo, opracowywane pow\u0142oki mog\u0105 by\u0107 funkcjonalizowane poprzez wprowadzenie substancji o dzia\u0142aniu terapeutycznym, kt\u00f3rych enkapsulacja i kontrolowane uwalnianie stanowi\u0105 przedmiot prowadzonych bada\u0144. Analogiczne podej\u015bcie stosowane jest w przypadku materia\u0142\u00f3w polimerowych wykorzystywanych w kontaktologii, w kt\u00f3rych matrycach soczewek osadzane s\u0105 substancje bioaktywne. Ponadto, prace badawcze obejmuj\u0105 analiz\u0119 w\u0142a\u015bciwo\u015bci opatrunk\u00f3w medycznych, ze szczeg\u00f3lnym uwzgl\u0119dnieniem ich zdolno\u015bci absorpcyjnych i retencyjnych, determinuj\u0105cych skuteczno\u015b\u0107 utrzymania wilgotnego mikro\u015brodowiska rany, kluczowego dla procesu gojenia. Opracowujemy tak\u017ce nowe receptury dla materia\u0142\u00f3w polimerowych w tym ochronnych materia\u0142\u00f3w cienko\u015bciennych (r\u0119kawiczki)<\/p>\n<\/div>\r\n                    <\/div>\r\n                <\/div>[\/vc_tta_section][vc_tta_section title=&#8221;Wyposa\u017cenie&#8221; tab_id=&#8221;1645113822678-51a69647-60ce&#8221;]\r\n                <div class=\"text-modules\">\r\n                    <div class=\"container\">\r\n                        \r\n                        <div class=\"text-modules__content\"><p>Wyposa\u017cenie pracowni:<\/p>\n<ul>\n<li><strong>Aparat do pomiaru powierzchni w\u0142a\u015bciwej GEMINI VII 2390a (Micromeritics)<\/strong><\/li>\n<\/ul>\n<p style=\"padding-left: 40px;\">Aparat GEMINI VII 2390a umo\u017cliwia oznaczanie powierzchni w\u0142a\u015bciwej pr\u00f3bek z wykorzystaniem techniki adsorpcji gaz\u00f3w. Urz\u0105dzenie stosowane jest do analizy powierzchni w\u0142a\u015bciwej (SSA) porowatych materia\u0142\u00f3w polimerowych, proszk\u00f3w wykorzystywanych do syntezy nanomateria\u0142\u00f3w, sadzy oraz materia\u0142\u00f3w proszkowych stosowanych w farmacji i budownictwie. Metoda przydatna do oceny w\u0142a\u015bciwo\u015bci sorpcyjnych i optymalizacji mikrostruktury materia\u0142\u00f3w.<\/p>\n<p style=\"padding-left: 40px;\">Pomiary prowadzone s\u0105 w warunkach ciek\u0142ego azotu, przy czym pr\u00f3bki umieszczane s\u0105 w szklanych prob\u00f3wkach o \u015brednicy wewn\u0119trznej 8 mm, zanurzanych w dewarze pomiarowym.<\/p>\n<ul>\n<li><strong>Stanowisko do odgazowania pr\u00f3bek<\/strong><\/li>\n<\/ul>\n<p style=\"padding-left: 40px;\">Stacja przeznaczona jest do przygotowywania materia\u0142\u00f3w przed pomiarem powierzchni w\u0142a\u015bciwej poprzez proces odgazowania. Urz\u0105dzenie umo\u017cliwia prac\u0119 w trybie ci\u0105g\u0142ym w zakresie temperatur do 300 \u00b0C. Zintegrowany blok grzewczy wyposa\u017cony jest w sze\u015b\u0107 niezale\u017cnych stanowisk odgazowuj\u0105cych, do kt\u00f3rych doprowadzany jest gaz oczyszczaj\u0105cy za pomoc\u0105 precyzyjnego systemu rurek doprowadzaj\u0105cych. Takie rozwi\u0105zanie zapewnia r\u00f3wnomierne warunki procesu i wysok\u0105 powtarzalno\u015b\u0107 przygotowania pr\u00f3bek do dalszych analiz adsorpcyjnych.<\/p>\n<ul>\n<li><strong>Spektrofotometr UV\u2013Vis Biowave <\/strong><\/li>\n<\/ul>\n<p style=\"padding-left: 40px;\">Spektrofotometr UV\u2013Vis umo\u017cliwia precyzyjny pomiar absorpcji promieniowania elektromagnetycznego w zakresie ultrafioletu i \u015bwiat\u0142a widzialnego (190\u2013900 nm). Urz\u0105dzenie wykorzystywane jest do charakterystyki oraz identyfikacji zwi\u0105zk\u00f3w organicznych zawieraj\u0105cych ugrupowania chromoforowe. Technika ta znajduje r\u00f3wnie\u017c zastosowanie w detekcji proces\u00f3w agregacji nanocz\u0105stek oraz w monitorowaniu kinetyki proces\u00f3w, w tym kontrolowanego uwalniania substancji leczniczych z matryc polimerowych. Uzyskiwane wyniki stanowi\u0105 \u017ar\u00f3d\u0142o bezpo\u015brednich, ilo\u015bciowych danych niezb\u0119dnych do oceny jako\u015bci oraz optymalizacji proces\u00f3w badawczych i technologicznych.<\/p>\n<ul>\n<li><strong>Mieszarka Multi-vortex V<\/strong><\/li>\n<\/ul>\n<p style=\"padding-left: 40px;\">Urz\u0105dzenie przeznaczone jest do prowadzenia proces\u00f3w ci\u0105g\u0142ej ekstrakcji sk\u0142adnik\u00f3w z pr\u00f3bek sta\u0142ych oraz do wspomagania rozpuszczania materia\u0142\u00f3w trudno rozpuszczalnych. Aparat wyposa\u017cony jest w podstaw\u0119 piankow\u0105 z otworami dostosowanymi do standardowych prob\u00f3wek typu Eppendorf oraz ich mniejszych odpowiednik\u00f3w, co umo\u017cliwia r\u00f3wnoleg\u0142e prowadzenie wielokrotnych proces\u00f3w ekstrakcyjnych w kontrolowanych warunkach.<\/p>\n<p>\n<\/div>\r\n                    <\/div>\r\n                <\/div>[\/vc_tta_section][vc_tta_section title=&#8221;Kontakt&#8221; tab_id=&#8221;1645114857460-4a308e45-b163&#8243;]<div class='container'><div class=\"people-section\"><div class=\"section-title\">Kierownik pracowni: <\/div><div class=\"people-loop people-loop_2\">\r\n            <div  class=\"people-loop-post\">\r\n               \r\n               <div class=\"people-loop-post__content\" >\r\n                     <div class=\"people-loop-post__prof\" >   <\/div >\r\n                     <div class=\"people-loop-post__title\" > Golba Sylwia<\/div >\r\n                     <div class=\"people-loop-post__position\" > <\/div >\r\n                     <a class=\"link-button\"  href=\"https:\/\/us.edu.pl\/instytut\/iim\/osoby\/golba-sylwia\/\">Biogram<\/a>\r\n               <\/div>\r\n            <\/div> <\/div><\/div><\/div>[\/vc_tta_section][\/vc_tta_tour]            \r\n                    <div class=\"container\">\r\n                        <div class=\"gallery gallery_2\" data-images-in-row=\"2\">\r\n                            <div class=\"section-title section-title_border-bottom\">Galeria<\/div>\r\n                            <div class=\"row m-0\">\r\n                                <a data-fancybox-group=\"button\" title=\"Stanowisko do odgazowania pr\u00f3bek\" data-fancybox=\"5548\" href=\"https:\/\/us.edu.pl\/instytut\/iim\/wp-content\/uploads\/sites\/42\/obrazy-strony\/laboratoria\/pmskon\/pmskon-01.png\" class=\"gallery__item thumbnail\"\r\n                                    style=\"background-image: url(https:\/\/us.edu.pl\/instytut\/iim\/wp-content\/uploads\/sites\/42\/obrazy-strony\/laboratoria\/pmskon\/pmskon-01.png)\"> <span class=\"d-none\">https:\/\/us.edu.pl\/instytut\/iim\/wp-content\/uploads\/sites\/42\/obrazy-strony\/laboratoria\/pmskon\/pmskon-01.png<\/span> <\/a><a data-fancybox-group=\"button\" title=\"Stanowisko do odgazowania pr\u00f3bek\" data-fancybox=\"5548\" href=\"https:\/\/us.edu.pl\/instytut\/iim\/wp-content\/uploads\/sites\/42\/obrazy-strony\/laboratoria\/pmskon\/pmskon-02.png\" class=\"gallery__item thumbnail\"\r\n                                    style=\"background-image: url(https:\/\/us.edu.pl\/instytut\/iim\/wp-content\/uploads\/sites\/42\/obrazy-strony\/laboratoria\/pmskon\/pmskon-02.png)\"> <span class=\"d-none\">https:\/\/us.edu.pl\/instytut\/iim\/wp-content\/uploads\/sites\/42\/obrazy-strony\/laboratoria\/pmskon\/pmskon-02.png<\/span> <\/a><a data-fancybox-group=\"button\" title=\"Spektrofotometr UV\u2013Vis Biowave\" data-fancybox=\"5548\" href=\"https:\/\/us.edu.pl\/instytut\/iim\/wp-content\/uploads\/sites\/42\/obrazy-strony\/laboratoria\/pmskon\/pmskon-03.png\" class=\"gallery__item thumbnail\"\r\n                                    style=\"background-image: url(https:\/\/us.edu.pl\/instytut\/iim\/wp-content\/uploads\/sites\/42\/obrazy-strony\/laboratoria\/pmskon\/pmskon-03.png)\"> <span class=\"d-none\">https:\/\/us.edu.pl\/instytut\/iim\/wp-content\/uploads\/sites\/42\/obrazy-strony\/laboratoria\/pmskon\/pmskon-03.png<\/span> <\/a>\r\n                            <\/div>\r\n                    <\/div>\r\n                <\/div>[\/vc_column][\/vc_row]<\/p>","protected":false},"excerpt":{"rendered":"<p>[vc_row el_class=&#8221;container&#8221;][vc_column][vc_tta_tour][vc_tta_section title=&#8221;O pracowni&#8221; tab_id=&#8221;1645113822652-dbfa6435-85b9&#8243;][\/vc_tta_section][vc_tta_section title=&#8221;Wyposa\u017cenie&#8221; tab_id=&#8221;1645113822678-51a69647-60ce&#8221;][\/vc_tta_section][vc_tta_section title=&#8221;Kontakt&#8221; tab_id=&#8221;1645114857460-4a308e45-b163&#8243;][\/vc_tta_section][\/vc_tta_tour][\/vc_column][\/vc_row] [&#8230;]<\/p>\n<p><a class=\"btn btn-secondary understrap-read-more-link\" href=\"https:\/\/us.edu.pl\/instytut\/iim\/osoby\/wygoda-roksana\/\">Read More&#8230;<\/a><\/p>\n","protected":false},"author":825,"featured_media":4488,"parent":691,"menu_order":20,"comment_status":"closed","ping_status":"closed","template":"","meta":{"_expiration-date-status":"","_expiration-date":0,"_expiration-date-type":"","_expiration-date-categories":[],"_expiration-date-options":[]},"acf":[],"_links":{"self":[{"href":"https:\/\/us.edu.pl\/instytut\/iim\/wp-json\/wp\/v2\/pages\/4504"}],"collection":[{"href":"https:\/\/us.edu.pl\/instytut\/iim\/wp-json\/wp\/v2\/pages"}],"about":[{"href":"https:\/\/us.edu.pl\/instytut\/iim\/wp-json\/wp\/v2\/types\/page"}],"author":[{"embeddable":true,"href":"https:\/\/us.edu.pl\/instytut\/iim\/wp-json\/wp\/v2\/users\/825"}],"replies":[{"embeddable":true,"href":"https:\/\/us.edu.pl\/instytut\/iim\/wp-json\/wp\/v2\/comments?post=4504"}],"version-history":[{"count":1,"href":"https:\/\/us.edu.pl\/instytut\/iim\/wp-json\/wp\/v2\/pages\/4504\/revisions"}],"predecessor-version":[{"id":4505,"href":"https:\/\/us.edu.pl\/instytut\/iim\/wp-json\/wp\/v2\/pages\/4504\/revisions\/4505"}],"up":[{"embeddable":true,"href":"https:\/\/us.edu.pl\/instytut\/iim\/wp-json\/wp\/v2\/pages\/691"}],"wp:featuredmedia":[{"embeddable":true,"href":"https:\/\/us.edu.pl\/instytut\/iim\/wp-json\/wp\/v2\/media\/4488"}],"wp:attachment":[{"href":"https:\/\/us.edu.pl\/instytut\/iim\/wp-json\/wp\/v2\/media?parent=4504"}],"curies":[{"name":"wp","href":"https:\/\/api.w.org\/{rel}","templated":true}]}}