{"id":4507,"date":"2026-01-11T18:50:17","date_gmt":"2026-01-11T17:50:17","guid":{"rendered":"https:\/\/us.edu.pl\/instytut\/iim\/?page_id=4507"},"modified":"2026-01-11T18:50:17","modified_gmt":"2026-01-11T17:50:17","slug":"pracownia-preparatyki-mikroskopowej","status":"publish","type":"page","link":"https:\/\/us.edu.pl\/instytut\/iim\/nauka-badania\/laboratoria-pracownie\/pracownia-preparatyki-mikroskopowej\/","title":{"rendered":"Pracownia Preparatyki Mikroskopowej"},"content":{"rendered":"<p>[vc_row el_class=&#8221;container&#8221;][vc_column][vc_tta_tour][vc_tta_section title=&#8221;O pracowni&#8221; tab_id=&#8221;1645113822652-dbfa6435-85b9&#8243;]\r\n                <div class=\"text-modules\">\r\n                    <div class=\"container\">\r\n                        \r\n                        <div class=\"text-modules__content\"><p>W pracowni przygotowuje si\u0119 preparaty (g\u0142\u00f3wnie tzw. cienkie folie) do Transmisyjnego Mikroskopu Elektronowego (TEM) metodami polerowania mechanicznego, elektrolitycznego oraz jonowego. Najpowszechniejsz\u0105 form\u0105 pr\u00f3bek do TEM s\u0105 tzw. cienkie folie. Proces ich przygotowania polega wyci\u0119ciu kr\u0105\u017cka o \u015brednicy 3 mm, mechanicznym \u015bcienieniu za pomoc\u0105 papier\u00f3w \u015bciernych oraz \u015bcieniarek mechanicznych (dimple-grinder) oraz finalnego polerowania na polerkach jonowych, elektrolitycznych b\u0105d\u017a mechanicznych. Metod\u0119 polerowania elektrolitycznego stosuje si\u0119 do pr\u00f3bek przewodz\u0105cych pr\u0105d elektryczny. Skuteczno\u015b\u0107 tej metody jest bardzo wysoka je\u015bli dobrze dobrane s\u0105 wykorzystane elektrolity, temperatura oraz warunki pr\u0105dowe elektropolerowania. Metoda ta jest niefunkcjonalna dla materia\u0142\u00f3w, nieprzewodz\u0105cych pr\u0105du. W takich przypadkach wykorzystuje si\u0119 metod\u0119 \u015bcieniania jonowego. Kr\u0105\u017cek materia\u0142u zeszlifowanego materia\u0142u metalicznego poddaje si\u0119 dzia\u0142aniu strumienia jon\u00f3w argonu, kt\u00f3re powoduj\u0105 wybijanie atom\u00f3w z powierzchni pr\u00f3bki. Proces ten odbywa si\u0119 w warunkach lokalnie podwy\u017cszonej temperatury, co jest ograniczeniem w przypadku materia\u0142\u00f3w niskotopliwych.<\/p>\n<\/div>\r\n                    <\/div>\r\n                <\/div>[\/vc_tta_section][vc_tta_section title=&#8221;Wyposa\u017cenie&#8221; tab_id=&#8221;1645113822678-51a69647-60ce&#8221;]\r\n                <div class=\"text-modules\">\r\n                    <div class=\"container\">\r\n                        \r\n                        <div class=\"text-modules__content\"><p>Wyposa\u017cenie pracowni:<\/p>\n<ul>\n<li><strong>Przecinarka Accutom-50<\/strong> to precyzyjna pi\u0142a do ci\u0119cia, kt\u00f3ra jest u\u017cywana do przygotowywania pr\u00f3bek materia\u0142\u00f3w do bada\u0144. Proces pracy polega na precyzyjnym ci\u0119ciu materia\u0142u za pomoc\u0105 tarczy tzw. \u015bciernicy odpowiednio dobranej do twardo\u015bci ci\u0119tego materia\u0142u.<\/li>\n<li><strong>Polerka jonowa Gatan 691<\/strong> (2szt) &#8211; \u00a0dzia\u0142anie polega na bombardowaniu pr\u00f3bki jonami argonu w komorze pr\u00f3\u017cniowej, co powoduje powolne usuwanie atom\u00f3w z powierzchni, tworz\u0105c tzw. cienk\u0105 foli\u0119.<\/li>\n<li><strong>GRINDER Gatan<\/strong> \u2013 \u015bcieniarka mechaniczna.<\/li>\n<li><strong>DIMPLING GRINDER M200<\/strong> \u2013 \u015bcieniarka mechaniczna \u00a0to precyzyjne urz\u0105dzenie s\u0142u\u017c\u0105ce do \u015bcieniania pr\u00f3bek. Najcz\u0119\u015bciej wykorzystywane jest w mikroskopii elektronowej (TEM). W trakcie \u015bcieniania, tworzy si\u0119 wkl\u0119s\u0142e zag\u0142\u0119bienie w centralnej cz\u0119\u015bci pr\u00f3bki, co znacznie skraca czas p\u00f3\u017aniejszego jonowego polerowania. Urz\u0105dzenie pozwala na elektroniczn\u0105 kontrol\u0119 pr\u0119dko\u015b\u0107 \u015bcieniania (\u015bcierania) oraz g\u0142\u0119boko\u015bci (z dok\u0142adno\u015bci\u0105 do jednego mikrona).<\/li>\n<li><strong>Elektopolerka Tenu Pol-5 firmy Struers <\/strong>s\u0142u\u017cy do automatycznego elektrolitycznego pocieniania pr\u00f3bek do bada\u0144 w transmisyjnej mikroskopii elektronowej (TEM). Ustalanie parametr\u00f3w dla nowych materia\u0142\u00f3w i przechowywanie ich w bazie danych metod jest proste dzi\u0119ki wbudowanej funkcji rejestracji krzywej pr\u0105dowo-napi\u0119ciowej. TenuPol-5 sk\u0142ada si\u0119 z dw\u00f3ch oddzielnych jednostek &#8211; jednostki steruj\u0105cej i jednostki poleruj\u0105cej. Przy odpowiednio dobranych parametrach pr\u0105dowo-napi\u0119ciowych oraz elektrolicie, metaliczna pr\u00f3bka do TEM jest przygotowywana w ci\u0105gu kilku minut.<\/li>\n<\/ul>\n<p>\n<\/div>\r\n                    <\/div>\r\n                <\/div>[\/vc_tta_section][vc_tta_section title=&#8221;Kontakt&#8221; tab_id=&#8221;1645114857460-4a308e45-b163&#8243;]<div class='container'><div class=\"people-section\"><div class=\"section-title\">Kierownik pracowni: <\/div><div class=\"people-loop people-loop_2\">\r\n            <div  class=\"people-loop-post\">\r\n               \r\n               <div class=\"people-loop-post__content\" >\r\n                     <div class=\"people-loop-post__prof\" >   <\/div >\r\n                     <div class=\"people-loop-post__title\" > Prusik Krystian<\/div >\r\n                     <div class=\"people-loop-post__position\" > <\/div >\r\n                     <a class=\"link-button\"  href=\"https:\/\/us.edu.pl\/instytut\/iim\/osoby\/prusik-krystian\/\">Biogram<\/a>\r\n               <\/div>\r\n            <\/div> <\/div><\/div><\/div>[\/vc_tta_section][\/vc_tta_tour][\/vc_column][\/vc_row]<\/p>","protected":false},"excerpt":{"rendered":"<p>[vc_row el_class=&#8221;container&#8221;][vc_column][vc_tta_tour][vc_tta_section title=&#8221;O pracowni&#8221; tab_id=&#8221;1645113822652-dbfa6435-85b9&#8243;][\/vc_tta_section][vc_tta_section title=&#8221;Wyposa\u017cenie&#8221; tab_id=&#8221;1645113822678-51a69647-60ce&#8221;][\/vc_tta_section][vc_tta_section title=&#8221;Kontakt&#8221; tab_id=&#8221;1645114857460-4a308e45-b163&#8243;][\/vc_tta_section][\/vc_tta_tour][\/vc_column][\/vc_row] [&#8230;]<\/p>\n<p><a class=\"btn btn-secondary understrap-read-more-link\" href=\"https:\/\/us.edu.pl\/instytut\/iim\/osoby\/wygoda-roksana\/\">Read More&#8230;<\/a><\/p>\n","protected":false},"author":825,"featured_media":0,"parent":691,"menu_order":20,"comment_status":"closed","ping_status":"closed","template":"","meta":{"_expiration-date-status":"","_expiration-date":0,"_expiration-date-type":"","_expiration-date-categories":[],"_expiration-date-options":[]},"acf":[],"_links":{"self":[{"href":"https:\/\/us.edu.pl\/instytut\/iim\/wp-json\/wp\/v2\/pages\/4507"}],"collection":[{"href":"https:\/\/us.edu.pl\/instytut\/iim\/wp-json\/wp\/v2\/pages"}],"about":[{"href":"https:\/\/us.edu.pl\/instytut\/iim\/wp-json\/wp\/v2\/types\/page"}],"author":[{"embeddable":true,"href":"https:\/\/us.edu.pl\/instytut\/iim\/wp-json\/wp\/v2\/users\/825"}],"replies":[{"embeddable":true,"href":"https:\/\/us.edu.pl\/instytut\/iim\/wp-json\/wp\/v2\/comments?post=4507"}],"version-history":[{"count":1,"href":"https:\/\/us.edu.pl\/instytut\/iim\/wp-json\/wp\/v2\/pages\/4507\/revisions"}],"predecessor-version":[{"id":4508,"href":"https:\/\/us.edu.pl\/instytut\/iim\/wp-json\/wp\/v2\/pages\/4507\/revisions\/4508"}],"up":[{"embeddable":true,"href":"https:\/\/us.edu.pl\/instytut\/iim\/wp-json\/wp\/v2\/pages\/691"}],"wp:attachment":[{"href":"https:\/\/us.edu.pl\/instytut\/iim\/wp-json\/wp\/v2\/media?parent=4507"}],"curies":[{"name":"wp","href":"https:\/\/api.w.org\/{rel}","templated":true}]}}