{"id":526,"date":"2020-03-09T10:25:38","date_gmt":"2020-03-09T09:25:38","guid":{"rendered":"http:\/\/us.edu.pl\/instytut\/iim\/?page_id=526"},"modified":"2020-06-23T14:12:23","modified_gmt":"2020-06-23T12:12:23","slug":"nasi-goscie","status":"publish","type":"page","link":"https:\/\/us.edu.pl\/instytut\/iim\/wspolpraca\/nasi-goscie\/","title":{"rendered":"Wsp\u00f3\u0142praca ze szko\u0142ami"},"content":{"rendered":"<p>[vc_row el_class=&#8221;container&#8221;][vc_column][vc_column_text]Instytut In\u017cynierii Materia\u0142owej wsp\u00f3\u0142pracuje z poni\u017cszymi szko\u0142ami:<\/p>\n<ul>\n<li><a href=\"http:\/\/www.lukasinski.pl\/\" target=\"_blank\" rel=\"noopener noreferrer\">I LO im.W.\u0141ukasi\u0144skiego w D\u0105browie G\u00f3rniczej<\/a><\/li>\n<li><a href=\"http:\/\/www.3lo.edu.pl\/\" target=\"_blank\" rel=\"noopener noreferrer\"><img src=\"images\/obrazki_artykuly\/3lo_batory.png\" alt=\"\" \/>III LO im.St.Batorego w Chorzowie<\/a><\/li>\n<li><a href=\"http:\/\/www.slowacki.edu.pl\" target=\"_blank\" rel=\"alternate noopener noreferrer\">Akademicki Zesp\u00f3\u0142 Szk\u00f3\u0142 Og\u00f3lnokszta\u0142c\u0105cych im. Juliusza S\u0142owackiego w Chorzowie<\/a><\/li>\n<li><a href=\"http:\/\/www.kopernik.katowice.pl\" target=\"_blank\" rel=\"alternate noopener noreferrer\">Zesp\u00f3\u0142 Szk\u00f3\u0142 Og\u00f3lnokszta\u0142c\u0105cych im. Miko\u0142aja Kopernika w Katowicach<\/a><\/li>\n<li><a href=\"http:\/\/zspm.pl\" target=\"_blank\" rel=\"alternate noopener noreferrer\">Zesp\u00f3\u0142 Szk\u00f3\u0142 Poligraficzno-Mechanicznych w Katowicach<\/a><\/li>\n<li><a href=\"http:\/\/www.staszic.edu.pl\/\" target=\"_blank\" rel=\"alternate noopener noreferrer\">Zesp\u00f3\u0142 Szk\u00f3\u0142 Og\u00f3lnokszta\u0142c\u0105cych w Sosnowcu im. Stanis\u0142awa Staszica<\/a><\/li>\n<li><a href=\"http:\/\/www.zsp3.jaworzno.edu.pl\/\" target=\"_blank\" rel=\"alternate noopener noreferrer\">Zesp\u00f3\u0142 Szk\u00f3\u0142 Ponadgimnazjalnych nr 3 w Jaworznie<\/a><\/li>\n<li><a href=\"http:\/\/1lomiarka.szkolnastrona.pl\/\" target=\"_blank\" rel=\"alternate noopener noreferrer\">I LO im. Karola Miarki w Miko\u0142owie<\/a><\/li>\n<li>IV Liceum Og\u00f3lnokszta\u0142c\u0105ce im. Marii Sk\u0142odowskiej- Curie w Chorzowie<\/li>\n<li>Zesp\u00f3\u0142 Szk\u00f3\u0142 Technicznych i Og\u00f3lnokszta\u0142c\u0105cych im. Nikoli Tesli w Chorzowie<\/li>\n<li>I Liceum Og\u00f3lnokszta\u0142c\u0105ce im. Jana Kochanowskiego w \u015awi\u0119toch\u0142owicach<\/li>\n<li>IV Liceum Og\u00f3lnokszta\u0142c\u0105ce im. Walentego Ro\u017adzie\u0144skiego w Sosnowcu<\/li>\n<li>Zesp\u00f3\u0142 Szk\u00f3\u0142 Techniczno &#8211; Us\u0142ugowych w B\u0119dzinie<\/li>\n<li>III Liceum Og\u00f3lnokszta\u0142c\u0105cym im. Or\u0142a Bia\u0142ego w Jaworznie<\/li>\n<li>II Liceum Og\u00f3lnokszta\u0142c\u0105ce im. Czes\u0142awa Mi\u0142osza w Jaworznie<\/li>\n<li>Szko\u0142a Podstawowa nr 8 im. Janusza Korczaka w Jaworznie<\/li>\n<li>Szko\u0142a Podstawowa nr 1 im. Miko\u0142aja Kopernika w Olkuszu<\/li>\n<li>Akademia M\u0142odych Biolog\u00f3w dzia\u0142aj\u0105ca w Pracowni Biologii i Edukacji Ekologicznej Pa\u0142acu M\u0142odzie\u017cy w Katowicach<\/li>\n<\/ul>\n<p>[\/vc_column_text][\/vc_column][\/vc_row]<\/p>","protected":false},"excerpt":{"rendered":"<p>[vc_row el_class=&#8221;container&#8221;][vc_column][vc_column_text]Instytut In\u017cynierii Materia\u0142owej wsp\u00f3\u0142pracuje z poni\u017cszymi szko\u0142ami: I LO im.W.\u0141ukasi\u0144skiego w D\u0105browie G\u00f3rniczej III LO im.St.Batorego w Chorzowie Akademicki Zesp\u00f3\u0142 Szk\u00f3\u0142 Og\u00f3lnokszta\u0142c\u0105cych im. Juliusza S\u0142owackiego w Chorzowie Zesp\u00f3\u0142 Szk\u00f3\u0142 Og\u00f3lnokszta\u0142c\u0105cych im. Miko\u0142aja Kopernika w Katowicach Zesp\u00f3\u0142 Szk\u00f3\u0142 Poligraficzno-Mechanicznych w Katowicach Zesp\u00f3\u0142 Szk\u00f3\u0142 Og\u00f3lnokszta\u0142c\u0105cych w Sosnowcu im. Stanis\u0142awa Staszica Zesp\u00f3\u0142 Szk\u00f3\u0142 Ponadgimnazjalnych nr 3 w [&#8230;]<\/p>\n<p><a class=\"btn btn-secondary understrap-read-more-link\" href=\"https:\/\/us.edu.pl\/instytut\/iim\/wspolpraca\/nasi-goscie\/\">Read More&#8230;<\/a><\/p>\n","protected":false},"author":825,"featured_media":0,"parent":628,"menu_order":6,"comment_status":"closed","ping_status":"closed","template":"page-templates\/inner-page.php","meta":{"_expiration-date-status":"saved","_expiration-date":0,"_expiration-date-type":"","_expiration-date-categories":[],"_expiration-date-options":[]},"acf":[],"_links":{"self":[{"href":"https:\/\/us.edu.pl\/instytut\/iim\/wp-json\/wp\/v2\/pages\/526"}],"collection":[{"href":"https:\/\/us.edu.pl\/instytut\/iim\/wp-json\/wp\/v2\/pages"}],"about":[{"href":"https:\/\/us.edu.pl\/instytut\/iim\/wp-json\/wp\/v2\/types\/page"}],"author":[{"embeddable":true,"href":"https:\/\/us.edu.pl\/instytut\/iim\/wp-json\/wp\/v2\/users\/825"}],"replies":[{"embeddable":true,"href":"https:\/\/us.edu.pl\/instytut\/iim\/wp-json\/wp\/v2\/comments?post=526"}],"version-history":[{"count":7,"href":"https:\/\/us.edu.pl\/instytut\/iim\/wp-json\/wp\/v2\/pages\/526\/revisions"}],"predecessor-version":[{"id":673,"href":"https:\/\/us.edu.pl\/instytut\/iim\/wp-json\/wp\/v2\/pages\/526\/revisions\/673"}],"up":[{"embeddable":true,"href":"https:\/\/us.edu.pl\/instytut\/iim\/wp-json\/wp\/v2\/pages\/628"}],"wp:attachment":[{"href":"https:\/\/us.edu.pl\/instytut\/iim\/wp-json\/wp\/v2\/media?parent=526"}],"curies":[{"name":"wp","href":"https:\/\/api.w.org\/{rel}","templated":true}]}}