{"id":110,"date":"2019-10-25T10:50:03","date_gmt":"2019-10-25T08:50:03","guid":{"rendered":"http:\/\/us.edu.pl\/instytut\/ij\/?page_id=110"},"modified":"2019-10-25T10:51:11","modified_gmt":"2019-10-25T08:51:11","slug":"mapa-strony","status":"publish","type":"page","link":"https:\/\/us.edu.pl\/instytut\/ij\/mapa-strony\/","title":{"rendered":"Mapa Strony"},"content":{"rendered":"<p>[vc_row][vc_column]\r\n                <div class=\"text-modules\">\r\n                    <div class=\"container\">\r\n                        \r\n                        <div class=\"text-modules__content\"><div class=\"wsp-container\"><h2 class=\"wsp-pages-title\">Pages<\/h2>\n<ul class=\"wsp-pages-list\">\n<li class=\"page_item page-item-6\"><a href=\"https:\/\/us.edu.pl\/instytut\/ij\/\">Strona g\u0142\u00f3wna<\/a><\/li>\n<li class=\"page_item page-item-73\"><a href=\"https:\/\/us.edu.pl\/instytut\/ij\/wszystko\/\">wszystko<\/a><\/li>\n<li class=\"page_item page-item-110\"><a href=\"https:\/\/us.edu.pl\/instytut\/ij\/mapa-strony\/\">Mapa Strony<\/a><\/li>\n<li class=\"page_item page-item-136 page_item_has_children\"><a href=\"https:\/\/us.edu.pl\/instytut\/ij\/o-instytucie\/\">o instytucie<\/a>\n<ul class='children'>\n\t<li class=\"page_item page-item-144\"><a href=\"https:\/\/us.edu.pl\/instytut\/ij\/o-instytucie\/dyrekcja-instytutu\/\">Dyrekcja Instytutu<\/a><\/li>\n\t<li class=\"page_item page-item-146\"><a href=\"https:\/\/us.edu.pl\/instytut\/ij\/o-instytucie\/instytut-dawniej-i-dzis\/\">Instytut dawniej i dzi\u015b<\/a><\/li>\n\t<li class=\"page_item page-item-148\"><a href=\"https:\/\/us.edu.pl\/instytut\/ij\/o-instytucie\/rada-naukowa\/\">Rada naukowa<\/a><\/li>\n\t<li class=\"page_item page-item-150\"><a href=\"https:\/\/us.edu.pl\/instytut\/ij\/o-instytucie\/pracownicy\/\">Pracownicy<\/a><\/li>\n\t<li class=\"page_item page-item-152\"><a href=\"https:\/\/us.edu.pl\/instytut\/ij\/o-instytucie\/biuro-ewaluacji-i-obslugi-instytutu\/\">Biuro Ewaluacji i Obs\u0142ugi Instytutu<\/a><\/li>\n\t<li class=\"page_item page-item-1225\"><a href=\"https:\/\/us.edu.pl\/instytut\/ij\/o-instytucie\/promocja\/\">promocja<\/a><\/li>\n<\/ul>\n<\/li>\n<li class=\"page_item page-item-138 page_item_has_children\"><a href=\"https:\/\/us.edu.pl\/instytut\/ij\/nauka\/\">nauka<\/a>\n<ul class='children'>\n\t<li class=\"page_item page-item-154 page_item_has_children\"><a href=\"https:\/\/us.edu.pl\/instytut\/ij\/nauka\/publikacje\/\">Publikacje<\/a>\n\t<ul class='children'>\n\t\t<li class=\"page_item page-item-1288\"><a href=\"https:\/\/us.edu.pl\/instytut\/ij\/nauka\/publikacje\/2020-2\/\">2020<\/a><\/li>\n\t\t<li class=\"page_item page-item-1290\"><a href=\"https:\/\/us.edu.pl\/instytut\/ij\/nauka\/publikacje\/2019-2\/\">2019<\/a><\/li>\n\t\t<li class=\"page_item page-item-3594\"><a href=\"https:\/\/us.edu.pl\/instytut\/ij\/nauka\/publikacje\/2025-2\/\">2025<\/a><\/li>\n\t\t<li class=\"page_item page-item-1292\"><a href=\"https:\/\/us.edu.pl\/instytut\/ij\/nauka\/publikacje\/2018-2\/\">2018<\/a><\/li>\n\t\t<li class=\"page_item page-item-1294\"><a href=\"https:\/\/us.edu.pl\/instytut\/ij\/nauka\/publikacje\/2017-2\/\">2017<\/a><\/li>\n\t\t<li class=\"page_item page-item-3158\"><a href=\"https:\/\/us.edu.pl\/instytut\/ij\/nauka\/publikacje\/2024-2\/\">2024<\/a><\/li>\n\t\t<li class=\"page_item page-item-2523\"><a href=\"https:\/\/us.edu.pl\/instytut\/ij\/nauka\/publikacje\/2022-2\/\">2022<\/a><\/li>\n\t\t<li class=\"page_item page-item-2795\"><a href=\"https:\/\/us.edu.pl\/instytut\/ij\/nauka\/publikacje\/2023-2\/\">2023<\/a><\/li>\n\t\t<li class=\"page_item page-item-2295\"><a href=\"https:\/\/us.edu.pl\/instytut\/ij\/nauka\/publikacje\/2021-2\/\">2021<\/a><\/li>\n\t<\/ul>\n<\/li>\n\t<li class=\"page_item page-item-156\"><a href=\"https:\/\/us.edu.pl\/instytut\/ij\/nauka\/projekty-badawcze\/\">Projekty badawcze<\/a><\/li>\n\t<li class=\"page_item page-item-158\"><a href=\"https:\/\/us.edu.pl\/instytut\/ij\/nauka\/projekty-grantowe\/\">Granty<\/a><\/li>\n\t<li class=\"page_item page-item-172\"><a href=\"https:\/\/us.edu.pl\/instytut\/ij\/nauka\/zespoly-badawcze\/\">Zespo\u0142y badawcze<\/a><\/li>\n\t<li class=\"page_item page-item-1221\"><a href=\"https:\/\/us.edu.pl\/instytut\/ij\/nauka\/czasopisma\/\">Czasopisma<\/a><\/li>\n<\/ul>\n<\/li>\n<li class=\"page_item page-item-142 page_item_has_children\"><a href=\"https:\/\/us.edu.pl\/instytut\/ij\/wspolpraca\/\">Wsp\u00f3\u0142praca<\/a>\n<ul class='children'>\n\t<li class=\"page_item page-item-1201\"><a href=\"https:\/\/us.edu.pl\/instytut\/ij\/wspolpraca\/partnerstwa-krajowe\/\">partnerstwa krajowe<\/a><\/li>\n\t<li class=\"page_item page-item-1220\"><a href=\"https:\/\/us.edu.pl\/instytut\/ij\/wspolpraca\/wspolpraca-miedzynarodowa\/\">wsp\u00f3\u0142praca mi\u0119dzynarodowa<\/a><\/li>\n\t<li class=\"page_item page-item-1226\"><a href=\"https:\/\/us.edu.pl\/instytut\/ij\/wspolpraca\/wspolpraca-z-otoczeniem\/\">wsp\u00f3\u0142praca z otoczeniem<\/a><\/li>\n<\/ul>\n<\/li>\n<li class=\"page_item page-item-2708 page_item_has_children\"><a href=\"https:\/\/us.edu.pl\/instytut\/ij\/akty-prawne\/\">Akty prawne<\/a>\n<ul class='children'>\n\t<li class=\"page_item page-item-2712\"><a href=\"https:\/\/us.edu.pl\/instytut\/ij\/akty-prawne\/akty-dyrektora-instytutu\/\">Akty Dyrektora Instytutu<\/a><\/li>\n\t<li class=\"page_item page-item-2713\"><a href=\"https:\/\/us.edu.pl\/instytut\/ij\/akty-prawne\/uchwaly-rady-naukowej\/\">Uchwa\u0142y Rady Naukowej<\/a><\/li>\n<\/ul>\n<\/li>\n<li class=\"page_item page-item-1444\"><a href=\"https:\/\/us.edu.pl\/instytut\/ij\/kadra\/\">kadra<\/a><\/li>\n<li class=\"page_item page-item-1470\"><a href=\"https:\/\/us.edu.pl\/instytut\/ij\/wspolpraca-stara-wersja\/\">wsp\u00f3\u0142praca (stara wersja)<\/a><\/li>\n<li class=\"page_item page-item-1253 page_item_has_children\"><a href=\"https:\/\/us.edu.pl\/instytut\/ij\/konferencje-2\/\">konferencje<\/a>\n<ul class='children'>\n\t<li class=\"page_item page-item-3967\"><a href=\"https:\/\/us.edu.pl\/instytut\/ij\/konferencje-2\/2026-2\/\">2026<\/a><\/li>\n\t<li class=\"page_item page-item-3714\"><a href=\"https:\/\/us.edu.pl\/instytut\/ij\/konferencje-2\/2025-2\/\">2025<\/a><\/li>\n\t<li class=\"page_item page-item-3248\"><a href=\"https:\/\/us.edu.pl\/instytut\/ij\/konferencje-2\/2021-2\/\">2021<\/a><\/li>\n\t<li class=\"page_item page-item-3252\"><a href=\"https:\/\/us.edu.pl\/instytut\/ij\/konferencje-2\/2022-2\/\">2022<\/a><\/li>\n\t<li class=\"page_item page-item-3255\"><a href=\"https:\/\/us.edu.pl\/instytut\/ij\/konferencje-2\/2023-2\/\">2023<\/a><\/li>\n\t<li class=\"page_item page-item-3258\"><a href=\"https:\/\/us.edu.pl\/instytut\/ij\/konferencje-2\/2024-2\/\">2024<\/a><\/li>\n\t<li class=\"page_item page-item-1263\"><a href=\"https:\/\/us.edu.pl\/instytut\/ij\/konferencje-2\/2020-2\/\">2020<\/a><\/li>\n\t<li class=\"page_item page-item-1268\"><a href=\"https:\/\/us.edu.pl\/instytut\/ij\/konferencje-2\/2019-2\/\">2019<\/a><\/li>\n\t<li class=\"page_item page-item-1270\"><a href=\"https:\/\/us.edu.pl\/instytut\/ij\/konferencje-2\/2018-2\/\">2018<\/a><\/li>\n<\/ul>\n<\/li>\n<\/ul>\n<\/div>\n<\/div>\r\n                    <\/div>\r\n                <\/div>[\/vc_column][\/vc_row]<\/p>\n","protected":false},"excerpt":{"rendered":"<p>[vc_row][vc_column][\/vc_column][\/vc_row] [&#8230;]<\/p>\n<p><a class=\"btn btn-secondary understrap-read-more-link\" href=\"https:\/\/us.edu.pl\/instytut\/ij\/mapa-strony\/\">Read More&#8230;<\/a><\/p>\n","protected":false},"author":24,"featured_media":0,"parent":0,"menu_order":0,"comment_status":"closed","ping_status":"closed","template":"page-templates\/sitemap-template.php","meta":{"_expiration-date-status":"","_expiration-date":0,"_expiration-date-type":"","_expiration-date-categories":[],"_expiration-date-options":[]},"acf":[],"_links":{"self":[{"href":"https:\/\/us.edu.pl\/instytut\/ij\/wp-json\/wp\/v2\/pages\/110"}],"collection":[{"href":"https:\/\/us.edu.pl\/instytut\/ij\/wp-json\/wp\/v2\/pages"}],"about":[{"href":"https:\/\/us.edu.pl\/instytut\/ij\/wp-json\/wp\/v2\/types\/page"}],"author":[{"embeddable":true,"href":"https:\/\/us.edu.pl\/instytut\/ij\/wp-json\/wp\/v2\/users\/24"}],"replies":[{"embeddable":true,"href":"https:\/\/us.edu.pl\/instytut\/ij\/wp-json\/wp\/v2\/comments?post=110"}],"version-history":[{"count":2,"href":"https:\/\/us.edu.pl\/instytut\/ij\/wp-json\/wp\/v2\/pages\/110\/revisions"}],"predecessor-version":[{"id":112,"href":"https:\/\/us.edu.pl\/instytut\/ij\/wp-json\/wp\/v2\/pages\/110\/revisions\/112"}],"wp:attachment":[{"href":"https:\/\/us.edu.pl\/instytut\/ij\/wp-json\/wp\/v2\/media?parent=110"}],"curies":[{"name":"wp","href":"https:\/\/api.w.org\/{rel}","templated":true}]}}