{"id":1220,"date":"2020-07-02T18:20:19","date_gmt":"2020-07-02T16:20:19","guid":{"rendered":"https:\/\/us.edu.pl\/instytut\/ij\/?page_id=1220"},"modified":"2020-07-09T00:49:06","modified_gmt":"2020-07-08T22:49:06","slug":"wspolpraca-miedzynarodowa","status":"publish","type":"page","link":"https:\/\/us.edu.pl\/instytut\/ij\/wspolpraca\/wspolpraca-miedzynarodowa\/","title":{"rendered":"wsp\u00f3\u0142praca mi\u0119dzynarodowa"},"content":{"rendered":"<p>[vc_row][vc_column]\r\n                <div class=\"text-modules\">\r\n                    <div class=\"container\">\r\n                        \r\n                        <div class=\"text-modules__content\"><p><a href=\"https:\/\/en.unito.it\/\"><img class=\"alignnone wp-image-1404 size-full\" src=\"https:\/\/us.edu.pl\/instytut\/ij\/wp-content\/uploads\/sites\/25\/Nieprzypisane\/torino.jpg\" alt=\"\" width=\"450\" height=\"262\" srcset=\"https:\/\/us.edu.pl\/instytut\/ij\/wp-content\/uploads\/sites\/25\/Nieprzypisane\/torino.jpg 450w, https:\/\/us.edu.pl\/instytut\/ij\/wp-content\/uploads\/sites\/25\/Nieprzypisane\/torino-300x175.jpg 300w\" sizes=\"(max-width: 450px) 100vw, 450px\" \/><\/a><a href=\"https:\/\/www.um.edu.mt\/\"><img class=\"alignnone wp-image-1405 size-full\" src=\"https:\/\/us.edu.pl\/instytut\/ij\/wp-content\/uploads\/sites\/25\/Nieprzypisane\/malta.jpg\" alt=\"\" width=\"450\" height=\"262\" srcset=\"https:\/\/us.edu.pl\/instytut\/ij\/wp-content\/uploads\/sites\/25\/Nieprzypisane\/malta.jpg 450w, https:\/\/us.edu.pl\/instytut\/ij\/wp-content\/uploads\/sites\/25\/Nieprzypisane\/malta-300x175.jpg 300w\" sizes=\"(max-width: 450px) 100vw, 450px\" \/><\/a><a href=\"https:\/\/euc.ac.cy\/\"><img class=\"alignnone wp-image-1406 size-full\" src=\"https:\/\/us.edu.pl\/instytut\/ij\/wp-content\/uploads\/sites\/25\/Nieprzypisane\/cypr.jpg\" alt=\"\" width=\"450\" height=\"262\" srcset=\"https:\/\/us.edu.pl\/instytut\/ij\/wp-content\/uploads\/sites\/25\/Nieprzypisane\/cypr.jpg 450w, https:\/\/us.edu.pl\/instytut\/ij\/wp-content\/uploads\/sites\/25\/Nieprzypisane\/cypr-300x175.jpg 300w\" sizes=\"(max-width: 450px) 100vw, 450px\" \/><\/a><\/p>\n<\/div>\r\n                    <\/div>\r\n                <\/div>[\/vc_column][\/vc_row][vc_row][vc_column]\r\n                <div class=\"text-modules\">\r\n                    <div class=\"container\">\r\n                        \r\n                        <div class=\"text-modules__content\"><p><a href=\"https:\/\/ksu.lt\/\"><img class=\"alignnone wp-image-1408 size-full\" src=\"https:\/\/us.edu.pl\/instytut\/ij\/wp-content\/uploads\/sites\/25\/Nieprzypisane\/kaz.jpg\" alt=\"\" width=\"450\" height=\"262\" srcset=\"https:\/\/us.edu.pl\/instytut\/ij\/wp-content\/uploads\/sites\/25\/Nieprzypisane\/kaz.jpg 450w, https:\/\/us.edu.pl\/instytut\/ij\/wp-content\/uploads\/sites\/25\/Nieprzypisane\/kaz-300x175.jpg 300w\" sizes=\"(max-width: 450px) 100vw, 450px\" \/><img class=\"alignnone wp-image-1410 size-full\" src=\"https:\/\/us.edu.pl\/instytut\/ij\/wp-content\/uploads\/sites\/25\/2020\/07\/fr.jpg\" alt=\"\" width=\"450\" height=\"262\" \/><\/a><a href=\"https:\/\/www.uanl.mx\/en\/\"><img class=\"wp-image-1413 size-full\" src=\"https:\/\/us.edu.pl\/instytut\/ij\/wp-content\/uploads\/sites\/25\/2020\/07\/meksyk.jpg\" alt=\"logo Uniwersytetu de Guadalajara w Meksyku\" width=\"450\" height=\"262\" srcset=\"https:\/\/us.edu.pl\/instytut\/ij\/wp-content\/uploads\/sites\/25\/2020\/07\/meksyk.jpg 450w, https:\/\/us.edu.pl\/instytut\/ij\/wp-content\/uploads\/sites\/25\/2020\/07\/meksyk-300x175.jpg 300w\" sizes=\"(max-width: 450px) 100vw, 450px\" \/><\/a><\/p>\n<p>\n<\/div>\r\n                    <\/div>\r\n                <\/div>[\/vc_column][\/vc_row]<\/p>","protected":false},"excerpt":{"rendered":"<p>[vc_row][vc_column][\/vc_column][\/vc_row][vc_row][vc_column][\/vc_column][\/vc_row] [&#8230;]<\/p>\n<p><a class=\"btn btn-secondary understrap-read-more-link\" href=\"https:\/\/us.edu.pl\/instytut\/ij\/wspolpraca\/wspolpraca-miedzynarodowa\/\">Read More&#8230;<\/a><\/p>\n","protected":false},"author":1659,"featured_media":0,"parent":142,"menu_order":0,"comment_status":"closed","ping_status":"closed","template":"","meta":{"_expiration-date-status":"saved","_expiration-date":0,"_expiration-date-type":"","_expiration-date-categories":[],"_expiration-date-options":[]},"acf":[],"_links":{"self":[{"href":"https:\/\/us.edu.pl\/instytut\/ij\/wp-json\/wp\/v2\/pages\/1220"}],"collection":[{"href":"https:\/\/us.edu.pl\/instytut\/ij\/wp-json\/wp\/v2\/pages"}],"about":[{"href":"https:\/\/us.edu.pl\/instytut\/ij\/wp-json\/wp\/v2\/types\/page"}],"author":[{"embeddable":true,"href":"https:\/\/us.edu.pl\/instytut\/ij\/wp-json\/wp\/v2\/users\/1659"}],"replies":[{"embeddable":true,"href":"https:\/\/us.edu.pl\/instytut\/ij\/wp-json\/wp\/v2\/comments?post=1220"}],"version-history":[{"count":11,"href":"https:\/\/us.edu.pl\/instytut\/ij\/wp-json\/wp\/v2\/pages\/1220\/revisions"}],"predecessor-version":[{"id":1425,"href":"https:\/\/us.edu.pl\/instytut\/ij\/wp-json\/wp\/v2\/pages\/1220\/revisions\/1425"}],"up":[{"embeddable":true,"href":"https:\/\/us.edu.pl\/instytut\/ij\/wp-json\/wp\/v2\/pages\/142"}],"wp:attachment":[{"href":"https:\/\/us.edu.pl\/instytut\/ij\/wp-json\/wp\/v2\/media?parent=1220"}],"curies":[{"name":"wp","href":"https:\/\/api.w.org\/{rel}","templated":true}]}}