{"id":1226,"date":"2020-07-02T18:23:12","date_gmt":"2020-07-02T16:23:12","guid":{"rendered":"https:\/\/us.edu.pl\/instytut\/ij\/?page_id=1226"},"modified":"2020-09-02T22:17:27","modified_gmt":"2020-09-02T20:17:27","slug":"wspolpraca-z-otoczeniem","status":"publish","type":"page","link":"https:\/\/us.edu.pl\/instytut\/ij\/wspolpraca\/wspolpraca-z-otoczeniem\/","title":{"rendered":"wsp\u00f3\u0142praca z otoczeniem"},"content":{"rendered":"<p>[vc_row][vc_column]\r\n                <div class=\"text-modules\">\r\n                    <div class=\"container\">\r\n                        <h3 class=\"page-title text__title\">KONSORCJA BADAWCZE<\/h3>\r\n                        <div class=\"text-modules__content\"><p><a href=\"http:\/\/clarin-pl.eu\/pl\/strona-glowna\/\"><img class=\"wp-image-1422 size-full alignleft\" src=\"https:\/\/us.edu.pl\/instytut\/ij\/wp-content\/uploads\/sites\/25\/Nieprzypisane\/calrin.jpg\" alt=\"Logo CLARIN PL, napis w kolorze granatowym i zestaw figur geometrycznych w formie p\u00f3\u0142okr\u0119gu\" width=\"450\" height=\"262\" srcset=\"https:\/\/us.edu.pl\/instytut\/ij\/wp-content\/uploads\/sites\/25\/Nieprzypisane\/calrin.jpg 450w, https:\/\/us.edu.pl\/instytut\/ij\/wp-content\/uploads\/sites\/25\/Nieprzypisane\/calrin-300x175.jpg 300w\" sizes=\"(max-width: 450px) 100vw, 450px\" \/><\/a><\/p>\n<p>\n<\/div>\r\n                    <\/div>\r\n                <\/div>[\/vc_column][\/vc_row][vc_row][vc_column]\r\n                <div class=\"text-modules\">\r\n                    <div class=\"container\">\r\n                        <h3 class=\"page-title text__title\">URZ\u0118DY MIAST I GMIN<\/h3>\r\n                        <div class=\"text-modules__content\"><p><a href=\"https:\/\/www.katowice.eu\/\"><img class=\"alignnone wp-image-1397 size-full\" src=\"https:\/\/us.edu.pl\/instytut\/ij\/wp-content\/uploads\/sites\/25\/2020\/01\/kce.jpg\" alt=\"logo Katowic w ksza\u0142cie serca, kolor dominuj\u0105cy - czarny, po prawej stronie napis Katowice dla odmiany\" width=\"450\" height=\"262\" srcset=\"https:\/\/us.edu.pl\/instytut\/ij\/wp-content\/uploads\/sites\/25\/2020\/01\/kce.jpg 450w, https:\/\/us.edu.pl\/instytut\/ij\/wp-content\/uploads\/sites\/25\/2020\/01\/kce-300x175.jpg 300w\" sizes=\"(max-width: 450px) 100vw, 450px\" \/><\/a><\/p>\n<\/div>\r\n                    <\/div>\r\n                <\/div>[\/vc_column][\/vc_row][vc_row][vc_column]\r\n                <div class=\"text-modules\">\r\n                    <div class=\"container\">\r\n                        <h3 class=\"page-title text__title\">INSTYTUCJE KULTURY<\/h3>\r\n                        <div class=\"text-modules__content\"><p><a href=\"https:\/\/muzeumslaskie.pl\/pl\/\"><img class=\"alignnone wp-image-1393 size-full\" src=\"https:\/\/us.edu.pl\/instytut\/ij\/wp-content\/uploads\/sites\/25\/2020\/01\/Bez-nazwy.jpg\" alt=\"Logo Muzeum \u015al\u0105skiego, litery M i S po\u0142\u0105czone ze sob\u0105 w formie labiryntu\" width=\"450\" height=\"262\" srcset=\"https:\/\/us.edu.pl\/instytut\/ij\/wp-content\/uploads\/sites\/25\/2020\/01\/Bez-nazwy.jpg 450w, https:\/\/us.edu.pl\/instytut\/ij\/wp-content\/uploads\/sites\/25\/2020\/01\/Bez-nazwy-300x175.jpg 300w\" sizes=\"(max-width: 450px) 100vw, 450px\" \/><\/a><\/p>\n<\/div>\r\n                    <\/div>\r\n                <\/div>[\/vc_column][\/vc_row][vc_row][vc_column]\r\n                <div class=\"text-modules\">\r\n                    <div class=\"container\">\r\n                        <h3 class=\"page-title text__title\">ORGANIZACJE POZARZ\u0104DOWE<\/h3>\r\n                        <div class=\"text-modules__content\"><p><a href=\"http:\/\/www.marketingsilesia.pl\/\"><img class=\"aligncenter wp-image-1395 size-full\" src=\"https:\/\/us.edu.pl\/instytut\/ij\/wp-content\/uploads\/sites\/25\/2020\/01\/stm.jpg\" alt=\"Logo \u015al\u0105skiego Towarzystwa Marketingowego, graficzne wyobra\u017cenie cz\u0142owieka z krawatem\" width=\"450\" height=\"262\" srcset=\"https:\/\/us.edu.pl\/instytut\/ij\/wp-content\/uploads\/sites\/25\/2020\/01\/stm.jpg 450w, https:\/\/us.edu.pl\/instytut\/ij\/wp-content\/uploads\/sites\/25\/2020\/01\/stm-300x175.jpg 300w\" sizes=\"(max-width: 450px) 100vw, 450px\" \/><\/a><img class=\"aligncenter wp-image-1394 size-full\" src=\"https:\/\/us.edu.pl\/instytut\/ij\/wp-content\/uploads\/sites\/25\/2020\/01\/agere.jpg\" alt=\"Logo Fundacji Agere Aude, napis Agere Aude oraz kolumna w kolorze granatowym\" width=\"450\" height=\"262\" srcset=\"https:\/\/us.edu.pl\/instytut\/ij\/wp-content\/uploads\/sites\/25\/2020\/01\/agere.jpg 450w, https:\/\/us.edu.pl\/instytut\/ij\/wp-content\/uploads\/sites\/25\/2020\/01\/agere-300x175.jpg 300w\" sizes=\"(max-width: 450px) 100vw, 450px\" \/><a href=\"https:\/\/www.visegradfund.org\/\"><img class=\"alignnone wp-image-1485\" src=\"https:\/\/us.edu.pl\/instytut\/ij\/wp-content\/uploads\/sites\/25\/Nieprzypisane\/visegrad-logo-1.png\" alt=\"logo fundacji niebieski napis i 4 czarne kropki\" width=\"391\" height=\"224\" \/><\/a><\/p>\n<\/div>\r\n                    <\/div>\r\n                <\/div>[\/vc_column][\/vc_row][vc_row][vc_column]\r\n                <div class=\"text-modules\">\r\n                    <div class=\"container\">\r\n                        <h3 class=\"page-title text__title\">FIRMY<\/h3>\r\n                        <div class=\"text-modules__content\"><p><a href=\"http:\/\/www.pwc.pl\/\"><img class=\"alignnone wp-image-1487\" src=\"https:\/\/us.edu.pl\/instytut\/ij\/wp-content\/uploads\/sites\/25\/Nieprzypisane\/pwc-logo.png\" alt=\"logo firmy PWC\" width=\"335\" height=\"395\" \/><\/a><\/p>\n<\/div>\r\n                    <\/div>\r\n                <\/div>[\/vc_column][\/vc_row]<\/p>","protected":false},"excerpt":{"rendered":"<p>[vc_row][vc_column][\/vc_column][\/vc_row][vc_row][vc_column][\/vc_column][\/vc_row][vc_row][vc_column][\/vc_column][\/vc_row][vc_row][vc_column][\/vc_column][\/vc_row][vc_row][vc_column][\/vc_column][\/vc_row] [&#8230;]<\/p>\n<p><a class=\"btn btn-secondary understrap-read-more-link\" href=\"https:\/\/us.edu.pl\/instytut\/ij\/wspolpraca\/wspolpraca-z-otoczeniem\/\">Read More&#8230;<\/a><\/p>\n","protected":false},"author":1659,"featured_media":0,"parent":142,"menu_order":0,"comment_status":"closed","ping_status":"closed","template":"","meta":{"_expiration-date-status":"saved","_expiration-date":0,"_expiration-date-type":"","_expiration-date-categories":[],"_expiration-date-options":[]},"acf":[],"_links":{"self":[{"href":"https:\/\/us.edu.pl\/instytut\/ij\/wp-json\/wp\/v2\/pages\/1226"}],"collection":[{"href":"https:\/\/us.edu.pl\/instytut\/ij\/wp-json\/wp\/v2\/pages"}],"about":[{"href":"https:\/\/us.edu.pl\/instytut\/ij\/wp-json\/wp\/v2\/types\/page"}],"author":[{"embeddable":true,"href":"https:\/\/us.edu.pl\/instytut\/ij\/wp-json\/wp\/v2\/users\/1659"}],"replies":[{"embeddable":true,"href":"https:\/\/us.edu.pl\/instytut\/ij\/wp-json\/wp\/v2\/comments?post=1226"}],"version-history":[{"count":8,"href":"https:\/\/us.edu.pl\/instytut\/ij\/wp-json\/wp\/v2\/pages\/1226\/revisions"}],"predecessor-version":[{"id":1488,"href":"https:\/\/us.edu.pl\/instytut\/ij\/wp-json\/wp\/v2\/pages\/1226\/revisions\/1488"}],"up":[{"embeddable":true,"href":"https:\/\/us.edu.pl\/instytut\/ij\/wp-json\/wp\/v2\/pages\/142"}],"wp:attachment":[{"href":"https:\/\/us.edu.pl\/instytut\/ij\/wp-json\/wp\/v2\/media?parent=1226"}],"curies":[{"name":"wp","href":"https:\/\/api.w.org\/{rel}","templated":true}]}}