{"id":1268,"date":"2020-07-03T11:07:40","date_gmt":"2020-07-03T09:07:40","guid":{"rendered":"https:\/\/us.edu.pl\/instytut\/ij\/?page_id=1268"},"modified":"2020-07-03T20:00:54","modified_gmt":"2020-07-03T18:00:54","slug":"2019-2","status":"publish","type":"page","link":"https:\/\/us.edu.pl\/instytut\/ij\/konferencje-2\/2019-2\/","title":{"rendered":"2019"},"content":{"rendered":"<p>[vc_row][vc_column]\r\n                <div class=\"text-modules\">\r\n                    <div class=\"container\">\r\n                        \r\n                        <div class=\"text-modules__content\"><\/p>\n<h3><strong><em>Autour de la notion de pragmat\u00e8me et de notions connexes : diversit\u00e9 d\u2019approches, de termes et de pratiques. Mi\u0119dzynarodowa konferencja naukowa.<\/em><\/strong><\/h3>\n<p><strong>Data\u00a0:\u00a0<\/strong>9-10.12.2019 r.<\/p>\n<p><strong>Miejsce\u00a0:\u00a0<\/strong>Wydzia\u0142 Humanistyczny Uniwersytetu \u015al\u0105skiego, Instytut J\u0119zykoznawstwa (ul. Grota-Roweckiego 5, 41-205 Sosnowiec)<\/p>\n<p><strong>Organizatorzy:\u00a0<\/strong>Uniwersytet \u015al\u0105ski w Katowicach (Instytut J\u0119zykoznawstwa), Uniwersytet Marii Curie-Sk\u0142odowskiej w Lublinie, Universit\u00e9 Grenoble Alpes (w ramach projektu Polonium \u00ab Pragmat\u00e8mes en contraste \u00bb)<\/p>\n<p><strong>Zakres problemowy:\u00a0<\/strong>poj\u0119cie pragmatemu, zwi\u0105zki mi\u0119dzy aktami mowy a frazeologizmami pragmatycznymi, problematyka przek\u0142adu formu\u0142 pragmatycznych, ekspresyjno\u015b\u0107 formu\u0142 pragmatycznych, pragmatemy w dydaktyce j\u0119zyk\u00f3w obcych<\/p>\n<p><strong>Informacje organizacyjne:<\/strong><\/p>\n<p>Komitet organizacyjny: prof. dr hab. Wies\u0142aw Bany\u015b, dr hab. prof. U\u015a Katarzyna Kwapisz-Osadnik, dr\u00a0Micha\u0142 Hrabia, mgr Ryszard Wylecio\u0142<\/p>\n<p>e-mail:\u00a0<a href=\"mailto:pragmateme2019@gmail.com\">pragmateme2019@gmail.com<\/a><\/p>\n<\/div>\r\n                    <\/div>\r\n                <\/div>[\/vc_column][\/vc_row][vc_row][vc_column]\r\n                <div class=\"text-modules\">\r\n                    <div class=\"container\">\r\n                        \r\n                        <div class=\"text-modules__content\"><\/p>\n<h3><em><strong>\u201cI Jornadas Internacionales de Traducci\u00f3n e Interpretaci\u00f3n\u201d.\u00a0<\/strong><\/em><strong>M<\/strong><strong>i\u0119dzynarodowa konferencja naukowa.<\/strong><\/h3>\n<p><strong>Data:<\/strong>\u00a06-7.12.2019<\/p>\n<p><strong>Miejsce:<\/strong>\u00a0Krak\u00f3w<\/p>\n<p><strong>Organizatorzy:<\/strong>\u00a0Instytut Cervantesa w Krakowie, Uniwersytet Jagiello\u0144ski i Uniwersytet \u015al\u0105ski w Katowicach (Instytut J\u0119zykoznawstwa),<\/p>\n<p><strong>Zakres problemowy:<\/strong>\u00a0badania naukowe zwi\u0105zane z t\u0142umaczeniem polski-hiszpa\u0144skim. Konferencja jest otwarta dla szerokiej spo\u0142eczno\u015bci akademickiej i zawiera panel praktyczny, w formie warsztat\u00f3w, dzi\u0119ki kt\u00f3rym studenci zdob\u0119d\u0105 podstawow\u0105 wiedz\u0119 na temat t\u0142umaczenia ustnego.<\/p>\n<p><strong>Informacje organizacyjne:\u00a0<\/strong>z ramienia U\u015a organizacj\u0105 zajmuje si\u0119 dr Cecylia Tatoj<\/p>\n<\/div>\r\n                    <\/div>\r\n                <\/div>[\/vc_column][\/vc_row][vc_row][vc_column]\r\n                <div class=\"text-modules\">\r\n                    <div class=\"container\">\r\n                        \r\n                        <div class=\"text-modules__content\"><\/p>\n<h3><strong><em>Nie\/porozumienie, nie\/tolerancja, w(y)kluczenie w j\u0119zyku i kulturze<\/em><\/strong><\/h3>\n<p><em>data:<\/em>\u00a018-20.09.2019<\/p>\n<p><em>miejsce:<\/em>\u00a0Wis\u0142a<\/p>\n<p><em>organizator:<\/em>\u00a0dr Ewa Bi\u0142as-Pleszak, prof. dr hab. Artur-Rejter, dr Katarzyna Sujkowska-Sobisz, dr Wioletta Wilczek<\/p>\n<p><em>zakres problemowy:\u00a0<\/em>Konferencja w zamierzeniu kontynuuje za\u0142o\u017cenia sesji nt.\u00a0<em>W\u0119dr\u00f3wka, podr\u00f3\u017c, migracja w j\u0119zyku i kulturze<\/em>\u00a0(Wis\u0142a, 2016), czyli b\u0119dzie dotyczy\u0107 aktualnych, a tym samym wa\u017cnych dla humanistyki zjawisk dostrzegalnych w obszarze j\u0119zyka i kultury. Autorzy wyst\u0105pie\u0144 przyjrz\u0105 si\u0119 problematyce dotycz\u0105cej szeroko poj\u0119tego kryzysu komunikacyjnego diagnozowanego coraz wyra\u017aniej w kulturze Zachodu. Ka\u017cdy kryzys jednak rodzi nadziej\u0119 na jego za\u017cegnanie, co daje nadziej\u0119, \u017ce zadaniem humanistyki jest nie tylko opis i interpretacja zjawisk otaczaj\u0105cego \u015bwiata, ale te\u017c wskazywanie mo\u017cliwych dr\u00f3g dalszego jego rozwoju. Tematyka konferencji dotyczy bogatego kr\u0119gu kwestii (zar\u00f3wno w uj\u0119ciu historycznym, jak i wsp\u00f3\u0142czesnym) wartych namys\u0142u.<\/p>\n<\/div>\r\n                    <\/div>\r\n                <\/div>[\/vc_column][\/vc_row][vc_row][vc_column]\r\n                <div class=\"text-modules\">\r\n                    <div class=\"container\">\r\n                        \r\n                        <div class=\"text-modules__content\"><\/p>\n<h3><em><strong>Peryferie w j\u0119zyku, literaturze i kulturze chorwackiej<\/strong><\/em><\/h3>\n<p>Miejsce i termin: Sosnowiec \u2013 Katowice, 7\u20139.05.2019<\/p>\n<p>Organizator: Zak\u0142ad Teorii Literatury i Translacji Instytutu Filologii S\u0142owia\u0144skiej Uniwersytetu \u015al\u0105skiego; prof. U\u015a dr hab. R. Bo\u0144kowski, dr P. Pycia-Ko\u0161\u0107ak<\/p>\n<p>Zakres problemowy: Kategoria peryferyjno\u015bci jako temat wiod\u0105cy konferencji zosta\u0142a wybrana z dw\u00f3ch powod\u00f3w: po pierwsze jest wyj\u0105tkowo aktualna ze wzgl\u0119du na zr\u00f3\u017cnicowanie j\u0119zykowo-kulturowe dawnej i dzisiejszej Chorwacji, po drugie literatur\u0119 i sztuk\u0119 zawsze przyci\u0105ga\u0142y zjawiska peryferyjne (nieeksploatowane lub niedostrze\u017cone w kulturze), dla artyst\u00f3w szczeg\u00f3lnie inspiruj\u0105ce pod wzgl\u0119dem poznawczym i estetycznym.<\/p>\n<p>W\u015br\u00f3d poruszanych temat\u00f3w znalaz\u0142y si\u0119 nast\u0119puj\u0105ce zagadnienia: pozycja literatury dialektalnej w chorwackim kanonie literackim; peryferie chorwackiego kanonu literackiego; peryferyjne dyskursy i style w literaturze chorwackiej, peryferyjne gatunki, peryferyjni bohaterowie i bohaterowie peryferii, opozycja centrum\u2013peryferie w j\u0119zyku chorwackim, peryferyjne zjawiska w chorwackim standardzie j\u0119zykowym, peryferyjne warianty j\u0119zykowe, j\u0119zyk peryferii, peryferyjno\u015b\u0107 w kategoriach j\u0119zykowych, peryferyjne tematy w chorwackiej filologii.<\/p>\n<\/div>\r\n                    <\/div>\r\n                <\/div>[\/vc_column][\/vc_row][vc_row][vc_column]\r\n                <div class=\"text-modules\">\r\n                    <div class=\"container\">\r\n                        \r\n                        <div class=\"text-modules__content\"><\/p>\n<h3><strong><em>Partnerstwo w komunikacji<\/em><\/strong><\/h3>\n<p><em>data<\/em>: 5.04.2019<\/p>\n<p><em>miejsce<\/em>: Katowice<\/p>\n<p><em>zakres problemowy<\/em>: Problematyka konferencji dotyczy szeroko rozumianego partnerstwa w komunikacji, kt\u00f3re w dobie rosn\u0105cej kultury indywidualizmu i silnej koncentracji na jednostce jest niezwykle interesuj\u0105ce. Podczas planowanych obrad\u00a0organizatorki chc\u0105 zwr\u00f3ci\u0107 szczeg\u00f3ln\u0105 uwag\u0119 na partnera dialogu, pe\u0142ni\u0105cego nie tylko funkcj\u0119 biernego odbiorcy, lecz tak\u017ce wsp\u00f3\u0142tw\u00f3rcy, doradcy, interpretatora czy kontestatora.<\/p>\n<\/div>\r\n                    <\/div>\r\n                <\/div>[\/vc_column][\/vc_row][vc_row][vc_column]\r\n                <div class=\"text-modules\">\r\n                    <div class=\"container\">\r\n                        \r\n                        <div class=\"text-modules__content\"><\/p>\n<h3><strong><em>Wyr\u00f3\u017cnij si\u0119 lub zgi\u0144! Dialog marki z konsumentem<\/em><\/strong><\/h3>\n<p><em>data<\/em>: 9.05.2019<\/p>\n<p><em>miejsce<\/em>: Katowice<\/p>\n<p><em>organizator<\/em>: dr Aleksandra Kalisz i Ko\u0142o Naukowe \u201eKomunikator\u201d<\/p>\n<p><em>zakres problemowy<\/em>: Celem organizator\u00f3w b\u0119dzie przyjrzenie si\u0119 dw\u00f3m istotnym komponentom dialogu w szeroko poj\u0119tej przestrzeni publicznej \u2013 marce oraz konsumentom. Konferencja jest nie tylko okazj\u0105 do spotkania si\u0119 ze znawcami bran\u017cy marketingowej, kt\u00f3rzy ch\u0119tnie podziel\u0105 si\u0119 wiedz\u0105 i do\u015bwiadczeniem, ale r\u00f3wnie\u017c naukowcami z zakresu j\u0119zykoznawstwa, medioznawstwa i komunikologii.<\/p>\n<\/div>\r\n                    <\/div>\r\n                <\/div>[\/vc_column][\/vc_row]<\/p>","protected":false},"excerpt":{"rendered":"<p>[vc_row][vc_column][\/vc_column][\/vc_row][vc_row][vc_column][\/vc_column][\/vc_row][vc_row][vc_column][\/vc_column][\/vc_row][vc_row][vc_column][\/vc_column][\/vc_row][vc_row][vc_column][\/vc_column][\/vc_row][vc_row][vc_column][\/vc_column][\/vc_row] [&#8230;]<\/p>\n<p><a class=\"btn btn-secondary understrap-read-more-link\" href=\"https:\/\/us.edu.pl\/instytut\/ij\/konferencje-2\/2019-2\/\">Read More&#8230;<\/a><\/p>\n","protected":false},"author":1662,"featured_media":0,"parent":1253,"menu_order":0,"comment_status":"closed","ping_status":"closed","template":"","meta":{"_expiration-date-status":"saved","_expiration-date":0,"_expiration-date-type":"","_expiration-date-categories":[],"_expiration-date-options":[]},"acf":[],"_links":{"self":[{"href":"https:\/\/us.edu.pl\/instytut\/ij\/wp-json\/wp\/v2\/pages\/1268"}],"collection":[{"href":"https:\/\/us.edu.pl\/instytut\/ij\/wp-json\/wp\/v2\/pages"}],"about":[{"href":"https:\/\/us.edu.pl\/instytut\/ij\/wp-json\/wp\/v2\/types\/page"}],"author":[{"embeddable":true,"href":"https:\/\/us.edu.pl\/instytut\/ij\/wp-json\/wp\/v2\/users\/1662"}],"replies":[{"embeddable":true,"href":"https:\/\/us.edu.pl\/instytut\/ij\/wp-json\/wp\/v2\/comments?post=1268"}],"version-history":[{"count":4,"href":"https:\/\/us.edu.pl\/instytut\/ij\/wp-json\/wp\/v2\/pages\/1268\/revisions"}],"predecessor-version":[{"id":1315,"href":"https:\/\/us.edu.pl\/instytut\/ij\/wp-json\/wp\/v2\/pages\/1268\/revisions\/1315"}],"up":[{"embeddable":true,"href":"https:\/\/us.edu.pl\/instytut\/ij\/wp-json\/wp\/v2\/pages\/1253"}],"wp:attachment":[{"href":"https:\/\/us.edu.pl\/instytut\/ij\/wp-json\/wp\/v2\/media?parent=1268"}],"curies":[{"name":"wp","href":"https:\/\/api.w.org\/{rel}","templated":true}]}}