{"id":138,"date":"2020-01-20T18:07:42","date_gmt":"2020-01-20T17:07:42","guid":{"rendered":"http:\/\/us.edu.pl\/instytut\/ij\/?page_id=138"},"modified":"2020-07-15T12:35:32","modified_gmt":"2020-07-15T10:35:32","slug":"nauka","status":"publish","type":"page","link":"https:\/\/us.edu.pl\/instytut\/ij\/nauka\/","title":{"rendered":"nauka"},"content":{"rendered":"<p>[vc_row][vc_column]\r\n\t\t\t\t<div class='container'>\r\n\t\t\t\t\t<div class='list-links list-links_'>\r\n\t\t\t\t\t\t  <h2 class='section-title'>Dzia\u0142alno\u015b\u0107 naukowa Instytutu J\u0119zykoznawstwa U\u015a<\/h2>\r\n\t\t\t\t\t\t  <ul>\r\n\t\t\t\t\t\t\t\t<li><a href='https:\/\/us.edu.pl\/instytut\/ij\/nauka\/publikacje\/'><h5>Publikacje<\/h5><\/a><\/li>\r\n\t\t\t\t\t\t\t\t<li><a href='https:\/\/us.edu.pl\/instytut\/ij\/nauka\/czasopisma\/'><h5>Czasopisma<\/h5><\/a><\/li>\r\n\t\t\t\t\t\t\t\t<li><a href='https:\/\/us.edu.pl\/instytut\/ij\/o-instytucie\/zespoly-badawcze\/'><h5>Zespo\u0142y badawcze<\/h5><\/a><\/li>\r\n\t\t\t\t\t\t\t\t<li><a href='https:\/\/us.edu.pl\/instytut\/ij\/nauka\/projekty-grantowe\/'><h5>Granty<\/h5><\/a><\/li>\r\n\t\t\t\t\t\t\t\t<li><a href=' https:\/\/us.edu.pl\/instytut\/ij\/nauka\/projekty-badawcze\/'><h5>Projekty badawcze<\/h5><\/a><\/li><\/ul>\r\n\t\t\t\t\t<\/div>\r\n\t\t\t\t<\/div>   \r\n\t\t\t\t\t[\/vc_column][\/vc_row]<\/p>","protected":false},"excerpt":{"rendered":"<p>[vc_row][vc_column][\/vc_column][\/vc_row] [&#8230;]<\/p>\n<p><a class=\"btn btn-secondary understrap-read-more-link\" href=\"https:\/\/us.edu.pl\/instytut\/ij\/nauka\/\">Read More&#8230;<\/a><\/p>\n","protected":false},"author":32,"featured_media":0,"parent":0,"menu_order":0,"comment_status":"closed","ping_status":"closed","template":"","meta":{"_expiration-date-status":"saved","_expiration-date":0,"_expiration-date-type":"","_expiration-date-categories":[],"_expiration-date-options":[]},"acf":[],"_links":{"self":[{"href":"https:\/\/us.edu.pl\/instytut\/ij\/wp-json\/wp\/v2\/pages\/138"}],"collection":[{"href":"https:\/\/us.edu.pl\/instytut\/ij\/wp-json\/wp\/v2\/pages"}],"about":[{"href":"https:\/\/us.edu.pl\/instytut\/ij\/wp-json\/wp\/v2\/types\/page"}],"author":[{"embeddable":true,"href":"https:\/\/us.edu.pl\/instytut\/ij\/wp-json\/wp\/v2\/users\/32"}],"replies":[{"embeddable":true,"href":"https:\/\/us.edu.pl\/instytut\/ij\/wp-json\/wp\/v2\/comments?post=138"}],"version-history":[{"count":2,"href":"https:\/\/us.edu.pl\/instytut\/ij\/wp-json\/wp\/v2\/pages\/138\/revisions"}],"predecessor-version":[{"id":1450,"href":"https:\/\/us.edu.pl\/instytut\/ij\/wp-json\/wp\/v2\/pages\/138\/revisions\/1450"}],"wp:attachment":[{"href":"https:\/\/us.edu.pl\/instytut\/ij\/wp-json\/wp\/v2\/media?parent=138"}],"curies":[{"name":"wp","href":"https:\/\/api.w.org\/{rel}","templated":true}]}}