{"id":146,"date":"2020-01-20T18:09:49","date_gmt":"2020-01-20T17:09:49","guid":{"rendered":"http:\/\/us.edu.pl\/instytut\/ij\/?page_id=146"},"modified":"2020-10-23T11:19:16","modified_gmt":"2020-10-23T09:19:16","slug":"instytut-dawniej-i-dzis","status":"publish","type":"page","link":"https:\/\/us.edu.pl\/instytut\/ij\/o-instytucie\/instytut-dawniej-i-dzis\/","title":{"rendered":"Instytut dawniej i dzi\u015b"},"content":{"rendered":"<p>[vc_row el_class=&#8221;container&#8221;][vc_column width=&#8221;2\/3&#8243;]\r\n                <div class=\"text-modules\">\r\n                    <div class=\"container\">\r\n                        \r\n                        <div class=\"text-modules__content\"><p><span style=\"font-size: 12pt\">Pocz\u0105tki studi\u00f3w j\u0119zykoznawczych w Uniwersytecie \u015al\u0105skim si\u0119gaj\u0105 roku 1973. Z inicjatywy prof. dr hab. W\u0142adys\u0142awa Lubasia, kt\u00f3ry sprowadzi\u0142 do Sosnowca wybitnych polskich lingwist\u00f3w z wielu polskich o\u015brodk\u00f3w akademickich, powsta\u0142 wtedy Wydzia\u0142 Filologiczny, gdzie dzia\u0142a\u0142y dwa instytuty: Instytut Filologii Polskiej oraz, powo\u0142any dzi\u0119ki wysi\u0142kom i energii prof. dr hab. Kazimierza Pola\u0144skiego, Instytut Filologii Obcych. J\u0119zykoznawcze \u015brodowisko polonistyczne zacz\u0119\u0142o si\u0119 jednak kszta\u0142towa\u0107 w Katowicach ju\u017c w latach 50. XX wieku, kiedy w ramach Wy\u017cszej Szko\u0142y Pedagogicznej powsta\u0142a Katedra J\u0119zyka Polskiego. Od pocz\u0105tku istnienia Katedry by\u0142a ona wspierana zar\u00f3wno dydaktycznie, jak i naukowo przez pracownik\u00f3w przyje\u017cd\u017caj\u0105cych z Krakowa. Zaj\u0119cia na katowickiej polonistyce prowadzili w\u00f3wczas m\u0142odzi doktorzy z Uniwersytetu Jagiello\u0144skiego: Witold Ma\u0144czak, Maria Honowska, Irena Bajerowa, Kazimierz Pola\u0144ski oraz Walery Pisarek. Z tego grona na sta\u0142e z tworz\u0105c\u0105 si\u0119 w\u00f3wczas uczelni\u0105 zwi\u0105zali si\u0119 I. Bajerowa oraz K. Pola\u0144ski. Dzia\u0142alno\u015b\u0107 naukowa Katedry koncentrowa\u0142a si\u0119 pocz\u0105tkowo g\u0142\u00f3wnie wok\u00f3\u0142 kwestii poprawno\u015bci j\u0119zykowej oraz problem\u00f3w j\u0119zyka polskiego na G\u00f3rnym \u015al\u0105sku. Po obj\u0119ciu w roku 1965 kierownictwa Katedry przez doc. dr hab. I. Bajerow\u0105 profil naukowy jednostki zosta\u0142 poszerzony o problematyk\u0119 historycznoj\u0119zykow\u0105 oraz badania nad wsp\u00f3\u0142czesn\u0105 sk\u0142adni\u0105 i s\u0142owotw\u00f3rstwem.<\/span><\/p>\n<p><span style=\"font-size: 12pt\">Kiedy w roku 1968 katowicka WSP zosta\u0142a przekszta\u0142cona w Uniwersytet \u015al\u0105ski, dosz\u0142o do po\u0142\u0105czenia polonistycznego \u015brodowiska j\u0119zykoznawc\u00f3w z literaturoznawcami we wsp\u00f3lny <strong>Instytut Filologii Polskiej<\/strong>. Od roku 1973 dalszy rozw\u00f3j tej jednostki przebiega\u0142 pod kierownictwem prof. dr. hab. W\u0142adys\u0142awa Lubasia; dzia\u0142a\u0142y w\u00f3wczas w Instytucie trzy zak\u0142ady j\u0119zykoznawcze (Zak\u0142ad Historii J\u0119zyka Polskiego, Zak\u0142ad Wsp\u00f3\u0142czesnego J\u0119zyka Polskiego, Zak\u0142ad Dialektologii) oraz Zak\u0142ad Metodyki Nauczania J\u0119zyka Polskiego i Literatury. Pod wp\u0142ywem naukowej osobowo\u015bci prof. Lubasia dosz\u0142o w\u00f3wczas do rozwoju bada\u0144 nad j\u0119zykiem mieszka\u0144c\u00f3w aglomeracji g\u00f3rno\u015bl\u0105skiej oraz do powstania czasopisma \u201eSocjolingwistyka\u201d.<\/span><\/p>\n<p><span style=\"font-size: 12pt\">W roku 1977 nast\u0105pi\u0142 podzia\u0142 Instytutu Filologii Polskiej na Instytut Literatury i Kultury Polskiej oraz Instytut J\u0119zyka Polskiego, kt\u00f3ry dzia\u0142a\u0142 42 lata. W tym czasie kierowa\u0142o nim dziesi\u0119ciu dyrektor\u00f3w, reprezentuj\u0105cych r\u00f3\u017cne pokolenia i szko\u0142y badawcze: prof. dr hab. W\u0142adys\u0142aw Luba\u015b (1977\u20131981), prof. dr hab. Henryk Wr\u00f3bel (1981\u20131983), prof. dr hab. Aleksander Wilko\u0144 (1983\u20131989), prof. dr hab. Alina Kowalska (1989\u20131991), prof. dr hab. Krystyna Kleszczowa (1991\u20131993), dr hab. prof. U\u015a Olga Woli\u0144ska (1993\u20132002), prof. dr hab. Ma\u0142gorzata Kita (2002\u20132005), dr hab. prof. U\u015a Jacek Warchala (2005\u20132012), dr hab. prof. U\u015a Magdalena Pastuchowa (2012\u20132016), dr hab. prof. U\u015a Miros\u0142awa Siuciak (2016\u20132019). Dzia\u0142alno\u015b\u0107 naukowa Instytutu koncentrowa\u0142a si\u0119 wok\u00f3\u0142 takich zagadnie\u0144 jak: historia j\u0119zyka polskiego (w tym historia j\u0119zyka polskiego na G\u00f3rnym \u015al\u0105sku), generatywny opis czasownik\u00f3w polskich, s\u0142owotw\u00f3rstwo wsp\u00f3\u0142czesnego j\u0119zyka polskiego oraz s\u0142owotw\u00f3rstwo historyczne, socjolingwistyka, socjologia j\u0119zyka, j\u0119zyk literatury pi\u0119knej, stylistyka, genologia lingwistyczna, leksykologia i semantyka historyczna, onomastyka, etnolingwistyka, lingwistyka kulturowa, pragmalingwistyka, mediolingwistyka, logopedia.<\/span><\/p>\n<p><span style=\"font-size: 12pt\">W kwietniu 2016 roku Instytutowi J\u0119zyka Polskiego zosta\u0142o nadane imi\u0119 Ireny Bajerowej jako wyraz ho\u0142du dla osoby, kt\u00f3ra mia\u0142a najwi\u0119kszy wp\u0142yw na naukowy i osobowy rozw\u00f3j Instytutu, a zwi\u0105zana z nim by\u0142a niemal od pocz\u0105tku. Na dorobek Instytutu, opr\u00f3cz bogactwa artyku\u0142\u00f3w i ksi\u0105\u017cek naukowych, sk\u0142ada si\u0119 kilkadziesi\u0105t znacz\u0105cych monografii, wyznaczaj\u0105cych kierunki w badaniach j\u0119zykoznawczych, cytowanych do dzisiaj w lingwistyce polskiej i \u015bwiatowej. W j\u0119zykoznawstwie polonistycznym funkcjonuje nawet poj\u0119cie \u015bl\u0105skiej szko\u0142y historycznoj\u0119zykowej, stylistycznej oraz socjolingwistycznej, co \u015bwiadczy o uznaniu dla kilku pokole\u0144 badaczy, kt\u00f3rzy t\u0119 szko\u0142\u0119 tworzyli. W ostatnim dziesi\u0119cioleciu istnienia Instytutu dzia\u0142a\u0142y w nim cztery zak\u0142ady: Zak\u0142ad Historii J\u0119zyka Polskiego, Zak\u0142ad Leksykologii i Semantyki, Zak\u0142ad Lingwistyki Tekstu i Dyskursu oraz Zak\u0142ad Socjolingwistyki i Spo\u0142ecznych Praktyk Komunikowania.<\/span><\/p>\n<p><span style=\"font-size: 12pt\">\u00a0\u00a0\u00a0\u00a0\u00a0\u00a0\u00a0\u00a0\u00a0\u00a0\u00a0 Instytut Filologii Obcych, druga powo\u0142ana w roku 1973 w ramach Wydzia\u0142u Filologicznego jednostka, da\u0142 z kolei pocz\u0105tek instytutom poszczeg\u00f3lnych neofilologii: Filologii Angielskiej i J\u0119zykoznawstwa Og\u00f3lnego, Filologii Germa\u0144skiej, Filologii Roma\u0144skiej, Filologii S\u0142owia\u0144skiej oraz Filologii Wschodnios\u0142owia\u0144skiej.<strong>Instytut <\/strong><strong>Filologii Angielskiej i J\u0119zykoznawstwa Og\u00f3lnego<\/strong> powsta\u0142 w roku 1978 z Zak\u0142adu Filologii Angielskiej (1973\u20131978), jego dyrektorem zosta\u0142 prof. dr hab. Kazimierz Pola\u0144ski. Prowadzono tu badania o charakterze j\u0119zykoznawczym i literaturoznawczym, przy czym studiami j\u0119zykoznawczymi zajmowano si\u0119 w ramach dw\u00f3ch zak\u0142ad\u00f3w: Zak\u0142adu J\u0119zykoznawstwa oraz Zak\u0142adu Metodyki. Od samego pocz\u0105tku studi\u00f3w anglistycznych na Uniwersytecie \u015al\u0105skim w\u015br\u00f3d j\u0119zykoznawc\u00f3w-anglist\u00f3w obecni byli badacze wywodz\u0105cy si\u0119 z o\u015brodk\u00f3w pozna\u0144skiego, krakowskiego i \u0142\u00f3dzkiego, wsp\u00f3\u0142tworz\u0105cy \u015bl\u0105sk\u0105 anglistyk\u0119.<\/span><\/p>\n<p><span style=\"font-size: 12pt\">W roku 1995 z Instytutu Filologii Angielskiej wyodr\u0119bni\u0142y si\u0119 dwie jednostki: Instytut Kultury i Literatury Brytyjskiej i Ameryka\u0144skiej oraz Instytut J\u0119zyka Angielskiego, w kt\u00f3rymdo roku 2019 kontynuowano badania j\u0119zykoznawcze. Jego d\u0142ugoletnim (1995\u20132008)dyrektoremzosta\u0142 pionier polskich bada\u0144 psycholingwistycznych, wsp\u00f3\u0142organizator Wydzia\u0142u Filologicznego, aw latach 1989\u20131995 dyrektor Instytutu Filologii Angielskiej prof. dr hab. Janusz Arabski.Po nim Instytutem kierowali kolejno prof. dr hab. Andrzej \u0141yda (2008\u20132016) i dr hab. Adam Wojtaszek (2016\u20132019).<\/span><\/p>\n<p><span style=\"font-size: 12pt\">Cho\u0107 w studiach j\u0119zykoznawczych prowadzonych w Instytucie J\u0119zyka Angielskiego dominowa\u0142y badania nad przyswajaniem j\u0119zyka drugiego, od pocz\u0105tku silnie reprezentowane by\u0142y tak\u017ce inne dzia\u0142y j\u0119zykoznawstwa \u2013 zar\u00f3wno teoretycznego jak i stosowanego \u2013 metodyka nauczania j\u0119zyk\u00f3w obcych oraz leksykografia. Instytut sta\u0142 si\u0119 r\u00f3wnie\u017c jednym z wiod\u0105cych polskich o\u015brodk\u00f3w zajmuj\u0105cych si\u0119 j\u0119zykoznawstwem historycznym,silnie rozwin\u0119\u0142y si\u0119 badania z zakresu teorii i praktyki przek\u0142adu, zw\u0142aszcza t\u0142umaczenia ustnego, morfologii i semantyki \u2013 tak\u017ce w uj\u0119ciu por\u00f3wnawczym, studia z zakresu j\u0119zyk\u00f3w specjalistycznych, w tym dyskursu akademickiego, oraz badania nad pragmatycznymi podstawami komunikacji.Niezmiennie wyrazistym obszarem zainteresowa\u0144 pozostaj\u0105 badania psycholingwistyczne, a cykliczna konferencja po\u015bwi\u0119cona przyswajaniu j\u0119zyka drugiego i obcego, organizowana przez j\u0119zykoznawc\u00f3w skupionych pocz\u0105tkowo w Instytucie Filologii Angielskiej a p\u00f3\u017aniej w Instytucie J\u0119zyka Angielskiego, od ponad trzydziestu lat przyci\u0105ga rzesze badaczy z ca\u0142ego \u015bwiata, staj\u0105c si\u0119 jednym z najwa\u017cniejszych i najbardziej rozpoznawalnych for\u00f3w akademickiej wymiany my\u015bli w tej dziedzinie.<\/span><\/p>\n<p><span style=\"font-size: 12pt\">Historia studi\u00f3w germanistycznych w Uniwersytecie \u015al\u0105skim si\u0119ga roku 1974, kiedy pod kierownictwem prof. dr. hab. Norberta Morci\u0144ca powsta\u0142 Zak\u0142ad Filologii Germa\u0144skiej,\u00a0 kt\u00f3ry w roku 1984 przekszta\u0142ci\u0142 si\u0119 w <strong>Instytut Filologii Germa\u0144skiej<\/strong>. W ramach Instytutu dzia\u0142a\u0142y w\u00f3wczas trzy zak\u0142ady: Zak\u0142ad Dydaktyki J\u0119zyka Niemieckiego, Zak\u0142ad Historii Literatury Niemieckiej oraz Zak\u0142ad Teorii Literatury i Komparatystyki Literackiej. Pierwszym dyrektorem Instytutu zosta\u0142 doc. dr hab. Zygmunt Mielczarek (1984\u20131996).W latach 1996\u20132012 Instytut rozwija\u0142 si\u0119 pod kierunkiem prof. dr hab. Gra\u017cyny B. Szewczyk, a w latach 2012\u20132019 Instytutem kierowa\u0142a dr hab. prof. U\u015a Renata Dampc-Jarosz.<\/span><\/p>\n<p><span style=\"font-size: 12pt\">\u00a0\u00a0\u00a0\u00a0\u00a0\u00a0\u00a0\u00a0\u00a0\u00a0\u00a0 W roku 2014 Instytutuczestniczy\u0142 w projekcie\u201e22. Linguistik- undLiteraturtage\u201d we wsp\u00f3\u0142pracy z Wydzia\u0142em Humanistycznym Uniwersytetu Mateja Bela w Ba\u0144skiej Bystrzycy (S\u0142owacja), Wydzia\u0142em Pedagogicznym Uniwersytetu Palackiego w O\u0142omu\u0144cu (Republika Czeska), Uniwersytetem w Miszkolcu (W\u0119gry) oraz stowarzyszeniem GeSuS, e.V. W latach 2014\u20132015 realizowa\u0142 projekt badawczy \u201eNauczanie j\u0119zyka niemieckiego metod\u0105 narracyjn\u0105 w przedszkolu i na pierwszym etapie edukacyjnym\u201d w ramach programu Ministerstwa Nauki i Szkolnictwa Wy\u017cszego \u201eAkademickie Centrum Kreatywno\u015bci\u201d. W roku 2016 w Instytucie otwartomi\u0119dzynarodowe studialeksykograficzneEMLex, prowadzone wsp\u00f3lnie przez Uniwersytet \u015al\u0105ski w Katowicach, Friedrich-Alexander-Universit\u00e4tErlangen-N\u00fcrnberg (Niemcy), K\u00e1roliG\u00e1sp\u00e1rReform\u00e1tusEgyetemBudapest (W\u0119gry), Universit\u00e9 de Lorraine (Nancy, Francja), Universidade do Minho (Braga, Portugalia), Universit\u00e0degliStudi Roma Tre (W\u0142ochy), Universidade de Santiago de Compostela (Hiszpania) oraz Stellenbosch University (Republika Po\u0142udniowej Afryki). Wykszta\u0142cenie uzyskane w ramach specjalno\u015bci: Europejskie studia leksykograficzne wyr\u00f3\u017cnia absolwenta w skali kraju jako filologa z przygotowaniem leksykograficznym.<\/span><\/p>\n<p><span style=\"font-size: 12pt\">W Zak\u0142adzie J\u0119zykoznawstwa Instytutu Filologii Germa\u0144skiej prowadzone by\u0142y badania w zakresie gramatyki opisowej j\u0119zyka niemieckiego, gramatyki konfrontatywnej, leksykologii, leksykografii, socjolingwistyki i j\u0119zyk\u00f3w fachowych. Do zainteresowa\u0144 naukowych pracownik\u00f3w Zak\u0142adu nale\u017ca\u0142y w szczeg\u00f3lno\u015bci frazeologia, nominacja j\u0119zykowa, kolokacje (w uj\u0119ciu leksykograficznym i glottodydaktycznym), onomastyka literacka, j\u0119zyk medi\u00f3w oraz nowoczesne technologie w nauczaniu j\u0119zyk\u00f3w obcych.Przedmiotem bada\u0144 w Zak\u0142adzie Glottodydaktyki i Translatoryki (wcze\u015bniejszy Zak\u0142ad Dydaktyki J\u0119zyka Niemieckiego) by\u0142y natomiast wsp\u00f3\u0142czesne metody nauczania j\u0119zyk\u00f3w obcych, w tym problematyka nauczania wczesnoszkolnego, czynniki i strategie usprawniaj\u0105ce proces rozumienia tekstu, dydaktyka nauczania j\u0119zyk\u00f3w specjalistycznych, nauczanie t\u0142umaczenia pisemnego i ustnego, nauczanie realioznawstwa i kulturoznawstwa, a tak\u017ce s\u0142owotw\u00f3rstwo, humor, procesy stereotypizacji i warto\u015bciowania oraz lingwistyka tekstu.<\/span><\/p>\n<p><span style=\"font-size: 12pt\">Filologia germa\u0144ska stale wsp\u00f3\u0142pracuje z Niemieck\u0105 Central\u0105 Wymiany AkademickiejDAAD, z Centrum Kultury i Edukacji \u201eHausSchlesien\u201d w K\u00f6nigswinter, z Konsulatem Republiki Federalnej Niemiec, z Goethe Institut oraz z wydawnictwami Hueber i LektorKlett.<\/span><\/p>\n<p>W ramach Instytutu Filologii Obcych przez pi\u0119\u0107 lat dzia\u0142a\u0142 Zak\u0142ad Filologii Roma\u0144skiej, kierowany przez prof. zw. dr. hab., dr. hc.\u00a0 Stanis\u0142awa Karolaka. W roku 1978 zapad\u0142a decyzja o utworzeniu Instytutu Filologii Roma\u0144skiej, na czele kt\u00f3rego stan\u0105\u0142 prof. dr hab., dr\u00a0 hc.\u00a0 Aleksander Ab\u0142amowicz. Profesor Ab\u0142amowicz kierowa\u0142 powierzonym mu Instytutem przez prawie \u0107wier\u0107wiecze, do roku 2002. W latach 2002\u20132008 funkcj\u0119 dyrektora pocz\u0105tkowo Instytutu Filologii Roma\u0144skiej, a od roku 2007 <strong>Instytutu J\u0119zyk\u00f3w Roma\u0144skich i Translatoryki<\/strong> pe\u0142ni\u0142 prof. zw. dr hab., dr hc. Wies\u0142aw Bany\u015b \u2013 rektor Uniwersytetu \u015al\u0105skiego w latach 2008\u20132016. W kolejnych dw\u00f3ch kadencjach Instytutem kierowa\u0142a prof. dr hab. Ewa Miczka. W latach 2016\u20132019 dyrektorem Instytutu ponownie zosta\u0142 prof. zw. dr hab. Wies\u0142aw Bany\u015b.<\/p>\n<p>Do czasu zmian strukturalnych Uniwersytetu \u015al\u0105skiego w roku 2019 w sk\u0142ad Instytutu J\u0119zyk\u00f3w Roma\u0144skich i Translatoryki wchodzi\u0142o siedem zak\u0142ad\u00f3w naukowo-badawczych, prowadz\u0105cych badania w zakresie francuskiego, w\u0142oskiego jak i hiszpa\u0144skiego j\u0119zykoznawstwa teoretycznego oraz stosowanego a tak\u017ce literatury. By\u0142y to: Zak\u0142ad J\u0119zykoznawstwa Stosowanego i Translatoryki (kierownik: prof. zw. dr hab. Wies\u0142aw Bany\u015b), Zak\u0142ad Lingwistyki Tekstu (kierownik: prof. dr hab. Ewa Miczka), Zak\u0142ad Glottodydaktyki i Kszta\u0142cenia na Odleg\u0142o\u015b\u0107 (kierownik: prof. dr hab. Halina Wid\u0142a), Zak\u0142ad Bada\u0144 Iberyjskich i Latynoameryka\u0144skich (kierownik: prof. dr hab. Joanna Wilk-Raci\u0119ska, Zak\u0142ad Literatury i Kultury Francuskiej i Frankofo\u0144skiej (kierownik: prof. dr hab. Magdalena Wandzioch), Zak\u0142ad Francuskoj\u0119zycznej Literatury Kanadyjskiej i Przek\u0142adu Literackiego (kierownik: prof. dr hab. Krzysztof Jarosz) oraz Zak\u0142ad Literatury i Kultury W\u0142oskiej (pod opiek\u0105 naukow\u0105 prof. dr. hab. Krzysztofa Jarosza).<\/p>\n<p><span style=\"font-size: 12pt\">Slawistyka w Uniwersytecie \u015al\u0105skim powsta\u0142a w roku 1974 z inicjatywy prof. dr. hab. Kazimierza Pola\u0144skiego. Pocz\u0105tkowo istnia\u0142a w ramach Instytutu Filologii Obcych jako Zak\u0142ad Filologii S\u0142owia\u0144skiej. W roku\u00a01980 doc. dr hab. W\u0142odzimierz Pianka przekszta\u0142ci\u0142 Zak\u0142ad w Katedr\u0119 Filologii S\u0142owia\u0144skiej, zmieniaj\u0105c tym samym jego struktur\u0119. W\u00a0roku 1990 prof. dr hab. Emil Tokarz przeorganizowa\u0142 Katedr\u0119 w <strong>Instytut Filologii S\u0142owia\u0144skiej<\/strong>, zapocz\u0105tkowuj\u0105c niezwykle dynamiczny rozw\u00f3j tego o\u015brodka.Slawistyk\u0105 w Uniwersytecie \u015al\u0105skim kierowali kolejno:prof. dr hab. Mieczys\u0142aw Basaj (1974\u20131975), prof. dr hab. Roman Laskowski(1975\u20131979), doc. dr hab. W\u0142odzimierz Pianka (1979\u20131981), prof. dr hab. Emil Tokarz (1981\u20131985), dr hab. prof. U\u015a Maja Szymoniuk (1985\u20131986), prof. dr hab. Barbara Czapik-Lity\u0144ska (1986\u20131989), prof. dr hab. Emil Tokarz (1989\u20132001), dr hab. J\u00f3zef Zarek (2001\u20132008), dr hab. prof. U\u015a Maria Cicho\u0144ska (2008\u20132012), prof. dr hab. Lech Miody\u0144ski (2012\u20132016) oraz dr hab. Mariola Szymczak-Rozlach (2016\u2013 2019).<\/span><\/p>\n<p><span style=\"font-size: 12pt\">W ramach \u015bl\u0105skiej slawistyki prowadzone s\u0105 studia w zakresie filologii s\u0142owia\u0144skiej na studiach stacjonarnych I i II stopnia: specjalno\u015b\u0107j\u0119zykowo-kulturowa z j\u0119zykiem zachodnioeuropejskim (studia I stopnia) oraz specjalno\u015b\u0107\u00a0przek\u0142ad w\u00a0komunikacji mi\u0119dzykulturowej (studia II stopnia).<\/span><\/p>\n<p><span style=\"font-size: 12pt\">Zal\u0105\u017ckiem przysz\u0142ego <strong>Instytutu Filologii Wschodnios\u0142owia\u0144skiej<\/strong>sta\u0142 si\u0119 \u2013\u00a0 powo\u0142any do \u017cycia w roku 1973 w ramach Instytutu Filologii Obcych \u00ad\u2013 Zak\u0142ad Filologii Rosyjskiej kierowany przez prof. Mariana Jurkowskiego we wsp\u00f3\u0142pracy z prof. Albertem Bartoszewiczem. W roku 1975 Zak\u0142ad zosta\u0142 wy\u0142\u0105czony ze struktur Instytutu Filologii Obcych i przekszta\u0142cony w samodzieln\u0105 jednostk\u0119 \u2013 Instytut Filologii Rosyjskiej(od roku 1998 Instytut Filologii Wschodnios\u0142owia\u0144skiej), kt\u00f3rego dyrektorem zosta\u0142a prof. dr hab. Gabriela Olak-Por\u0119bina. Przez ponad cztery dekady historii Instytutu funkcje dyrektora sprawowali: doc. dr hab. Micha\u0142 Blicharski, prof. dr hab.Stanis\u0142aw Por\u0119ba, prof. dr hab. Halina Mazurek, doc. dr hab.Barbara Stempczy\u0144ska, prof. dr hab.Henryk Fonta\u0144ski oraz dr hab. prof. U\u015a Jolanta Lubocha-Kruglik.<\/span><\/p>\n<p><span style=\"font-size: 12pt\">W strukturze Instytutu od pocz\u0105tk\u00f3w jego istnienia dzia\u0142a\u0142y zak\u0142ady odzwierciedlaj\u0105ce zainteresowania badawcze pracownik\u00f3w i dba\u0142o\u015b\u0107 o rozw\u00f3j metodyki nauczania j\u0119zyka rosyjskiego. Ostatecznie, na drodze ewolucji ukszta\u0142towa\u0142y si\u0119 i funkcjonowa\u0142y przez wiele lat: Zak\u0142ad Historii Literatury Rosyjskiej, Zak\u0142ad J\u0119zykoznawstwa Konfrontatywnego i Translatoryki, Zak\u0142ad J\u0119zyka Rosyjskiego oraz Zak\u0142ad Lingwistyki Stosowanej.<\/span><\/p>\n<p><span style=\"font-size: 12pt\">W ci\u0105gu 44 lat z Instytutem wsp\u00f3\u0142pracowa\u0142o szerokie grono specjalist\u00f3w z Rosji i Ukrainy, m. in. prof. Wiktor Bekisz, prof. Ludmi\u0142a Bo\u0142otowa, dr Halyna Czuba, prof. Alla Luchyk, prof.VasylLuchyk, prof. LiliyaOzhohan, prof. VasylOzhohan, dr hab. Iryna Betko, czy dr Zoja Sirotkina.<\/span><\/p>\n<p><span style=\"font-size: 12pt\">Ostatnie lata istnienia Instytutu(2015\u20132019) s\u0105 \u015bwiadectwem niezwykle intensywnego rozwoju naukowego: awanse naukowe, organizacja ponad 20 konferencji i seminari\u00f3w, granty, wsp\u00f3\u0142praca naukowa i dydaktyczna z kilkunastoma o\u015brodkami naukowymi z Czech, S\u0142owacji, Rosji, Ukrainy, Bia\u0142orusi, Izraela, Kazachstanu, Japonii, Kanady, Bu\u0142garii, Estonii, Mi\u0144ska, Korei Po\u0142udniowej, Hiszpanii, Estonii. Ko\u0144cowy okres dzia\u0142alno\u015bci Instytutu Filologii Wschodnios\u0142owia\u0144skiej U\u015a to tak\u017ce nasilenie dzia\u0142a\u0144 na polu dydaktyki: wzbogacanie oferty dydaktycznej, tworzenie nowych atrakcyjnych specjalno\u015bci, odpowiadaj\u0105cych aktualnym potrzebom rynku pracy, szeroka wsp\u00f3\u0142praca z interesariuszami zewn\u0119trznymi, organizacja cyklicznych olimpiad j\u0119zykowych, konkurs\u00f3w i zaj\u0119\u0107 dla m\u0142odzie\u017cy szkolnej oraz spo\u0142eczno\u015bci akademickiej.<\/span><\/p>\n<p><span style=\"font-size: 12pt\">Potwierdzeniem renomy Instytutu na arenie nie tylko krajowej, ale tak\u017ce mi\u0119dzynarodowej s\u0105 indywidualne sukcesy pracownik\u00f3w powo\u0142ywanych do pe\u0142nienia funkcji w mi\u0119dzynarodowych organizacjach (m.in. dr hab. prof. U\u015a Jolanta Lubocha-Kruglik oraz prof. dr hab. Piotr Fast w Mi\u0119dzynarodowym Komitecie Slawist\u00f3w).<\/span><\/p>\n<p><span style=\"font-size: 12pt\">W wyniku g\u0142\u0119bokich zmian w strukturze Uniwersytetu z dniem 1 pa\u017adziernika 2019 roku poszczeg\u00f3lne instytuty filologiczne przesta\u0142y istnie\u0107, a j\u0119zykoznawcy dot\u0105d z nimi zwi\u0105zani weszli w sk\u0142ad <strong>Instytutu J\u0119zykoznawstwa<\/strong> <strong>U\u015a<\/strong> powo\u0142anego w ramach <strong>Wydzia\u0142u Humanistycznego<\/strong>.<\/span><\/p>\n<\/div>\r\n                    <\/div>\r\n                <\/div>[\/vc_column][vc_column width=&#8221;1\/3&#8243;][\/vc_column][\/vc_row]<\/p>","protected":false},"excerpt":{"rendered":"<p>[vc_row el_class=&#8221;container&#8221;][vc_column width=&#8221;2\/3&#8243;][\/vc_column][vc_column width=&#8221;1\/3&#8243;][\/vc_column][\/vc_row] [&#8230;]<\/p>\n<p><a class=\"btn btn-secondary understrap-read-more-link\" href=\"https:\/\/us.edu.pl\/instytut\/ij\/o-instytucie\/instytut-dawniej-i-dzis\/\">Read More&#8230;<\/a><\/p>\n","protected":false},"author":32,"featured_media":0,"parent":136,"menu_order":0,"comment_status":"closed","ping_status":"closed","template":"","meta":{"_expiration-date-status":"saved","_expiration-date":0,"_expiration-date-type":"","_expiration-date-categories":[],"_expiration-date-options":[]},"acf":[],"_links":{"self":[{"href":"https:\/\/us.edu.pl\/instytut\/ij\/wp-json\/wp\/v2\/pages\/146"}],"collection":[{"href":"https:\/\/us.edu.pl\/instytut\/ij\/wp-json\/wp\/v2\/pages"}],"about":[{"href":"https:\/\/us.edu.pl\/instytut\/ij\/wp-json\/wp\/v2\/types\/page"}],"author":[{"embeddable":true,"href":"https:\/\/us.edu.pl\/instytut\/ij\/wp-json\/wp\/v2\/users\/32"}],"replies":[{"embeddable":true,"href":"https:\/\/us.edu.pl\/instytut\/ij\/wp-json\/wp\/v2\/comments?post=146"}],"version-history":[{"count":8,"href":"https:\/\/us.edu.pl\/instytut\/ij\/wp-json\/wp\/v2\/pages\/146\/revisions"}],"predecessor-version":[{"id":1605,"href":"https:\/\/us.edu.pl\/instytut\/ij\/wp-json\/wp\/v2\/pages\/146\/revisions\/1605"}],"up":[{"embeddable":true,"href":"https:\/\/us.edu.pl\/instytut\/ij\/wp-json\/wp\/v2\/pages\/136"}],"wp:attachment":[{"href":"https:\/\/us.edu.pl\/instytut\/ij\/wp-json\/wp\/v2\/media?parent=146"}],"curies":[{"name":"wp","href":"https:\/\/api.w.org\/{rel}","templated":true}]}}