{"id":1470,"date":"2020-07-19T12:19:19","date_gmt":"2020-07-19T10:19:19","guid":{"rendered":"https:\/\/us.edu.pl\/instytut\/ij\/?page_id=1470"},"modified":"2020-07-19T12:28:46","modified_gmt":"2020-07-19T10:28:46","slug":"wspolpraca-stara-wersja","status":"publish","type":"page","link":"https:\/\/us.edu.pl\/instytut\/ij\/wspolpraca-stara-wersja\/","title":{"rendered":"wsp\u00f3\u0142praca (stara wersja)"},"content":{"rendered":"<p>W ramach programu Erasmus + nawi\u0105zano kontakty z wieloma uczelniami zagranicznymi, z kt\u00f3rymi dosz\u0142o nast\u0119pnie do podpisania um\u00f3w o wsp\u00f3\u0142pracy dydaktycznej. W rezultacie zar\u00f3wno pracownicy Instytutu jak i studenci rokrocznie korzystaj\u0105 z licznych mo\u017cliwo\u015bci kr\u00f3tszych lub d\u0142u\u017cszych wyjazd\u00f3w dydaktycznych lub, w przypadku student\u00f3w, praktyk zawodowych, dokonuj\u0105c wyboru spo\u015br\u00f3d ponad 40 o\u015brodk\u00f3w uniwersyteckich, z kt\u00f3rymi Instytut ma aktualnie podpisane umowy. Ka\u017cdego roku Instytut ma r\u00f3wnie\u017c zaszczyt go\u015bci\u0107 wielu zagranicznych wyk\u0142adowc\u00f3w, kt\u00f3rzy swoimi wyk\u0142adami u\u015bwietniaj\u0105 program kszta\u0142cenia na wszystkich prowadzonych w Instytucie specjalno\u015bciach.<\/p>\n<p>Wsp\u00f3\u0142praca w ramach um\u00f3w bilateralnych<\/p>\n<ul>\n<li>Universit\u00e9 d\u2019Angers (Francja)<\/li>\n<li>Universidad de Guadalajara (Meksyk)<\/li>\n<\/ul>\n<p>Wsp\u00f3\u0142praca w ramach programu Erasmus +<\/p>\n<p><u>BELGIA<\/u>: Universit\u00e9 Libre De Bruxelles<br \/>\nUniversit\u00e9 Catholique de Louvain<\/p>\n<p><u>FRANCJA<\/u>: Universit\u00e9 Paris 13<br \/>\nUniversit\u00e9 de Valenciennes et du Hainaut-Cambresis<br \/>\nUniversit\u00e9 d\u2019Angers<br \/>\nUniversit\u00e9 Sorbonne Nouvelle Paris 3<br \/>\nUniversit\u00e9 d&#8217;Orl\u00e9ans<br \/>\nUniversit\u00e9 Paul-Valery, Montpelier<br \/>\nUniversit\u00e9 de Picardie Jules Verne<br \/>\nUniversit\u00e9 de Limoges<br \/>\nUniversit\u00e9 de Bordeaux<br \/>\nUniversit\u00e9 De Lorraine<br \/>\nUniversit\u00e9 De Rouen<\/p>\n<p><u>PORTUGALIA<\/u>: Universidade Catolica Portuguesa<br \/>\nUniversidade do Porto<\/p>\n<p><u>RUMUNIA<\/u>: University of Bucharest<br \/>\nWest University of Timisoara<\/p>\n<p><u>S\u0141OWENIA<\/u>: University of Ljubjana<\/p>\n<p><u>TURCJA<\/u>: Kirikkale Universitesi<br \/>\nMarmara University<\/p>\n<p><u>W\u0141OCHY<\/u>: Universit\u00e0 degli Studi di Bari,<br \/>\nUniversit\u00e0 degli Studi di Macerata,<br \/>\nUniversit\u00e0 degli Studi di Napoli &#8222;L&#8217;Orientale&#8221;<br \/>\nCa&#8217; Foscari University of Venice<\/p>\n<p><u>GRECJA<\/u>: University of Patras<\/p>\n<p><u>HISZPANIA:<\/u>\u00a0 Universidad de Alicante<br \/>\nUniversidad Aut\u00f3noma de Madrid<br \/>\nUniversidad Complutense de Madrid<br \/>\nUniversidad de C\u00e1diz<br \/>\nUniversidad de Extremadura<br \/>\nUniversidad de Granada, Facultad de Filosof\u00eda y Letras<br \/>\nUniversidad de Granada, Facultad de Traducci\u00f3n e Interpretaci\u00f3n<br \/>\nUniversidad de Ja\u00e9n<br \/>\nUniversidad de Las Palmas de Gran Canaria<br \/>\nUniversidad de Le\u00f3n<br \/>\nUniversidad de M\u00e1laga<br \/>\nUniversidad de Oviedo<\/p>\n<p>Universidad de Santiago de Compostela<br \/>\nUniversidad de Valencia<br \/>\nUniversidad de Valladolid<br \/>\nUniversitat Rovira i Virgili (Tarragona)<br \/>\nUniversidad de Vigo<\/p>\n<p>Wsp\u00f3\u0142praca w ramach Programu Erasmus+ KA 107, tzw. Erasmus poza Uni\u0105 Europejsk\u0105:<\/p>\n<ul>\n<li>Universidad Aut\u00f3noma de Nuevo Le\u00f3n (Meksyk)<\/li>\n<li>Minsk State Linguistic University (Bia\u0142oru\u015b)<\/li>\n<\/ul>\n<p><\/p>","protected":false},"excerpt":{"rendered":"<p>W ramach programu Erasmus + nawi\u0105zano kontakty z wieloma uczelniami zagranicznymi, z kt\u00f3rymi dosz\u0142o nast\u0119pnie do podpisania um\u00f3w o wsp\u00f3\u0142pracy dydaktycznej. W rezultacie zar\u00f3wno pracownicy Instytutu jak i studenci rokrocznie korzystaj\u0105 z licznych mo\u017cliwo\u015bci kr\u00f3tszych lub d\u0142u\u017cszych wyjazd\u00f3w dydaktycznych lub, w przypadku student\u00f3w, praktyk zawodowych, dokonuj\u0105c wyboru spo\u015br\u00f3d ponad 40 o\u015brodk\u00f3w uniwersyteckich, z kt\u00f3rymi Instytut [&#8230;]<\/p>\n<p><a class=\"btn btn-secondary understrap-read-more-link\" href=\"https:\/\/us.edu.pl\/instytut\/ij\/wspolpraca-stara-wersja\/\">Read More&#8230;<\/a><\/p>\n","protected":false},"author":1659,"featured_media":0,"parent":0,"menu_order":0,"comment_status":"closed","ping_status":"closed","template":"","meta":{"_expiration-date-status":"saved","_expiration-date":0,"_expiration-date-type":"","_expiration-date-categories":[],"_expiration-date-options":[]},"acf":[],"_links":{"self":[{"href":"https:\/\/us.edu.pl\/instytut\/ij\/wp-json\/wp\/v2\/pages\/1470"}],"collection":[{"href":"https:\/\/us.edu.pl\/instytut\/ij\/wp-json\/wp\/v2\/pages"}],"about":[{"href":"https:\/\/us.edu.pl\/instytut\/ij\/wp-json\/wp\/v2\/types\/page"}],"author":[{"embeddable":true,"href":"https:\/\/us.edu.pl\/instytut\/ij\/wp-json\/wp\/v2\/users\/1659"}],"replies":[{"embeddable":true,"href":"https:\/\/us.edu.pl\/instytut\/ij\/wp-json\/wp\/v2\/comments?post=1470"}],"version-history":[{"count":1,"href":"https:\/\/us.edu.pl\/instytut\/ij\/wp-json\/wp\/v2\/pages\/1470\/revisions"}],"predecessor-version":[{"id":1471,"href":"https:\/\/us.edu.pl\/instytut\/ij\/wp-json\/wp\/v2\/pages\/1470\/revisions\/1471"}],"wp:attachment":[{"href":"https:\/\/us.edu.pl\/instytut\/ij\/wp-json\/wp\/v2\/media?parent=1470"}],"curies":[{"name":"wp","href":"https:\/\/api.w.org\/{rel}","templated":true}]}}