{"id":154,"date":"2020-01-20T18:12:24","date_gmt":"2020-01-20T17:12:24","guid":{"rendered":"http:\/\/us.edu.pl\/instytut\/ij\/?page_id=154"},"modified":"2025-02-12T12:05:31","modified_gmt":"2025-02-12T11:05:31","slug":"publikacje","status":"publish","type":"page","link":"https:\/\/us.edu.pl\/instytut\/ij\/nauka\/publikacje\/","title":{"rendered":"Publikacje"},"content":{"rendered":"<p>[vc_row][vc_column]\r\n                <div class=\"text-modules\">\r\n                    <div class=\"container\">\r\n                        <h3 class=\"page-title text__title\">Publikacje pracownik\u00f3w Instytutu J\u0119zykoznawstwa U\u015a<\/h3>\r\n                        <div class=\"text-modules__content\"><\/div>\r\n                    <\/div>\r\n                <\/div>\r\n                <div class=\"tiles-section\" style=\"background: \">\r\n                    <div class=\"container\">\r\n                        <div class=\"tiles tiles-3 color-blue\">\r\n                            <a href=\"https:\/\/us.edu.pl\/instytut\/ij\/nauka\/publikacje\/2025-2\/\" class=\"tile tile_2\">\r\n                                <div class=\"tile__img\">\r\n                                    \r\n                                <\/div>\r\n                                <div class=\"tile__title-small\"><\/div>\r\n                                <div class=\"tile__title-big\">2025<\/div>\r\n                            <\/a>\r\n                            <a href=\"https:\/\/us.edu.pl\/instytut\/ij\/nauka\/publikacje\/2024-2\/\" class=\"tile tile_2\">\r\n                                <div class=\"tile__img\">\r\n                                    \r\n                                <\/div>\r\n                                <div class=\"tile__title-small\"><\/div>\r\n                                <div class=\"tile__title-big\">2024<\/div>\r\n                            <\/a>\r\n                            <a href=\"https:\/\/us.edu.pl\/instytut\/ij\/nauka\/publikacje\/2023-2\/\" class=\"tile tile_2\">\r\n                                <div class=\"tile__img\">\r\n                                    \r\n                                <\/div>\r\n                                <div class=\"tile__title-small\"><\/div>\r\n                                <div class=\"tile__title-big\">2023<\/div>\r\n                            <\/a>\r\n                            <a href=\"https:\/\/us.edu.pl\/instytut\/ij\/nauka\/publikacje\/2022-2\/\" class=\"tile tile_2\">\r\n                                <div class=\"tile__img\">\r\n                                    \r\n                                <\/div>\r\n                                <div class=\"tile__title-small\"><\/div>\r\n                                <div class=\"tile__title-big\">2022<\/div>\r\n                            <\/a>\r\n                            <a href=\"https:\/\/us.edu.pl\/instytut\/ij\/nauka\/publikacje\/2021-2\/\" class=\"tile tile_2\">\r\n                                <div class=\"tile__img\">\r\n                                    \r\n                                <\/div>\r\n                                <div class=\"tile__title-small\"><\/div>\r\n                                <div class=\"tile__title-big\">2021<\/div>\r\n                            <\/a>\r\n                            <a href=\"https:\/\/us.edu.pl\/instytut\/ij\/nauka\/publikacje\/2020-2\/\" class=\"tile tile_2\">\r\n                                <div class=\"tile__img\">\r\n                                    \r\n                                <\/div>\r\n                                <div class=\"tile__title-small\"><\/div>\r\n                                <div class=\"tile__title-big\">2020<\/div>\r\n                            <\/a>\r\n                            <a href=\"https:\/\/us.edu.pl\/instytut\/ij\/nauka\/publikacje\/2019-2\/\" class=\"tile tile_2\">\r\n                                <div class=\"tile__img\">\r\n                                    \r\n                                <\/div>\r\n                                <div class=\"tile__title-small\"><\/div>\r\n                                <div class=\"tile__title-big\">2019<\/div>\r\n                            <\/a>\r\n                            <a href=\"https:\/\/us.edu.pl\/instytut\/ij\/nauka\/publikacje\/2018-2\/\" class=\"tile tile_2\">\r\n                                <div class=\"tile__img\">\r\n                                    \r\n                                <\/div>\r\n                                <div class=\"tile__title-small\"><\/div>\r\n                                <div class=\"tile__title-big\">2018<\/div>\r\n                            <\/a>\r\n                            <a href=\"https:\/\/us.edu.pl\/instytut\/ij\/nauka\/publikacje\/2017-2\/\" class=\"tile tile_2\">\r\n                                <div class=\"tile__img\">\r\n                                    \r\n                                <\/div>\r\n                                <div class=\"tile__title-small\"><\/div>\r\n                                <div class=\"tile__title-big\">2017<\/div>\r\n                            <\/a><\/div>\r\n                    <\/div>\r\n                <\/div>\r\n                [\/vc_column][\/vc_row]<\/p>","protected":false},"excerpt":{"rendered":"<p>[vc_row][vc_column][\/vc_column][\/vc_row] [&#8230;]<\/p>\n<p><a class=\"btn btn-secondary understrap-read-more-link\" href=\"https:\/\/us.edu.pl\/instytut\/ij\/nauka\/publikacje\/\">Read More&#8230;<\/a><\/p>\n","protected":false},"author":32,"featured_media":0,"parent":138,"menu_order":0,"comment_status":"closed","ping_status":"closed","template":"","meta":{"_expiration-date-status":"","_expiration-date":0,"_expiration-date-type":"","_expiration-date-categories":[],"_expiration-date-options":[]},"acf":[],"_links":{"self":[{"href":"https:\/\/us.edu.pl\/instytut\/ij\/wp-json\/wp\/v2\/pages\/154"}],"collection":[{"href":"https:\/\/us.edu.pl\/instytut\/ij\/wp-json\/wp\/v2\/pages"}],"about":[{"href":"https:\/\/us.edu.pl\/instytut\/ij\/wp-json\/wp\/v2\/types\/page"}],"author":[{"embeddable":true,"href":"https:\/\/us.edu.pl\/instytut\/ij\/wp-json\/wp\/v2\/users\/32"}],"replies":[{"embeddable":true,"href":"https:\/\/us.edu.pl\/instytut\/ij\/wp-json\/wp\/v2\/comments?post=154"}],"version-history":[{"count":11,"href":"https:\/\/us.edu.pl\/instytut\/ij\/wp-json\/wp\/v2\/pages\/154\/revisions"}],"predecessor-version":[{"id":3596,"href":"https:\/\/us.edu.pl\/instytut\/ij\/wp-json\/wp\/v2\/pages\/154\/revisions\/3596"}],"up":[{"embeddable":true,"href":"https:\/\/us.edu.pl\/instytut\/ij\/wp-json\/wp\/v2\/pages\/138"}],"wp:attachment":[{"href":"https:\/\/us.edu.pl\/instytut\/ij\/wp-json\/wp\/v2\/media?parent=154"}],"curies":[{"name":"wp","href":"https:\/\/api.w.org\/{rel}","templated":true}]}}