{"id":172,"date":"2020-01-20T18:16:39","date_gmt":"2020-01-20T17:16:39","guid":{"rendered":"http:\/\/us.edu.pl\/instytut\/ij\/?page_id=172"},"modified":"2026-04-17T08:47:45","modified_gmt":"2026-04-17T06:47:45","slug":"zespoly-badawcze","status":"publish","type":"page","link":"https:\/\/us.edu.pl\/instytut\/ij\/nauka\/zespoly-badawcze\/","title":{"rendered":"Zespo\u0142y badawcze"},"content":{"rendered":"<p>[vc_row][vc_column][vc_column_text][\/vc_column_text][\/vc_column][\/vc_row][vc_row][vc_column][vc_column_text][\/vc_column_text][\/vc_column][\/vc_row][vc_row][vc_column][vc_column_text][\/vc_column_text][\/vc_column][\/vc_row][vc_row el_class=&#8221;container&#8221;][vc_column width=&#8221;2\/3&#8243;]\r\n                <div class=\"text-modules\">\r\n                    <div class=\"container\">\r\n                        \r\n                        <div class=\"text-modules__content\"><p><strong>Zesp\u00f3\u0142 badawczy: <\/strong>DIGESPEDI: Gatunki cyfrowe w dyskursach specjalistycznych <a href=\"https:\/\/digespedi.us.edu.pl\/\">https:\/\/digespedi.us.edu.pl\/<\/a><\/p>\n<p><strong>Sk\u0142ad osobowy: <\/strong>Krystyna Warcha\u0142 (PI), Pawe\u0142 Zakrajewski, Anna Majer, Dominik G\u0119gotek, Karolina Ryker, Jan Zalega i Agnieszka Ziora<\/p>\n<p><strong>Opis prowadzonych bada\u0144: <\/strong>Jeste\u015bmy zespo\u0142em badawczym dzia\u0142aj\u0105cym w Instytucie J\u0119zykoznawstwa Uniwersytetu \u015al\u0105skiego w Katowicach. Prowadzimy badania nad upowszechnianiem wynik\u00f3w bada\u0144 naukowych w \u015brodowisku cyfrowym, praktykami komunikowania wiedzy w Internecie oraz gatunkami cyfrowymi w r\u00f3\u017cnych domenach dyskursu. Koncentrujemy si\u0119 w szczeg\u00f3lno\u015bci na gatunkach i mediach, kt\u00f3re skupiaj\u0105 wewn\u0119trznie zr\u00f3\u017cnicowane grupy odbiorc\u00f3w, oraz na praktykach komunikacyjnych sprzyjaj\u0105cych zaanga\u017cowaniu spo\u0142ecznemu w rozw\u00f3j wiedzy i technologii.<\/p>\n<p><strong>Research Team: <\/strong>DIGESPEDI: Digital Genres in Specialised Discourses <a href=\"https:\/\/digespedi.us.edu.pl\/\">https:\/\/digespedi.us.edu.pl\/<\/a><\/p>\n<p><strong>Team Members: <\/strong>Krystyna Warcha\u0142 (PI), Pawe\u0142 Zakrajewski, Anna Majer, Dominik G\u0119gotek, Karolina Ryker, Jan Zalega, and Agnieszka Ziora<\/p>\n<p><strong>Description of the research: <\/strong>We are a research group at the Institute of Linguistics, University of Silesia in Katowice, Poland. We study research dissemination in digital environments, online knowledge communication practices, and digital genres across diverse discourse domains. Our particular focus is on genres and media that bring together diverse audiences, as well as on communication practices that support public engagement in the development of knowledge and technology.<\/p>\n<hr \/>\n<p><strong>Zesp\u00f3\u0142 badawczy: <\/strong>Konteksty j\u0119zykowe: badania italianistyczne<em>.<\/em><\/p>\n<p><strong>Sk\u0142ad osobowy:<\/strong> Aleksandra Paliczuk (PI \u2013 leader zespo\u0142u), Dominika Dykta, Lucyna Marcol-Caco\u0144, Agnieszka Pastucha-Blin, Alba Rosa Mennillo (Uniwersytet Witolda Wielkiego w\u00a0Kownie, Litwa)<\/p>\n<p><strong>Opis prowadzonych bada\u0144: <\/strong>Celem prac zespo\u0142u jest analiza j\u0119zyka w\u0142oskiego w kontek\u015bcie kultury z wykorzystaniem m.in. j\u0119zykoznawstwa kognitywnego, lingwistyki tekstu, dialektologii, traduktologii oraz j\u0119zykoznawstwa por\u00f3wnawczego. Badania znajd\u0105 zastosowanie w r\u00f3\u017cnych subdyscyplinach j\u0119zykoznawstwa badaj\u0105cych relacj\u0119 j\u0119zyk-kultura i\u00a0zaowocuj\u0105 publikacjami w renomowanych krajowych i zagranicznych czasopismach naukowych.<\/p>\n<p><strong>Gruppo di ricerca<\/strong>: Contesti linguistici: studi italianistici<em>.<\/em><\/p>\n<p><strong>Membri del gruppo<\/strong>: Aleksandra Paliczuk (PI \u2013 responsabile del gruppo di ricerca), Dominika Dykta, Lucyna Marcol-Caco\u0144, Agnieszka Pastucha-Blin, Alba Rosa Mennillo (Vytautas Magnus University, Kaunas, Lituania)<\/p>\n<p><strong>Descrizione delle ricerche:<\/strong> Le attivit\u00e0 del gruppo di ricerca mirano all\u2019analisi della lingua italiana nel suo rapporto con la cultura, facendo riferimento, tra l\u2019altro, alla linguistica cognitiva, alla linguistica testuale, alla dialettologia, alla traduttologia e alla linguistica comparata. I risultati delle ricerche troveranno applicazione in diverse sottodiscipline della linguistica dedicate allo studio della relazione lingua-cultura e daranno luogo a una serie di\u00a0pubblicazioni in prestigiose riviste scientifiche nazionali e internazionali.<\/p>\n<hr \/>\n<p><strong>Zesp\u00f3\u0142 badawczy:<\/strong> IMD \u2013 Zjawiska j\u0119zykowe w dyskursach internetowych i medialnych <a href=\"https:\/\/neolinguists.us.edu.pl\/index.php\/imd\/\">https:\/\/neolinguists.us.edu.pl\/index.php\/imd\/<\/a><\/p>\n<p><strong>Sk\u0142ad osobowy:<\/strong> dr Anna Stwora (PI), dr Joanna Ryszka, dr Dariusz Jakubowski, mgr Marlena Moskal, mgr Natalia Supernak<\/p>\n<p><strong>Opis prowadzonych bada\u0144:<\/strong> Celem zespo\u0142u jest wk\u0142ad w rozw\u00f3j bada\u0144 nad bie\u017c\u0105cymi zjawiskami j\u0119zykowymi w przestrzeni dyskurs\u00f3w internetowych i medialnych (np. badania nad algospeak, zapo\u017cyczeniami w reklamie, memami w reklamie).<\/p>\n<p><strong>Research Team:<\/strong> IMD \u2013 Linguistic Phenomena in Internet and Media Discourse<br \/>\n<a href=\"https:\/\/neolinguists.us.edu.pl\/index.php\/imd\/\">https:\/\/neolinguists.us.edu.pl\/index.php\/imd\/<\/a><\/p>\n<p><strong>Team Members:<\/strong> dr Anna Stwora (PI), dr Joanna Ryszka, dr Dariusz Jakubowski, mgr Marlena Moskal, mgr Natalia Supernak<\/p>\n<p><strong>Description of the research:<\/strong> We aim to contribute to research on contemporary linguistic phenomena in online and media discourses. In particular, we examine the use of borrowings and memes in advertising, and algospeak in online discourse.<\/p>\n<\/div>\r\n                    <\/div>\r\n                <\/div>[\/vc_column][vc_column width=&#8221;1\/3&#8243;][\/vc_column][\/vc_row][vc_row][vc_column][vc_column_text][\/vc_column_text][\/vc_column][\/vc_row][vc_row][vc_column][vc_column_text][\/vc_column_text][\/vc_column][\/vc_row][vc_row][vc_column][vc_column_text]<\/p>","protected":false},"excerpt":{"rendered":"<p>[vc_row][vc_column][vc_column_text][\/vc_column_text][\/vc_column][\/vc_row][vc_row][vc_column][vc_column_text][\/vc_column_text][\/vc_column][\/vc_row][vc_row][vc_column][vc_column_text][\/vc_column_text][\/vc_column][\/vc_row][vc_row el_class=&#8221;container&#8221;][vc_column width=&#8221;2\/3&#8243;][\/vc_column][vc_column width=&#8221;1\/3&#8243;][\/vc_column][\/vc_row][vc_row][vc_column][vc_column_text][\/vc_column_text][\/vc_column][\/vc_row][vc_row][vc_column][vc_column_text][\/vc_column_text][\/vc_column][\/vc_row][vc_row][vc_column][vc_column_text] [&#8230;]<\/p>\n<p><a class=\"btn btn-secondary understrap-read-more-link\" href=\"https:\/\/us.edu.pl\/instytut\/ij\/nauka\/zespoly-badawcze\/\">Read More&#8230;<\/a><\/p>\n","protected":false},"author":32,"featured_media":0,"parent":138,"menu_order":0,"comment_status":"closed","ping_status":"closed","template":"","meta":{"_expiration-date-status":"","_expiration-date":0,"_expiration-date-type":"","_expiration-date-categories":[],"_expiration-date-options":[]},"acf":[],"_links":{"self":[{"href":"https:\/\/us.edu.pl\/instytut\/ij\/wp-json\/wp\/v2\/pages\/172"}],"collection":[{"href":"https:\/\/us.edu.pl\/instytut\/ij\/wp-json\/wp\/v2\/pages"}],"about":[{"href":"https:\/\/us.edu.pl\/instytut\/ij\/wp-json\/wp\/v2\/types\/page"}],"author":[{"embeddable":true,"href":"https:\/\/us.edu.pl\/instytut\/ij\/wp-json\/wp\/v2\/users\/32"}],"replies":[{"embeddable":true,"href":"https:\/\/us.edu.pl\/instytut\/ij\/wp-json\/wp\/v2\/comments?post=172"}],"version-history":[{"count":10,"href":"https:\/\/us.edu.pl\/instytut\/ij\/wp-json\/wp\/v2\/pages\/172\/revisions"}],"predecessor-version":[{"id":4198,"href":"https:\/\/us.edu.pl\/instytut\/ij\/wp-json\/wp\/v2\/pages\/172\/revisions\/4198"}],"up":[{"embeddable":true,"href":"https:\/\/us.edu.pl\/instytut\/ij\/wp-json\/wp\/v2\/pages\/138"}],"wp:attachment":[{"href":"https:\/\/us.edu.pl\/instytut\/ij\/wp-json\/wp\/v2\/media?parent=172"}],"curies":[{"name":"wp","href":"https:\/\/api.w.org\/{rel}","templated":true}]}}