{"id":3248,"date":"2024-07-11T10:35:10","date_gmt":"2024-07-11T08:35:10","guid":{"rendered":"https:\/\/us.edu.pl\/instytut\/ij\/?page_id=3248"},"modified":"2024-07-11T10:52:18","modified_gmt":"2024-07-11T08:52:18","slug":"2021-2","status":"publish","type":"page","link":"https:\/\/us.edu.pl\/instytut\/ij\/konferencje-2\/2021-2\/","title":{"rendered":"2021"},"content":{"rendered":"<p>[vc_row el_class=&#8221;container&#8221;][vc_column width=&#8221;2\/3&#8243;]\r\n                <div class=\"text-modules\">\r\n                    <div class=\"container\">\r\n                        \r\n                        <div class=\"text-modules__content\"><\/p>\n<h3><strong><em>6. edycja konferencji naukowej pt. \u201ePrzestrzenie przek\u0142adu\u201d<\/em><\/strong><\/h3>\n<p><strong>Data: <\/strong>21-22.10.2021 r.<\/p>\n<p><strong>Miejsce: <\/strong>platforma MS Teams<\/p>\n<p><strong>Organizatorzy: <\/strong>Instytut J\u0119zykoznawstwa Uniwersytetu \u015al\u0105skiego w Katowicach pod patronatem Komisji Przek\u0142adoznawcza przy Mi\u0119dzynarodowym Komitecie Slawist\u00f3w<\/p>\n<p><strong>Zakres problemowy: <\/strong>Wydarzenie to okazja do spotkania traduktolog\u00f3w reprezentuj\u0105cych o\u015brodki krajowe i zagraniczne. Szerokie uj\u0119cie tematu, zawarte w nazwie konferencji, pozwala na prezentacj\u0119 wynik\u00f3w bada\u0144 uwzgl\u0119dniaj\u0105cych r\u00f3\u017cne podej\u015bcia metodologiczne w uj\u0119ciu interdyscyplinarnym. Przedmiotem refleksji s\u0105 zar\u00f3wno zagadnienia o charakterze og\u00f3lnym, jak i szczeg\u00f3\u0142owe zjawiska analizowane na podstawie przek\u0142ad\u00f3w tekst\u00f3w literackich i specjalistycznych. Propozycje tematyczne pozwalaj\u0105 na uchwycenie r\u00f3\u017cnorodno\u015bci kontekst\u00f3w i rejestr\u00f3w, w obr\u0119bie kt\u00f3rych poruszaj\u0105 si\u0119 wsp\u00f3\u0142cze\u015bni badacze przek\u0142adu.<\/p>\n<p><strong>Komitet organizacyjny:<\/strong> mgr Anna Paszkowska, mgr Katarzyna Akartel, mgr Dawid Adamczyk, mgr Szymon Bryzek, mgr \u0141ukasz G\u0119borek, mgr Aleksandra Gnyp, mgr Pawe\u0142 Kruglik, mgr Maciej Ma\u0142ek, in\u017c. Kajetan Kantorysi\u0144ski<\/p>\n<p><strong>Strona internetowa konferencji:<\/strong> <a href=\"https:\/\/www.przestrzenieprzekladu.us.edu.pl\/\">www.przestrzenieprzekladu.us.edu.pl\u00a0<\/a><\/p>\n<\/div>\r\n                    <\/div>\r\n                <\/div>[vc_separator]\r\n                <div class=\"text-modules\">\r\n                    <div class=\"container\">\r\n                        \r\n                        <div class=\"text-modules__content\"><\/p>\n<h3><strong><em>IV Sosnowieckie Forum J\u0119zykoznawcze: \u201eSemantyka \u2013 gramatyka \u2013 stylistyka\u201d<\/em><\/strong><\/h3>\n<p><strong>Data: <\/strong>27-28.09.2021 r.<\/p>\n<p><strong>Miejsce: <\/strong>platforma MS Teams<\/p>\n<p><strong>Organizatorzy: <\/strong>Instytut J\u0119zykoznawstwa Wydzia\u0142u Humanistycznego Uniwersytetu \u015al\u0105skiego<\/p>\n<p><strong>Zakres problemowy: <\/strong>Temat konferencji: \u201eSemantyka \u2013 gramatyka \u2013 stylistyka\u201d. Celem konferencji by\u0142a prezentacja r\u00f3\u017cnorodnych perspektyw badawczych we wsp\u00f3\u0142czesnym j\u0119zykoznawstwie, szczeg\u00f3lnie slawistycznym, z uwzgl\u0119dnieniem zar\u00f3wno tradycyjnych, jak i nowych uj\u0119\u0107 metodologicznych. Konferencja po\u015bwi\u0119cona by\u0142a wsp\u00f3\u0142czesnym badaniom lingwistycznym: badania por\u00f3wnawcze w obr\u0119bie j\u0119zyk\u00f3w s\u0142owia\u0144skich, kulturowe i spo\u0142eczne aspekty j\u0119zyka, badania korpusowe w analizie lingwistycznej, dyskurs w badaniach slawistycznych, j\u0119zykoznawstwo a dydaktyka j\u0119zyk\u00f3w obcych.<\/p>\n<p><strong>Komitet organizacyjny:<\/strong> dr Gabriela Wilk, dr Maciej Walczak, dr Swiet\u0142ana Biczak, dr Joanna Woch, dr Ja\u015bmina \u015amiech, dr Maciej Labocha<\/p>\n<\/div>\r\n                    <\/div>\r\n                <\/div>[vc_separator]\r\n                <div class=\"text-modules\">\r\n                    <div class=\"container\">\r\n                        \r\n                        <div class=\"text-modules__content\"><\/p>\n<h3><strong><em>IV Mi\u0119dzynarodowa Konferencja Logopedyczna Zaburzenia p\u0142ynno\u015bci mowy &#8211; teoria i praktyka<\/em><\/strong><\/h3>\n<p><strong>Data: <\/strong>25-26.06.2021 r.<\/p>\n<p><strong>Miejsce: <\/strong>platforma wideokonferencji<\/p>\n<p><strong>Organizatorzy: <\/strong>Instytut J\u0119zykoznawstwa Wydzia\u0142u Humanistycznego Uniwersytetu \u015al\u0105skiego , Fundacja Wiedzy i Dialogu Spo\u0142ecznego Agere Aude<\/p>\n<p><strong>Zakres problemowy: <\/strong>Dwudniowa konferencja przeznaczona dla logoped\u00f3w, lider\u00f3w \u015brodowiska samopomocowego os\u00f3b j\u0105kaj\u0105cych si\u0119, a tak\u017ce seminarium skierowanego do szerokiego grona odbiorc\u00f3w. Zorganizowana konferencja, kt\u00f3rej tematyka dotyczy\u0142a zaburze\u0144 p\u0142ynno\u015bci mowy, a tak\u017ce szeregu spo\u0142eczno-edukacyjnych wydarze\u0144 oko\u0142okonferencyjnych. Podczas konferencji poruszone by\u0142y m.in. takie obszary badawcze: badanie postaw oraz wdra\u017canie zmian w postawach wobec j\u0105kania i gie\u0142kotu, tworzenie, normalizacja i standaryzacja logopedycznych narz\u0119dzi do diagnozy zaburze\u0144 p\u0142ynno\u015bci mowy, badanie zjawiska mobbingu szkolnego w\u015br\u00f3d dzieci j\u0105kaj\u0105cych si\u0119, opracowanie program\u00f3w profilaktyki logopedycznej w tym zakresie, wdra\u017canie w logopedii za\u0142o\u017ce\u0144 praktyki opartej na dowodach (evidence-based practice).<\/p>\n<p><strong>Komitet organizacyjny:<\/strong> dr Katarzyna Sujkowska-Sobisz, prof. U\u015a, dr hab. Katarzyna W\u0119sierska, prof. U\u015a<\/p>\n<\/div>\r\n                    <\/div>\r\n                <\/div>[vc_separator]\r\n                <div class=\"text-modules\">\r\n                    <div class=\"container\">\r\n                        \r\n                        <div class=\"text-modules__content\"><\/p>\n<h3><strong><em>Dyskursy pami\u0119ci. Praktyki, no\u015bniki, media<\/em><\/strong><\/h3>\n<p><strong>Data: <\/strong>9-11.05.2021 r.<\/p>\n<p><strong>Miejsce: <\/strong>Brenna<\/p>\n<p><strong>Organizatorzy: <\/strong>Instytut J\u0119zykoznawstwa Wydzia\u0142u Humanistycznego Uniwersytetu \u015al\u0105skiego oraz Uniwersytet Warszawski, Uniwersytet Marii Curie-Sk\u0142odowskiej w Lublinie<\/p>\n<p><strong>Zakres problemowy: <\/strong>Trzecia konferencja z cyklu konferencji dyskursologicznych (wcze\u015bniejsze to: \u201eDyskurs i jego odmiany\u201d oraz \u201eReprezentacje \u015bwiata w dyskursach (modele, obrazy, wizje)\u201d) organizowanych przez j\u0119zykoznawc\u00f3w z Uniwersytetu \u015al\u0105skiego w Katowicach. Tym razem konferencja wsp\u00f3\u0142organizowana przez przedstawicieli trzech instytucji badawczych, a jej temat zwi\u0105zany jest nie tylko z dyskursem i jego odmianami czy reprezentacjami, ale r\u00f3wnie\u017c z pami\u0119ci\u0105 jako fenomenem jednostki czy zbiorowo\u015bci. Pami\u0119\u0107 zbiorowa, spo\u0142eczna czy historyczna jest zawsze pochodn\u0105 dyskursywnie uwarunkowanych proces\u00f3w komunikacyjnych. Dyskursy pami\u0119ci jako zesp\u00f3\u0142 zorganizowanych praktyk komunikacyjnych i multimodalnych okre\u015blonych spo\u0142eczno\u015bci umo\u017cliwiaj\u0105 w trakcie r\u00f3\u017cnorodnych interakcji negocjacj\u0119 obraz\u00f3w przesz\u0142o\u015bci wynikaj\u0105cych z konkretnych potrzeb kulturowych i politycznych tera\u017aniejszo\u015bci. Wychodzimy z za\u0142o\u017cenia, \u017ce w procesie dyskursywnego modelowania pami\u0119ci kluczow\u0105 rol\u0119 odgrywa j\u0119zyk. J\u0119zyk staje si\u0119 medium pami\u0119ci, przyjmuj\u0105c w dyskursach funkcj\u0119 budulca i no\u015bnika pami\u0119ci. Bez dyskurs\u00f3w, ich medi\u00f3w, praktyk i no\u015bnik\u00f3w, proces zapami\u0119tywania i upami\u0119tniania oraz zapominania i wypierania pami\u0119ci nie by\u0142by mo\u017cliwy.<\/p>\n<p><strong>Komitet organizacyjny:<\/strong> dr Katarzyna Sujkowska-Sobisz, prof. U\u015a, dr Beata Duda, dr hab. Marta W\u00f3jcicka prof. UMCS<\/p>\n<\/div>\r\n                    <\/div>\r\n                <\/div>[\/vc_column][vc_column width=&#8221;1\/3&#8243;][\/vc_column][\/vc_row]<\/p>","protected":false},"excerpt":{"rendered":"<p>[vc_row el_class=&#8221;container&#8221;][vc_column width=&#8221;2\/3&#8243;][vc_separator][vc_separator][vc_separator][\/vc_column][vc_column width=&#8221;1\/3&#8243;][\/vc_column][\/vc_row] [&#8230;]<\/p>\n<p><a class=\"btn btn-secondary understrap-read-more-link\" href=\"https:\/\/us.edu.pl\/instytut\/ij\/konferencje-2\/2021-2\/\">Read More&#8230;<\/a><\/p>\n","protected":false},"author":4930,"featured_media":0,"parent":1253,"menu_order":0,"comment_status":"closed","ping_status":"closed","template":"","meta":{"_expiration-date-status":"","_expiration-date":0,"_expiration-date-type":"","_expiration-date-categories":[],"_expiration-date-options":[]},"acf":[],"_links":{"self":[{"href":"https:\/\/us.edu.pl\/instytut\/ij\/wp-json\/wp\/v2\/pages\/3248"}],"collection":[{"href":"https:\/\/us.edu.pl\/instytut\/ij\/wp-json\/wp\/v2\/pages"}],"about":[{"href":"https:\/\/us.edu.pl\/instytut\/ij\/wp-json\/wp\/v2\/types\/page"}],"author":[{"embeddable":true,"href":"https:\/\/us.edu.pl\/instytut\/ij\/wp-json\/wp\/v2\/users\/4930"}],"replies":[{"embeddable":true,"href":"https:\/\/us.edu.pl\/instytut\/ij\/wp-json\/wp\/v2\/comments?post=3248"}],"version-history":[{"count":2,"href":"https:\/\/us.edu.pl\/instytut\/ij\/wp-json\/wp\/v2\/pages\/3248\/revisions"}],"predecessor-version":[{"id":3250,"href":"https:\/\/us.edu.pl\/instytut\/ij\/wp-json\/wp\/v2\/pages\/3248\/revisions\/3250"}],"up":[{"embeddable":true,"href":"https:\/\/us.edu.pl\/instytut\/ij\/wp-json\/wp\/v2\/pages\/1253"}],"wp:attachment":[{"href":"https:\/\/us.edu.pl\/instytut\/ij\/wp-json\/wp\/v2\/media?parent=3248"}],"curies":[{"name":"wp","href":"https:\/\/api.w.org\/{rel}","templated":true}]}}